{"id":53,"date":"2016-07-13T13:46:56","date_gmt":"2016-07-13T16:46:56","guid":{"rendered":"https:\/\/wp.ufpel.edu.br\/simposioppgecm\/?page_id=53"},"modified":"2019-09-18T11:21:20","modified_gmt":"2019-09-18T14:21:20","slug":"inscricao","status":"publish","type":"page","link":"https:\/\/wp.ufpel.edu.br\/simposioppgecm\/inscricao\/","title":{"rendered":"Inscri\u00e7\u00e3o"},"content":{"rendered":"<header>ANTES DE REALIZAR A INSCRI\u00c7\u00c3O CLIQUE\u00a0<a title=\"Normas\" href=\"https:\/\/wp.ufpel.edu.br\/simposioppgecm\/4-simposio\/normas\/\" target=\"_blank\" rel=\"noopener noreferrer\"><strong><span style=\"color: #339966\">AQUI<\/span><\/strong>\u00a0<\/a>E LEIA AS NORMAS PARA SUBMISS\u00c3O DE TRABALHOS.<\/header>\n<header><\/header>\n<header><\/header>\n<header><\/header>\n<header>\u00bb Per\u00edodo de inscri\u00e7\u00e3o (modalidade ouvinte):\u00a012 de agosto de 2019 at\u00e9 o dia do evento.<br \/>\n\u00bb Per\u00edodo de inscri\u00e7\u00e3o (modalidade apresentador): 12 a 20 de setembro de 2019.<br \/>\n\u00bb Per\u00edodo de submiss\u00e3o de trabalhos: 12 a 20 de setembro de 2019.<br \/>\n\u00bb Aviso de aceite\u00a0dos trabalhos: at\u00e9\u00a016 de outubro de 2019.<br \/>\n\u00bb Taxa de Inscri\u00e7\u00e3o para o evento: R$ 30,00.<\/header>\n<header><\/header>\n<div>\n<hr \/>\n<p>Para realizar a sua inscri\u00e7\u00e3o acesse:<strong><span style=\"color: #008000\">\u00a0<span style=\"color: #339966\"><a style=\"color: #339966\" href=\"https:\/\/wp.ufpel.edu.br\/simposioppgecm\/4-simposio\/inscricao\/formulario-inscricao\/\" target=\"_blank\" rel=\"noopener noreferrer\">FORMUL\u00c1RIO DE INSCRI\u00c7\u00c3O<\/a>.<\/span><\/span><\/strong><\/p>\n<\/div>\n","protected":false},"excerpt":{"rendered":"<p>ANTES DE REALIZAR A INSCRI\u00c7\u00c3O CLIQUE\u00a0AQUI\u00a0E LEIA AS NORMAS PARA SUBMISS\u00c3O DE TRABALHOS. \u00bb Per\u00edodo de inscri\u00e7\u00e3o (modalidade ouvinte):\u00a012 de agosto de 2019 at\u00e9 o dia do evento. \u00bb Per\u00edodo de inscri\u00e7\u00e3o (modalidade apresentador): 12 a 20 de setembro de 2019. \u00bb Per\u00edodo de submiss\u00e3o de trabalhos: 12 a 20 de setembro de 2019. \u00bb [&hellip;]<\/p>\n","protected":false},"author":462,"featured_media":0,"parent":0,"menu_order":2,"comment_status":"closed","ping_status":"closed","template":"","meta":{"footnotes":""},"class_list":["post-53","page","type-page","status-publish","hentry"],"_links":{"self":[{"href":"https:\/\/wp.ufpel.edu.br\/simposioppgecm\/wp-json\/wp\/v2\/pages\/53","targetHints":{"allow":["GET"]}}],"collection":[{"href":"https:\/\/wp.ufpel.edu.br\/simposioppgecm\/wp-json\/wp\/v2\/pages"}],"about":[{"href":"https:\/\/wp.ufpel.edu.br\/simposioppgecm\/wp-json\/wp\/v2\/types\/page"}],"author":[{"embeddable":true,"href":"https:\/\/wp.ufpel.edu.br\/simposioppgecm\/wp-json\/wp\/v2\/users\/462"}],"replies":[{"embeddable":true,"href":"https:\/\/wp.ufpel.edu.br\/simposioppgecm\/wp-json\/wp\/v2\/comments?post=53"}],"version-history":[{"count":17,"href":"https:\/\/wp.ufpel.edu.br\/simposioppgecm\/wp-json\/wp\/v2\/pages\/53\/revisions"}],"predecessor-version":[{"id":438,"href":"https:\/\/wp.ufpel.edu.br\/simposioppgecm\/wp-json\/wp\/v2\/pages\/53\/revisions\/438"}],"wp:attachment":[{"href":"https:\/\/wp.ufpel.edu.br\/simposioppgecm\/wp-json\/wp\/v2\/media?parent=53"}],"curies":[{"name":"wp","href":"https:\/\/api.w.org\/{rel}","templated":true}]}}