{"id":467,"date":"2019-12-02T15:47:12","date_gmt":"2019-12-02T18:47:12","guid":{"rendered":"https:\/\/wp.ufpel.edu.br\/simposioppgecm\/?page_id=467"},"modified":"2019-12-03T14:07:43","modified_gmt":"2019-12-03T17:07:43","slug":"anais-2019","status":"publish","type":"page","link":"https:\/\/wp.ufpel.edu.br\/simposioppgecm\/anais-do-simposio\/anais-2019\/","title":{"rendered":"Anais 2019 &#8211; V Simp\u00f3sio do PPGECM"},"content":{"rendered":"<p style=\"text-align: center\">COMIT\u00ca CIENT\u00cdFICO:<\/p>\n<p style=\"text-align: center\">Prof\u00aa. Dr\u00aa. Denise Nascimento Silveira<\/p>\n<p style=\"text-align: center\">Prof\u00aa. Dr\u00aa. Francele de Abreu Carlan<\/p>\n<p style=\"text-align: center\">Prof. Dr. Lui N\u00f6rnberg<\/p>\n<p style=\"text-align: center\">Prof\u00aa. Dr\u00aa. Maria de F\u00e1tima Duarte Martins<\/p>\n<p style=\"text-align: center\">Prof. Dr. Robledo Lima Gil<\/p>\n<p>&nbsp;<\/p>\n<table class=\" aligncenter\">\n<tbody>\n<tr>\n<td style=\"text-align: left;vertical-align: middle;width: 150px\" width=\"89\"><strong>APRESENTADOR<\/strong><\/td>\n<td style=\"text-align: left;vertical-align: middle;width: 295px\" width=\"291\"><strong>T\u00cdTULO<\/strong><\/td>\n<td style=\"text-align: left;vertical-align: middle;width: 220px\" width=\"156\"><strong>AUTORES<\/strong><\/td>\n<td style=\"text-align: left;vertical-align: middle;width: 148px\"><strong>ARQUIVO<\/strong><\/td>\n<\/tr>\n<tr>\n<td style=\"text-align: left;vertical-align: middle;width: 150px\" width=\"89\">Andr\u00e9 Nunes Ferreira<\/td>\n<td style=\"text-align: left;vertical-align: middle;width: 295px\" width=\"291\">MATEM\u00c1TICA EMOCIONAL: ESTADO DO CONHECIMENTO<\/td>\n<td style=\"text-align: left;vertical-align: middle;width: 220px\" width=\"156\">FERREIRA, Andr\u00e9 Nunes; HOFFMANN, Daniela Stevanin<\/td>\n<td style=\"text-align: left;vertical-align: middle;width: 148px\"><a href=\"https:\/\/drive.google.com\/file\/d\/1-VudbmuYunD_vwB2GZWL8tW_8xcO6I_X\/view?usp=sharing\" target=\"_blank\" rel=\"noopener noreferrer\">EA_EC_01.pdf<\/a><\/td>\n<\/tr>\n<tr>\n<td style=\"text-align: left;vertical-align: middle;width: 150px\" width=\"89\">C\u00e1tia Gomes da Silva<\/td>\n<td style=\"text-align: left;vertical-align: middle;width: 295px\" width=\"291\">A EDUCA\u00c7\u00c3O FINANCEIRA NO CONTEXTO ESCOLAR DO ENSINO FUNDAMENTAL<\/td>\n<td style=\"text-align: left;vertical-align: middle;width: 220px\" width=\"156\">SILVA, C\u00e1tia Gomes da; SILVEIRA, Denise Nascimento<\/td>\n<td style=\"text-align: left;vertical-align: middle;width: 148px\"><a href=\"https:\/\/drive.google.com\/file\/d\/0B2gyzscI9QBkNnp6OUpXQTRlTXYyTmdKMGtyVzdRRXFueG53\/view?usp=sharing\" target=\"_blank\" rel=\"noopener noreferrer\">FP_EM_02.pdf<\/a><\/td>\n<\/tr>\n<tr>\n<td style=\"text-align: left;vertical-align: middle;width: 150px\" width=\"89\">C\u00edntia Gocks<\/td>\n<td style=\"text-align: left;vertical-align: middle;width: 295px\" width=\"291\">ENSINO DE FRA\u00c7\u00d5ES: JOGOS QUEBRANDO A ROTINA DA SALA DE AULA DE UMA TURMA DE QUINTO ANO<\/td>\n<td style=\"text-align: left;vertical-align: middle;width: 220px\" width=\"156\">GOCKS, C\u00edntia; DEBACCO, Maria Simone; SPEROTTO, Ros\u00e1ria Ilgenfritz<\/td>\n<td style=\"text-align: left;vertical-align: middle;width: 148px\"><a href=\"https:\/\/drive.google.com\/file\/d\/0B2gyzscI9QBkaWVhbVdaaTNSWjNOX2dPMU1xM0FLTUFNUmI0\/view?usp=sharing\" target=\"_blank\" rel=\"noopener noreferrer\">ER_EM_03.pdf<\/a><\/td>\n<\/tr>\n<tr>\n<td style=\"text-align: left;vertical-align: middle;width: 150px\" width=\"89\">Cristina Franz Strelow<\/td>\n<td style=\"text-align: left;vertical-align: middle;width: 295px\" width=\"291\">APRENDIZAGEM EM MATEM\u00c1TICA: MEDIA\u00c7\u00c3O POR MEIO DAS ESCRITAS DE ALUNOS EM AULA<\/td>\n<td style=\"text-align: left;vertical-align: middle;width: 220px\" width=\"156\">STRELOW, Cristina Franz; ALVES, Ant\u00f4nio Maur\u00edcio Medeiros<\/td>\n<td style=\"text-align: left;vertical-align: middle;width: 148px\"><a href=\"https:\/\/drive.google.com\/file\/d\/0B2gyzscI9QBkdUZmSlRrQ1lSTGVNQ2dIcjFiWlIzTGJlSXlv\/view?usp=sharing\" target=\"_blank\" rel=\"noopener noreferrer\">ER_EC_04.pdf<\/a><\/td>\n<\/tr>\n<tr>\n<td style=\"text-align: left;vertical-align: middle;width: 150px\" width=\"89\">Daniele Bracher<\/td>\n<td style=\"text-align: left;vertical-align: middle;width: 295px\" width=\"291\">A CRIPTOGRAFIA NA AULA DE MATEM\u00c1TICA PARA ABORDAR O CONTE\u00daDO DE FUN\u00c7\u00d5ES<\/td>\n<td style=\"text-align: left;vertical-align: middle;width: 220px\" width=\"156\">BRACHER, Daniele; SILVEIRA, Denise Nascimento<\/td>\n<td style=\"text-align: left;vertical-align: middle;width: 148px\"><a href=\"https:\/\/drive.google.com\/file\/d\/0B2gyzscI9QBkdldkTzl1X2R3aUFPYURUZ296M1k1OXlWay04\/view?usp=sharing\" target=\"_blank\" rel=\"noopener noreferrer\">ER_EM_05.pdf<\/a><\/td>\n<\/tr>\n<tr>\n<td style=\"text-align: left;vertical-align: middle;width: 150px\" width=\"89\">Darlan Maurente Rangel<\/td>\n<td style=\"text-align: left;vertical-align: middle;width: 295px\" width=\"291\">ENSINO DE MATEM\u00c1TICA PARA CRIAN\u00c7AS: UM ESTUDO SOBRE O CONHECIMENTO PROFISSIONAL DAS PROFESSORAS POLIVALENTES<\/td>\n<td style=\"text-align: left;vertical-align: middle;width: 220px\" width=\"156\">RANGEL, Darlan Maurente; ALVES, Ant\u00f4nio Maur\u00edcio Medeiros<\/td>\n<td style=\"text-align: left;vertical-align: middle;width: 148px\"><a href=\"https:\/\/drive.google.com\/file\/d\/0B2gyzscI9QBkdGl4NVZUNUNJRVlYMVNGTkdBd0d5X1lGWGpF\/view?usp=sharing\" target=\"_blank\" rel=\"noopener noreferrer\">FP_EM_06.pdf<\/a><\/td>\n<\/tr>\n<tr>\n<td style=\"text-align: left;vertical-align: middle;width: 150px\" width=\"89\">Eliezer Alves Martins<\/td>\n<td style=\"text-align: left;vertical-align: middle;width: 295px\" width=\"291\">INVESTIGA\u00c7\u00c3O INICIAL SOBRE AS POL\u00cdTICAS P\u00daBLICAS E PARCERIAS P\u00daBLICO-PRIVADAS<\/td>\n<td style=\"text-align: left;vertical-align: middle;width: 220px\" width=\"156\">MARTINS, Eliezer Alves; FERREIRA, Maira<\/td>\n<td style=\"text-align: left;vertical-align: middle;width: 148px\"><a href=\"https:\/\/drive.google.com\/file\/d\/0B2gyzscI9QBkeHZISkNMTHYtRjVHcTEwMkF4bVk1akoyUHBn\/view?usp=sharing\" target=\"_blank\" rel=\"noopener noreferrer\">FP_EC_07.pdf<\/a><\/td>\n<\/tr>\n<tr>\n<td style=\"text-align: left;vertical-align: middle;width: 150px\" width=\"89\">Evanir Erdmann<\/td>\n<td style=\"text-align: left;vertical-align: middle;width: 295px\" width=\"291\">APRENDIZAGEM CRIATIVA: UMA FORMA DE APRENDER CONCEITOS MATEM\u00c1TICOS<\/td>\n<td style=\"text-align: left;vertical-align: middle;width: 220px\" width=\"156\">ERDMANN, Evanir; DEBACCO, Maria Simone; SPEROTTO, Ros\u00e1ria Ilgenfritz<\/td>\n<td style=\"text-align: left;vertical-align: middle;width: 148px\"><a href=\"https:\/\/drive.google.com\/file\/d\/0B2gyzscI9QBkQXZ1QmJhQ1JGdkE5dGpsWFZLM0JPWjJ6LUFJ\/view?usp=sharing\" target=\"_blank\" rel=\"noopener noreferrer\">ER_EM_08.pdf<\/a><\/td>\n<\/tr>\n<tr>\n<td style=\"text-align: left;vertical-align: middle;width: 150px\" width=\"89\">Gabriela Pereira de Pereira<\/td>\n<td style=\"text-align: left;vertical-align: middle;width: 295px\" width=\"291\">CULTURA OTAKU E CULTURA AUDIOVISUAL NO ENSINO DE MATEM\u00c1TICA<\/td>\n<td style=\"text-align: left;vertical-align: middle;width: 220px\" width=\"156\">PEREIRA, Gabriela Pereira de; FERREIRA, Maira<\/td>\n<td style=\"text-align: left;vertical-align: middle;width: 148px\"><a href=\"https:\/\/drive.google.com\/file\/d\/0B2gyzscI9QBkQ2U0MWdmcU4ya0M1UUtjeElMV25WekhtXzdV\/view?usp=sharing\" target=\"_blank\" rel=\"noopener noreferrer\">ER_EM_09.pdf<\/a><\/td>\n<\/tr>\n<tr>\n<td style=\"text-align: left;vertical-align: middle;width: 150px\" width=\"89\">Gabriele Lopes Garcia<\/td>\n<td style=\"text-align: left;vertical-align: middle;width: 295px\" width=\"291\">O APRENDIZADO DA GEOMETRIA VIA PRODU\u00c7\u00c3O DE V\u00cdDEOS<\/td>\n<td style=\"text-align: left;vertical-align: middle;width: 220px\" width=\"156\">GARCIA, Gabriele Lopes; SPEROTTO, Ros\u00e1ria Ilgenfritz; DEBACCO, Maria Simone<\/td>\n<td style=\"text-align: left;vertical-align: middle;width: 148px\"><a href=\"https:\/\/drive.google.com\/file\/d\/0B2gyzscI9QBkb19mV3ZmdUN2Q2hHaHIzUUhaUnJVZkNjRTFr\/view?usp=sharing\" target=\"_blank\" rel=\"noopener noreferrer\">EA_EM_10.pdf<\/a><\/td>\n<\/tr>\n<tr>\n<td style=\"text-align: left;vertical-align: middle;width: 150px\" width=\"89\">Gessiele da Silva Corr\u00eaa<\/td>\n<td style=\"text-align: left;vertical-align: middle;width: 295px\" width=\"291\">LEVANTAMENTO DE SINAIS ESPEC\u00cdFICOS EM L\u00cdNGUA BRASILEIRA DE SINAIS PARA A DISCIPLINA DE QU\u00cdMICA<\/td>\n<td style=\"text-align: left;vertical-align: middle;width: 220px\" width=\"156\">CORR\u00caA, Gessiele da Silva; RODRIGUEZ, Rita de C\u00e1ssia Morem C\u00f3ssio<\/td>\n<td style=\"text-align: left;vertical-align: middle;width: 148px\"><a href=\"https:\/\/drive.google.com\/file\/d\/0B2gyzscI9QBkVGFPTFJPckFDdy0yc2VSTXpGTEhZMnBvbC1F\/view?usp=sharing\" target=\"_blank\" rel=\"noopener noreferrer\">ER_EC_11.pdf<\/a><\/td>\n<\/tr>\n<tr>\n<td style=\"text-align: left;vertical-align: middle;width: 150px\" width=\"89\">Gillan Garcia Oliveira<\/td>\n<td style=\"text-align: left;vertical-align: middle;width: 295px\" width=\"291\">O ESTADO DO CONHECIMENTO: FORMA\u00c7\u00c3O DE PROFESSORES DE MATEM\u00c1TICA E O USO DE TECNOLOGIAS DE INTERA\u00c7\u00c3O E COMUNICA\u00c7\u00c3O<\/td>\n<td style=\"text-align: left;vertical-align: middle;width: 220px\" width=\"156\">OLIVEIRA, Gillan Garcia; N\u00d6RNBERG, Lui<\/td>\n<td style=\"text-align: left;vertical-align: middle;width: 148px\"><a href=\"https:\/\/drive.google.com\/file\/d\/0B2gyzscI9QBkcXJkaVduWmQwdzJZNkk1X0NZWEY1MDR6TnZF\/view?usp=sharing\" target=\"_blank\" rel=\"noopener noreferrer\">FP_EM_12.pdf<\/a><\/td>\n<\/tr>\n<tr>\n<td style=\"text-align: left;vertical-align: middle;width: 150px\" width=\"89\">Henrique M\u00fcller Priebbernow<\/td>\n<td style=\"text-align: left;vertical-align: middle;width: 295px\" width=\"291\">A EDUCA\u00c7\u00c3O AMBIENTAL COMO POSSIBILIDADE PARA O ENFRENTAMENTO DOS CONFLITOS SOCIOAMBIENTAIS<\/td>\n<td style=\"text-align: left;vertical-align: middle;width: 220px\" width=\"156\">PRIEBBERNOW, Henrique M\u00fcller; OLIVEIRA, Caroline Terra de<\/td>\n<td style=\"text-align: left;vertical-align: middle;width: 148px\"><a href=\"https:\/\/drive.google.com\/file\/d\/0B2gyzscI9QBkWTc1b1FTZXdkeVNLcE9ldTJBNFZBczRtdl9v\/view?usp=sharing\" target=\"_blank\" rel=\"noopener noreferrer\">EA_EC_13.pdf<\/a><\/td>\n<\/tr>\n<tr>\n<td style=\"text-align: left;vertical-align: middle;width: 150px\" width=\"89\">Isabela Schiavon Amaral<\/td>\n<td style=\"text-align: left;vertical-align: middle;width: 295px\" width=\"291\">O ENSINO POR INVESTIGA\u00c7\u00c3O PARA PROMO\u00c7\u00c3O DA ALFABETIZA\u00c7\u00c3O CIENT\u00cdFICA: UMA REVIS\u00c3O BIBLIOGR\u00c1FICA<\/td>\n<td style=\"text-align: left;vertical-align: middle;width: 220px\" width=\"156\">AMARAL, Isabela Schiavon; RODRIGUEZ, Rita de C\u00e1ssia Morem C\u00f3ssio<\/td>\n<td style=\"text-align: left;vertical-align: middle;width: 148px\"><a href=\"https:\/\/drive.google.com\/file\/d\/0B2gyzscI9QBkSU9CaUhrOU9BWVZyQmVZRXRxN1NQYk9CTjNv\/view?usp=sharing\" target=\"_blank\" rel=\"noopener noreferrer\">ER_EC_14.pdf<\/a><\/td>\n<\/tr>\n<tr>\n<td style=\"text-align: left;vertical-align: middle;width: 150px\" width=\"89\">Ja\u00edne Telles Quevedo<\/td>\n<td style=\"text-align: left;vertical-align: middle;width: 295px\" width=\"291\">PESQUISA DOCUMENTAL: FORMA\u00c7\u00c3O MATEM\u00c1TICA NO CURR\u00cdCULO DE PEDAGOGIA DA UNIVERSIDADE FEDERAL DE PELOTAS<\/td>\n<td style=\"text-align: left;vertical-align: middle;width: 220px\" width=\"156\">QUEVEDO, Ja\u00edne Telles; DYNNIKOV, Circe Mary Silva da Silva<\/td>\n<td style=\"text-align: left;vertical-align: middle;width: 148px\"><a href=\"https:\/\/drive.google.com\/file\/d\/0B2gyzscI9QBkWHh5TENDdEk0VmsxT2hNTVM4MXU4OW1Sa1Nn\/view?usp=sharing\" target=\"_blank\" rel=\"noopener noreferrer\">FP_EM_15.pdf<\/a><\/td>\n<\/tr>\n<tr>\n<td style=\"text-align: left;vertical-align: middle;width: 150px\" width=\"89\">Jo\u00e9lcio Rosa da Silva J\u00fanior<\/td>\n<td style=\"text-align: left;vertical-align: middle;width: 295px\" width=\"291\">UM OLHAR SOBRE A DIMENS\u00c3O INTERDISCIPLINAR EM UM CURSO DE LICENCIATURA EM QU\u00cdMICA<\/td>\n<td style=\"text-align: left;vertical-align: middle;width: 220px\" width=\"156\">J\u00daNIOR, Jo\u00e9lcio Rosa da Silva; FERREIRA, Maira<\/td>\n<td style=\"text-align: left;vertical-align: middle;width: 148px\"><a href=\"https:\/\/drive.google.com\/file\/d\/0B2gyzscI9QBka3FqeUgwaTdaMjMyTmYwUDAtY1BqTUxwZGFZ\/view?usp=sharing\" target=\"_blank\" rel=\"noopener noreferrer\">FP_EC_16.pdf<\/a><\/td>\n<\/tr>\n<tr>\n<td style=\"text-align: left;vertical-align: middle;width: 150px\" width=\"89\">Jordania da Silva Del Sacramento<\/td>\n<td style=\"text-align: left;vertical-align: middle;width: 295px\" width=\"291\">ALIMENTA\u00c7\u00c3O: UMA PROPOSTA PARA O 9\u00ba ANO DO ENSINO FUNDAMENTAL<\/td>\n<td style=\"text-align: left;vertical-align: middle;width: 220px\" width=\"156\">SACRAMENTO, Jordania da Silva Del; CORREA, Marina Crespo; PASTORIZA, Bruno Dos Santos<\/td>\n<td style=\"text-align: left;vertical-align: middle;width: 148px\"><a href=\"https:\/\/drive.google.com\/file\/d\/10skzJ08X9EYgE9RpJZzJj25NIdQ6eVQY\/view?usp=sharing\" target=\"_blank\" rel=\"noopener noreferrer\">ER_EC_17.pdf<\/a><\/td>\n<\/tr>\n<tr>\n<td style=\"text-align: left;vertical-align: middle;width: 150px\" width=\"89\">Lucas Schneider Lopes<\/td>\n<td style=\"text-align: left;vertical-align: middle;width: 295px\" width=\"291\">AS METODOLOGIAS ATIVAS COMO PROPOSTA PEDAG\u00d3GICA NO ENSINO DE HISTOLOGIA<\/td>\n<td style=\"text-align: left;vertical-align: middle;width: 220px\" width=\"156\">LOPES, Lucas Schneider; PORTO, Denner Jardim; MONDADORI, Rafael Gianella; RODRIGUES, Rosangela Ferreira<\/td>\n<td style=\"text-align: left;vertical-align: middle;width: 148px\"><a href=\"https:\/\/drive.google.com\/file\/d\/0B2gyzscI9QBkSkpYdFFPNEtvMzhrRzR1TWcydm9oT2VkU2Nj\/view?usp=sharing\" target=\"_blank\" rel=\"noopener noreferrer\">EA_EC_18.pdf<\/a><\/td>\n<\/tr>\n<tr>\n<td style=\"text-align: left;vertical-align: middle;width: 150px\" width=\"89\">Maria do Socorro Arag\u00e3o Paim<\/td>\n<td style=\"text-align: left;vertical-align: middle;width: 295px\" width=\"291\">ESTADO DO CONHECIMENTO: AS POTENCIALIDADES DOS MATERIAIS DID\u00c1TICOS PARA O ENSINO DE MATEM\u00c1TICA NOS ANOS INICIAS<\/td>\n<td style=\"text-align: left;vertical-align: middle;width: 220px\" width=\"156\">PAIM, Maria do Socorro Arag\u00e3o; ALVES, Ant\u00f4nio Maur\u00edcio Medeiros<\/td>\n<td style=\"text-align: left;vertical-align: middle;width: 148px\"><a href=\"https:\/\/drive.google.com\/file\/d\/1Wh3DnnFe5Uo4R0ovNxnrloUgP7NEVBCz\/view?usp=sharing\" target=\"_blank\" rel=\"noopener noreferrer\">ER_EM_19.pdf<\/a><\/td>\n<\/tr>\n<tr>\n<td style=\"text-align: left;vertical-align: middle;width: 150px\">Marylucia Cavalcante Silva<\/td>\n<td style=\"text-align: left;vertical-align: middle;width: 295px\">ARITHM\u00c9TICA PRESCRITA PARA O ENSINO PRIM\u00c1RIO DO ESTADO DO MARANH\u00c3O, 1890<\/td>\n<td style=\"text-align: left;vertical-align: middle;width: 220px\">SILVA, Marylucia Cavalcante; MARTINS, Maria de F\u00e1tima Duarte<\/td>\n<td style=\"text-align: left;vertical-align: middle;width: 148px\"><a href=\"https:\/\/drive.google.com\/file\/d\/0B2gyzscI9QBkMmZUWTl4QVlUZnZKU1U3TExKZUFhWndmeGww\/view?usp=sharing\" target=\"_blank\" rel=\"noopener noreferrer\">EA_EM_20.pdf<\/a><\/td>\n<\/tr>\n<tr>\n<td style=\"text-align: left;vertical-align: middle;width: 150px\" width=\"89\">Nat\u00e1lia Romano Weirich<\/td>\n<td style=\"text-align: left;vertical-align: middle;width: 295px\" width=\"291\">ESTADO DO CONHECIMENTO DO TEMA TRABALHO COLABORATIVO NA PERSPECTIVA DE INCLUS\u00c3O ESCOLAR<\/td>\n<td style=\"text-align: left;vertical-align: middle;width: 220px\" width=\"156\">WEIRICH, Nat\u00e1lia Romano<\/td>\n<td style=\"text-align: left;vertical-align: middle;width: 148px\"><a href=\"https:\/\/drive.google.com\/file\/d\/0B2gyzscI9QBkZWRWZDRTcXd5clpiLWpNR2hqem4tUFF4ajJr\/view?usp=sharing\" target=\"_blank\" rel=\"noopener noreferrer\">EA_EC_21.pdf<\/a><\/td>\n<\/tr>\n<tr>\n<td style=\"text-align: left;vertical-align: middle;width: 150px\" width=\"89\">Nilza Teresinha Ribeiro Xavier<\/td>\n<td style=\"text-align: left;vertical-align: middle;width: 295px\" width=\"291\">ENSINO DE MATEM\u00c1TICA NOS ANOS INICIAIS (1997-2018): O QUE DIZEM AS PROPOSTAS OFICIAIS<\/td>\n<td style=\"text-align: left;vertical-align: middle;width: 220px\" width=\"156\">XAVIER, Nilza Teresinha Ribeiro; ALVES, Ant\u00f4nio Maur\u00edcio Medeiros<\/td>\n<td style=\"text-align: left;vertical-align: middle;width: 148px\"><a href=\"https:\/\/drive.google.com\/file\/d\/0B2gyzscI9QBkSk16NUgzWUZzZ0ZLM01oUVYtTDZTOXFlODFN\/view?usp=sharing\" target=\"_blank\" rel=\"noopener noreferrer\">EA_EM_22.pdf<\/a><\/td>\n<\/tr>\n<tr>\n<td style=\"text-align: left;vertical-align: middle;width: 150px\" width=\"89\">Polyana Perosa<\/td>\n<td style=\"text-align: left;vertical-align: middle;width: 295px\" width=\"291\">EDUCA\u00c7\u00c3O SEXUAL E ESTUDO DE ESTAT\u00cdSTICA COMO MEIOS DE EMPODERAMENTO FEMININO<\/td>\n<td style=\"text-align: left;vertical-align: middle;width: 220px\" width=\"156\">PEROSA, Polyana; SILVA, Mirella Aguiar da; UBERTI, Luciane<\/td>\n<td style=\"text-align: left;vertical-align: middle;width: 148px\"><a href=\"https:\/\/drive.google.com\/file\/d\/0B2gyzscI9QBkWlNGNmtCeWF3a21BSEhnNXVYY2NIWV9taGNz\/view?usp=sharing\" target=\"_blank\" rel=\"noopener noreferrer\">ER_EM_23.pdf<\/a><\/td>\n<\/tr>\n<tr>\n<td style=\"text-align: left;vertical-align: middle;width: 150px\" width=\"89\">Priscila Kr\u00fcger Voigt<\/td>\n<td style=\"text-align: left;vertical-align: middle;width: 295px\" width=\"291\">V\u00cdDEOS DID\u00c1TICOS: POTENCIAL PARA UTILIZA\u00c7\u00c3O NO 9\u00ba ANO DO ENSINO FUNDAMENTAL<\/td>\n<td style=\"text-align: left;vertical-align: middle;width: 220px\" width=\"156\">VOIGT, Priscila Kr\u00fcger; CARLAN, Francele De Abreu<\/td>\n<td style=\"text-align: left;vertical-align: middle;width: 148px\"><a href=\"https:\/\/drive.google.com\/file\/d\/0B2gyzscI9QBkZGkwemI4Y1JzdmxkMVB1OEN4OWtMWHBreWJB\/view?usp=sharing\" target=\"_blank\" rel=\"noopener noreferrer\">ER_EC_24.pdf<\/a><\/td>\n<\/tr>\n<tr>\n<td style=\"text-align: left;vertical-align: middle;width: 150px\" width=\"89\">Qu\u00e9dina Pieper<\/td>\n<td style=\"text-align: left;vertical-align: middle;width: 295px\" width=\"291\">A LINGUAGEM QU\u00cdMICA NA FORMA\u00c7\u00c3O DE PROFESSORES SEGUNDO UM LEVANTAMENTO DA LITERATURA<\/td>\n<td style=\"text-align: left;vertical-align: middle;width: 220px\" width=\"156\">PIEPER, Qu\u00e9dina; SANGIOGO, F\u00e1bio Andr\u00e9<\/td>\n<td style=\"text-align: left;vertical-align: middle;width: 148px\"><a href=\"https:\/\/drive.google.com\/file\/d\/0B2gyzscI9QBkX0FINjNXaEpmNlVUbVZFTUJoV2JQb09XVVVr\/view?usp=sharing\" target=\"_blank\" rel=\"noopener noreferrer\">FP_EC_25.pdf<\/a><\/td>\n<\/tr>\n<tr>\n<td style=\"text-align: left;vertical-align: middle;width: 150px\" width=\"89\">Renata Behrens De Aguiar<\/td>\n<td style=\"text-align: left;vertical-align: middle;width: 295px\" width=\"291\">IDOSOS COM INFEC\u00c7\u00d5ES SEXUALMENTE TRANSMISS\u00cdVEIS: UMA AN\u00c1LISE MATEM\u00c1TICA<\/td>\n<td style=\"text-align: left;vertical-align: middle;width: 220px\" width=\"156\">AGUIAR, Renata Behrens De; UBERTI, Luciane<\/td>\n<td style=\"text-align: left;vertical-align: middle;width: 148px\">ER_EM_26.pdf<\/td>\n<\/tr>\n<tr>\n<td style=\"text-align: left;vertical-align: middle;width: 150px\" width=\"89\">Tamires Holz Gehrke<\/td>\n<td style=\"text-align: left;vertical-align: middle;width: 295px\" width=\"291\">CULTURA POMERANA E MATEM\u00c1TICA: APRENDIZAGEM CONTEXTUALIZADA<\/td>\n<td style=\"text-align: left;vertical-align: middle;width: 220px\" width=\"156\">GEHRKE, Tamires Holz ; DEBACCO, Maria Simone; SPEROTTO, Ros\u00e1ria Ilgenfritz<\/td>\n<td style=\"text-align: left;vertical-align: middle;width: 148px\"><a href=\"https:\/\/drive.google.com\/file\/d\/0B2gyzscI9QBkNTJRQVpKZHQ1NWpBMlVPOUZ6Qm15Y3BHVVpR\/view?usp=sharing\" target=\"_blank\" rel=\"noopener noreferrer\">EA_EM_27.pdf<\/a><\/td>\n<\/tr>\n<tr>\n<td style=\"text-align: left;vertical-align: middle;width: 150px\" width=\"89\">Tatiane Pacheco Fernandes<\/td>\n<td style=\"text-align: left;vertical-align: middle;width: 295px\" width=\"291\">PAR\u00c2METROS CURRICULARES NACIONAIS E BNCC: CONVERG\u00caNCIAS E DIVERG\u00caNCIAS<\/td>\n<td style=\"text-align: left;vertical-align: middle;width: 220px\" width=\"156\">FERNANDES, Tatiane Pacheco; GIL, Robledo Lima<\/td>\n<td style=\"text-align: left;vertical-align: middle;width: 148px\"><a href=\"https:\/\/drive.google.com\/file\/d\/0B2gyzscI9QBkRWhrT3VLS05GYU5ib0pqNGk3VjZlckI1VHRn\/view?usp=sharing\" target=\"_blank\" rel=\"noopener noreferrer\">EA_EC_28.pdf<\/a><\/td>\n<\/tr>\n<tr>\n<td style=\"text-align: left;vertical-align: middle;width: 150px\" width=\"89\">Thaiane Silveira Carrasco<\/td>\n<td style=\"text-align: left;vertical-align: middle;width: 295px\" width=\"291\">UM RELATO SOBRE O PR\u00c9-PROJETO DE DISSERTA\u00c7\u00c3O: AN\u00c1LISE SOBRE A UTILIZA\u00c7\u00c3O DE ATIVIDADES EXPERIMENTAIS PARA O ENSINO DE QU\u00cdMICA EM UM CURSO PR\u00c9-UNIVERSIT\u00c1RIO POPULAR<\/td>\n<td style=\"text-align: left;vertical-align: middle;width: 220px\" width=\"156\">CARRASCO, Thaiane Silveira; YAMASAKI, Alzira<\/td>\n<td style=\"text-align: left;vertical-align: middle;width: 148px\"><a href=\"https:\/\/drive.google.com\/file\/d\/0B2gyzscI9QBkR19BZXpLanJuZENUQnoxRUxCTHRPeGlRampB\/view?usp=sharing\" target=\"_blank\" rel=\"noopener noreferrer\">ER_EC_29.pdf<\/a><\/td>\n<\/tr>\n<\/tbody>\n<\/table>\n<p>&nbsp;<\/p>\n<p style=\"text-align: center\">COMISS\u00c3O ORGANIZADORA:<\/p>\n<p style=\"text-align: center\">Prof. Dr. Lui N\u00f6rnberg \u2013 Coordenador<\/p>\n<p style=\"text-align: center\">Alex Sandro de Castro Garrido \u2013 Coordenador Discente<\/p>\n<p style=\"text-align: center\">Gabriela Pereira de Pereira \u2013 Coordenadora Discente<\/p>\n<p style=\"text-align: center\">Jord\u00e2nia da Silva Del Sacramento \u2013 Coordenadora Discente<\/p>\n<p style=\"text-align: center\">Nat\u00e1lia Trojahn Sim\u00f5es &#8211; Organizadora<\/p>\n<p style=\"text-align: center\">Qu\u00e9dina Pieper \u2013 Organizadora<\/p>\n<p style=\"text-align: center\">Sandriane Valad\u00e3o Duarte \u2013 Organizadora<\/p>\n<p style=\"text-align: center\">Isabela Schiavon Amaral \u2013 Colaboradora<\/p>\n<p style=\"text-align: center\">Juliana Bergmann Kohn &#8211; Colaboradora<\/p>\n<p style=\"text-align: center\">Priscila Kr\u00fcger Voigt \u2013 Colaboradora<\/p>\n<p style=\"text-align: center\">Tatiane Pacheco Fernandes \u2013 Colaboradora<\/p>\n<p style=\"text-align: center\">Thaiane Silveira Carrasco \u2013 Colaboradora<\/p>\n<p style=\"text-align: center\">Prof\u00aa. Dr\u00aa. Alzira Yamasaki \u2013 Avaliadora<\/p>\n<p style=\"text-align: center\">Prof\u00aa. Dr\u00aa. Denise Nascimento Silveira \u2013 Avaliadora<\/p>\n<p style=\"text-align: center\">Prof. Dr. F\u00e1bio Andr\u00e9 Sangiogo \u2013 Avaliador<\/p>\n<p style=\"text-align: center\">Prof\u00aa. Dr\u00aa. Francele de Abreu Carlan \u2013 Avaliadora<\/p>\n<p style=\"text-align: center\">Prof\u00aa. Dr\u00aa. Maira Ferreira \u2013 Avaliadora<\/p>\n<p style=\"text-align: center\">Prof\u00aa. Dr\u00aa. Maria de F\u00e1tima Duarte Martins \u2013 Avaliadora<\/p>\n<p style=\"text-align: center\">Prof\u00aa. Dr\u00aa. Maria Simone Debacco &#8211; Avaliadora<\/p>\n<p style=\"text-align: center\">Prof. Dr. Robledo Lima Gil \u2013 Avaliador<\/p>\n<p style=\"text-align: center\">Prof\u00aa. Dr\u00aa. Ros\u00e1ria Ilgenfritz Sperotto \u2013 Avaliadora<\/p>\n<p style=\"text-align: center\">Prof\u00aa. Dr\u00aa. Rozane da Silveira Alves &#8211; Avaliadora<\/p>\n","protected":false},"excerpt":{"rendered":"<p>COMIT\u00ca CIENT\u00cdFICO: Prof\u00aa. Dr\u00aa. Denise Nascimento Silveira Prof\u00aa. Dr\u00aa. Francele de Abreu Carlan Prof. Dr. Lui N\u00f6rnberg Prof\u00aa. Dr\u00aa. Maria de F\u00e1tima Duarte Martins Prof. Dr. Robledo Lima Gil &nbsp; APRESENTADOR T\u00cdTULO AUTORES ARQUIVO Andr\u00e9 Nunes Ferreira MATEM\u00c1TICA EMOCIONAL: ESTADO DO CONHECIMENTO FERREIRA, Andr\u00e9 Nunes; HOFFMANN, Daniela Stevanin EA_EC_01.pdf C\u00e1tia Gomes da Silva A EDUCA\u00c7\u00c3O [&hellip;]<\/p>\n","protected":false},"author":112,"featured_media":410,"parent":406,"menu_order":0,"comment_status":"closed","ping_status":"closed","template":"","meta":{"footnotes":""},"class_list":["post-467","page","type-page","status-publish","has-post-thumbnail","hentry"],"_links":{"self":[{"href":"https:\/\/wp.ufpel.edu.br\/simposioppgecm\/wp-json\/wp\/v2\/pages\/467","targetHints":{"allow":["GET"]}}],"collection":[{"href":"https:\/\/wp.ufpel.edu.br\/simposioppgecm\/wp-json\/wp\/v2\/pages"}],"about":[{"href":"https:\/\/wp.ufpel.edu.br\/simposioppgecm\/wp-json\/wp\/v2\/types\/page"}],"author":[{"embeddable":true,"href":"https:\/\/wp.ufpel.edu.br\/simposioppgecm\/wp-json\/wp\/v2\/users\/112"}],"replies":[{"embeddable":true,"href":"https:\/\/wp.ufpel.edu.br\/simposioppgecm\/wp-json\/wp\/v2\/comments?post=467"}],"version-history":[{"count":8,"href":"https:\/\/wp.ufpel.edu.br\/simposioppgecm\/wp-json\/wp\/v2\/pages\/467\/revisions"}],"predecessor-version":[{"id":478,"href":"https:\/\/wp.ufpel.edu.br\/simposioppgecm\/wp-json\/wp\/v2\/pages\/467\/revisions\/478"}],"up":[{"embeddable":true,"href":"https:\/\/wp.ufpel.edu.br\/simposioppgecm\/wp-json\/wp\/v2\/pages\/406"}],"wp:featuredmedia":[{"embeddable":true,"href":"https:\/\/wp.ufpel.edu.br\/simposioppgecm\/wp-json\/wp\/v2\/media\/410"}],"wp:attachment":[{"href":"https:\/\/wp.ufpel.edu.br\/simposioppgecm\/wp-json\/wp\/v2\/media?parent=467"}],"curies":[{"name":"wp","href":"https:\/\/api.w.org\/{rel}","templated":true}]}}