{"id":455,"date":"2019-11-02T14:18:25","date_gmt":"2019-11-02T17:18:25","guid":{"rendered":"https:\/\/wp.ufpel.edu.br\/simposioppgecm\/?page_id=455"},"modified":"2019-11-04T12:37:57","modified_gmt":"2019-11-04T15:37:57","slug":"localizacao","status":"publish","type":"page","link":"https:\/\/wp.ufpel.edu.br\/simposioppgecm\/localizacao\/","title":{"rendered":"Localiza\u00e7\u00e3o"},"content":{"rendered":"<p><strong><span style=\"color: #339966\">Dia 07 de Novembro<\/span><\/strong><\/p>\n<p>CEHUS &#8211; Audit\u00f3rio<\/p>\n<p>R. Cel. Alberto Rosa, 117<\/p>\n<p>Pelotas, RS &#8211; Brasil<\/p>\n<p>CEP 96010-770<\/p>\n<p><a href=\"https:\/\/goo.gl\/maps\/if9Es1d1M3A4ZirBA\" target=\"_blank\" rel=\"noopener noreferrer\">Clique aqui<\/a> para ver no Google Maps.<\/p>\n<p>&nbsp;<\/p>\n<p><span style=\"color: #339966\"><strong>Dia 08 de Novembro<\/strong><\/span><\/p>\n<p>Faculdade de Educa\u00e7\u00e3o &#8211; Campus CCHS &#8211; Miniaudit\u00f3rio (sala 352) e Salas 316 e 323<\/p>\n<p>R. Cel. Alberto Rosa, 154<\/p>\n<p>Pelotas, RS &#8211; Brasil<\/p>\n<p>CEP 96010-770<\/p>\n<p><a href=\"https:\/\/goo.gl\/maps\/TKdo7EhoWSeFsKVz7\" target=\"_blank\" rel=\"noopener noreferrer\">Clique aqui<\/a> para ver no Google Maps.<\/p>\n","protected":false},"excerpt":{"rendered":"<p>Dia 07 de Novembro CEHUS &#8211; Audit\u00f3rio R. Cel. Alberto Rosa, 117 Pelotas, RS &#8211; Brasil CEP 96010-770 Clique aqui para ver no Google Maps. &nbsp; Dia 08 de Novembro Faculdade de Educa\u00e7\u00e3o &#8211; Campus CCHS &#8211; Miniaudit\u00f3rio (sala 352) e Salas 316 e 323 R. Cel. Alberto Rosa, 154 Pelotas, RS &#8211; Brasil CEP [&hellip;]<\/p>\n","protected":false},"author":112,"featured_media":0,"parent":0,"menu_order":0,"comment_status":"closed","ping_status":"closed","template":"","meta":{"footnotes":""},"class_list":["post-455","page","type-page","status-publish","hentry"],"_links":{"self":[{"href":"https:\/\/wp.ufpel.edu.br\/simposioppgecm\/wp-json\/wp\/v2\/pages\/455","targetHints":{"allow":["GET"]}}],"collection":[{"href":"https:\/\/wp.ufpel.edu.br\/simposioppgecm\/wp-json\/wp\/v2\/pages"}],"about":[{"href":"https:\/\/wp.ufpel.edu.br\/simposioppgecm\/wp-json\/wp\/v2\/types\/page"}],"author":[{"embeddable":true,"href":"https:\/\/wp.ufpel.edu.br\/simposioppgecm\/wp-json\/wp\/v2\/users\/112"}],"replies":[{"embeddable":true,"href":"https:\/\/wp.ufpel.edu.br\/simposioppgecm\/wp-json\/wp\/v2\/comments?post=455"}],"version-history":[{"count":6,"href":"https:\/\/wp.ufpel.edu.br\/simposioppgecm\/wp-json\/wp\/v2\/pages\/455\/revisions"}],"predecessor-version":[{"id":464,"href":"https:\/\/wp.ufpel.edu.br\/simposioppgecm\/wp-json\/wp\/v2\/pages\/455\/revisions\/464"}],"wp:attachment":[{"href":"https:\/\/wp.ufpel.edu.br\/simposioppgecm\/wp-json\/wp\/v2\/media?parent=455"}],"curies":[{"name":"wp","href":"https:\/\/api.w.org\/{rel}","templated":true}]}}