{"id":432,"date":"2019-09-02T09:35:27","date_gmt":"2019-09-02T12:35:27","guid":{"rendered":"https:\/\/wp.ufpel.edu.br\/simposioppgecm\/?page_id=432"},"modified":"2019-09-02T09:35:53","modified_gmt":"2019-09-02T12:35:53","slug":"iv-simposio-do-ppgecm","status":"publish","type":"page","link":"https:\/\/wp.ufpel.edu.br\/simposioppgecm\/edicoes-anteriores\/iv-simposio-do-ppgecm\/","title":{"rendered":"IV Simp\u00f3sio do PPGECM"},"content":{"rendered":"<p><a href=\"https:\/\/wp.ufpel.edu.br\/simposioppgecm\/files\/2016\/08\/topo2-e1567427664439.png\"><img class=\"aligncenter wp-image-160 size-large\" src=\"https:\/\/wp.ufpel.edu.br\/simposioppgecm\/files\/2016\/08\/topo2-984x220.png\" alt=\"\" width=\"984\" height=\"220\" \/><\/a><\/p>\n<p><a href=\"https:\/\/wp.ufpel.edu.br\/simposioppgecm\/anais-do-simposio\/anais\/\" target=\"_blank\" rel=\"noopener noreferrer\"><strong>Anais 2016<\/strong><\/a><\/p>\n<p><a href=\"https:\/\/wp.ufpel.edu.br\/simposioppgecm\/category\/noticias\/noticias-noticias\/\" target=\"_blank\" rel=\"noopener noreferrer\"><strong>Not\u00edcias<\/strong><\/a><\/p>\n<p>&nbsp;<\/p>\n<p><strong>Comiss\u00e3o Organizadora:<\/strong><\/p>\n<p>Aline Gonzalez Saller<\/p>\n<p>Ana Cristina Medina Pinto<\/p>\n<p>Ana Rutz Devantier Reinke<\/p>\n<p>Ane Maciel Dias<\/p>\n<p>B\u00e1rbara Cristina Dias dos Santos<\/p>\n<p>Eduarda Meireles P\u00e2ncaro<\/p>\n<p>Fabiane Rodrigues Viana<\/p>\n<p>Gabriela Pereira de Pereira<\/p>\n<p>Maria Helena de Mello Xavier<\/p>\n<p>Maria Josiane Rusch da Silva<\/p>\n<p>Milene Soares Dias<\/p>\n<p>&nbsp;<\/p>\n<p><strong>Comit\u00ea Cient\u00edfico:<\/strong><\/p>\n<p>Prof. Dr. Andr\u00e9 Luis Andrejew Ferreira<\/p>\n<p>Prof\u00aa. Dr\u00aa. Denise Nascimento Silveira<\/p>\n<p>Prof. Dr. F\u00e1bio Andr\u00e9 Sangiogo<\/p>\n<p>Prof\u00aa. Dr\u00aa. Francele de Abreu Carlan<\/p>\n<p>Prof\u00aa. Dr\u00aa. Maira Ferreira<\/p>\n<p>Prof\u00aa. Dr\u00aa. Maria de F\u00e1tima Duarte Martins<\/p>\n<p>Prof. Dr. Robledo Lima Gil<\/p>\n<p>Prof. Dr. Verno Kr\u00fcger<\/p>\n<p>&nbsp;<\/p>\n","protected":false},"excerpt":{"rendered":"<p>Anais 2016 Not\u00edcias &nbsp; Comiss\u00e3o Organizadora: Aline Gonzalez Saller Ana Cristina Medina Pinto Ana Rutz Devantier Reinke Ane Maciel Dias B\u00e1rbara Cristina Dias dos Santos Eduarda Meireles P\u00e2ncaro Fabiane Rodrigues Viana Gabriela Pereira de Pereira Maria Helena de Mello Xavier Maria Josiane Rusch da Silva Milene Soares Dias &nbsp; Comit\u00ea Cient\u00edfico: Prof. Dr. Andr\u00e9 Luis [&hellip;]<\/p>\n","protected":false},"author":112,"featured_media":0,"parent":23,"menu_order":0,"comment_status":"closed","ping_status":"closed","template":"","meta":{"footnotes":""},"class_list":["post-432","page","type-page","status-publish","hentry"],"_links":{"self":[{"href":"https:\/\/wp.ufpel.edu.br\/simposioppgecm\/wp-json\/wp\/v2\/pages\/432","targetHints":{"allow":["GET"]}}],"collection":[{"href":"https:\/\/wp.ufpel.edu.br\/simposioppgecm\/wp-json\/wp\/v2\/pages"}],"about":[{"href":"https:\/\/wp.ufpel.edu.br\/simposioppgecm\/wp-json\/wp\/v2\/types\/page"}],"author":[{"embeddable":true,"href":"https:\/\/wp.ufpel.edu.br\/simposioppgecm\/wp-json\/wp\/v2\/users\/112"}],"replies":[{"embeddable":true,"href":"https:\/\/wp.ufpel.edu.br\/simposioppgecm\/wp-json\/wp\/v2\/comments?post=432"}],"version-history":[{"count":1,"href":"https:\/\/wp.ufpel.edu.br\/simposioppgecm\/wp-json\/wp\/v2\/pages\/432\/revisions"}],"predecessor-version":[{"id":434,"href":"https:\/\/wp.ufpel.edu.br\/simposioppgecm\/wp-json\/wp\/v2\/pages\/432\/revisions\/434"}],"up":[{"embeddable":true,"href":"https:\/\/wp.ufpel.edu.br\/simposioppgecm\/wp-json\/wp\/v2\/pages\/23"}],"wp:attachment":[{"href":"https:\/\/wp.ufpel.edu.br\/simposioppgecm\/wp-json\/wp\/v2\/media?parent=432"}],"curies":[{"name":"wp","href":"https:\/\/api.w.org\/{rel}","templated":true}]}}