{"id":427,"date":"2019-09-02T09:24:04","date_gmt":"2019-09-02T12:24:04","guid":{"rendered":"https:\/\/wp.ufpel.edu.br\/simposioppgecm\/?page_id=427"},"modified":"2019-09-18T11:51:27","modified_gmt":"2019-09-18T14:51:27","slug":"faq","status":"publish","type":"page","link":"https:\/\/wp.ufpel.edu.br\/simposioppgecm\/faq\/","title":{"rendered":"D\u00favidas Frequentes"},"content":{"rendered":"<p><strong><span style=\"color: #339966\">1) H\u00e1 um n\u00famero m\u00e1ximo de autores por trabalho?<\/span><\/strong><\/p>\n<p>Sim. Ser\u00e3o aceitos, no m\u00e1ximo, dois autores por trabalho.<\/p>\n<p>&nbsp;<\/p>\n<p><strong><span style=\"color: #339966\">2) Quem for autor(a) apresentador(a) em um trabalho, poder\u00e1 ser co-autor(a) em outro?<\/span><\/strong><\/p>\n<p>Sim. Ser\u00e1 poss\u00edvel a submiss\u00e3o de dois trabalhos de uma mesma pessoa, sendo um como autor(a) e outro como co-autor(a).<\/p>\n<p>&nbsp;<\/p>\n<p><strong><span style=\"color: #339966\">3) Poder\u00e3o ser apresentados trabalhos de extens\u00e3o e ensino na modalidade relato de experi\u00eancia?<\/span><\/strong><\/p>\n<p>N\u00e3o. O resumo expandido dever\u00e1 versar sobre trabalho de pesquisa, mesmo que na modalidade relato de experi\u00eancia.<\/p>\n<p>&nbsp;<\/p>\n<p><strong><span style=\"color: #339966\">4) Autor(a) e co-autor(a) dever\u00e3o estar inscritos como apresentadores, em fun\u00e7\u00e3o da certifica\u00e7\u00e3o?<\/span><\/strong><\/p>\n<p>N\u00e3o, por\u00e9m, ganhar\u00e1 o certificado, aquele que apresentar o trabalho e para ser apresentador \u00e9 necess\u00e1ria a inscri\u00e7\u00e3o.<\/p>\n<p>&nbsp;<\/p>\n<p><strong><span style=\"color: #339966\">5) Aqueles co-autores\u00a0 que n\u00e3o poder\u00e3o ir ao evento dever\u00e3o estar inscritos para publica\u00e7\u00e3o nos anais?<\/span><\/strong><\/p>\n<p>N\u00e3o. Os certificados sair\u00e3o com os nomes do(a) autor(a) e do co-autor(a). E a publica\u00e7\u00e3o constar\u00e1 no site, com os nomes de ambos, desde que o trabalho tenha sido apresentado.<\/p>\n<p>&nbsp;<\/p>\n<p><strong><span style=\"color: #339966\">6) Posso realizar pagamento de GRU ap\u00f3s o dia 20 de setembro de 2019?<\/span><\/strong><\/p>\n<p>N\u00e3o. N\u00e3o ser\u00e3o recebidas, para fins de pagamento de inscri\u00e7\u00e3o, GRUS pagas ap\u00f3s o dia 20 de setembro de 2019. Assim, solicitamos aos ouvintes que realizarem sua inscri\u00e7\u00e3o ap\u00f3s o dia 20 de setembro de 2019, que fa\u00e7am o pagamento em dinheiro, no ato do credenciamento. No formul\u00e1rio de inscri\u00e7\u00e3o, basta acrescentar no campo coment\u00e1rios, que o pagamento ser\u00e1 realizado no dia do evento.<\/p>\n<p>.<\/p>\n","protected":false},"excerpt":{"rendered":"<p>1) H\u00e1 um n\u00famero m\u00e1ximo de autores por trabalho? Sim. Ser\u00e3o aceitos, no m\u00e1ximo, dois autores por trabalho. &nbsp; 2) Quem for autor(a) apresentador(a) em um trabalho, poder\u00e1 ser co-autor(a) em outro? Sim. Ser\u00e1 poss\u00edvel a submiss\u00e3o de dois trabalhos de uma mesma pessoa, sendo um como autor(a) e outro como co-autor(a). &nbsp; 3) Poder\u00e3o [&hellip;]<\/p>\n","protected":false},"author":112,"featured_media":410,"parent":0,"menu_order":0,"comment_status":"closed","ping_status":"closed","template":"","meta":{"footnotes":""},"class_list":["post-427","page","type-page","status-publish","has-post-thumbnail","hentry"],"_links":{"self":[{"href":"https:\/\/wp.ufpel.edu.br\/simposioppgecm\/wp-json\/wp\/v2\/pages\/427","targetHints":{"allow":["GET"]}}],"collection":[{"href":"https:\/\/wp.ufpel.edu.br\/simposioppgecm\/wp-json\/wp\/v2\/pages"}],"about":[{"href":"https:\/\/wp.ufpel.edu.br\/simposioppgecm\/wp-json\/wp\/v2\/types\/page"}],"author":[{"embeddable":true,"href":"https:\/\/wp.ufpel.edu.br\/simposioppgecm\/wp-json\/wp\/v2\/users\/112"}],"replies":[{"embeddable":true,"href":"https:\/\/wp.ufpel.edu.br\/simposioppgecm\/wp-json\/wp\/v2\/comments?post=427"}],"version-history":[{"count":4,"href":"https:\/\/wp.ufpel.edu.br\/simposioppgecm\/wp-json\/wp\/v2\/pages\/427\/revisions"}],"predecessor-version":[{"id":445,"href":"https:\/\/wp.ufpel.edu.br\/simposioppgecm\/wp-json\/wp\/v2\/pages\/427\/revisions\/445"}],"wp:featuredmedia":[{"embeddable":true,"href":"https:\/\/wp.ufpel.edu.br\/simposioppgecm\/wp-json\/wp\/v2\/media\/410"}],"wp:attachment":[{"href":"https:\/\/wp.ufpel.edu.br\/simposioppgecm\/wp-json\/wp\/v2\/media?parent=427"}],"curies":[{"name":"wp","href":"https:\/\/api.w.org\/{rel}","templated":true}]}}