{"id":342,"date":"2019-07-14T12:29:45","date_gmt":"2019-07-14T15:29:45","guid":{"rendered":"https:\/\/wp.ufpel.edu.br\/simposioppgecm\/?page_id=342"},"modified":"2019-07-15T11:05:22","modified_gmt":"2019-07-15T14:05:22","slug":"organizacao","status":"publish","type":"page","link":"https:\/\/wp.ufpel.edu.br\/simposioppgecm\/organizacao\/","title":{"rendered":"Comiss\u00e3o Executiva do V Simp\u00f3sio do PPGECM"},"content":{"rendered":"<p style=\"text-align: left\"><span style=\"font-size: 14pt\"><strong>Coordenador Docente<\/strong><\/span><\/p>\n<p style=\"text-align: left\">Prof. Dr. Lui N\u00f6rnberg<\/p>\n<p style=\"text-align: left\">\n<p style=\"text-align: left\"><span style=\"font-size: 14pt\"><strong>Coordenadores Discentes<\/strong><\/span><\/p>\n<p style=\"text-align: left\">Alex Sandro de Castro Garrido<\/p>\n<p style=\"text-align: left\">Jord\u00e2nia da Silva Del Sacramento<\/p>\n<p style=\"text-align: left\">\n<p style=\"text-align: left\"><span style=\"font-size: 14pt\"><strong>Organizadores<\/strong><\/span><\/p>\n<p style=\"text-align: left\">Gabriela Pereira de Pereira<\/p>\n<p style=\"text-align: left\">Nat\u00e1lia Trojahn Sim\u00f5es<\/p>\n<p style=\"text-align: left\">Qu\u00e9dina Pieper<\/p>\n<p style=\"text-align: left\">Sandriane Valad\u00e3o Duarte<\/p>\n<p style=\"text-align: left\">\n<p style=\"text-align: left\"><span style=\"font-size: 14pt\"><strong>Colaboradores Docentes<\/strong><\/span><\/p>\n<p style=\"text-align: left\">Denise Nascimento Silveira<\/p>\n<p style=\"text-align: left\">Francele de Abreu Carlan<\/p>\n<p style=\"text-align: left\">Maria de F\u00e1tima Duarte Martins<\/p>\n<p style=\"text-align: left\">Rita de C\u00e1ssia Morem C\u00f3ssio Rodriguez<\/p>\n<p style=\"text-align: left\">Robledo Lima Gil<\/p>\n<p style=\"text-align: left\">\n<p style=\"text-align: left\"><span style=\"font-size: 14pt\"><strong>Colaboradores Discentes<\/strong><\/span><\/p>\n<p style=\"text-align: left\">Christian Masseron Nunes<\/p>\n<p style=\"text-align: left\">Isabela Schiavon Amaral<\/p>\n<p style=\"text-align: left\">Jo\u00e9lcio Rosa da Silva J\u00fanior<\/p>\n<p style=\"text-align: left\">Juliana Bergmann Kohn<\/p>\n<p style=\"text-align: left\">Priscila Kr\u00fcger Voigt<\/p>\n<p style=\"text-align: left\">Tatiane Pacheco Fernandes<\/p>\n","protected":false},"excerpt":{"rendered":"<p>Coordenador Docente Prof. Dr. Lui N\u00f6rnberg Coordenadores Discentes Alex Sandro de Castro Garrido Jord\u00e2nia da Silva Del Sacramento Organizadores Gabriela Pereira de Pereira Nat\u00e1lia Trojahn Sim\u00f5es Qu\u00e9dina Pieper Sandriane Valad\u00e3o Duarte Colaboradores Docentes Denise Nascimento Silveira Francele de Abreu Carlan Maria de F\u00e1tima Duarte Martins Rita de C\u00e1ssia Morem C\u00f3ssio Rodriguez Robledo Lima Gil Colaboradores [&hellip;]<\/p>\n","protected":false},"author":112,"featured_media":0,"parent":0,"menu_order":0,"comment_status":"closed","ping_status":"closed","template":"","meta":{"footnotes":""},"class_list":["post-342","page","type-page","status-publish","hentry"],"_links":{"self":[{"href":"https:\/\/wp.ufpel.edu.br\/simposioppgecm\/wp-json\/wp\/v2\/pages\/342","targetHints":{"allow":["GET"]}}],"collection":[{"href":"https:\/\/wp.ufpel.edu.br\/simposioppgecm\/wp-json\/wp\/v2\/pages"}],"about":[{"href":"https:\/\/wp.ufpel.edu.br\/simposioppgecm\/wp-json\/wp\/v2\/types\/page"}],"author":[{"embeddable":true,"href":"https:\/\/wp.ufpel.edu.br\/simposioppgecm\/wp-json\/wp\/v2\/users\/112"}],"replies":[{"embeddable":true,"href":"https:\/\/wp.ufpel.edu.br\/simposioppgecm\/wp-json\/wp\/v2\/comments?post=342"}],"version-history":[{"count":3,"href":"https:\/\/wp.ufpel.edu.br\/simposioppgecm\/wp-json\/wp\/v2\/pages\/342\/revisions"}],"predecessor-version":[{"id":347,"href":"https:\/\/wp.ufpel.edu.br\/simposioppgecm\/wp-json\/wp\/v2\/pages\/342\/revisions\/347"}],"wp:attachment":[{"href":"https:\/\/wp.ufpel.edu.br\/simposioppgecm\/wp-json\/wp\/v2\/media?parent=342"}],"curies":[{"name":"wp","href":"https:\/\/api.w.org\/{rel}","templated":true}]}}