{"id":246,"date":"2016-09-14T15:54:14","date_gmt":"2016-09-14T18:54:14","guid":{"rendered":"https:\/\/wp.ufpel.edu.br\/simposioppgecm\/?page_id=246"},"modified":"2019-10-29T14:03:45","modified_gmt":"2019-10-29T17:03:45","slug":"cronograma-de-apresentacoes","status":"publish","type":"page","link":"https:\/\/wp.ufpel.edu.br\/simposioppgecm\/programacao\/cronograma-de-apresentacoes\/","title":{"rendered":"Cronograma de apresenta\u00e7\u00f5es"},"content":{"rendered":"<p><em><strong>Avisos importantes!<\/strong><\/em><\/p>\n<p>Todos os participantes devem estar\u00a0<strong>30 minutos antes<\/strong>\u00a0<strong>da sua apresenta\u00e7\u00e3o<\/strong> na sala agendada\u00a0com seu material\u00a0(notebooks, pendrives e adaptadores).<\/p>\n<p>Cada apresentador ter\u00e1\u00a0<strong>10 minutos<\/strong> para a sua apresenta\u00e7\u00e3o.<\/p>\n<p><a href=\"https:\/\/drive.google.com\/file\/d\/1-xapWC7-2AgZfMm-pyttd9AkULNyAPcq\/view?usp=sharing\" target=\"_blank\" rel=\"noopener noreferrer\">CLIQUE AQUI<\/a> para ver as datas e hor\u00e1rios das sess\u00f5es de apresenta\u00e7\u00e3o oral.<\/p>\n","protected":false},"excerpt":{"rendered":"<p>Avisos importantes! Todos os participantes devem estar\u00a030 minutos antes\u00a0da sua apresenta\u00e7\u00e3o na sala agendada\u00a0com seu material\u00a0(notebooks, pendrives e adaptadores). Cada apresentador ter\u00e1\u00a010 minutos para a sua apresenta\u00e7\u00e3o. CLIQUE AQUI para ver as datas e hor\u00e1rios das sess\u00f5es de apresenta\u00e7\u00e3o oral.<\/p>\n","protected":false},"author":462,"featured_media":0,"parent":57,"menu_order":7,"comment_status":"closed","ping_status":"closed","template":"","meta":{"footnotes":""},"class_list":["post-246","page","type-page","status-publish","hentry"],"_links":{"self":[{"href":"https:\/\/wp.ufpel.edu.br\/simposioppgecm\/wp-json\/wp\/v2\/pages\/246","targetHints":{"allow":["GET"]}}],"collection":[{"href":"https:\/\/wp.ufpel.edu.br\/simposioppgecm\/wp-json\/wp\/v2\/pages"}],"about":[{"href":"https:\/\/wp.ufpel.edu.br\/simposioppgecm\/wp-json\/wp\/v2\/types\/page"}],"author":[{"embeddable":true,"href":"https:\/\/wp.ufpel.edu.br\/simposioppgecm\/wp-json\/wp\/v2\/users\/462"}],"replies":[{"embeddable":true,"href":"https:\/\/wp.ufpel.edu.br\/simposioppgecm\/wp-json\/wp\/v2\/comments?post=246"}],"version-history":[{"count":7,"href":"https:\/\/wp.ufpel.edu.br\/simposioppgecm\/wp-json\/wp\/v2\/pages\/246\/revisions"}],"predecessor-version":[{"id":448,"href":"https:\/\/wp.ufpel.edu.br\/simposioppgecm\/wp-json\/wp\/v2\/pages\/246\/revisions\/448"}],"up":[{"embeddable":true,"href":"https:\/\/wp.ufpel.edu.br\/simposioppgecm\/wp-json\/wp\/v2\/pages\/57"}],"wp:attachment":[{"href":"https:\/\/wp.ufpel.edu.br\/simposioppgecm\/wp-json\/wp\/v2\/media?parent=246"}],"curies":[{"name":"wp","href":"https:\/\/api.w.org\/{rel}","templated":true}]}}