{"id":23,"date":"2016-07-13T11:05:09","date_gmt":"2016-07-13T14:05:09","guid":{"rendered":"https:\/\/wp.ufpel.edu.br\/simposioppgecm\/?page_id=23"},"modified":"2019-07-15T11:06:52","modified_gmt":"2019-07-15T14:06:52","slug":"edicoes-anteriores","status":"publish","type":"page","link":"https:\/\/wp.ufpel.edu.br\/simposioppgecm\/edicoes-anteriores\/","title":{"rendered":"Edi\u00e7\u00f5es Anteriores"},"content":{"rendered":"<p><a href=\"https:\/\/simposioppgecm.wordpress.com\/apresentacao\/\" target=\"_blank\" rel=\"noopener noreferrer\">3\u00ba Simp\u00f3sio de Educa\u00e7\u00e3o<\/a><\/p>\n<p>2\u00ba Simp\u00f3sio de Educa\u00e7\u00e3o<\/p>\n<p><a href=\"http:\/\/simposioppgecm.blogspot.com.br\/\" target=\"_blank\" rel=\"noopener noreferrer\">1\u00ba Simp\u00f3sio de Educa\u00e7\u00e3o<\/a><\/p>\n","protected":false},"excerpt":{"rendered":"<p>3\u00ba Simp\u00f3sio de Educa\u00e7\u00e3o 2\u00ba Simp\u00f3sio de Educa\u00e7\u00e3o 1\u00ba Simp\u00f3sio de Educa\u00e7\u00e3o<\/p>\n","protected":false},"author":462,"featured_media":0,"parent":0,"menu_order":9,"comment_status":"closed","ping_status":"closed","template":"","meta":{"footnotes":""},"class_list":["post-23","page","type-page","status-publish","hentry"],"_links":{"self":[{"href":"https:\/\/wp.ufpel.edu.br\/simposioppgecm\/wp-json\/wp\/v2\/pages\/23","targetHints":{"allow":["GET"]}}],"collection":[{"href":"https:\/\/wp.ufpel.edu.br\/simposioppgecm\/wp-json\/wp\/v2\/pages"}],"about":[{"href":"https:\/\/wp.ufpel.edu.br\/simposioppgecm\/wp-json\/wp\/v2\/types\/page"}],"author":[{"embeddable":true,"href":"https:\/\/wp.ufpel.edu.br\/simposioppgecm\/wp-json\/wp\/v2\/users\/462"}],"replies":[{"embeddable":true,"href":"https:\/\/wp.ufpel.edu.br\/simposioppgecm\/wp-json\/wp\/v2\/comments?post=23"}],"version-history":[{"count":4,"href":"https:\/\/wp.ufpel.edu.br\/simposioppgecm\/wp-json\/wp\/v2\/pages\/23\/revisions"}],"predecessor-version":[{"id":374,"href":"https:\/\/wp.ufpel.edu.br\/simposioppgecm\/wp-json\/wp\/v2\/pages\/23\/revisions\/374"}],"wp:attachment":[{"href":"https:\/\/wp.ufpel.edu.br\/simposioppgecm\/wp-json\/wp\/v2\/media?parent=23"}],"curies":[{"name":"wp","href":"https:\/\/api.w.org\/{rel}","templated":true}]}}