{"id":8,"date":"2018-04-21T21:08:51","date_gmt":"2018-04-22T00:08:51","guid":{"rendered":"https:\/\/wp.ufpel.edu.br\/simposioestadualdioctofimatose\/?page_id=8"},"modified":"2018-09-11T09:41:56","modified_gmt":"2018-09-11T12:41:56","slug":"inscricoes","status":"publish","type":"page","link":"https:\/\/wp.ufpel.edu.br\/simposioestadualdioctofimatose\/inscricoes\/","title":{"rendered":"Inscri\u00e7\u00f5es"},"content":{"rendered":"<p><span style=\"font-size: 14pt\">As inscri\u00e7\u00f5es para o <strong>I Simp\u00f3sio Estadual de Dioctofimatose<\/strong>\u00a0ser\u00e3o realizadas de<span style=\"color: #800000\">\u00a0<strong>01 de Agosto \u00e0 28 de Setembro de 2018\u00a0<\/strong><\/span><\/span><\/p>\n<p>&nbsp;<\/p>\n<h3><span style=\"color: #800000\"><strong>Valores PROMOCIONAIS at\u00e9 15 de setembro:<\/strong><\/span><\/h3>\n<p>&nbsp;<\/p>\n<h5 style=\"padding-left: 60px\"><span style=\"font-size: 12pt\">R$ 30,00 &#8211; Alunos de gradua\u00e7\u00e3o*<\/span><\/h5>\n<h5 style=\"padding-left: 60px\"><span style=\"font-size: 12pt\">R$ 40,00 &#8211; Alunos de p\u00f3s-gradua\u00e7\u00e3o*<\/span><\/h5>\n<h5 style=\"padding-left: 60px\"><span style=\"font-size: 12pt\">R$ 80,00 &#8211; Profissionais<\/span><\/h5>\n<p>&nbsp;<\/p>\n<p>&nbsp;<\/p>\n<h3><span style=\"color: #800000\"><strong>Valores de 16 a 28 de setembro:<\/strong><\/span><\/h3>\n<h5><\/h5>\n<h5 style=\"padding-left: 60px\"><span style=\"font-size: 12pt\">R$ 40,00 &#8211; Alunos de gradua\u00e7\u00e3o*<\/span><\/h5>\n<h5 style=\"padding-left: 60px\"><span style=\"font-size: 12pt\">R$ 50,00 &#8211; Alunos de p\u00f3s-gradua\u00e7\u00e3o*<\/span><\/h5>\n<h5 style=\"padding-left: 60px\"><span style=\"font-size: 12pt\">R$ 90,00 &#8211; Profissionais<\/span><\/h5>\n<p>&nbsp;<\/p>\n<p>*Mediante comprova\u00e7\u00e3o de matr\u00edcula<\/p>\n<hr \/>\n<p>&nbsp;<\/p>\n<p><span style=\"color: #800000;font-size: 18pt\"><strong>Para realizar sua inscri\u00e7\u00e3o ONLINE, siga as instru\u00e7\u00f5es abaixo:<\/strong><\/span><\/p>\n<p>&nbsp;<\/p>\n<p><strong><span style=\"color: #ff0000;font-size: 18pt\">1\u00ba <\/span><\/strong>\u00a0<span style=\"color: #000000\">Realizar <strong>dep\u00f3sito ou transfer\u00eancia identificada<\/strong>, de acordo com a sua categoria, na seguinte conta:<\/span><\/p>\n<p>&nbsp;<\/p>\n<p><span style=\"color: #800000\"><strong>Caixa Econ\u00f4mica Federal<\/strong><\/span><\/p>\n<p><span style=\"color: #800000\"><strong>Ag\u00eancia: 0495<\/strong><\/span><\/p>\n<p><span style=\"color: #800000\"><strong>Opera\u00e7\u00e3o: 013<\/strong><\/span><\/p>\n<p><span style=\"color: #800000\"><strong>Conta poupan\u00e7a: 00.375.811-1<\/strong><\/span><\/p>\n<p><span style=\"color: #800000\"><strong>Soliane Carra Perera &#8211; CPF: 018.889.870-06<\/strong><\/span><\/p>\n<p>&nbsp;<\/p>\n<p><strong><span style=\"font-size: 18pt;color: #ff0000\">2\u00ba\u00a0<\/span><\/strong><span style=\"font-size: 18pt;color: #ff0000\"><span style=\"color: #000000;font-size: 12pt\"> Preencher a ficha de inscri\u00e7\u00e3o com os seus dados e salv\u00e1-la em formato PDF.\u00a0<\/span><\/span><\/p>\n<p><span style=\"background-color: #ffff00;color: #ff0000;font-size: 14pt\"><a style=\"background-color: #ffff00;color: #ff0000\" href=\"https:\/\/wp.ufpel.edu.br\/simposioestadualdioctofimatose\/files\/2018\/08\/Ficha-de-inscri\u00e7\u00e3o_Simp\u00f3sio_FINAL.docx\">CLIQUE AQUI PARA FAZER DOWNLOAD DA FICHA DE INSCRI\u00c7\u00c3O<\/a>\u00a0<\/span><\/p>\n<p>&nbsp;<\/p>\n<p><span style=\"color: #ff0000;font-size: 18pt\"><strong>3\u00ba\u00a0 <\/strong><span style=\"color: #000000;font-size: 12pt\">Preencher o formul\u00e1rio de inscri\u00e7\u00e3o, anexando o comprovante de matr\u00edcula (quando necess\u00e1rio), o comprovante de pagamento e a ficha de inscri\u00e7\u00e3o em PDF.\u00a0<\/span><\/span><\/p>\n\n<div class=\"wpcf7 no-js\" id=\"wpcf7-f132-o1\" lang=\"pt-BR\" dir=\"ltr\" data-wpcf7-id=\"132\">\n<div class=\"screen-reader-response\"><p role=\"status\" aria-live=\"polite\" aria-atomic=\"true\"><\/p> <ul><\/ul><\/div>\n<form action=\"\/simposioestadualdioctofimatose\/wp-json\/wp\/v2\/pages\/8#wpcf7-f132-o1\" method=\"post\" class=\"wpcf7-form init\" aria-label=\"Formul\u00e1rios de contato\" enctype=\"multipart\/form-data\" novalidate=\"novalidate\" data-status=\"init\">\n<fieldset class=\"hidden-fields-container\"><input type=\"hidden\" name=\"_wpcf7\" value=\"132\" \/><input type=\"hidden\" name=\"_wpcf7_version\" value=\"6.1.4\" \/><input type=\"hidden\" name=\"_wpcf7_locale\" value=\"pt_BR\" \/><input type=\"hidden\" name=\"_wpcf7_unit_tag\" value=\"wpcf7-f132-o1\" \/><input type=\"hidden\" name=\"_wpcf7_container_post\" value=\"0\" \/><input type=\"hidden\" name=\"_wpcf7_posted_data_hash\" value=\"\" \/>\n<\/fieldset>\n<p><label> Seu nome (obrigat\u00f3rio):<br \/>\n<span class=\"wpcf7-form-control-wrap\" data-name=\"your-name\"><input size=\"40\" maxlength=\"400\" class=\"wpcf7-form-control wpcf7-text wpcf7-validates-as-required\" aria-required=\"true\" aria-invalid=\"false\" value=\"\" type=\"text\" name=\"your-name\" \/><\/span> <\/label>\n<\/p>\n<p><label> Seu e-mail (obrigat\u00f3rio):<br \/>\n<span class=\"wpcf7-form-control-wrap\" data-name=\"your-email\"><input size=\"40\" maxlength=\"400\" class=\"wpcf7-form-control wpcf7-email wpcf7-validates-as-required wpcf7-text wpcf7-validates-as-email\" aria-required=\"true\" aria-invalid=\"false\" value=\"\" type=\"email\" name=\"your-email\" \/><\/span> <\/label>\n<\/p>\n<p><Label> Seu telefone (obrigat\u00f3rio):<br \/>\n<span class=\"wpcf7-form-control-wrap\" data-name=\"tel-396\"><input size=\"40\" maxlength=\"400\" class=\"wpcf7-form-control wpcf7-tel wpcf7-validates-as-required wpcf7-text wpcf7-validates-as-tel\" aria-required=\"true\" aria-invalid=\"false\" value=\"\" type=\"tel\" name=\"tel-396\" \/><\/span> <\/label>\n<\/p>\n<p>Escolha a categoria na qual voc\u00ea se inclui:<br \/>\n<span class=\"wpcf7-form-control-wrap\" data-name=\"checkbox-287\"><span class=\"wpcf7-form-control wpcf7-checkbox wpcf7-validates-as-required wpcf7-exclusive-checkbox\"><span class=\"wpcf7-list-item first\"><input type=\"checkbox\" name=\"checkbox-287\" value=\"Aluno de gradua\u00e7\u00e3o\" \/><span class=\"wpcf7-list-item-label\">Aluno de gradua\u00e7\u00e3o<\/span><\/span><span class=\"wpcf7-list-item\"><input type=\"checkbox\" name=\"checkbox-287\" value=\"Aluno de p\u00f3s-gradua\u00e7\u00e3o\" \/><span class=\"wpcf7-list-item-label\">Aluno de p\u00f3s-gradua\u00e7\u00e3o<\/span><\/span><span class=\"wpcf7-list-item last\"><input type=\"checkbox\" name=\"checkbox-287\" value=\"Profissional\" \/><span class=\"wpcf7-list-item-label\">Profissional<\/span><\/span><\/span><\/span>\n<\/p>\n<p>Comprovante de matr\u00edcula:<br \/>\n<span class=\"wpcf7-form-control-wrap\" data-name=\"file-52\"><input size=\"40\" class=\"wpcf7-form-control wpcf7-file\" accept=\"audio\/*,video\/*,image\/*\" aria-invalid=\"false\" type=\"file\" name=\"file-52\" \/><\/span>\n<\/p>\n<p>Comprovante de pagamento:<br \/>\n<span class=\"wpcf7-form-control-wrap\" data-name=\"comprovantedepagamento\"><input size=\"40\" class=\"wpcf7-form-control wpcf7-file wpcf7-validates-as-required\" accept=\"audio\/*,video\/*,image\/*\" aria-required=\"true\" aria-invalid=\"false\" type=\"file\" name=\"comprovantedepagamento\" \/><\/span>\n<\/p>\n<p>Ficha de inscri\u00e7\u00e3o em PDF:<br \/>\n<span class=\"wpcf7-form-control-wrap\" data-name=\"Fichainscrio\"><input size=\"40\" class=\"wpcf7-form-control wpcf7-file wpcf7-validates-as-required\" accept=\".pdf\" aria-required=\"true\" aria-invalid=\"false\" type=\"file\" name=\"Fichainscrio\" \/><\/span>\n<\/p>\n<p><input class=\"wpcf7-form-control wpcf7-submit has-spinner\" type=\"submit\" value=\"Enviar\" \/>\n<\/p><p style=\"display: none !important;\" class=\"akismet-fields-container\" data-prefix=\"_wpcf7_ak_\"><label>&#916;<textarea name=\"_wpcf7_ak_hp_textarea\" cols=\"45\" rows=\"8\" maxlength=\"100\"><\/textarea><\/label><input type=\"hidden\" id=\"ak_js_1\" name=\"_wpcf7_ak_js\" value=\"224\"\/><script>document.getElementById( \"ak_js_1\" ).setAttribute( \"value\", ( new Date() ).getTime() );<\/script><\/p><div class=\"wpcf7-response-output\" aria-hidden=\"true\"><\/div>\n<\/form>\n<\/div>\n\n<p>&nbsp;<\/p>\n<p>&nbsp;<\/p>\n<p><span style=\"color: #800000;font-size: 18pt\"><strong>Para realizar sua inscri\u00e7\u00e3o PRESENCIAL no Campus Cap\u00e3o do Le\u00e3o &#8211; UFPel:<\/strong><\/span><\/p>\n<p>&nbsp;<\/p>\n<p><span style=\"color: #ff0000;font-size: 18pt\"><strong>Instituto de Biologia: <\/strong><\/span><\/p>\n<p><span style=\"color: #ff0000;font-size: 18pt\"><strong><span style=\"color: #000000;font-size: 12pt\">Pr\u00e9dio 18, Sala 16, LAPASIL (Laborat\u00f3rio de Parasitologia de Animais Silvestres)<\/span><\/strong><\/span><\/p>\n<p><strong><span style=\"color: #ff0000;font-size: 18pt\"><span style=\"color: #000000;font-size: 12pt\">Das 1<\/span><\/span><\/strong><strong><span style=\"color: #ff0000;font-size: 18pt\"><span style=\"color: #000000;font-size: 12pt\">4:30h \u00e0s 17:30h<\/span><\/span><\/strong><\/p>\n<p>&nbsp;<\/p>\n<p><span style=\"color: #ff0000;font-size: 18pt\"><strong>Faculdade de Veterin\u00e1ria: <\/strong><\/span><\/p>\n<p><strong><span style=\"color: #ff0000;font-size: 18pt\"><span style=\"color: #000000;font-size: 12pt\">Sagu\u00e3o de entrada da FaVet<\/span><\/span><\/strong><\/p>\n<p><strong><span style=\"color: #ff0000;font-size: 18pt\"><span style=\"color: #000000;font-size: 12pt\">Das 11<\/span><\/span><\/strong><strong><span style=\"color: #ff0000;font-size: 18pt\"><span style=\"color: #000000;font-size: 12pt\">:30h \u00e0s 14h<\/span><\/span><\/strong><\/p>\n<p>&nbsp;<\/p>\n<p><span style=\"color: #ff0000;font-size: 18pt\"><strong>Departamento de Cl\u00ednicas Veterin\u00e1ria: <\/strong><\/span><\/p>\n<p><strong><span style=\"color: #ff0000;font-size: 18pt\"><span style=\"color: #000000;font-size: 12pt\">Pr\u00e9dio 55-2, Sala do grupo FITOPEET (Grupo de Pesquisa, Ensino e Extens\u00e3o em Produtos Naturais na Cl\u00ednica M\u00e9dica Veterin\u00e1ria), ao lado do Laborat\u00f3rio de Patologia Cl\u00ednica do HCV).<\/span><\/span><\/strong><\/p>\n<p><strong><span style=\"color: #ff0000;font-size: 18pt\"><span style=\"color: #000000;font-size: 12pt\">Das 8<\/span><\/span><\/strong><strong><span style=\"color: #ff0000;font-size: 18pt\"><span style=\"color: #000000;font-size: 12pt\">:30h \u00e0s 10:45h<\/span><\/span><\/strong><\/p>\n","protected":false},"excerpt":{"rendered":"<p>As inscri\u00e7\u00f5es para o I Simp\u00f3sio Estadual de Dioctofimatose\u00a0ser\u00e3o realizadas de\u00a001 de Agosto \u00e0 28 de Setembro de 2018\u00a0 &nbsp; Valores PROMOCIONAIS at\u00e9 15 de setembro: &nbsp; R$ 30,00 &#8211; Alunos de gradua\u00e7\u00e3o* R$ 40,00 &#8211; Alunos de p\u00f3s-gradua\u00e7\u00e3o* R$ 80,00 &#8211; Profissionais &nbsp; &nbsp; Valores de 16 a 28 de setembro: R$ 40,00 &#8211; &hellip; <\/p>\n<p><a class=\"more-link btn\" href=\"https:\/\/wp.ufpel.edu.br\/simposioestadualdioctofimatose\/inscricoes\/\">Continue lendo<\/a><\/p>\n","protected":false},"author":853,"featured_media":0,"parent":0,"menu_order":0,"comment_status":"closed","ping_status":"closed","template":"","meta":{"footnotes":""},"class_list":["post-8","page","type-page","status-publish","hentry","nodate","item-wrap"],"_links":{"self":[{"href":"https:\/\/wp.ufpel.edu.br\/simposioestadualdioctofimatose\/wp-json\/wp\/v2\/pages\/8","targetHints":{"allow":["GET"]}}],"collection":[{"href":"https:\/\/wp.ufpel.edu.br\/simposioestadualdioctofimatose\/wp-json\/wp\/v2\/pages"}],"about":[{"href":"https:\/\/wp.ufpel.edu.br\/simposioestadualdioctofimatose\/wp-json\/wp\/v2\/types\/page"}],"author":[{"embeddable":true,"href":"https:\/\/wp.ufpel.edu.br\/simposioestadualdioctofimatose\/wp-json\/wp\/v2\/users\/853"}],"replies":[{"embeddable":true,"href":"https:\/\/wp.ufpel.edu.br\/simposioestadualdioctofimatose\/wp-json\/wp\/v2\/comments?post=8"}],"version-history":[{"count":19,"href":"https:\/\/wp.ufpel.edu.br\/simposioestadualdioctofimatose\/wp-json\/wp\/v2\/pages\/8\/revisions"}],"predecessor-version":[{"id":452,"href":"https:\/\/wp.ufpel.edu.br\/simposioestadualdioctofimatose\/wp-json\/wp\/v2\/pages\/8\/revisions\/452"}],"wp:attachment":[{"href":"https:\/\/wp.ufpel.edu.br\/simposioestadualdioctofimatose\/wp-json\/wp\/v2\/media?parent=8"}],"curies":[{"name":"wp","href":"https:\/\/api.w.org\/{rel}","templated":true}]}}