{"id":463,"date":"2020-11-24T17:33:44","date_gmt":"2020-11-24T20:33:44","guid":{"rendered":"https:\/\/wp.ufpel.edu.br\/simposioestadualdioctofimatose\/?page_id=463"},"modified":"2020-11-24T17:33:44","modified_gmt":"2020-11-24T20:33:44","slug":"anais-2018","status":"publish","type":"page","link":"https:\/\/wp.ufpel.edu.br\/simposioestadualdioctofimatose\/anais-2018\/","title":{"rendered":"Anais 2018"},"content":{"rendered":"<p>Confira os Anais das apresenta\u00e7\u00f5es realizadas no I Simp\u00f3sio Estadual de Dioctofimatose: Desafios e Perspectivas, clicando no link abaixo.<\/p>\n<p><a href=\"https:\/\/wp.ufpel.edu.br\/simposioestadualdioctofimatose\/files\/2020\/11\/CLIQUE-PARA-DOWNLOAD.pdf\">CLIQUE PARA DOWNLOAD<\/a><\/p>\n","protected":false},"excerpt":{"rendered":"<p>Confira os Anais das apresenta\u00e7\u00f5es realizadas no I Simp\u00f3sio Estadual de Dioctofimatose: Desafios e Perspectivas, clicando no link abaixo. CLIQUE PARA DOWNLOAD<\/p>\n","protected":false},"author":853,"featured_media":0,"parent":0,"menu_order":0,"comment_status":"closed","ping_status":"closed","template":"","meta":{"footnotes":""},"class_list":["post-463","page","type-page","status-publish","hentry","nodate","item-wrap"],"_links":{"self":[{"href":"https:\/\/wp.ufpel.edu.br\/simposioestadualdioctofimatose\/wp-json\/wp\/v2\/pages\/463","targetHints":{"allow":["GET"]}}],"collection":[{"href":"https:\/\/wp.ufpel.edu.br\/simposioestadualdioctofimatose\/wp-json\/wp\/v2\/pages"}],"about":[{"href":"https:\/\/wp.ufpel.edu.br\/simposioestadualdioctofimatose\/wp-json\/wp\/v2\/types\/page"}],"author":[{"embeddable":true,"href":"https:\/\/wp.ufpel.edu.br\/simposioestadualdioctofimatose\/wp-json\/wp\/v2\/users\/853"}],"replies":[{"embeddable":true,"href":"https:\/\/wp.ufpel.edu.br\/simposioestadualdioctofimatose\/wp-json\/wp\/v2\/comments?post=463"}],"version-history":[{"count":2,"href":"https:\/\/wp.ufpel.edu.br\/simposioestadualdioctofimatose\/wp-json\/wp\/v2\/pages\/463\/revisions"}],"predecessor-version":[{"id":468,"href":"https:\/\/wp.ufpel.edu.br\/simposioestadualdioctofimatose\/wp-json\/wp\/v2\/pages\/463\/revisions\/468"}],"wp:attachment":[{"href":"https:\/\/wp.ufpel.edu.br\/simposioestadualdioctofimatose\/wp-json\/wp\/v2\/media?parent=463"}],"curies":[{"name":"wp","href":"https:\/\/api.w.org\/{rel}","templated":true}]}}