{"id":23,"date":"2018-04-21T21:28:23","date_gmt":"2018-04-22T00:28:23","guid":{"rendered":"https:\/\/wp.ufpel.edu.br\/simposioestadualdioctofimatose\/?page_id=23"},"modified":"2018-07-15T16:53:09","modified_gmt":"2018-07-15T19:53:09","slug":"sobre","status":"publish","type":"page","link":"https:\/\/wp.ufpel.edu.br\/simposioestadualdioctofimatose\/sobre\/","title":{"rendered":"Sobre"},"content":{"rendered":"<p style=\"text-align: justify\">O <strong>I SIMP\u00d3SIO ESTADUAL DE DIOCTOFIMATOSE: DESAFIOS E PERSPECTIVAS<\/strong> ir\u00e1 reunir pesquisadores ga\u00fachos, catarinenses e argentinos, os quais atuam no estudo da dioctofimatose na Am\u00e9rica do Sul. Os registros da dioctofimatose no RS, nos \u00faltimos anos, alertam para a situa\u00e7\u00e3o do Estado em rela\u00e7\u00e3o \u00e0 sanidade animal, bem como para sa\u00fade p\u00fablica devido ao potencial zoon\u00f3tico do parasito. Nesse contexto, o evento ir\u00e1 proporcionar a apresenta\u00e7\u00e3o e discuss\u00e3o de diversos aspectos relacionados \u00e0 biologia de <em>Dioctophyme renale<\/em>, epidemiologia, diagn\u00f3stico, cirurgia, controle e profilaxia da parasitose.<\/p>\n<p style=\"text-align: justify\">O evento est\u00e1 sendo organizado por tr\u00eas grupos de pesquisa da <strong>Universidade Federal de Pelotas<\/strong> (UFPel), os quais est\u00e3o vinculados a dois programas de p\u00f3s-gradua\u00e7\u00e3o desta Universidade: PPG em Parasitologia e PPG em Veterin\u00e1ria.<\/p>\n<p><a href=\"https:\/\/wp.ufpel.edu.br\/nulab\/lapasil\/\" target=\"_blank\" rel=\"noopener\"><img loading=\"lazy\" decoding=\"async\" class=\"alignleft wp-image-136\" title=\"Visitar p\u00e1gina\" src=\"https:\/\/wp.ufpel.edu.br\/simposioestadualdioctofimatose\/files\/2018\/05\/LAPASIL-1-e1525574360403-400x393.jpg\" alt=\"\" width=\"81\" height=\"80\" srcset=\"https:\/\/wp.ufpel.edu.br\/simposioestadualdioctofimatose\/files\/2018\/05\/LAPASIL-1-e1525574360403-400x393.jpg 400w, https:\/\/wp.ufpel.edu.br\/simposioestadualdioctofimatose\/files\/2018\/05\/LAPASIL-1-e1525574360403-200x200.jpg 200w, https:\/\/wp.ufpel.edu.br\/simposioestadualdioctofimatose\/files\/2018\/05\/LAPASIL-1-e1525574360403-160x160.jpg 160w, https:\/\/wp.ufpel.edu.br\/simposioestadualdioctofimatose\/files\/2018\/05\/LAPASIL-1-e1525574360403-320x320.jpg 320w, https:\/\/wp.ufpel.edu.br\/simposioestadualdioctofimatose\/files\/2018\/05\/LAPASIL-1-e1525574360403.jpg 687w\" sizes=\"auto, (max-width: 81px) 100vw, 81px\" \/><\/a><\/p>\n<p style=\"text-align: justify\">O\u00a0grupo de pesquisa <strong>\u201cParasitos de animais silvestres\u201d<\/strong> do CNPq atua no <strong><em>Laborat\u00f3rio de Parasitologia de Anim<\/em><\/strong><strong><em>ais Si<\/em><\/strong><strong><em>lvestres<\/em> (LAPASIL\/DEMP\/IB)<\/strong>, desenvolvendo estudos\u00a0sobre a biologia e epidemiologia da dioctofimatose desde 2012, tendo contribu\u00eddo com informa\u00e7\u00f5es a respeito de novos hospedeiros de <em>D. renale<\/em> no Brasil.<\/p>\n<p>&nbsp;<\/p>\n<p style=\"text-align: justify\">O <strong><em>Projeto Dioctophyme renale em C\u00e3es e Gatos <\/em>(PRODIC)<\/strong> atua na Faculdade de Veterin\u00e1ria, ond<a href=\"https:\/\/wp.ufpel.edu.br\/prodic\/\" target=\"_blank\" rel=\"noopener\"><img loading=\"lazy\" decoding=\"async\" class=\"wp-image-138 alignright\" style=\"text-align: justify\" title=\"Visitar p\u00e1gina\" src=\"https:\/\/wp.ufpel.edu.br\/simposioestadualdioctofimatose\/files\/2018\/05\/logotipo.png\" alt=\"\" width=\"75\" height=\"73\" \/><\/a>e tem realizado desde 2012 estudos sobre a epidemiologia da parasitose, bem\u00a0como diagn\u00f3sticos e procedimentos cir\u00fargicos em c\u00e3es e gatos parasitados por <em>D.<\/em> <em>renale<\/em> na regi\u00e3o sul do Estado.<\/p>\n<p>&nbsp;<\/p>\n<p style=\"text-align: justify\"><a href=\"https:\/\/www.facebook.com\/fitopeet\/\" target=\"_blank\" rel=\"noopener\"><img loading=\"lazy\" decoding=\"async\" class=\"alignleft wp-image-137\" title=\"Visitar p\u00e1gina\" src=\"https:\/\/wp.ufpel.edu.br\/simposioestadualdioctofimatose\/files\/2018\/05\/1979884_697804110262270_1097098339_n-400x364.jpg\" alt=\"\" width=\"86\" height=\"78\" srcset=\"https:\/\/wp.ufpel.edu.br\/simposioestadualdioctofimatose\/files\/2018\/05\/1979884_697804110262270_1097098339_n-400x364.jpg 400w, https:\/\/wp.ufpel.edu.br\/simposioestadualdioctofimatose\/files\/2018\/05\/1979884_697804110262270_1097098339_n-768x698.jpg 768w, https:\/\/wp.ufpel.edu.br\/simposioestadualdioctofimatose\/files\/2018\/05\/1979884_697804110262270_1097098339_n.jpg 960w\" sizes=\"auto, (max-width: 86px) 100vw, 86px\" \/><\/a> O grupo<strong><em> Pesquisa, Ensino e Extens\u00e3o em Produtos Naturais na Cl\u00ednica M\u00e9dica Veterin\u00e1ria<\/em> (FITOPEET)<\/strong> atua na Faculdade de Veterin\u00e1ria realizando, desde 2014, pesquisas sobre a epidemiologia, diagn\u00f3stico, controle e profilaxia da parasitose na regi\u00e3o sul do RS.<\/p>\n<p>&nbsp;<\/p>\n<p style=\"text-align: justify\">Desde 2016, estes tr\u00eas grupos v\u00eam trabalhando juntos em um estudo que visa reunir dados epidemiol\u00f3gicos de casos de dioctofimatose em c\u00e3es e gatos na regi\u00e3o sul do Estado, objetivando contribuir para o entendimento desta parasitose que vem sendo diagnosticada tanto em animais dom\u00e9sticos quanto silvestres.<\/p>\n","protected":false},"excerpt":{"rendered":"<p>O I SIMP\u00d3SIO ESTADUAL DE DIOCTOFIMATOSE: DESAFIOS E PERSPECTIVAS ir\u00e1 reunir pesquisadores ga\u00fachos, catarinenses e argentinos, os quais atuam no estudo da dioctofimatose na Am\u00e9rica do Sul. Os registros da dioctofimatose no RS, nos \u00faltimos anos, alertam para a situa\u00e7\u00e3o do Estado em rela\u00e7\u00e3o \u00e0 sanidade animal, bem como para sa\u00fade p\u00fablica devido ao potencial &hellip; <\/p>\n<p><a class=\"more-link btn\" href=\"https:\/\/wp.ufpel.edu.br\/simposioestadualdioctofimatose\/sobre\/\">Continue lendo<\/a><\/p>\n","protected":false},"author":853,"featured_media":0,"parent":0,"menu_order":0,"comment_status":"closed","ping_status":"closed","template":"","meta":{"footnotes":""},"class_list":["post-23","page","type-page","status-publish","hentry","nodate","item-wrap"],"_links":{"self":[{"href":"https:\/\/wp.ufpel.edu.br\/simposioestadualdioctofimatose\/wp-json\/wp\/v2\/pages\/23","targetHints":{"allow":["GET"]}}],"collection":[{"href":"https:\/\/wp.ufpel.edu.br\/simposioestadualdioctofimatose\/wp-json\/wp\/v2\/pages"}],"about":[{"href":"https:\/\/wp.ufpel.edu.br\/simposioestadualdioctofimatose\/wp-json\/wp\/v2\/types\/page"}],"author":[{"embeddable":true,"href":"https:\/\/wp.ufpel.edu.br\/simposioestadualdioctofimatose\/wp-json\/wp\/v2\/users\/853"}],"replies":[{"embeddable":true,"href":"https:\/\/wp.ufpel.edu.br\/simposioestadualdioctofimatose\/wp-json\/wp\/v2\/comments?post=23"}],"version-history":[{"count":7,"href":"https:\/\/wp.ufpel.edu.br\/simposioestadualdioctofimatose\/wp-json\/wp\/v2\/pages\/23\/revisions"}],"predecessor-version":[{"id":270,"href":"https:\/\/wp.ufpel.edu.br\/simposioestadualdioctofimatose\/wp-json\/wp\/v2\/pages\/23\/revisions\/270"}],"wp:attachment":[{"href":"https:\/\/wp.ufpel.edu.br\/simposioestadualdioctofimatose\/wp-json\/wp\/v2\/media?parent=23"}],"curies":[{"name":"wp","href":"https:\/\/api.w.org\/{rel}","templated":true}]}}