{"id":8,"date":"2024-08-24T23:00:02","date_gmt":"2024-08-25T02:00:02","guid":{"rendered":"https:\/\/wp.ufpel.edu.br\/simposiodidaticadahistoria\/?page_id=8"},"modified":"2024-10-03T14:08:57","modified_gmt":"2024-10-03T17:08:57","slug":"inscricoes","status":"publish","type":"page","link":"https:\/\/wp.ufpel.edu.br\/simposiodidaticadahistoria\/inscricoes\/","title":{"rendered":"Inscri\u00e7\u00f5es"},"content":{"rendered":"<p>As inscri\u00e7\u00f5es para ouvintes devem ser feitas atrav\u00e9s da plataforma Even3, no link abaixo:<\/p>\n<p><a href=\"https:\/\/www.even3.com.br\/2simposiointernacionaldedh\/\">https:\/\/www.even3.com.br\/2simposiointernacionaldedh\/<\/a><\/p>\n<p>O evento ter\u00e1 a carga hor\u00e1ria total de <strong>40 horas<\/strong>. A lista de frequ\u00eancia ser\u00e1 passada durante a realiza\u00e7\u00e3o de cada uma das mesas tem\u00e1ticas.<\/p>\n<p>O certificado ser\u00e1 encaminhado para cada um dos participantes que obtiverem <strong>ao menos 80% de frequ\u00eancia<\/strong> no evento, <strong>e ficar\u00e1 dispon\u00edvel para download por 90 dias.\u00a0<\/strong> A comiss\u00e3o organizadora n\u00e3o se responsabiliza por aqueles que n\u00e3o retirarem os certificados antes do t\u00e9rmino do prazo.<\/p>\n<p>&nbsp;<\/p>\n","protected":false},"excerpt":{"rendered":"<p>As inscri\u00e7\u00f5es para ouvintes devem ser feitas atrav\u00e9s da plataforma Even3, no link abaixo: https:\/\/www.even3.com.br\/2simposiointernacionaldedh\/ O evento ter\u00e1 a carga hor\u00e1ria total de 40 horas. A lista de frequ\u00eancia ser\u00e1 passada durante a realiza\u00e7\u00e3o de cada uma das mesas tem\u00e1ticas. O certificado ser\u00e1 encaminhado para cada um dos participantes que obtiverem ao menos 80% de &hellip; <\/p>\n<p><a class=\"more-link btn\" href=\"https:\/\/wp.ufpel.edu.br\/simposiodidaticadahistoria\/inscricoes\/\">Continue lendo<\/a><\/p>\n","protected":false},"author":1274,"featured_media":0,"parent":0,"menu_order":3,"comment_status":"closed","ping_status":"closed","template":"","meta":{"footnotes":""},"class_list":["post-8","page","type-page","status-publish","hentry","nodate","item-wrap"],"_links":{"self":[{"href":"https:\/\/wp.ufpel.edu.br\/simposiodidaticadahistoria\/wp-json\/wp\/v2\/pages\/8","targetHints":{"allow":["GET"]}}],"collection":[{"href":"https:\/\/wp.ufpel.edu.br\/simposiodidaticadahistoria\/wp-json\/wp\/v2\/pages"}],"about":[{"href":"https:\/\/wp.ufpel.edu.br\/simposiodidaticadahistoria\/wp-json\/wp\/v2\/types\/page"}],"author":[{"embeddable":true,"href":"https:\/\/wp.ufpel.edu.br\/simposiodidaticadahistoria\/wp-json\/wp\/v2\/users\/1274"}],"replies":[{"embeddable":true,"href":"https:\/\/wp.ufpel.edu.br\/simposiodidaticadahistoria\/wp-json\/wp\/v2\/comments?post=8"}],"version-history":[{"count":4,"href":"https:\/\/wp.ufpel.edu.br\/simposiodidaticadahistoria\/wp-json\/wp\/v2\/pages\/8\/revisions"}],"predecessor-version":[{"id":109,"href":"https:\/\/wp.ufpel.edu.br\/simposiodidaticadahistoria\/wp-json\/wp\/v2\/pages\/8\/revisions\/109"}],"wp:attachment":[{"href":"https:\/\/wp.ufpel.edu.br\/simposiodidaticadahistoria\/wp-json\/wp\/v2\/media?parent=8"}],"curies":[{"name":"wp","href":"https:\/\/api.w.org\/{rel}","templated":true}]}}