{"id":5,"date":"2024-08-24T22:59:37","date_gmt":"2024-08-25T01:59:37","guid":{"rendered":"https:\/\/wp.ufpel.edu.br\/simposiodidaticadahistoria\/?page_id=5"},"modified":"2024-11-06T14:29:26","modified_gmt":"2024-11-06T17:29:26","slug":"programacao","status":"publish","type":"page","link":"https:\/\/wp.ufpel.edu.br\/simposiodidaticadahistoria\/programacao\/","title":{"rendered":"Programa\u00e7\u00e3o"},"content":{"rendered":"<h4 style=\"text-align: center;\"><span style=\"font-family: arial, helvetica, sans-serif;\"><strong><span style=\"color: #ff0000;\">Aten\u00e7\u00e3o:<\/span> <\/strong><\/span><\/h4>\n<h4 style=\"text-align: center;\"><span style=\"font-family: arial, helvetica, sans-serif;\"><strong><span style=\"color: #000000;\">Para acessar cada uma das transmiss\u00f5es pelo Youtube, basta clicar no t\u00edtulo de cada mesa<\/span><\/strong><\/span><\/h4>\n<p style=\"text-align: center;\"><strong><span style=\"color: #ff0000;\">Mesas do turno da manh\u00e3 &#8211; das 09 \u00e0s 12 horas<\/span><\/strong><\/p>\n<table style=\"width: 100%; border-collapse: collapse; border-color: #000000; border-style: double;\" border=\"1\">\n<tbody>\n<tr style=\"height: 48px;\">\n<td style=\"width: 14.267%; height: 52px;\">SEG (04)<\/td>\n<td style=\"width: 14.9214%; height: 52px;\">TER (05)<\/td>\n<td style=\"width: 20.6807%; height: 52px;\">QUA (06)<\/td>\n<td style=\"width: 20.4994%; height: 52px;\">QUIN (07)<\/td>\n<td style=\"width: 24.0875%; height: 52px;\">SEX (08)<\/td>\n<\/tr>\n<tr style=\"height: 589px;\">\n<td style=\"width: 14.267%; height: 548px; text-align: center;\">\n<p><span style=\"font-size: 10pt;\"><strong>Mesa 01 &#8211; <a href=\"https:\/\/www.youtube.com\/watch?v=NhBCdG1PFk4\">Jovens Pesquisadores em Did\u00e1tica da Hist\u00f3ria<\/a><\/strong><\/span><\/p>\n<p><span style=\"font-size: 10pt;\">Jannaiara Cavalcante (UNEAL)<\/span><\/p>\n<p><span style=\"font-size: 10pt;\">Lidiane Friderichs (UEMA)<\/span><\/p>\n<p><span style=\"font-size: 10pt;\">Amanda Nunes (UFPEL)<\/span><\/p>\n<p><span style=\"font-size: 10pt;\">Roberta Duarte (UFPE) (Mediadora)<\/span><\/p>\n<p>&nbsp;<\/td>\n<td style=\"width: 14.9214%; height: 548px;\">\n<p style=\"text-align: center;\"><a href=\"https:\/\/www.youtube.com\/watch?v=B1kSq-O5wFg\"><span style=\"font-size: 10pt;\"><strong>Mesa 03 &#8211; Did\u00e1tica da Hist\u00f3ria e<\/strong> <strong>Ensino de Hist\u00f3ria: experi\u00eancias nacionais e internacionais<\/strong><\/span><\/a><\/p>\n<p style=\"text-align: center;\"><span style=\"font-size: 10pt; color: #ff0000;\">Excepcionalmente das 08 \u00e0s 11 horas.<\/span><\/p>\n<p><span style=\"font-size: 10pt;\">Nilson Javier Ibag\u00f3n Mart\u00edn <\/span><br \/>\n<span style=\"font-size: 10pt;\">(UNIVALLE \/ Col\u00f4mbia)<\/span><\/p>\n<p><span style=\"font-size: 10pt;\">Marlene Cainelli (UEL)<\/span><\/p>\n<p>Seb\u00e1stian Molina Puche (UM\/Espanha)<\/p>\n<p><span style=\"font-size: 10pt;\">Wilian Bonete (UFPEL) (Mediador)<\/span><\/td>\n<td style=\"width: 20.6807%; height: 548px;\">\n<p style=\"text-align: center;\"><a href=\"https:\/\/www.youtube.com\/watch?v=BtEZvD66PAE\"><span style=\"font-size: 10pt;\"><strong>Mesa 06\u2013 Did\u00e1tica da Hist\u00f3ria em m\u00faltiplas tem\u00e1ticas<\/strong><\/span><\/a><\/p>\n<p>&nbsp;<\/p>\n<p><span style=\"font-size: 10pt;\">Dulceli Estacheski<\/span><br \/>\n<span style=\"font-size: 10pt;\">(UFMS)<\/span><\/p>\n<p><span style=\"font-size: 10pt;\">Aaron Sena (UFS)<\/span><\/p>\n<p><span style=\"font-size: 10pt;\">Luciano Azambuja (IFSC)<\/span><\/p>\n<p><span style=\"font-size: 10pt;\">M\u00e1rcia Tet\u00e9 (UEM)<\/span><br \/>\n<span style=\"font-size: 10pt;\">(Mediadora)<\/span><\/td>\n<td style=\"width: 20.4994%; height: 548px;\">\n<p style=\"text-align: center;\"><a href=\"https:\/\/www.youtube.com\/watch?v=QHBRwDy-1kU\"><span style=\"font-size: 10pt;\"><strong>Mesa 09 \u2013 Did\u00e1tica da Hist\u00f3ria e Forma\u00e7\u00e3o de Professores<\/strong><\/span><\/a><\/p>\n<p>&nbsp;<\/p>\n<p><span style=\"font-size: 10pt;\">Jean Moreno<\/span><br \/>\n<span style=\"font-size: 10pt;\">(UEM)<\/span><\/p>\n<p><span style=\"font-size: 10pt;\">Renilson Rosa Ribeiro (UFSCAR)<\/span><\/p>\n<p><span style=\"font-size: 10pt;\">Thiago Divardim (IFPR)<\/span><\/p>\n<p><span style=\"font-size: 10pt;\">Wilian Bonete (UFPEL) (Mediador)<\/span><\/td>\n<td style=\"width: 24.0875%; height: 548px;\">\n<p style=\"text-align: center;\"><span style=\"font-size: 10pt;\"><strong>ASSEMBL\u00c9IA VIRTUAL<\/strong><\/span><\/p>\n<p>&nbsp;<\/p>\n<p>&nbsp;<\/p>\n<p><span style=\"font-size: 10pt;\">CRIA\u00c7\u00c3O DA REDE BRASILEIRA DE DID\u00c1TICA DA HIST\u00d3RIA <\/span><\/td>\n<\/tr>\n<\/tbody>\n<\/table>\n<p style=\"text-align: center;\"><span style=\"color: #008000;\"><strong>Mesas do turno da tarde &#8211; das 14 \u00e0s 17 horas<\/strong><\/span><\/p>\n<table style=\"width: 100%; border-collapse: collapse; border-color: #000000; border-style: double;\" border=\"1\">\n<tbody>\n<tr style=\"height: 48px;\">\n<td style=\"width: 14.267%; height: 52px;\">SEG (04)<\/td>\n<td style=\"width: 14.9214%; height: 52px;\">TER (05)<\/td>\n<td style=\"width: 20.6807%; height: 52px;\">QUA (06)<\/td>\n<td style=\"width: 20.4994%; height: 52px;\">QUIN (07)<\/td>\n<td style=\"width: 18.7542%; height: 52px;\">SEX (08)<\/td>\n<\/tr>\n<tr style=\"height: 589px;\">\n<td style=\"width: 14.267%; height: 472px; text-align: center;\">\n<p><strong><span style=\"font-size: 10pt;\">Mesa 02 \u2013 <a href=\"https:\/\/www.youtube.com\/watch?v=0CnVM_7r8fs\">Did\u00e1tica da Hist\u00f3ria e Teoria da Hist\u00f3ria<\/a><\/span><\/strong><\/p>\n<p>&nbsp;<\/p>\n<p><span style=\"font-size: 10pt;\">Arthur Assis (UNB)<\/span><\/p>\n<p><span style=\"font-size: 10pt;\">Rafael Saddi (UFG)<\/span><\/p>\n<p><span style=\"font-size: 10pt;\">Luiz S\u00e9rgio Duarte (UFG)<\/span><\/p>\n<p><span style=\"font-size: 10pt;\">M\u00e1rcia Tet\u00e9 (UEM) (Mediadora)<\/span><\/p>\n<p>&nbsp;<\/td>\n<td style=\"width: 14.9214%; height: 472px; text-align: center;\">\n<p><a href=\"https:\/\/www.youtube.com\/watch?v=g2B4rhmW4SI\"><strong><span style=\"font-size: 10pt;\">Mesa 04 &#8211; Dimens\u00f5es da Cultura Hist\u00f3rica pela Did\u00e1tica da Hist\u00f3ria<\/span><\/strong><\/a><\/p>\n<p><span style=\"font-size: 10pt;\">Eduardo Knack (UFCG)<\/span><\/p>\n<p>&nbsp;<\/p>\n<p><span style=\"font-size: 10pt;\">Arnaldo Szlachta (UFPE)<\/span><\/p>\n<p><span style=\"font-size: 10pt;\">M\u00e1rcia Tet\u00e9 (UEM)<\/span><br \/>\n<span style=\"font-size: 10pt;\">(Mediadora)<\/span><\/td>\n<td style=\"width: 20.6807%; height: 472px; text-align: center;\"><a href=\"https:\/\/www.youtube.com\/watch?v=-eBCpCH4c1w\"><strong><span style=\"font-size: 10pt;\">Mesa 07 &#8211; Did\u00e1tica da Hist\u00f3ria, afetividade e forma\u00e7\u00e3o da<\/span><\/strong><\/a><br \/>\n<strong><span style=\"font-size: 10pt;\">consci\u00eancia hist\u00f3ri<\/span><span style=\"font-size: 10pt;\">ca<\/span><\/strong><\/p>\n<p><span style=\"font-size: 10pt;\">Josias Freire <\/span><span style=\"font-size: 10pt;\">(UFG)<\/span><\/p>\n<p><span style=\"font-size: 10pt;\">Caroline Pacievitch (UFRGS)<\/span><\/p>\n<p>&nbsp;<\/p>\n<p><span style=\"font-size: 10pt;\">Cristiano Nicolini (UFG) (Mediador)<\/span><\/td>\n<td style=\"width: 20.4994%; height: 472px; text-align: center;\">\n<p><a href=\"https:\/\/www.youtube.com\/watch?v=cO7dwUyEqqA\"><strong><span style=\"font-size: 10pt;\">Mesa 10 \u2013 Did\u00e1tica da Hist\u00f3ria e Decolonialidade: Experi\u00eancias Latino-americanas<\/span><\/strong><\/a><\/p>\n<p><span style=\"font-size: 10pt;\">Janaina de Paula Esp\u00edrito Santo<\/span><br \/>\n<span style=\"font-size: 10pt;\">(UEPG)<\/span><\/p>\n<p><span style=\"font-size: 10pt;\">Thiago Granja Belieiro (UNESP)<\/span><\/p>\n<p><span style=\"font-size: 10pt;\">Gabriela V\u00e1squez <\/span><br \/>\n<span style=\"font-size: 10pt;\">(UNAB \/ Chile)<\/span><\/p>\n<p><span style=\"font-size: 10pt;\">Rafael Saddi (UFG)<\/span><br \/>\n<span style=\"font-size: 10pt;\">(Mediador)<\/span><\/td>\n<td style=\"width: 18.7542%; height: 472px; text-align: center;\">\n<p><a href=\"https:\/\/www.youtube.com\/watch?v=yWHnOHmKbac\"><strong><span style=\"font-size: 10pt;\">Mesa 12 \u2013 Did\u00e1tica da Hist\u00f3ria: linguagens e fontes<\/span><\/strong><\/a><\/p>\n<p><span style=\"font-size: 10pt;\">Marcelo Fronza (UFMT)<\/span><\/p>\n<p><span style=\"font-size: 10pt;\">Rafael Freitas (UFMT)<\/span><\/p>\n<p><span style=\"font-size: 10pt;\">Sara Dias-Trindade (Universidade do Porto)<\/span><\/p>\n<p><span style=\"font-size: 10pt;\">Thiago Divardim (IFPR) (Mediador)<\/span><\/td>\n<\/tr>\n<\/tbody>\n<\/table>\n<p style=\"text-align: center;\"><span style=\"color: #0000ff;\"><strong>Mesas do turno da noite &#8211; das 19\u00a0 \u00e0s 22 horas<\/strong><\/span><\/p>\n<table style=\"width: 100%; border-collapse: collapse; border-color: #000000; border-style: double;\" border=\"1\">\n<tbody>\n<tr style=\"height: 48px;\">\n<td style=\"width: 14.267%; height: 52px;\">SEG (04)<\/td>\n<td style=\"width: 14.9214%; height: 52px;\">TER (05)<\/td>\n<td style=\"width: 16.6019%; height: 52px;\">QUA (06)<\/td>\n<td style=\"width: 19.3742%; height: 52px;\">QUIN (07)<\/td>\n<td style=\"width: 18.7214%; height: 52px;\">SEX (08)<\/td>\n<\/tr>\n<tr style=\"height: 589px;\">\n<td style=\"width: 14.267%; height: 280px; text-align: center;\">\n<p><a href=\"https:\/\/www.youtube.com\/watch?v=dsP6eogmMmQ\"><strong><span style=\"font-size: 10pt;\">Confer\u00eancia de Abertura<\/span><\/strong><\/a><\/p>\n<p>&nbsp;<\/p>\n<p>&nbsp;<\/p>\n<p><span style=\"font-size: 10pt;\">Paulina Latapi (UAQ &#8211; M\u00e9xico)<\/span><\/p>\n<p><span style=\"font-size: 10pt;\">Arnaldo Szlachta (UFPE)<\/span><br \/>\n<span style=\"font-size: 10pt;\">(Mediador)<\/span><\/p>\n<p>&nbsp;<\/td>\n<td style=\"width: 14.9214%; height: 280px; text-align: center;\">\n<p><a href=\"https:\/\/www.youtube.com\/watch?v=Bcm3-q6-ERw&amp;ab_channel=PPGH-UFG\"><strong><span style=\"font-size: 10pt;\">Mesa 05 \u2013 Did\u00e1tica da Hist\u00f3ria e Educa\u00e7\u00e3o hist\u00f3rica<\/span><\/strong><\/a><\/p>\n<p>&nbsp;<\/p>\n<p><span style=\"font-size: 10pt;\">J\u00falia Matos<\/span><\/p>\n<p><span style=\"font-size: 10pt;\"> (FURG)<\/span><\/p>\n<p><span style=\"font-size: 10pt;\">Max L\u00e2nio Pina (UEG)<\/span><\/p>\n<p><span style=\"font-size: 10pt;\">Cristiano Nicolini (UFG)<\/span><\/p>\n<p><span style=\"font-size: 10pt;\">Arnaldo Szlachta (UFPE)<\/span><br \/>\n<span style=\"font-size: 10pt;\">(Mediador)<\/span><\/td>\n<td style=\"width: 16.6019%; height: 280px; text-align: center;\">\n<p><a href=\"https:\/\/www.youtube.com\/watch?v=uHE7P7HlzYU\"><strong><span style=\"font-size: 10pt;\">Mesa 08\u2013 Did\u00e1tica da Hist\u00f3ria, Usos do Passado e negacionismos<\/span><\/strong><\/a><\/p>\n<p>&nbsp;<\/p>\n<p><span style=\"font-size: 10pt;\">Wilian Bonete (UFPEL)<\/span><\/p>\n<p><span style=\"font-size: 10pt;\">Ana Paula Carvalho (UNILA)<\/span><\/p>\n<p><span style=\"font-size: 10pt;\">Osvaldo Rodrigues<\/span><br \/>\n<span style=\"font-size: 10pt;\">Junior (UFMT)<\/span><\/p>\n<p><span style=\"font-size: 10pt;\">Cristiano Nicolini (UFG) (Mediador)<\/span><\/td>\n<td style=\"width: 19.3742%; height: 280px; text-align: center;\">\n<p><a href=\"https:\/\/www.youtube.com\/watch?v=HCYbEiaNd9o\"><strong><span style=\"font-size: 10pt;\">Mesa 11 \u2013 Did\u00e1tica da Hist\u00f3ria, aprendizagem em m\u00faltiplos espa\u00e7os<\/span><\/strong><\/a><\/p>\n<p>&nbsp;<\/p>\n<p>&nbsp;<\/p>\n<p><span style=\"font-size: 10pt;\">M\u00e1rcia Tet\u00e9 (UEM)<\/span><\/p>\n<p><span style=\"font-size: 10pt;\">Geyso Germinari (UNICENTRO)<\/span><\/p>\n<p><span style=\"font-size: 10pt;\">Lisiane Manke (UFPEL)<\/span><\/p>\n<p><span style=\"font-size: 10pt;\">Thiago Divardim (IFPR) (Mediador)<\/span><\/td>\n<td style=\"width: 18.7214%; height: 280px; text-align: center;\">\n<p><a href=\"https:\/\/www.youtube.com\/watch?v=t9_T4IsWNcY\"><strong><span style=\"font-size: 10pt;\">Confer\u00eancia de encerramento<\/span><\/strong><\/a><\/p>\n<p>&nbsp;<\/p>\n<p>&nbsp;<\/p>\n<p><span style=\"font-size: 10pt;\">Marisa Massone (Universidad de Buenos Aires \/ Argentina)<\/span><\/p>\n<p><span style=\"font-size: 10pt;\">Rafael Saddi (UFG)<\/span><br \/>\n<span style=\"font-size: 10pt;\">(Mediador)<\/span><\/td>\n<\/tr>\n<\/tbody>\n<\/table>\n<p>&nbsp;<\/p>\n","protected":false},"excerpt":{"rendered":"<p>Aten\u00e7\u00e3o: Para acessar cada uma das transmiss\u00f5es pelo Youtube, basta clicar no t\u00edtulo de cada mesa Mesas do turno da manh\u00e3 &#8211; das 09 \u00e0s 12 horas SEG (04) TER (05) QUA (06) QUIN (07) SEX (08) Mesa 01 &#8211; Jovens Pesquisadores em Did\u00e1tica da Hist\u00f3ria Jannaiara Cavalcante (UNEAL) Lidiane Friderichs (UEMA) Amanda Nunes (UFPEL) &hellip; <\/p>\n<p><a class=\"more-link btn\" href=\"https:\/\/wp.ufpel.edu.br\/simposiodidaticadahistoria\/programacao\/\">Continue lendo<\/a><\/p>\n","protected":false},"author":1274,"featured_media":0,"parent":0,"menu_order":2,"comment_status":"closed","ping_status":"closed","template":"","meta":{"footnotes":""},"class_list":["post-5","page","type-page","status-publish","hentry","nodate","item-wrap"],"_links":{"self":[{"href":"https:\/\/wp.ufpel.edu.br\/simposiodidaticadahistoria\/wp-json\/wp\/v2\/pages\/5","targetHints":{"allow":["GET"]}}],"collection":[{"href":"https:\/\/wp.ufpel.edu.br\/simposiodidaticadahistoria\/wp-json\/wp\/v2\/pages"}],"about":[{"href":"https:\/\/wp.ufpel.edu.br\/simposiodidaticadahistoria\/wp-json\/wp\/v2\/types\/page"}],"author":[{"embeddable":true,"href":"https:\/\/wp.ufpel.edu.br\/simposiodidaticadahistoria\/wp-json\/wp\/v2\/users\/1274"}],"replies":[{"embeddable":true,"href":"https:\/\/wp.ufpel.edu.br\/simposiodidaticadahistoria\/wp-json\/wp\/v2\/comments?post=5"}],"version-history":[{"count":33,"href":"https:\/\/wp.ufpel.edu.br\/simposiodidaticadahistoria\/wp-json\/wp\/v2\/pages\/5\/revisions"}],"predecessor-version":[{"id":128,"href":"https:\/\/wp.ufpel.edu.br\/simposiodidaticadahistoria\/wp-json\/wp\/v2\/pages\/5\/revisions\/128"}],"wp:attachment":[{"href":"https:\/\/wp.ufpel.edu.br\/simposiodidaticadahistoria\/wp-json\/wp\/v2\/media?parent=5"}],"curies":[{"name":"wp","href":"https:\/\/api.w.org\/{rel}","templated":true}]}}