{"id":24,"date":"2024-08-24T23:02:27","date_gmt":"2024-08-25T02:02:27","guid":{"rendered":"https:\/\/wp.ufpel.edu.br\/simposiodidaticadahistoria\/?page_id=24"},"modified":"2024-08-25T20:35:28","modified_gmt":"2024-08-25T23:35:28","slug":"rede-brasileira-de-didatica-da-historia","status":"publish","type":"page","link":"https:\/\/wp.ufpel.edu.br\/simposiodidaticadahistoria\/rede-brasileira-de-didatica-da-historia\/","title":{"rendered":"Rede Brasileira de Did\u00e1tica da Hist\u00f3ria"},"content":{"rendered":"<p style=\"text-align: justify;\">Na sexta-feira, dia 08 de novembro, ocorrer\u00e1 a Assembleia Geral para a funda\u00e7\u00e3o da Rede Brasileira de Did\u00e1tica da Hist\u00f3ria. Todos\/as est\u00e3o convidados\/as!<\/p>\n<p style=\"text-align: justify;\">Em breve maiores informa\u00e7\u00f5es!<\/p>\n","protected":false},"excerpt":{"rendered":"<p>Na sexta-feira, dia 08 de novembro, ocorrer\u00e1 a Assembleia Geral para a funda\u00e7\u00e3o da Rede Brasileira de Did\u00e1tica da Hist\u00f3ria. Todos\/as est\u00e3o convidados\/as! Em breve maiores informa\u00e7\u00f5es!<\/p>\n","protected":false},"author":1274,"featured_media":0,"parent":0,"menu_order":7,"comment_status":"closed","ping_status":"closed","template":"","meta":{"footnotes":""},"class_list":["post-24","page","type-page","status-publish","hentry","nodate","item-wrap"],"_links":{"self":[{"href":"https:\/\/wp.ufpel.edu.br\/simposiodidaticadahistoria\/wp-json\/wp\/v2\/pages\/24","targetHints":{"allow":["GET"]}}],"collection":[{"href":"https:\/\/wp.ufpel.edu.br\/simposiodidaticadahistoria\/wp-json\/wp\/v2\/pages"}],"about":[{"href":"https:\/\/wp.ufpel.edu.br\/simposiodidaticadahistoria\/wp-json\/wp\/v2\/types\/page"}],"author":[{"embeddable":true,"href":"https:\/\/wp.ufpel.edu.br\/simposiodidaticadahistoria\/wp-json\/wp\/v2\/users\/1274"}],"replies":[{"embeddable":true,"href":"https:\/\/wp.ufpel.edu.br\/simposiodidaticadahistoria\/wp-json\/wp\/v2\/comments?post=24"}],"version-history":[{"count":3,"href":"https:\/\/wp.ufpel.edu.br\/simposiodidaticadahistoria\/wp-json\/wp\/v2\/pages\/24\/revisions"}],"predecessor-version":[{"id":73,"href":"https:\/\/wp.ufpel.edu.br\/simposiodidaticadahistoria\/wp-json\/wp\/v2\/pages\/24\/revisions\/73"}],"wp:attachment":[{"href":"https:\/\/wp.ufpel.edu.br\/simposiodidaticadahistoria\/wp-json\/wp\/v2\/media?parent=24"}],"curies":[{"name":"wp","href":"https:\/\/api.w.org\/{rel}","templated":true}]}}