{"id":17,"date":"2024-08-24T23:01:18","date_gmt":"2024-08-25T02:01:18","guid":{"rendered":"https:\/\/wp.ufpel.edu.br\/simposiodidaticadahistoria\/?page_id=17"},"modified":"2024-08-24T23:20:31","modified_gmt":"2024-08-25T02:20:31","slug":"1o-simposio-internacional","status":"publish","type":"page","link":"https:\/\/wp.ufpel.edu.br\/simposiodidaticadahistoria\/1o-simposio-internacional\/","title":{"rendered":"Eventos anteriores"},"content":{"rendered":"<p style=\"text-align: justify;\">O 1<strong>\u00ba Simp\u00f3sio Internacional de Did\u00e1tica da Hist\u00f3ria\u00a0 &#8211; &#8220;O Futuro da Did\u00e1tica da Hist\u00f3ria&#8221;<\/strong>\u00a0 &#8211; ocorreu entre os dias 19 e 23 de\u00a0<img loading=\"lazy\" decoding=\"async\" class=\"wp-image-29 alignleft\" src=\"https:\/\/wp.ufpel.edu.br\/simposiodidaticadahistoria\/files\/2024\/08\/a-768x768-1-400x400.jpg\" alt=\"\" width=\"288\" height=\"288\" srcset=\"https:\/\/wp.ufpel.edu.br\/simposiodidaticadahistoria\/files\/2024\/08\/a-768x768-1-400x400.jpg 400w, https:\/\/wp.ufpel.edu.br\/simposiodidaticadahistoria\/files\/2024\/08\/a-768x768-1-200x200.jpg 200w, https:\/\/wp.ufpel.edu.br\/simposiodidaticadahistoria\/files\/2024\/08\/a-768x768-1-750x750.jpg 750w, https:\/\/wp.ufpel.edu.br\/simposiodidaticadahistoria\/files\/2024\/08\/a-768x768-1.jpg 768w\" sizes=\"auto, (max-width: 288px) 100vw, 288px\" \/>setembro de 2022,\u00a0 e foi uma organiza\u00e7\u00e3o entre tr\u00eas institui\u00e7\u00f5es: Universidade Federal de Goi\u00e1s (UFG), Universidade Federal de Pernambuco (UFPE) e Instituto Federal do Paran\u00e1 (IFPR &#8211; campus Curitiba).<\/p>\n<p style=\"text-align: justify;\">A programa\u00e7\u00e3o completa com\u00a0todas as mesas e links, est\u00e1 dispon\u00edvel no seguinte endere\u00e7o:<\/p>\n<p style=\"text-align: justify;\"><a href=\"https:\/\/ifpr.edu.br\/curitiba\/i-simposio-internacional-de-didatica-da-historia-o-futuro-da-didatica-da-historia\/\">https:\/\/ifpr.edu.br\/curitiba\/i-simposio-internacional-de-didatica-da-historia-o-futuro-da-didatica-da-historia\/<\/a><\/p>\n<p style=\"text-align: justify;\">O evento contou com a participa\u00e7\u00e3o de pesquisadores e pesquisadoras de v\u00e1rias institui\u00e7\u00f5es do Brasil, da Alemanha e da Col\u00f4mbia.<\/p>\n<p style=\"text-align: justify;\">A confer\u00eancia de abertura foi realizada pelo professor <strong>J\u00f6rn R\u00fcsen<\/strong> (Universidade de Witten Herdecke \u2013 Alemanha), importante refer\u00eancia das discuss\u00f5es do campo da Teoria da Hist\u00f3ria e de suas preocupa\u00e7\u00f5es did\u00e1ticas, e contou com a tradu\u00e7\u00e3o e media\u00e7\u00e3o do professor Estev\u00e3o de Rezende Martins (UNB), outra importante refer\u00eancia da \u00e1rea de teoria da hist\u00f3ria.<\/p>\n<p style=\"text-align: justify;\">A confer\u00eancia de encerramento foi realizada pela professora <strong>Tatjana Johanna Louis<\/strong>, da Universidad de los Andes, que apresentou\u00a0importantes resultados de investiga\u00e7\u00f5es sobre a consci\u00eancia hist\u00f3rica de sujeitos das comunidades educacionais colombianas, possibilitando, assim, a compara\u00e7\u00e3o dos modos de orienta\u00e7\u00e3o temporal e de usos do conceito de consci\u00eancia hist\u00f3rica no contexto latino-americano.<\/p>\n<p>&nbsp;<\/p>\n","protected":false},"excerpt":{"rendered":"<p>O 1\u00ba Simp\u00f3sio Internacional de Did\u00e1tica da Hist\u00f3ria\u00a0 &#8211; &#8220;O Futuro da Did\u00e1tica da Hist\u00f3ria&#8221;\u00a0 &#8211; ocorreu entre os dias 19 e 23 de\u00a0setembro de 2022,\u00a0 e foi uma organiza\u00e7\u00e3o entre tr\u00eas institui\u00e7\u00f5es: Universidade Federal de Goi\u00e1s (UFG), Universidade Federal de Pernambuco (UFPE) e Instituto Federal do Paran\u00e1 (IFPR &#8211; campus Curitiba). A programa\u00e7\u00e3o completa &hellip; <\/p>\n<p><a class=\"more-link btn\" href=\"https:\/\/wp.ufpel.edu.br\/simposiodidaticadahistoria\/1o-simposio-internacional\/\">Continue lendo<\/a><\/p>\n","protected":false},"author":1274,"featured_media":0,"parent":0,"menu_order":8,"comment_status":"closed","ping_status":"closed","template":"","meta":{"footnotes":""},"class_list":["post-17","page","type-page","status-publish","hentry","nodate","item-wrap"],"_links":{"self":[{"href":"https:\/\/wp.ufpel.edu.br\/simposiodidaticadahistoria\/wp-json\/wp\/v2\/pages\/17","targetHints":{"allow":["GET"]}}],"collection":[{"href":"https:\/\/wp.ufpel.edu.br\/simposiodidaticadahistoria\/wp-json\/wp\/v2\/pages"}],"about":[{"href":"https:\/\/wp.ufpel.edu.br\/simposiodidaticadahistoria\/wp-json\/wp\/v2\/types\/page"}],"author":[{"embeddable":true,"href":"https:\/\/wp.ufpel.edu.br\/simposiodidaticadahistoria\/wp-json\/wp\/v2\/users\/1274"}],"replies":[{"embeddable":true,"href":"https:\/\/wp.ufpel.edu.br\/simposiodidaticadahistoria\/wp-json\/wp\/v2\/comments?post=17"}],"version-history":[{"count":4,"href":"https:\/\/wp.ufpel.edu.br\/simposiodidaticadahistoria\/wp-json\/wp\/v2\/pages\/17\/revisions"}],"predecessor-version":[{"id":30,"href":"https:\/\/wp.ufpel.edu.br\/simposiodidaticadahistoria\/wp-json\/wp\/v2\/pages\/17\/revisions\/30"}],"wp:attachment":[{"href":"https:\/\/wp.ufpel.edu.br\/simposiodidaticadahistoria\/wp-json\/wp\/v2\/media?parent=17"}],"curies":[{"name":"wp","href":"https:\/\/api.w.org\/{rel}","templated":true}]}}