{"id":85,"date":"2011-12-12T08:09:37","date_gmt":"2011-12-12T11:09:37","guid":{"rendered":"https:\/\/wp.ufpel.edu.br\/simposecagem\/"},"modified":"2012-04-10T19:30:49","modified_gmt":"2012-04-10T22:30:49","slug":"localizacao","status":"publish","type":"page","link":"https:\/\/wp.ufpel.edu.br\/simposecagem\/localizacao\/","title":{"rendered":"LOCALIZA\u00c7\u00c3O"},"content":{"rendered":"<p>Audit\u00f3rio da Ag\u00eancia da Lagoa Mirim<\/p>\n<p>Rua Lobo da Costa, 447 (esquina rua \u00c1lvaro Chaves)<br \/>\n[A entrada ser\u00e1 pela rua \u00c1lvaro Chaves]<br \/>\nCentro &#8211; Pelotas &#8211; RS<\/p>\n<p>CEP 96010-150<\/p>\n<p>Fone: (53) 3227 2268<\/p>\n<p><a href=\"http:\/\/maps.google.com\/maps?q=UFPEL-Universidade+Federal+de+Pelotas-Ag%C3%AAncia+Lagoa+Mirim+Rua+Lobo+da+Costa,+447+-+Pelotas+-+RS,+96010-150,+Brasil+%2B55+53+3227-3677+%E2%80%8E&amp;hl=pt-BR&amp;ie=UTF8&amp;hq=UFPEL-Universidade+Federal+de+Pelotas-Ag%C3%AAncia+Lagoa+Mirim+Rua+Lobo+da+Costa,+447+-+Pelotas+-+RS,+96010-150,+Brasil+%2B55+53+3227-3677+%E2%80%8E&amp;t=m&amp;z=15&amp;vpsrc=0\" target=\"_blank\">Click aqui para ver no mapa<\/a><\/p>\n","protected":false},"excerpt":{"rendered":"<p>Audit\u00f3rio da Ag\u00eancia da Lagoa Mirim Rua Lobo da Costa, 447 (esquina rua \u00c1lvaro Chaves) [A entrada ser\u00e1 pela rua \u00c1lvaro Chaves] Centro &#8211; Pelotas &#8211; RS CEP 96010-150 Fone: (53) 3227 2268 Click aqui para ver no mapa<\/p>\n","protected":false},"author":153,"featured_media":0,"parent":0,"menu_order":4,"comment_status":"closed","ping_status":"open","template":"","meta":{"footnotes":""},"class_list":["post-85","page","type-page","status-publish","hentry"],"_links":{"self":[{"href":"https:\/\/wp.ufpel.edu.br\/simposecagem\/wp-json\/wp\/v2\/pages\/85","targetHints":{"allow":["GET"]}}],"collection":[{"href":"https:\/\/wp.ufpel.edu.br\/simposecagem\/wp-json\/wp\/v2\/pages"}],"about":[{"href":"https:\/\/wp.ufpel.edu.br\/simposecagem\/wp-json\/wp\/v2\/types\/page"}],"author":[{"embeddable":true,"href":"https:\/\/wp.ufpel.edu.br\/simposecagem\/wp-json\/wp\/v2\/users\/153"}],"replies":[{"embeddable":true,"href":"https:\/\/wp.ufpel.edu.br\/simposecagem\/wp-json\/wp\/v2\/comments?post=85"}],"version-history":[{"count":13,"href":"https:\/\/wp.ufpel.edu.br\/simposecagem\/wp-json\/wp\/v2\/pages\/85\/revisions"}],"predecessor-version":[{"id":88,"href":"https:\/\/wp.ufpel.edu.br\/simposecagem\/wp-json\/wp\/v2\/pages\/85\/revisions\/88"}],"wp:attachment":[{"href":"https:\/\/wp.ufpel.edu.br\/simposecagem\/wp-json\/wp\/v2\/media?parent=85"}],"curies":[{"name":"wp","href":"https:\/\/api.w.org\/{rel}","templated":true}]}}