{"id":22,"date":"2011-12-05T14:55:36","date_gmt":"2011-12-05T17:55:36","guid":{"rendered":"https:\/\/wp.ufpel.edu.br\/simposecagem\/"},"modified":"2012-04-10T19:32:53","modified_gmt":"2012-04-10T22:32:53","slug":"programacao","status":"publish","type":"page","link":"https:\/\/wp.ufpel.edu.br\/simposecagem\/programacao\/","title":{"rendered":"PROGRAMA\u00c7\u00c3O"},"content":{"rendered":"<p style=\"text-align: left\"><strong><span style=\"text-decoration: underline\">Dia 12 de abril de 2012 (quinta-feira)<\/span><\/strong><\/p>\n<p>\u00a013:30 horas \u2013 Inscri\u00e7\u00f5es e Entrega de Material<\/p>\n<p>14:00 horas \u2013 Abertura Oficial<\/p>\n<p>14:30 horas \u2013 Palestra: Secagem Acelerada da Madeira Baseada em suas Propriedades Reol\u00f3gicas \u2013 Ministrante:\u00a0Dr. Osmar Jos\u00e9 Romeiro de Aguiar (EMBRAPA\/CPATU)<\/p>\n<p>15:45\u00a0horas &#8211; Coffee Break<\/p>\n<p>16:00 horas \u2013 Palestra:\u00a0 Elabora\u00e7\u00e3o de Programas de Secagem para Madeiras Tropicais \u2013 Ministrante:\u00a0Prof. Dr. Ivaldo Pontes Jankowsky (ESALQ\/USP)<\/p>\n<p>20:30 horas &#8211; Jantar de Confraterniza\u00e7\u00e3o (Churrascaria Lob\u00e3o, Av. Bento Gon\u00e7alves, 3460. Por ades\u00e3o: R$20,00)\u00a0<\/p>\n<p><strong><span style=\"text-decoration: underline\">Dia 13 de abril de 2012 (sexta-feira)<\/span><\/strong><\/p>\n<p>9:00 horas &#8211;\u00a0 Palestra: Tecnologias de Controle do Processo de Secagem da Madeira \u2013 Ministrante: Prof. Dr. \u00c9lio Jos\u00e9 Santini (UFSM)\u00a0\u00a0\u00a0\u00a0\u00a0\u00a0\u00a0\u00a0\u00a0<\/p>\n<p>10:15 horas &#8211; Coffee Break<\/p>\n<p>10:30 horas \u2013 Palestra:\u00a0Influ\u00eancia da Vaporiza\u00e7\u00e3o na Qualidade da Secagem da\u00a0Madeira de <em>Eucalyptus &#8211; <\/em>Ministrante: Dr. Fred Willians Calonego (Pesquisador PNPD\/CAPES) (UNESP)<\/p>\n<p>12:00 horas &#8211; Intervalo para Almo\u00e7o<\/p>\n<p>14:00 horas \u2013 Palestra: Aspectos da Secagem da Madeira no Uruguai \u2013 Ministrante: Prof. Dr. Carlos Mantero (UDELAR)<\/p>\n<p>15:15 horas &#8211; Painel 1 &#8211; Estufas de Secagem de Madeira com Sistema Inovador de Ar Quente &#8211; Ministrante: Sr.\u00a0Natalino Bonin\u00a0(S\u00f3cio Diretor da Contraco)<\/p>\n<p>15:45 horas &#8211; Coffee Break<\/p>\n<p>\u00a016:00 horas \u2013 Painel 2 &#8211; Sistema Inovador de Pr\u00e9 Secagem For\u00e7ada de Madeira de <em>Eucalyptus<\/em> &#8211; \u00a0Ministrante: Sr. Gabriel Marques (Consultor de Projetos)<\/p>\n<p>16:30 Mesa Redonda \u2013 Tend\u00eancias e Perspectivas da Secagem da Madeira no Brasil e Uruguai<\/p>\n<p>17:30 horas &#8211; Encerramento<\/p>\n","protected":false},"excerpt":{"rendered":"<p>Dia 12 de abril de 2012 (quinta-feira) \u00a013:30 horas \u2013 Inscri\u00e7\u00f5es e Entrega de Material 14:00 horas \u2013 Abertura Oficial 14:30 horas \u2013 Palestra: Secagem Acelerada da Madeira Baseada em suas Propriedades Reol\u00f3gicas \u2013 Ministrante:\u00a0Dr. Osmar Jos\u00e9 Romeiro de Aguiar &hellip; <a href=\"https:\/\/wp.ufpel.edu.br\/simposecagem\/programacao\/\">Continue lendo <span class=\"meta-nav\">&rarr;<\/span><\/a><\/p>\n","protected":false},"author":153,"featured_media":0,"parent":0,"menu_order":1,"comment_status":"closed","ping_status":"closed","template":"","meta":{"footnotes":""},"class_list":["post-22","page","type-page","status-publish","hentry"],"_links":{"self":[{"href":"https:\/\/wp.ufpel.edu.br\/simposecagem\/wp-json\/wp\/v2\/pages\/22","targetHints":{"allow":["GET"]}}],"collection":[{"href":"https:\/\/wp.ufpel.edu.br\/simposecagem\/wp-json\/wp\/v2\/pages"}],"about":[{"href":"https:\/\/wp.ufpel.edu.br\/simposecagem\/wp-json\/wp\/v2\/types\/page"}],"author":[{"embeddable":true,"href":"https:\/\/wp.ufpel.edu.br\/simposecagem\/wp-json\/wp\/v2\/users\/153"}],"replies":[{"embeddable":true,"href":"https:\/\/wp.ufpel.edu.br\/simposecagem\/wp-json\/wp\/v2\/comments?post=22"}],"version-history":[{"count":22,"href":"https:\/\/wp.ufpel.edu.br\/simposecagem\/wp-json\/wp\/v2\/pages\/22\/revisions"}],"predecessor-version":[{"id":271,"href":"https:\/\/wp.ufpel.edu.br\/simposecagem\/wp-json\/wp\/v2\/pages\/22\/revisions\/271"}],"wp:attachment":[{"href":"https:\/\/wp.ufpel.edu.br\/simposecagem\/wp-json\/wp\/v2\/media?parent=22"}],"curies":[{"name":"wp","href":"https:\/\/api.w.org\/{rel}","templated":true}]}}