{"id":137,"date":"2011-12-15T19:33:10","date_gmt":"2011-12-15T22:33:10","guid":{"rendered":"https:\/\/wp.ufpel.edu.br\/simposecagem\/"},"modified":"2012-02-29T20:00:11","modified_gmt":"2012-02-29T20:00:11","slug":"hospedagem","status":"publish","type":"page","link":"https:\/\/wp.ufpel.edu.br\/simposecagem\/hospedagem\/","title":{"rendered":"HOSPEDAGEM"},"content":{"rendered":"<p style=\"text-align: center\"><span style=\"text-decoration: underline\"><strong>HOT\u00c9IS COM TARIFA DIFERENCIADA PARA O SIMP\u00d3SIO<\/strong><\/span><\/p>\n<p>(Ao entrar em contato com o hotel mencione que voc\u00ea \u00e9 participante do SIMP\u00d3SIO SOBRE SECAGEM DA MADEIRA).<\/p>\n<p><span style=\"text-decoration: underline\"><strong><em>Hotel Curi<\/em><\/strong><\/span><\/p>\n<address>\n<address>(Reservas com Larissa &#8211; reservas@hotelcuri.com.br)<\/address>\n<p>Fone: (53) 32279955<\/p>\n<p>Site:\u00a0<a href=\"http:\/\/www.hotelcuri.com.br\/content\/home\/\">http:\/\/www.hotelcuri.com.br\/<\/a><\/p>\n<\/address>\n<p><strong><span style=\"text-decoration: underline\"><em>Curi Palace Hotel<\/em><\/span><\/strong><\/p>\n<address>\n<address><span style=\"color: #000000\"><span style=\"font-style: normal\">(Falar com Rita &#8211; Reservas)<\/span><\/span><\/address>\n<p>Fone: (53) 32277377<\/p>\n<p>Site:\u00a0<a href=\"http:\/\/www.curipalacehotel.com.br\/site\/content\/home\/\">http:\/\/www.curipalacehotel.com.br\/site\/content\/home\/<\/a><\/p>\n<p><strong><span style=\"text-decoration: underline\">Hotel Manta<\/span><\/strong><\/p>\n<p>Fone: (53) 3225 2411<\/p>\n<p>Site: \u00a0<a href=\"http:\/\/www.hoteismanta.com.br\/manta\/index.php\">http:\/\/www.hoteismanta.com.br\/manta\/index.php<\/a><\/p>\n<p><strong><span style=\"text-decoration: underline\">Jacques Georges Hotel<\/span><\/strong><\/p>\n<p>Fone: (53)3284 9000<\/p>\n<p>Site:\u00a0<a href=\"http:\/\/www.jghotel.com.br\/webroot\/site\/content\/home\/\">http:\/\/www.jghotel.com.br\/webroot\/site\/content\/home\/<\/a><\/p>\n<p><strong><span style=\"text-decoration: underline\">Jacques Georges Tower<\/span><\/strong><\/p>\n<p>Fone: (53)3027 9100<\/p>\n<p>Site: \u00a0<a href=\"http:\/\/www.jghotel.com.br\/webroot\/site\/content\/home\/\">http:\/\/www.jghotel.com.br\/webroot\/site\/content\/home\/<\/a><\/p>\n<\/address>\n<p style=\"text-align: center\"><strong><span style=\"text-decoration: underline\">HOT\u00c9IS EM PELOTAS<\/span><\/strong><\/p>\n<p><strong><span style=\"text-decoration: underline\">Aleppo Hotel<\/span><\/strong><\/p>\n<p>Fone: (53) 3225 3950<\/p>\n<p>Site: <a href=\"http:\/\/aleppohotel.com.br\/index.html\">http:\/\/aleppohotel.com.br\/index.html<\/a><\/p>\n<p><span style=\"text-decoration: underline\"><strong>Hotel Alles Blau<\/strong><\/span><\/p>\n<p>Fone: (53) 3222 2223<\/p>\n<p>Site: \u00a0<a href=\"http:\/\/www.hotelallesblau.com.br\/index.html\">http:\/\/www.hotelallesblau.com.br\/index.html<\/a><\/p>\n<p><strong><span style=\"text-decoration: underline\">Hotel Leo<\/span><\/strong><strong> <\/strong><\/p>\n<p>Fones: (53) 3227 8977 &#8211; (53) 3227 7478<\/p>\n<p><span style=\"text-decoration: underline\"><strong>Hotel Plaza Ipiranga<\/strong><\/span><\/p>\n<p>Fone: (53) 3273 6677<\/p>\n<p>Site: \u00a0<a href=\"http:\/\/www.hotelplazaipiranga.com.br\/inicio.php\">http:\/\/www.hotelplazaipiranga.com.br\/inicio.php#<\/a><\/p>\n<p><strong><span style=\"text-decoration: underline\">Hotel Tourist<\/span><\/strong><\/p>\n<p>Fone:- (53) 3271 9144<\/p>\n<p>Site: <a href=\"http:\/\/www.hoteismanta.com.br\/tourist\/index.php\">http:\/\/www.hoteismanta.com.br\/tourist\/index.php<\/a><\/p>\n<p><span style=\"text-decoration: underline\"><strong>Rex Hotel<\/strong><\/span><\/p>\n<p>Fone: (53) 3222 1163<\/p>\n<p style=\"text-align: center\"><strong><span style=\"text-decoration: underline\">PENSIONATOS E POUSADAS EM PELOTAS<\/span><\/strong><\/p>\n<p><strong><span style=\"text-decoration: underline\">Girassol Pensionato <\/span><\/strong><\/p>\n<p>Fones: (53) 3025 2250 &#8211;\u00a0(53) 9159 4604<\/p>\n<p><strong><span style=\"text-decoration: underline\">Pensionato Esperan\u00e7a<\/span><\/strong><\/p>\n<p>Fones: (53)3228 9200 &#8211; (53)8122 1348<\/p>\n<p>Site: \u00a0<a href=\"http:\/\/pensionatoesperancapelotas.com.br\/\">http:\/\/pensionatoesperancapelotas.com.br\/<\/a><\/p>\n<p><strong><span style=\"text-decoration: underline\">Pensionato Kb Maizum<\/span><\/strong><\/p>\n<p>Fones: (53) 8124 0314 &#8211; (53) 3028 0168<\/p>\n<p>Site: <a href=\"http:\/\/www.pensionatokbmaizumpelotas.com.br\/site\/\">http:\/\/www.pensionatokbmaizumpelotas.com.br\/site\/<\/a><\/p>\n<p><strong><span style=\"text-decoration: underline\">Pensionato Longedicasa<\/span><\/strong><\/p>\n<p>Fone: (53) 9157 6284<\/p>\n<p>Site: \u00a0<a href=\"http:\/\/pensionatolongedicasa.com.br\/\">http:\/\/pensionatolongedicasa.com.br\/<\/a><\/p>\n<p><strong><span style=\"text-decoration: underline\">Pensionato Pelotas<\/span><\/strong><\/p>\n<p>Fone: (53) 3305 2071 &#8211; (53) 8422 6848<\/p>\n<p>Site: <a href=\"http:\/\/www.pensionatopelotas.com\/\">http:\/\/www.pensionatopelotas.com\/<\/a><\/p>\n<p><strong><span style=\"text-decoration: underline\">Pousada do Estudante<\/span><\/strong><\/p>\n<p>Fone: (53) 3278 2875<\/p>\n<p>Site: \u00a0<a href=\"http:\/\/www.pousadadoestudante.xpg.com.br\/cont.htm\">http:\/\/www.pousadadoestudante.xpg.com.br\/cont.htm<\/a><\/p>\n","protected":false},"excerpt":{"rendered":"<p>HOT\u00c9IS COM TARIFA DIFERENCIADA PARA O SIMP\u00d3SIO (Ao entrar em contato com o hotel mencione que voc\u00ea \u00e9 participante do SIMP\u00d3SIO SOBRE SECAGEM DA MADEIRA). Hotel Curi (Reservas com Larissa &#8211; reservas@hotelcuri.com.br) Fone: (53) 32279955 Site:\u00a0http:\/\/www.hotelcuri.com.br\/ Curi Palace Hotel (Falar &hellip; <a href=\"https:\/\/wp.ufpel.edu.br\/simposecagem\/hospedagem\/\">Continue lendo <span class=\"meta-nav\">&rarr;<\/span><\/a><\/p>\n","protected":false},"author":153,"featured_media":0,"parent":0,"menu_order":5,"comment_status":"closed","ping_status":"open","template":"","meta":{"footnotes":""},"class_list":["post-137","page","type-page","status-publish","hentry"],"_links":{"self":[{"href":"https:\/\/wp.ufpel.edu.br\/simposecagem\/wp-json\/wp\/v2\/pages\/137","targetHints":{"allow":["GET"]}}],"collection":[{"href":"https:\/\/wp.ufpel.edu.br\/simposecagem\/wp-json\/wp\/v2\/pages"}],"about":[{"href":"https:\/\/wp.ufpel.edu.br\/simposecagem\/wp-json\/wp\/v2\/types\/page"}],"author":[{"embeddable":true,"href":"https:\/\/wp.ufpel.edu.br\/simposecagem\/wp-json\/wp\/v2\/users\/153"}],"replies":[{"embeddable":true,"href":"https:\/\/wp.ufpel.edu.br\/simposecagem\/wp-json\/wp\/v2\/comments?post=137"}],"version-history":[{"count":27,"href":"https:\/\/wp.ufpel.edu.br\/simposecagem\/wp-json\/wp\/v2\/pages\/137\/revisions"}],"predecessor-version":[{"id":160,"href":"https:\/\/wp.ufpel.edu.br\/simposecagem\/wp-json\/wp\/v2\/pages\/137\/revisions\/160"}],"wp:attachment":[{"href":"https:\/\/wp.ufpel.edu.br\/simposecagem\/wp-json\/wp\/v2\/media?parent=137"}],"curies":[{"name":"wp","href":"https:\/\/api.w.org\/{rel}","templated":true}]}}