{"id":771,"date":"2021-06-14T10:45:38","date_gmt":"2021-06-14T13:45:38","guid":{"rendered":"https:\/\/wp.ufpel.edu.br\/siiepe\/?page_id=771"},"modified":"2022-05-13T15:24:02","modified_gmt":"2022-05-13T18:24:02","slug":"siiepe-2021","status":"publish","type":"page","link":"https:\/\/wp.ufpel.edu.br\/siiepe\/siiepe-2021\/","title":{"rendered":"7\u00aa SIIEPE"},"content":{"rendered":"<h2>\u201cO papel pol\u00edtico, social e cient\u00edfico da Universidade na sociedade atual\u201d<\/h2>\n<p><strong>DE 18 A 22 DE OUTUBRO DE 2021, EM FORMATO REMOTO.<\/strong><\/p>\n<p><a href=\"https:\/\/wp.ufpel.edu.br\/siiepe\/files\/2021\/06\/REGULAMENTO-GERAL-SIIEPE-2021.pdf\">Regulamento 7\u00aa SIIEPE &#8211; 2021<\/a><\/p>\n<ul>\n<li><a href=\"https:\/\/wp.ufpel.edu.br\/siiepe\/siiepe-2021\/apresentacao\/\">Apresenta\u00e7\u00e3o do tema da 7\u00aa SIIEPE<\/a><\/li>\n<li><a href=\"https:\/\/wp.ufpel.edu.br\/siiepe\/siiepe-2021\/programacao\/\">Programa\u00e7\u00e3o<\/a><\/li>\n<li><a href=\"https:\/\/wp.ufpel.edu.br\/siiepe\/category\/noticias\/2021\/\">Not\u00edcias<\/a><\/li>\n<\/ul>\n<p><strong>EVENTOS:<\/strong><\/p>\n<ul>\n<li><a href=\"https:\/\/wp.ufpel.edu.br\/congressoinovacao\">V CIT<\/a><\/li>\n<li><a href=\"https:\/\/wp.ufpel.edu.br\/ceg\">VII CEG<\/a><\/li>\n<li><a href=\"https:\/\/wp.ufpel.edu.br\/congressoextensao\">VIII CEC<\/a><\/li>\n<li><a href=\"https:\/\/wp.ufpel.edu.br\/enpos\">XXIII ENPOS<\/a><\/li>\n<li><a href=\"https:\/\/wp.ufpel.edu.br\/cic\">XXX CIC<\/a><\/li>\n<\/ul>\n<p>&nbsp;<\/p>\n<p><a href=\"https:\/\/wp.ufpel.edu.br\/linhaufpel\/7a-siiepe\/\"><img loading=\"lazy\" decoding=\"async\" data-attachment-id=\"850\" data-permalink=\"https:\/\/wp.ufpel.edu.br\/siiepe\/home\/banner_linha_ufpel_2021\/\" data-orig-file=\"https:\/\/wp.ufpel.edu.br\/siiepe\/files\/2021\/07\/banner_linha_ufpel_2021.png\" data-orig-size=\"800,200\" data-comments-opened=\"0\" data-image-meta=\"{&quot;aperture&quot;:&quot;0&quot;,&quot;credit&quot;:&quot;&quot;,&quot;camera&quot;:&quot;&quot;,&quot;caption&quot;:&quot;&quot;,&quot;created_timestamp&quot;:&quot;0&quot;,&quot;copyright&quot;:&quot;&quot;,&quot;focal_length&quot;:&quot;0&quot;,&quot;iso&quot;:&quot;0&quot;,&quot;shutter_speed&quot;:&quot;0&quot;,&quot;title&quot;:&quot;&quot;,&quot;orientation&quot;:&quot;0&quot;}\" data-image-title=\"banner_linha_ufpel_2021\" data-image-description=\"\" data-image-caption=\"\" data-medium-file=\"https:\/\/wp.ufpel.edu.br\/siiepe\/files\/2021\/07\/banner_linha_ufpel_2021-400x100.png\" data-large-file=\"https:\/\/wp.ufpel.edu.br\/siiepe\/files\/2021\/07\/banner_linha_ufpel_2021.png\" class=\"size-full wp-image-850 aligncenter\" src=\"https:\/\/wp.ufpel.edu.br\/siiepe\/files\/2021\/07\/banner_linha_ufpel_2021.png\" alt=\"\" width=\"800\" height=\"200\" srcset=\"https:\/\/wp.ufpel.edu.br\/siiepe\/files\/2021\/07\/banner_linha_ufpel_2021.png 800w, https:\/\/wp.ufpel.edu.br\/siiepe\/files\/2021\/07\/banner_linha_ufpel_2021-400x100.png 400w, https:\/\/wp.ufpel.edu.br\/siiepe\/files\/2021\/07\/banner_linha_ufpel_2021-768x192.png 768w\" sizes=\"auto, (max-width: 800px) 100vw, 800px\" \/><\/a><\/p>\n<table style=\"border-collapse: collapse; width: 100%;\" border=\"1\">\n<tbody>\n<tr>\n<td style=\"width: 50%;\"><p class=\"jetpack-slideshow-noscript robots-nocontent\">Este slideshow necessita de JavaScript.<\/p><div id=\"gallery-771-1-slideshow\" class=\"jetpack-slideshow-window jetpack-slideshow jetpack-slideshow-black\" data-trans=\"fade\" data-autostart=\"1\" data-gallery=\"[{&quot;src&quot;:&quot;https:\\\/\\\/wp.ufpel.edu.br\\\/siiepe\\\/files\\\/2021\\\/10\\\/ecc43109-1930-4089-8a16-7f9c347a6823.jpg&quot;,&quot;id&quot;:&quot;954&quot;,&quot;title&quot;:&quot;ecc43109-1930-4089-8a16-7f9c347a6823&quot;,&quot;alt&quot;:&quot;&quot;,&quot;caption&quot;:&quot;&quot;,&quot;itemprop&quot;:&quot;image&quot;},{&quot;src&quot;:&quot;https:\\\/\\\/wp.ufpel.edu.br\\\/siiepe\\\/files\\\/2021\\\/10\\\/94be7da1-796d-4d46-a742-f6593851245f.jpg&quot;,&quot;id&quot;:&quot;956&quot;,&quot;title&quot;:&quot;94be7da1-796d-4d46-a742-f6593851245f&quot;,&quot;alt&quot;:&quot;&quot;,&quot;caption&quot;:&quot;&quot;,&quot;itemprop&quot;:&quot;image&quot;},{&quot;src&quot;:&quot;https:\\\/\\\/wp.ufpel.edu.br\\\/siiepe\\\/files\\\/2021\\\/10\\\/palestra-de-abertura_site.png&quot;,&quot;id&quot;:&quot;965&quot;,&quot;title&quot;:&quot;palestra-de-abertura_site&quot;,&quot;alt&quot;:&quot;&quot;,&quot;caption&quot;:&quot;&quot;,&quot;itemprop&quot;:&quot;image&quot;},{&quot;src&quot;:&quot;https:\\\/\\\/wp.ufpel.edu.br\\\/siiepe\\\/files\\\/2021\\\/10\\\/card_novo-06.png&quot;,&quot;id&quot;:&quot;994&quot;,&quot;title&quot;:&quot;card_novo-06&quot;,&quot;alt&quot;:&quot;&quot;,&quot;caption&quot;:&quot;&quot;,&quot;itemprop&quot;:&quot;image&quot;},{&quot;src&quot;:&quot;https:\\\/\\\/wp.ufpel.edu.br\\\/siiepe\\\/files\\\/2021\\\/10\\\/card_novo-07_2.png&quot;,&quot;id&quot;:&quot;998&quot;,&quot;title&quot;:&quot;card_novo-07_2&quot;,&quot;alt&quot;:&quot;&quot;,&quot;caption&quot;:&quot;&quot;,&quot;itemprop&quot;:&quot;image&quot;},{&quot;src&quot;:&quot;https:\\\/\\\/wp.ufpel.edu.br\\\/siiepe\\\/files\\\/2021\\\/10\\\/ee8249c8-31fd-4b1e-b842-20c04e243df6.jpg&quot;,&quot;id&quot;:&quot;959&quot;,&quot;title&quot;:&quot;ee8249c8-31fd-4b1e-b842-20c04e243df6&quot;,&quot;alt&quot;:&quot;&quot;,&quot;caption&quot;:&quot;&quot;,&quot;itemprop&quot;:&quot;image&quot;},{&quot;src&quot;:&quot;https:\\\/\\\/wp.ufpel.edu.br\\\/siiepe\\\/files\\\/2021\\\/10\\\/bc396316-6c6d-40df-b98e-0797825637ef.jpg&quot;,&quot;id&quot;:&quot;961&quot;,&quot;title&quot;:&quot;bc396316-6c6d-40df-b98e-0797825637ef&quot;,&quot;alt&quot;:&quot;&quot;,&quot;caption&quot;:&quot;&quot;,&quot;itemprop&quot;:&quot;image&quot;},{&quot;src&quot;:&quot;https:\\\/\\\/wp.ufpel.edu.br\\\/siiepe\\\/files\\\/2021\\\/10\\\/card_novo-08.png&quot;,&quot;id&quot;:&quot;992&quot;,&quot;title&quot;:&quot;card_novo-08&quot;,&quot;alt&quot;:&quot;&quot;,&quot;caption&quot;:&quot;&quot;,&quot;itemprop&quot;:&quot;image&quot;}]\" itemscope itemtype=\"https:\/\/schema.org\/ImageGallery\"><\/div><\/td>\n<td style=\"width: 50%;\"><p class=\"jetpack-slideshow-noscript robots-nocontent\">Este slideshow necessita de JavaScript.<\/p><div id=\"gallery-771-2-slideshow\" class=\"jetpack-slideshow-window jetpack-slideshow jetpack-slideshow-black\" data-trans=\"fade\" data-autostart=\"1\" data-gallery=\"[{&quot;src&quot;:&quot;https:\\\/\\\/wp.ufpel.edu.br\\\/siiepe\\\/files\\\/2021\\\/10\\\/card-09_Revista-Cultural-1024x1024.png&quot;,&quot;id&quot;:&quot;982&quot;,&quot;title&quot;:&quot;card-09_Revista Cultural&quot;,&quot;alt&quot;:&quot;&quot;,&quot;caption&quot;:&quot;&quot;,&quot;itemprop&quot;:&quot;image&quot;},{&quot;src&quot;:&quot;https:\\\/\\\/wp.ufpel.edu.br\\\/siiepe\\\/files\\\/2021\\\/10\\\/card-10_Revista-Cultural-1024x1024.png&quot;,&quot;id&quot;:&quot;984&quot;,&quot;title&quot;:&quot;card-10_Revista Cultural&quot;,&quot;alt&quot;:&quot;&quot;,&quot;caption&quot;:&quot;&quot;,&quot;itemprop&quot;:&quot;image&quot;},{&quot;src&quot;:&quot;https:\\\/\\\/wp.ufpel.edu.br\\\/siiepe\\\/files\\\/2021\\\/10\\\/card-11_Revista-Cultural-1024x1024.png&quot;,&quot;id&quot;:&quot;983&quot;,&quot;title&quot;:&quot;card-11_Revista Cultural&quot;,&quot;alt&quot;:&quot;&quot;,&quot;caption&quot;:&quot;&quot;,&quot;itemprop&quot;:&quot;image&quot;},{&quot;src&quot;:&quot;https:\\\/\\\/wp.ufpel.edu.br\\\/siiepe\\\/files\\\/2021\\\/10\\\/revista-cultural-19-10-1024x1024.jpeg&quot;,&quot;id&quot;:&quot;1004&quot;,&quot;title&quot;:&quot;revista-cultural-19-10&quot;,&quot;alt&quot;:&quot;&quot;,&quot;caption&quot;:&quot;&quot;,&quot;itemprop&quot;:&quot;image&quot;},{&quot;src&quot;:&quot;https:\\\/\\\/wp.ufpel.edu.br\\\/siiepe\\\/files\\\/2021\\\/10\\\/revista-cultural-20-10-1024x1024.jpeg&quot;,&quot;id&quot;:&quot;1010&quot;,&quot;title&quot;:&quot;revista-cultural-20-10&quot;,&quot;alt&quot;:&quot;&quot;,&quot;caption&quot;:&quot;&quot;,&quot;itemprop&quot;:&quot;image&quot;},{&quot;src&quot;:&quot;https:\\\/\\\/wp.ufpel.edu.br\\\/siiepe\\\/files\\\/2021\\\/10\\\/revista-cultural-21-10-1024x1024.jpeg&quot;,&quot;id&quot;:&quot;1013&quot;,&quot;title&quot;:&quot;revista-cultural-21-10&quot;,&quot;alt&quot;:&quot;&quot;,&quot;caption&quot;:&quot;&quot;,&quot;itemprop&quot;:&quot;image&quot;}]\" itemscope itemtype=\"https:\/\/schema.org\/ImageGallery\"><\/div><\/td>\n<\/tr>\n<tr>\n<td style=\"width: 50%;\"><a href=\"https:\/\/wp.ufpel.edu.br\/siiepe\/siiepe-2021\/conferencias-e-palestras\/\">Confer\u00eancias e Palestras \u2192<\/a><\/td>\n<td style=\"width: 50%;\"><a href=\"https:\/\/wp.ufpel.edu.br\/siiepe\/siiepe-2021\/revista-cultural\/\">Revista Cultural \u2192<\/a><\/td>\n<\/tr>\n<\/tbody>\n<\/table>\n<p>&nbsp;<\/p>\n","protected":false},"excerpt":{"rendered":"<p>\u201cO papel pol\u00edtico, social e cient\u00edfico da Universidade na sociedade atual\u201d DE 18 A 22 DE OUTUBRO DE 2021, EM FORMATO REMOTO. Regulamento 7\u00aa SIIEPE &#8211; 2021 Apresenta\u00e7\u00e3o do tema da 7\u00aa SIIEPE Programa\u00e7\u00e3o Not\u00edcias EVENTOS: V CIT VII CEG VIII CEC XXIII ENPOS XXX CIC &nbsp; Confer\u00eancias e Palestras \u2192 Revista Cultural \u2192 &nbsp;<\/p>\n","protected":false},"author":20,"featured_media":0,"parent":0,"menu_order":0,"comment_status":"closed","ping_status":"closed","template":"template-fullwidth.php","meta":{"jetpack_post_was_ever_published":false,"footnotes":"","_links_to":"","_links_to_target":""},"class_list":["post-771","page","type-page","status-publish","hentry"],"jetpack_sharing_enabled":true,"_links":{"self":[{"href":"https:\/\/wp.ufpel.edu.br\/siiepe\/wp-json\/wp\/v2\/pages\/771","targetHints":{"allow":["GET"]}}],"collection":[{"href":"https:\/\/wp.ufpel.edu.br\/siiepe\/wp-json\/wp\/v2\/pages"}],"about":[{"href":"https:\/\/wp.ufpel.edu.br\/siiepe\/wp-json\/wp\/v2\/types\/page"}],"author":[{"embeddable":true,"href":"https:\/\/wp.ufpel.edu.br\/siiepe\/wp-json\/wp\/v2\/users\/20"}],"replies":[{"embeddable":true,"href":"https:\/\/wp.ufpel.edu.br\/siiepe\/wp-json\/wp\/v2\/comments?post=771"}],"version-history":[{"count":4,"href":"https:\/\/wp.ufpel.edu.br\/siiepe\/wp-json\/wp\/v2\/pages\/771\/revisions"}],"predecessor-version":[{"id":1065,"href":"https:\/\/wp.ufpel.edu.br\/siiepe\/wp-json\/wp\/v2\/pages\/771\/revisions\/1065"}],"wp:attachment":[{"href":"https:\/\/wp.ufpel.edu.br\/siiepe\/wp-json\/wp\/v2\/media?parent=771"}],"curies":[{"name":"wp","href":"https:\/\/api.w.org\/{rel}","templated":true}]}}