{"id":533,"date":"2020-08-19T15:07:20","date_gmt":"2020-08-19T18:07:20","guid":{"rendered":"https:\/\/wp.ufpel.edu.br\/siiepe\/?page_id=533"},"modified":"2025-04-30T10:46:38","modified_gmt":"2025-04-30T13:46:38","slug":"tire-suas-duvidas","status":"publish","type":"page","link":"https:\/\/wp.ufpel.edu.br\/siiepe\/tire-suas-duvidas\/","title":{"rendered":"Tire suas d\u00favidas"},"content":{"rendered":"<p><strong>1<\/strong><strong>. QUEM PODE PARTICIPAR?\u00a0<\/strong><\/p>\n<p>a) Podem submeter trabalhos para o CIC, estudantes de gradua\u00e7\u00e3o de institui\u00e7\u00f5es de ensino superior, p\u00fablicas ou privadas, nacionais e do exterior e estudantes rec\u00e9m formados que apresentem pesquisa desenvolvida durante a gradua\u00e7\u00e3o.<\/p>\n<p>b) Podem submeter trabalhos para o CEG, estudantes de gradua\u00e7\u00e3o de institui\u00e7\u00f5es de ensino superior, p\u00fablicas ou privadas, nacionais e do exterior.<\/p>\n<p>c) Podem submeter trabalhos para o ENPOS, estudantes de p\u00f3s-gradua\u00e7\u00e3o de institui\u00e7\u00f5es de ensino superior, p\u00fablicas ou privadas, nacionais e do exterior, ex-alunos de p\u00f3s-gradua\u00e7\u00e3o que defenderam os seus trabalhos a partir do ano de 2023 e membros de \u00f3rg\u00e3os de pesquisa, organiza\u00e7\u00f5es de desenvolvimento regional, institutos tecnol\u00f3gicos e de centros de pesquisa.<\/p>\n<p>d) Podem submeter trabalhos para o CEC, estudantes de gradua\u00e7\u00e3o e p\u00f3s-gradua\u00e7\u00e3o de institui\u00e7\u00f5es de ensino superior, p\u00fablicas ou privadas, nacionais e do exterior.<\/p>\n<p>e) Podem submeter trabalhos para o CIT, qualquer p\u00fablico especificado nos itens a, b e c.<\/p>\n<p>f) Podem submeter trabalhos para o SIIEPE Jovem estudantes de Ensino M\u00e9dio matriculados<br \/>\nem institui\u00e7\u00f5es p\u00fablicas ou privadas, e estudantes rec\u00e9m formados no Ensino M\u00e9dio que apresentem trabalhos desenvolvidos durante seu tempo escolar.<\/p>\n<p>g) A participa\u00e7\u00e3o na modalidade participante estar\u00e1 aberta para a comunidade em geral. A certifica\u00e7\u00e3o nesta modalidade depende de inscri\u00e7\u00e3o pr\u00e9via como participante ou apresentador(a) de trabalho e do cumprimento das exig\u00eancias m\u00ednimas.<\/p>\n<p><strong>2<\/strong>. <strong>ONDE POSSO ME INSCREVER?<\/strong><\/p>\n<p>As inscri\u00e7\u00f5es s\u00e3o feitas somente atrav\u00e9s deste site <a href=\"https:\/\/ufpel.edu.br\/siiepe\">ufpel.edu.br\/siiepe<\/a>.<\/p>\n<p><strong>3. COMO POSSO SUBMETER TRABALHOS?<\/strong><\/p>\n<p>Cada participante poder\u00e1 inscrever apenas 01 (um) trabalho como apresentador em cada evento, na forma de resumo expandido, desde que respeitada a modalidade de participa\u00e7\u00e3o, conforme item 1.<\/p>\n<p>Os resumos dos trabalhos devem ser submetidos no momento da inscri\u00e7\u00e3o, conforme os modelos dispon\u00edveis para download na <a href=\"https:\/\/wp.ufpel.edu.br\/siiepe\/inscricao-de-trabalho\/\">p\u00e1gina de inscri\u00e7\u00e3o<\/a>.<\/p>\n<p><strong>4. QUAL \u00c9 O VALOR DA INSCRI\u00c7\u00c3O?<\/strong><\/p>\n<p>As inscri\u00e7\u00f5es nos eventos da Semana Integrada s\u00e3o gratuitas.<\/p>\n<p><strong>5. AT\u00c9 QUANDO POSSO ME INSCREVER?<\/strong><\/p>\n<p>Inscri\u00e7\u00f5es de trabalhos ser\u00e3o aceitas at\u00e9 as 18 horas do dia 22 de agosto de 2025.<\/p>\n<p>Inscri\u00e7\u00f5es para participantes ficam abertas at\u00e9 o dia 22 de outubro de 2025, ao meio-dia.<\/p>\n<p><strong>6. COMO FORMATAR OS TRABALHOS?<\/strong><\/p>\n<p>Ser\u00e3o aceitos apenas resumos expandidos contendo de 3 a 4 p\u00e1ginas. As normas t\u00e9cnicas constam no <a href=\"https:\/\/wp.ufpel.edu.br\/siiepe\/regulamento\/\">Regulamento<\/a>.<\/p>\n<p>Os resumos expandidos devem estar com o cabe\u00e7alho do evento escolhido, conforme modelo dispon\u00edvel para download na <a href=\"https:\/\/wp.ufpel.edu.br\/siiepe\/inscricao-de-trabalho\/\">p\u00e1gina de inscri\u00e7\u00e3o<\/a>.<\/p>\n<p><strong>7. OS TRABALHOS PODEM TER QUANTOS AUTORES?<\/strong><\/p>\n<p>Os trabalhos devem ter no m\u00e1ximo 06 (SEIS) autores, incluindo o apresentador e o orientador.<\/p>\n<p><strong>8. QUANDO E COMO SER\u00c1 FEITA A ENTREGA DOS CERTIFICADOS?<\/strong><\/p>\n<p>a) A impress\u00e3o de certificados ser\u00e1 feita pelo pr\u00f3prio inscrito, atrav\u00e9s do site de cada evento. Todas as informa\u00e7\u00f5es presentes no certificado (nome do apresentador, autores, orientador e t\u00edtulo do resumo) ser\u00e3o retiradas diretamente da ficha de inscri\u00e7\u00e3o. Sendo assim, erros nos certificados decorrentes do preenchimento incorreto da ficha de inscri\u00e7\u00e3o ser\u00e3o de responsabilidade do inscrito.<\/p>\n<p>b) N\u00e3o ter\u00e3o direito aos certificados os resumos reprovados pelo orientador.<\/p>\n<p>c) Apresentadores de Trabalho ter\u00e3o direito ao certificado se apresentarem o seu trabalho na data, hora e local definidos pela Organiza\u00e7\u00e3o.<\/p>\n<p>d) Para receber certificado como participantes da SIIEPE, os inscritos dever\u00e3o assistir no m\u00ednimo 5 (cinco) sess\u00f5es de apresenta\u00e7\u00f5es, que podem ser do CIT, CIC, CEC, CEG, ENPOS, SIIEPE Jovem e\/ou palestra. Apresentadores(as) poder\u00e3o receber tamb\u00e9m o certificado de participante caso cumpram os requisitos exigidos.<\/p>\n<p>e) \u00c9 de responsabilidade do(a) participante o registro das presen\u00e7as atrav\u00e9s do CPF no preenchimento do formul\u00e1rio disponibilizado em link e QR CODE no momento das apresenta\u00e7\u00f5es.<\/p>\n<p><strong>9. COMO \u00c9 FEITA A APROVA\u00c7\u00c3O DOS TRABALHOS PARA A APRESENTA\u00c7\u00c3O?<\/strong><\/p>\n<p>Ap\u00f3s a inscri\u00e7\u00e3o, ser\u00e1 enviada uma mensagem eletr\u00f4nica (e-mail) ao orientador. Ap\u00f3s o recebimento da mensagem, o orientador ter\u00e1 05 dias para responder se aceita ou n\u00e3o o uso de seu nome no trabalho.<\/p>\n<p><strong>10. EM QUE CASOS O TRABALHO SER\u00c1 REPROVADO PARA A APRESENTA\u00c7\u00c3O?<\/strong><\/p>\n<p>Caso o orientador negue o uso de seu nome o trabalho ser\u00e1 reprovado, ou se o trabalho n\u00e3o estiver na norma do evento inscrito.<\/p>\n<p><strong>11. POSSO TROCAR O NOME DO ORIENTADOR OU AUTORES AP\u00d3S A INSCRI\u00c7\u00c3O?<\/strong><strong><br \/>\n<\/strong><br \/>\nN\u00e3o. Ap\u00f3s o envio dos trabalhos n\u00e3o ser\u00e3o aceitas trocas de nomes de orientador e autores.<\/p>\n","protected":false},"excerpt":{"rendered":"<p>1. QUEM PODE PARTICIPAR?\u00a0 a) Podem submeter trabalhos para o CIC, estudantes de gradua\u00e7\u00e3o de institui\u00e7\u00f5es de ensino superior, p\u00fablicas ou privadas, nacionais e do exterior e estudantes rec\u00e9m formados que apresentem pesquisa desenvolvida durante a gradua\u00e7\u00e3o. b) Podem submeter trabalhos para o CEG, estudantes de gradua\u00e7\u00e3o de institui\u00e7\u00f5es de ensino superior, p\u00fablicas ou privadas, &hellip; <a href=\"https:\/\/wp.ufpel.edu.br\/siiepe\/tire-suas-duvidas\/\" class=\"more-link\">Continue lendo <span class=\"screen-reader-text\">Tire suas d\u00favidas<\/span> <span class=\"meta-nav\">&rarr;<\/span><\/a><\/p>\n","protected":false},"author":20,"featured_media":0,"parent":0,"menu_order":0,"comment_status":"closed","ping_status":"closed","template":"","meta":{"jetpack_post_was_ever_published":false,"footnotes":"","_links_to":"","_links_to_target":""},"class_list":["post-533","page","type-page","status-publish","hentry"],"jetpack_sharing_enabled":true,"_links":{"self":[{"href":"https:\/\/wp.ufpel.edu.br\/siiepe\/wp-json\/wp\/v2\/pages\/533","targetHints":{"allow":["GET"]}}],"collection":[{"href":"https:\/\/wp.ufpel.edu.br\/siiepe\/wp-json\/wp\/v2\/pages"}],"about":[{"href":"https:\/\/wp.ufpel.edu.br\/siiepe\/wp-json\/wp\/v2\/types\/page"}],"author":[{"embeddable":true,"href":"https:\/\/wp.ufpel.edu.br\/siiepe\/wp-json\/wp\/v2\/users\/20"}],"replies":[{"embeddable":true,"href":"https:\/\/wp.ufpel.edu.br\/siiepe\/wp-json\/wp\/v2\/comments?post=533"}],"version-history":[{"count":18,"href":"https:\/\/wp.ufpel.edu.br\/siiepe\/wp-json\/wp\/v2\/pages\/533\/revisions"}],"predecessor-version":[{"id":1821,"href":"https:\/\/wp.ufpel.edu.br\/siiepe\/wp-json\/wp\/v2\/pages\/533\/revisions\/1821"}],"wp:attachment":[{"href":"https:\/\/wp.ufpel.edu.br\/siiepe\/wp-json\/wp\/v2\/media?parent=533"}],"curies":[{"name":"wp","href":"https:\/\/api.w.org\/{rel}","templated":true}]}}