{"id":502,"date":"2020-08-17T11:56:30","date_gmt":"2020-08-17T14:56:30","guid":{"rendered":"https:\/\/wp.ufpel.edu.br\/siiepe\/?page_id=502"},"modified":"2025-03-31T10:59:25","modified_gmt":"2025-03-31T13:59:25","slug":"inscricao-para-participante","status":"publish","type":"page","link":"https:\/\/wp.ufpel.edu.br\/siiepe\/inscricao-para-participante\/","title":{"rendered":"Inscri\u00e7\u00e3o para Participante"},"content":{"rendered":"<h2>Importante!<\/h2>\n<p>N\u00e3o esque\u00e7a de ler o <a href=\"https:\/\/wp.ufpel.edu.br\/siiepe\/regulamento\/\">Regulamento da SIIEPE<\/a><\/p>\n<p>\u00a0<\/p>\n<h2>Formul\u00e1rio de inscri\u00e7\u00e3o<\/h2>\n<p><a href=\"https:\/\/cti.ufpel.edu.br\/siiepe\/formulario-participante.php\">Clique aqui para efetuar sua inscri\u00e7\u00e3o<\/a><\/p>\n<p>\u00a0<\/p>\n<p>\u00a0<\/p>\n\n\n<p><\/p>\n","protected":false},"excerpt":{"rendered":"<p>Importante! N\u00e3o esque\u00e7a de ler o Regulamento da SIIEPE \u00a0 Formul\u00e1rio de inscri\u00e7\u00e3o Clique aqui para efetuar sua inscri\u00e7\u00e3o \u00a0 \u00a0<\/p>\n","protected":false},"author":20,"featured_media":0,"parent":0,"menu_order":0,"comment_status":"closed","ping_status":"closed","template":"","meta":{"jetpack_post_was_ever_published":false,"footnotes":"","_links_to":"","_links_to_target":""},"class_list":["post-502","page","type-page","status-publish","hentry"],"jetpack_sharing_enabled":true,"_links":{"self":[{"href":"https:\/\/wp.ufpel.edu.br\/siiepe\/wp-json\/wp\/v2\/pages\/502","targetHints":{"allow":["GET"]}}],"collection":[{"href":"https:\/\/wp.ufpel.edu.br\/siiepe\/wp-json\/wp\/v2\/pages"}],"about":[{"href":"https:\/\/wp.ufpel.edu.br\/siiepe\/wp-json\/wp\/v2\/types\/page"}],"author":[{"embeddable":true,"href":"https:\/\/wp.ufpel.edu.br\/siiepe\/wp-json\/wp\/v2\/users\/20"}],"replies":[{"embeddable":true,"href":"https:\/\/wp.ufpel.edu.br\/siiepe\/wp-json\/wp\/v2\/comments?post=502"}],"version-history":[{"count":8,"href":"https:\/\/wp.ufpel.edu.br\/siiepe\/wp-json\/wp\/v2\/pages\/502\/revisions"}],"predecessor-version":[{"id":1745,"href":"https:\/\/wp.ufpel.edu.br\/siiepe\/wp-json\/wp\/v2\/pages\/502\/revisions\/1745"}],"wp:attachment":[{"href":"https:\/\/wp.ufpel.edu.br\/siiepe\/wp-json\/wp\/v2\/media?parent=502"}],"curies":[{"name":"wp","href":"https:\/\/api.w.org\/{rel}","templated":true}]}}