{"id":498,"date":"2020-08-17T12:05:28","date_gmt":"2020-08-17T15:05:28","guid":{"rendered":"https:\/\/wp.ufpel.edu.br\/siiepe\/?page_id=498"},"modified":"2023-08-24T15:30:04","modified_gmt":"2023-08-24T18:30:04","slug":"inscricao-de-trabalho","status":"publish","type":"page","link":"https:\/\/wp.ufpel.edu.br\/siiepe\/inscricao-de-trabalho\/","title":{"rendered":"Inscri\u00e7\u00e3o de Trabalho"},"content":{"rendered":"<h2>Importante!<\/h2>\n<ol>\n<li>Leia o <a href=\"https:\/\/wp.ufpel.edu.br\/siiepe\/regulamento\/\">Regulamento da SIIEPE<\/a><\/li>\n<li>Utilize o <a href=\"https:\/\/wp.ufpel.edu.br\/siiepe\/modelos-de-resumos\/\">modelo de resumo<\/a> do evento para o qual deseja submeter trabalho<\/li>\n<\/ol>\n<p>&nbsp;<\/p>\n<h2>Formul\u00e1rio de inscri\u00e7\u00e3o<\/h2>\n<p><a href=\"https:\/\/cti.ufpel.edu.br\/siiepe\/formulario.php\">Clique aqui para efetuar sua inscri\u00e7\u00e3o<\/a><\/p>\n<p>&nbsp;<\/p>\n<p>&nbsp;<\/p>\n","protected":false},"excerpt":{"rendered":"<p>Importante! Leia o Regulamento da SIIEPE Utilize o modelo de resumo do evento para o qual deseja submeter trabalho &nbsp; Formul\u00e1rio de inscri\u00e7\u00e3o Clique aqui para efetuar sua inscri\u00e7\u00e3o &nbsp; &nbsp;<\/p>\n","protected":false},"author":20,"featured_media":0,"parent":0,"menu_order":0,"comment_status":"closed","ping_status":"closed","template":"","meta":{"jetpack_post_was_ever_published":false,"footnotes":"","_links_to":"","_links_to_target":""},"class_list":["post-498","page","type-page","status-publish","hentry"],"jetpack_sharing_enabled":true,"_links":{"self":[{"href":"https:\/\/wp.ufpel.edu.br\/siiepe\/wp-json\/wp\/v2\/pages\/498","targetHints":{"allow":["GET"]}}],"collection":[{"href":"https:\/\/wp.ufpel.edu.br\/siiepe\/wp-json\/wp\/v2\/pages"}],"about":[{"href":"https:\/\/wp.ufpel.edu.br\/siiepe\/wp-json\/wp\/v2\/types\/page"}],"author":[{"embeddable":true,"href":"https:\/\/wp.ufpel.edu.br\/siiepe\/wp-json\/wp\/v2\/users\/20"}],"replies":[{"embeddable":true,"href":"https:\/\/wp.ufpel.edu.br\/siiepe\/wp-json\/wp\/v2\/comments?post=498"}],"version-history":[{"count":14,"href":"https:\/\/wp.ufpel.edu.br\/siiepe\/wp-json\/wp\/v2\/pages\/498\/revisions"}],"predecessor-version":[{"id":1354,"href":"https:\/\/wp.ufpel.edu.br\/siiepe\/wp-json\/wp\/v2\/pages\/498\/revisions\/1354"}],"wp:attachment":[{"href":"https:\/\/wp.ufpel.edu.br\/siiepe\/wp-json\/wp\/v2\/media?parent=498"}],"curies":[{"name":"wp","href":"https:\/\/api.w.org\/{rel}","templated":true}]}}