{"id":416,"date":"2020-03-10T11:11:43","date_gmt":"2020-03-10T14:11:43","guid":{"rendered":"https:\/\/wp.ufpel.edu.br\/siiepe\/?page_id=416"},"modified":"2020-08-19T11:13:19","modified_gmt":"2020-08-19T14:13:19","slug":"siiepe-2019","status":"publish","type":"page","link":"https:\/\/wp.ufpel.edu.br\/siiepe\/siiepe-2019\/","title":{"rendered":"5\u00aa SIIEPE"},"content":{"rendered":"<h2><strong>\u201cUFPel 50 anos: construindo cidadania\u201d<\/strong><\/h2>\n<p><strong>DE 21 A 25 DE OUTUBRO DE 2019, NO CAMPUS CAP\u00c3O DO LE\u00c3O<\/strong><\/p>\n<p><a href=\"https:\/\/wp.ufpel.edu.br\/siiepe\/files\/2019\/08\/Regulamento_V_SIIEPE_2019.pdf\">Regulamento 5\u00aa SIIEPE<\/a><\/p>\n<p><a href=\"https:\/\/wp.ufpel.edu.br\/siiepe\/files\/2019\/08\/3MT_SIIEPE_2019.pdf\">Edital 3MT 5\u00aa SIIEPE<\/a> (Sua Tese em 3 Minutos)<\/p>\n<ul>\n<li><a href=\"https:\/\/wp.ufpel.edu.br\/siiepe\/siiepe-2019\/programacao-2019\/\">Programa\u00e7\u00e3o<\/a><\/li>\n<li><a href=\"https:\/\/wp.ufpel.edu.br\/siiepe\/category\/noticias\/2019\/\">Not\u00edcias<\/a><\/li>\n<\/ul>\n<p><strong>EVENTOS:<\/strong><\/p>\n<ul>\n<li><a href=\"https:\/\/wp.ufpel.edu.br\/congressoinovacao\/edicoes-anteriores\/iii-cit-2019\/\">III CIT<\/a><\/li>\n<li><a href=\"https:\/\/wp.ufpel.edu.br\/ceg\/edicoes-anteriores\/v-ceg-2019\/\">V CEG<\/a><\/li>\n<li><a href=\"https:\/\/wp.ufpel.edu.br\/congressoextensao\/edicoes-anteriores\/vi-cec-2019\/\">VI CEC<\/a><\/li>\n<li><a href=\"https:\/\/wp.ufpel.edu.br\/enpos\/edicoes-anteriores\/xxi-enpos-2019\/\">XXI ENPOS<\/a><\/li>\n<li><a href=\"https:\/\/wp.ufpel.edu.br\/cic\/edicoes-anteriores\/xxviii-cic-2019\/\">XXVIII CIC<\/a><\/li>\n<\/ul>\n<p>&nbsp;<\/p>\n<p><strong>SHOW DE ENCERRAMENTO:<\/strong><\/p>\n<p><a href=\"https:\/\/www.facebook.com\/events\/2510201775760438\/\"><img loading=\"lazy\" decoding=\"async\" data-attachment-id=\"364\" data-permalink=\"https:\/\/wp.ufpel.edu.br\/siiepe\/home\/show_encerramento_2019\/\" data-orig-file=\"https:\/\/wp.ufpel.edu.br\/siiepe\/files\/2019\/10\/show_encerramento_2019.jpg\" data-orig-size=\"1200,630\" data-comments-opened=\"0\" data-image-meta=\"{&quot;aperture&quot;:&quot;0&quot;,&quot;credit&quot;:&quot;&quot;,&quot;camera&quot;:&quot;&quot;,&quot;caption&quot;:&quot;&quot;,&quot;created_timestamp&quot;:&quot;0&quot;,&quot;copyright&quot;:&quot;&quot;,&quot;focal_length&quot;:&quot;0&quot;,&quot;iso&quot;:&quot;0&quot;,&quot;shutter_speed&quot;:&quot;0&quot;,&quot;title&quot;:&quot;&quot;,&quot;orientation&quot;:&quot;0&quot;}\" data-image-title=\"show_encerramento_2019\" data-image-description=\"\" data-image-caption=\"\" data-medium-file=\"https:\/\/wp.ufpel.edu.br\/siiepe\/files\/2019\/10\/show_encerramento_2019-400x210.jpg\" data-large-file=\"https:\/\/wp.ufpel.edu.br\/siiepe\/files\/2019\/10\/show_encerramento_2019-1024x538.jpg\" class=\"aligncenter wp-image-364\" src=\"https:\/\/wp.ufpel.edu.br\/siiepe\/files\/2019\/10\/show_encerramento_2019.jpg\" alt=\"\" width=\"800\" height=\"420\" srcset=\"https:\/\/wp.ufpel.edu.br\/siiepe\/files\/2019\/10\/show_encerramento_2019.jpg 1200w, https:\/\/wp.ufpel.edu.br\/siiepe\/files\/2019\/10\/show_encerramento_2019-400x210.jpg 400w, https:\/\/wp.ufpel.edu.br\/siiepe\/files\/2019\/10\/show_encerramento_2019-768x403.jpg 768w, https:\/\/wp.ufpel.edu.br\/siiepe\/files\/2019\/10\/show_encerramento_2019-1024x538.jpg 1024w\" sizes=\"auto, (max-width: 800px) 100vw, 800px\" \/><\/a><\/p>\n<p>&nbsp;<\/p>\n","protected":false},"excerpt":{"rendered":"<p>\u201cUFPel 50 anos: construindo cidadania\u201d DE 21 A 25 DE OUTUBRO DE 2019, NO CAMPUS CAP\u00c3O DO LE\u00c3O Regulamento 5\u00aa SIIEPE Edital 3MT 5\u00aa SIIEPE (Sua Tese em 3 Minutos) Programa\u00e7\u00e3o Not\u00edcias EVENTOS: III CIT V CEG VI CEC XXI ENPOS XXVIII CIC &nbsp; SHOW DE ENCERRAMENTO: &nbsp;<\/p>\n","protected":false},"author":20,"featured_media":0,"parent":0,"menu_order":0,"comment_status":"closed","ping_status":"closed","template":"template-fullwidth.php","meta":{"jetpack_post_was_ever_published":false,"footnotes":"","_links_to":"","_links_to_target":""},"class_list":["post-416","page","type-page","status-publish","hentry"],"jetpack_sharing_enabled":true,"_links":{"self":[{"href":"https:\/\/wp.ufpel.edu.br\/siiepe\/wp-json\/wp\/v2\/pages\/416","targetHints":{"allow":["GET"]}}],"collection":[{"href":"https:\/\/wp.ufpel.edu.br\/siiepe\/wp-json\/wp\/v2\/pages"}],"about":[{"href":"https:\/\/wp.ufpel.edu.br\/siiepe\/wp-json\/wp\/v2\/types\/page"}],"author":[{"embeddable":true,"href":"https:\/\/wp.ufpel.edu.br\/siiepe\/wp-json\/wp\/v2\/users\/20"}],"replies":[{"embeddable":true,"href":"https:\/\/wp.ufpel.edu.br\/siiepe\/wp-json\/wp\/v2\/comments?post=416"}],"version-history":[{"count":9,"href":"https:\/\/wp.ufpel.edu.br\/siiepe\/wp-json\/wp\/v2\/pages\/416\/revisions"}],"predecessor-version":[{"id":512,"href":"https:\/\/wp.ufpel.edu.br\/siiepe\/wp-json\/wp\/v2\/pages\/416\/revisions\/512"}],"wp:attachment":[{"href":"https:\/\/wp.ufpel.edu.br\/siiepe\/wp-json\/wp\/v2\/media?parent=416"}],"curies":[{"name":"wp","href":"https:\/\/api.w.org\/{rel}","templated":true}]}}