{"id":322,"date":"2019-08-09T14:01:23","date_gmt":"2019-08-09T17:01:23","guid":{"rendered":"https:\/\/wp.ufpel.edu.br\/siiepe\/?page_id=322"},"modified":"2022-05-23T11:13:46","modified_gmt":"2022-05-23T14:13:46","slug":"programacao-2019","status":"publish","type":"page","link":"https:\/\/wp.ufpel.edu.br\/siiepe\/siiepe-2019\/programacao-2019\/","title":{"rendered":"Programa\u00e7\u00e3o 5\u00aa SIIEPE (2019)"},"content":{"rendered":"<h3><\/h3>\n<table border=\"1\">\n<tbody>\n<tr>\n<td style=\"background-color: #f0f0f0;\"><\/td>\n<td style=\"background-color: #f0f0f0; text-align: center;\">SEGUNDA (21\/10)<\/td>\n<td style=\"background-color: #f0f0f0; text-align: center;\">TER\u00c7A (22\/10)<\/td>\n<td style=\"background-color: #f0f0f0; text-align: center;\">QUARTA (23\/10)<\/td>\n<td style=\"background-color: #f0f0f0; text-align: center;\">QUINTA (24\/10)<\/td>\n<td style=\"background-color: #f0f0f0; text-align: center;\">SEXTA (25\/10)<\/td>\n<\/tr>\n<tr>\n<td style=\"background-color: #f0f0f0;\">MANH\u00c3<br \/>\n9:00 &#8211; 10:30<br \/>\nIntervalo<br \/>\n11:00 &#8211; 12:30<\/td>\n<td>CREDENCIAMENTO<\/td>\n<td>COMUNICA\u00c7\u00d5ES SIIEPE<\/td>\n<td>COMUNICA\u00c7\u00d5ES SIIEPE<\/td>\n<td>COMUNICA\u00c7\u00d5ES SIIEPE<\/td>\n<td>COMUNICA\u00c7\u00d5ES SIIEPE<\/td>\n<\/tr>\n<tr>\n<td style=\"background-color: #f0f0f0;\">ALMO\u00c7O<\/td>\n<td><\/td>\n<td><\/td>\n<td><\/td>\n<td><\/td>\n<td><\/td>\n<\/tr>\n<tr>\n<td style=\"background-color: #f0f0f0;\">TARDE<br \/>\n14:00 &#8211; 15:30<br \/>\nIntervalo<br \/>\n16:00 &#8211; 17:30<\/td>\n<td>COMUNICA\u00c7\u00d5ES SIIEPE<\/td>\n<td>COMUNICA\u00c7\u00d5ES SIIEPE<\/td>\n<td>Sua Tese em 3 Min.<br \/>\nEventos paralelos<\/td>\n<td>COMUNICA\u00c7\u00d5ES SIIEPE<\/td>\n<td>COMUNICA\u00c7\u00d5ES SIIEPE<br \/>\nat\u00e9 15:30<\/td>\n<\/tr>\n<tr>\n<td style=\"background-color: #f0f0f0;\">NOITE<br \/>\n19:00<\/td>\n<td>MESA DE ABERTURA<\/td>\n<td><\/td>\n<td><\/td>\n<td><\/td>\n<td><a href=\"https:\/\/www.facebook.com\/events\/2510201775760438\/\">SHOW DE ENCERRAMENTO<\/a><\/td>\n<\/tr>\n<\/tbody>\n<\/table>\n<p>&nbsp;<\/p>\n<h3><\/h3>\n","protected":false},"excerpt":{"rendered":"<p>SEGUNDA (21\/10) TER\u00c7A (22\/10) QUARTA (23\/10) QUINTA (24\/10) SEXTA (25\/10) MANH\u00c3 9:00 &#8211; 10:30 Intervalo 11:00 &#8211; 12:30 CREDENCIAMENTO COMUNICA\u00c7\u00d5ES SIIEPE COMUNICA\u00c7\u00d5ES SIIEPE COMUNICA\u00c7\u00d5ES SIIEPE COMUNICA\u00c7\u00d5ES SIIEPE ALMO\u00c7O TARDE 14:00 &#8211; 15:30 Intervalo 16:00 &#8211; 17:30 COMUNICA\u00c7\u00d5ES SIIEPE COMUNICA\u00c7\u00d5ES SIIEPE Sua Tese em 3 Min. Eventos paralelos COMUNICA\u00c7\u00d5ES SIIEPE COMUNICA\u00c7\u00d5ES SIIEPE at\u00e9 15:30 NOITE 19:00 &hellip; <a href=\"https:\/\/wp.ufpel.edu.br\/siiepe\/siiepe-2019\/programacao-2019\/\" class=\"more-link\">Continue lendo <span class=\"screen-reader-text\">Programa\u00e7\u00e3o 5\u00aa SIIEPE (2019)<\/span> <span class=\"meta-nav\">&rarr;<\/span><\/a><\/p>\n","protected":false},"author":20,"featured_media":0,"parent":416,"menu_order":0,"comment_status":"closed","ping_status":"closed","template":"template-fullwidth.php","meta":{"jetpack_post_was_ever_published":false,"footnotes":"","_links_to":"","_links_to_target":""},"class_list":["post-322","page","type-page","status-publish","hentry"],"jetpack_sharing_enabled":true,"_links":{"self":[{"href":"https:\/\/wp.ufpel.edu.br\/siiepe\/wp-json\/wp\/v2\/pages\/322","targetHints":{"allow":["GET"]}}],"collection":[{"href":"https:\/\/wp.ufpel.edu.br\/siiepe\/wp-json\/wp\/v2\/pages"}],"about":[{"href":"https:\/\/wp.ufpel.edu.br\/siiepe\/wp-json\/wp\/v2\/types\/page"}],"author":[{"embeddable":true,"href":"https:\/\/wp.ufpel.edu.br\/siiepe\/wp-json\/wp\/v2\/users\/20"}],"replies":[{"embeddable":true,"href":"https:\/\/wp.ufpel.edu.br\/siiepe\/wp-json\/wp\/v2\/comments?post=322"}],"version-history":[{"count":10,"href":"https:\/\/wp.ufpel.edu.br\/siiepe\/wp-json\/wp\/v2\/pages\/322\/revisions"}],"predecessor-version":[{"id":1098,"href":"https:\/\/wp.ufpel.edu.br\/siiepe\/wp-json\/wp\/v2\/pages\/322\/revisions\/1098"}],"up":[{"embeddable":true,"href":"https:\/\/wp.ufpel.edu.br\/siiepe\/wp-json\/wp\/v2\/pages\/416"}],"wp:attachment":[{"href":"https:\/\/wp.ufpel.edu.br\/siiepe\/wp-json\/wp\/v2\/media?parent=322"}],"curies":[{"name":"wp","href":"https:\/\/api.w.org\/{rel}","templated":true}]}}