{"id":214,"date":"2018-10-03T12:51:09","date_gmt":"2018-10-03T15:51:09","guid":{"rendered":"https:\/\/wp.ufpel.edu.br\/siiepe\/?page_id=214"},"modified":"2025-10-02T10:47:22","modified_gmt":"2025-10-02T13:47:22","slug":"home","status":"publish","type":"page","link":"https:\/\/wp.ufpel.edu.br\/siiepe\/","title":{"rendered":"Home"},"content":{"rendered":"\n<h2 class=\"wp-block-heading\">&#8220;UFPel Afirmativa: Ci\u00eancia, Direitos Sociais e Justi\u00e7a Ambiental&#8221;<\/h2>\n\n\n\n<p><strong>DE 20 A 24 DE OUTUBRO DE 2025 &#8211; CAMPUS ANGLO<\/strong><\/p>\n\n\n\n<p><\/p>\n\n\n\n<p>Acompanhe mais informa\u00e7\u00f5es sobre o evento nas m\u00eddias sociais da UFPel<\/p>\n\n\n<div class=\"wp-block-image\">\n<figure class=\"alignleft size-full is-resized\"><a href=\"https:\/\/www.facebook.com\/ufpel\"><img loading=\"lazy\" decoding=\"async\" width=\"512\" height=\"512\" data-attachment-id=\"1472\" data-permalink=\"https:\/\/wp.ufpel.edu.br\/siiepe\/image\/\" data-orig-file=\"https:\/\/wp.ufpel.edu.br\/siiepe\/files\/2023\/11\/image.png\" data-orig-size=\"512,512\" data-comments-opened=\"0\" data-image-meta=\"{&quot;aperture&quot;:&quot;0&quot;,&quot;credit&quot;:&quot;&quot;,&quot;camera&quot;:&quot;&quot;,&quot;caption&quot;:&quot;&quot;,&quot;created_timestamp&quot;:&quot;0&quot;,&quot;copyright&quot;:&quot;&quot;,&quot;focal_length&quot;:&quot;0&quot;,&quot;iso&quot;:&quot;0&quot;,&quot;shutter_speed&quot;:&quot;0&quot;,&quot;title&quot;:&quot;&quot;,&quot;orientation&quot;:&quot;0&quot;}\" data-image-title=\"image\" data-image-description=\"\" data-image-caption=\"\" data-medium-file=\"https:\/\/wp.ufpel.edu.br\/siiepe\/files\/2023\/11\/image-400x400.png\" data-large-file=\"https:\/\/wp.ufpel.edu.br\/siiepe\/files\/2023\/11\/image.png\" src=\"https:\/\/wp.ufpel.edu.br\/siiepe\/files\/2023\/11\/image.png\" alt=\"\" class=\"wp-image-1472\" style=\"object-fit:contain;width:60px;height:60px\" srcset=\"https:\/\/wp.ufpel.edu.br\/siiepe\/files\/2023\/11\/image.png 512w, https:\/\/wp.ufpel.edu.br\/siiepe\/files\/2023\/11\/image-400x400.png 400w, https:\/\/wp.ufpel.edu.br\/siiepe\/files\/2023\/11\/image-200x200.png 200w\" sizes=\"auto, (max-width: 512px) 100vw, 512px\" \/><\/a><\/figure>\n<\/div>\n\n<div class=\"wp-block-image\">\n<figure class=\"alignleft size-full is-resized\"><a href=\"https:\/\/www.instagram.com\/ufpeloficial\/\"><img loading=\"lazy\" decoding=\"async\" width=\"512\" height=\"512\" data-attachment-id=\"1473\" data-permalink=\"https:\/\/wp.ufpel.edu.br\/siiepe\/image-1\/\" data-orig-file=\"https:\/\/wp.ufpel.edu.br\/siiepe\/files\/2023\/11\/image-1.png\" data-orig-size=\"512,512\" data-comments-opened=\"0\" data-image-meta=\"{&quot;aperture&quot;:&quot;0&quot;,&quot;credit&quot;:&quot;&quot;,&quot;camera&quot;:&quot;&quot;,&quot;caption&quot;:&quot;&quot;,&quot;created_timestamp&quot;:&quot;0&quot;,&quot;copyright&quot;:&quot;&quot;,&quot;focal_length&quot;:&quot;0&quot;,&quot;iso&quot;:&quot;0&quot;,&quot;shutter_speed&quot;:&quot;0&quot;,&quot;title&quot;:&quot;&quot;,&quot;orientation&quot;:&quot;0&quot;}\" data-image-title=\"image-1\" data-image-description=\"\" data-image-caption=\"\" data-medium-file=\"https:\/\/wp.ufpel.edu.br\/siiepe\/files\/2023\/11\/image-1-400x400.png\" data-large-file=\"https:\/\/wp.ufpel.edu.br\/siiepe\/files\/2023\/11\/image-1.png\" src=\"https:\/\/wp.ufpel.edu.br\/siiepe\/files\/2023\/11\/image-1.png\" alt=\"\" class=\"wp-image-1473\" style=\"object-fit:contain;width:60px;height:60px\" srcset=\"https:\/\/wp.ufpel.edu.br\/siiepe\/files\/2023\/11\/image-1.png 512w, https:\/\/wp.ufpel.edu.br\/siiepe\/files\/2023\/11\/image-1-400x400.png 400w, https:\/\/wp.ufpel.edu.br\/siiepe\/files\/2023\/11\/image-1-200x200.png 200w\" sizes=\"auto, (max-width: 512px) 100vw, 512px\" \/><\/a><\/figure>\n<\/div>\n\n<div class=\"wp-block-image\">\n<figure class=\"alignleft size-full is-resized\"><a href=\"https:\/\/twitter.com\/UFPel\"><img loading=\"lazy\" decoding=\"async\" width=\"300\" height=\"300\" data-attachment-id=\"1474\" data-permalink=\"https:\/\/wp.ufpel.edu.br\/siiepe\/image-2\/\" data-orig-file=\"https:\/\/wp.ufpel.edu.br\/siiepe\/files\/2023\/11\/image-2.png\" data-orig-size=\"300,300\" data-comments-opened=\"0\" data-image-meta=\"{&quot;aperture&quot;:&quot;0&quot;,&quot;credit&quot;:&quot;&quot;,&quot;camera&quot;:&quot;&quot;,&quot;caption&quot;:&quot;&quot;,&quot;created_timestamp&quot;:&quot;0&quot;,&quot;copyright&quot;:&quot;&quot;,&quot;focal_length&quot;:&quot;0&quot;,&quot;iso&quot;:&quot;0&quot;,&quot;shutter_speed&quot;:&quot;0&quot;,&quot;title&quot;:&quot;&quot;,&quot;orientation&quot;:&quot;0&quot;}\" data-image-title=\"image-2\" data-image-description=\"\" data-image-caption=\"\" data-medium-file=\"https:\/\/wp.ufpel.edu.br\/siiepe\/files\/2023\/11\/image-2.png\" data-large-file=\"https:\/\/wp.ufpel.edu.br\/siiepe\/files\/2023\/11\/image-2.png\" src=\"https:\/\/wp.ufpel.edu.br\/siiepe\/files\/2023\/11\/image-2.png\" alt=\"\" class=\"wp-image-1474\" style=\"object-fit:contain;width:60px;height:60px\" srcset=\"https:\/\/wp.ufpel.edu.br\/siiepe\/files\/2023\/11\/image-2.png 300w, https:\/\/wp.ufpel.edu.br\/siiepe\/files\/2023\/11\/image-2-200x200.png 200w\" sizes=\"auto, (max-width: 300px) 100vw, 300px\" \/><\/a><\/figure>\n<\/div>\n\n\n<p><\/p>\n\n\n\n<p><\/p>\n\n\n\n<div style=\"height:60px\" aria-hidden=\"true\" class=\"wp-block-spacer\"><\/div>\n","protected":false},"excerpt":{"rendered":"<p>&#8220;UFPel Afirmativa: Ci\u00eancia, Direitos Sociais e Justi\u00e7a Ambiental&#8221; DE 20 A 24 DE OUTUBRO DE 2025 &#8211; CAMPUS ANGLO Acompanhe mais informa\u00e7\u00f5es sobre o evento nas m\u00eddias sociais da UFPel<\/p>\n","protected":false},"author":20,"featured_media":0,"parent":0,"menu_order":0,"comment_status":"closed","ping_status":"closed","template":"template-home.php","meta":{"jetpack_post_was_ever_published":false,"footnotes":"","_links_to":"","_links_to_target":""},"class_list":["post-214","page","type-page","status-publish","hentry"],"jetpack_sharing_enabled":true,"_links":{"self":[{"href":"https:\/\/wp.ufpel.edu.br\/siiepe\/wp-json\/wp\/v2\/pages\/214","targetHints":{"allow":["GET"]}}],"collection":[{"href":"https:\/\/wp.ufpel.edu.br\/siiepe\/wp-json\/wp\/v2\/pages"}],"about":[{"href":"https:\/\/wp.ufpel.edu.br\/siiepe\/wp-json\/wp\/v2\/types\/page"}],"author":[{"embeddable":true,"href":"https:\/\/wp.ufpel.edu.br\/siiepe\/wp-json\/wp\/v2\/users\/20"}],"replies":[{"embeddable":true,"href":"https:\/\/wp.ufpel.edu.br\/siiepe\/wp-json\/wp\/v2\/comments?post=214"}],"version-history":[{"count":3,"href":"https:\/\/wp.ufpel.edu.br\/siiepe\/wp-json\/wp\/v2\/pages\/214\/revisions"}],"predecessor-version":[{"id":1876,"href":"https:\/\/wp.ufpel.edu.br\/siiepe\/wp-json\/wp\/v2\/pages\/214\/revisions\/1876"}],"wp:attachment":[{"href":"https:\/\/wp.ufpel.edu.br\/siiepe\/wp-json\/wp\/v2\/media?parent=214"}],"curies":[{"name":"wp","href":"https:\/\/api.w.org\/{rel}","templated":true}]}}