{"id":183,"date":"2018-06-11T09:00:47","date_gmt":"2018-06-11T12:00:47","guid":{"rendered":"https:\/\/wp.ufpel.edu.br\/siiepe\/?page_id=183"},"modified":"2020-11-10T19:28:31","modified_gmt":"2020-11-10T22:28:31","slug":"oficinas","status":"publish","type":"page","link":"https:\/\/wp.ufpel.edu.br\/siiepe\/siiepe-2020\/oficinas\/","title":{"rendered":"Oficinas"},"content":{"rendered":"<p>As oficinas acontecer\u00e3o em ambiente virtual, de 23 a 27 de novembro, no hor\u00e1rio das 15:30 \u00e0s 17:30h.<\/p>\n<p>As inscri\u00e7\u00f5es podem ser feitas no formul\u00e1rio em: <a href=\"https:\/\/forms.gle\/Bdaad3rEGzF63mHq5\">https:\/\/forms.gle\/Bdaad3rEGzF63mHq5<\/a><\/p>\n<p>Informa\u00e7\u00f5es pelo email <a href=\"mailto:siiepe.oficinas@gmail.com\">siiepe.oficinas@gmail.com<\/a><\/p>\n<h2><b>Lista das oficinas ofertadas:<\/b><\/h2>\n<table>\n<tbody>\n<tr>\n<td><b>OFICINA<\/b><\/td>\n<td><b>T\u00cdTULO<br \/>\n<\/b><\/td>\n<td><b>MINISTRANTE<br \/>\n<\/b><\/td>\n<td><b>DIA\/HORA<\/b><\/td>\n<\/tr>\n<tr>\n<td>Oficina 1<\/td>\n<td>Como a Neuroci\u00eancia explica os processos de Aprendizado e Mem\u00f3ria<\/td>\n<td>Adriana Louren\u00e7o da Silva<\/td>\n<td>Dia 23\/11, das 15:30 \u00e0s 17:30<\/td>\n<\/tr>\n<tr>\n<td>Oficina 2<\/td>\n<td>Fotomontagem com Gimp \u2013 cria\u00e7\u00e3o de capas para v\u00eddeos e apresenta\u00e7\u00f5es digitais<\/td>\n<td>Felipe Etchegaray Heidrich<\/td>\n<td>Dia 23\/11, das 15:30 \u00e0s 17:30<\/td>\n<\/tr>\n<tr>\n<td>Oficina 3<\/td>\n<td>Acessibilidade WEB<\/td>\n<td>Betha\u0302nia Luisa Lessa Werner<\/td>\n<td>Dia 23\/11, das 15:30 \u00e0s 17:30<\/td>\n<\/tr>\n<tr>\n<td>Oficina 4<\/td>\n<td>Viv\u00eancia em leitura dram\u00e1tica na SIIEPE<\/td>\n<td>Brenda Seneme Gobbi<\/td>\n<td>Dia 24\/11, das 15:30 \u00e0s 17:30<\/td>\n<\/tr>\n<tr>\n<td>Oficina 5<\/td>\n<td>Conhecendo a media\u00e7\u00e3o e outras formas de resolu\u00e7\u00e3o de conflitos em diferentes contextos sociais<\/td>\n<td>Carina Deolinda da Silva Lopes<\/td>\n<td>Dia 24\/11, das 15:30 \u00e0s 17:30<\/td>\n<\/tr>\n<tr>\n<td>Oficina 6<\/td>\n<td>Reuso de \u00c1gua pra qu\u00ea?<\/td>\n<td>Danielle de Almeida Bressiani<\/td>\n<td>Dia 24\/11, das 15:30 \u00e0s 17:30<\/td>\n<\/tr>\n<tr>\n<td>Oficina 7<\/td>\n<td>Empoderamento feminino e a import\u00e2ncia dos Coletivos no fortalecimento da(s) identidade (s) de g\u00eanero no \u00e2mbito da Universidade.<\/td>\n<td>Aline Nunes da Cunha de Medeiros<\/td>\n<td>Dia 25\/11, das 15:30 \u00e0s 17:30<\/td>\n<\/tr>\n<tr>\n<td>Oficina 8<\/td>\n<td>Desenvolvendo um cursinho pr\u00e9-vestibular comunit\u00e1rio entre alunos de gradua\u00e7\u00e3o \u2013 Cursinho Popular Atitude<\/td>\n<td>Fiona Maria Gando Guerra<\/td>\n<td>Dia 25\/11, das 15:30 \u00e0s 17:30<\/td>\n<\/tr>\n<tr>\n<td>Oficina 9<\/td>\n<td>Uso do registro fotogr\u00e1fico na documenta\u00e7\u00e3o de processos nos museus<\/td>\n<td>Joana Soster Lizot<\/td>\n<td>Dia 25\/11, das 15:30 \u00e0s 17:30<\/td>\n<\/tr>\n<tr>\n<td>Oficina\u00a010<\/td>\n<td>Pr\u00e1tica Circular de Constru\u00e7\u00e3o de Paz sobre a Inf\u00e2ncia<\/td>\n<td>Juliana Marques de Farias<\/td>\n<td>Dia 26\/11, das 15:30 \u00e0s 17:30<\/td>\n<\/tr>\n<tr>\n<td>Oficina 11<\/td>\n<td>Imaginando a partir de cl\u00e1ssicos do rock: uma oficina de escrita criativa<\/td>\n<td>Lo\u0301ren Cristine Ferreira Cuadros<\/td>\n<td>Dia 26\/11, das 15:30 \u00e0s 17:30<\/td>\n<\/tr>\n<tr>\n<td>Oficina 12<\/td>\n<td>Laborat\u00f3rio Virtual de Experimenta\u00e7\u00e3o<\/td>\n<td>Luiz Fernando dos Reis Rodolfo<\/td>\n<td>Dia 26\/11, das 15:30 \u00e0s 17:30<\/td>\n<\/tr>\n<tr>\n<td>Oficina 13<\/td>\n<td>Objetivos de Desenvolvimento Sustent\u00e1vel &#8211; PNUD\/ONU: o papel da Universidade no processo de territorializa\u00e7\u00e3o<\/td>\n<td>Mauri\u0301cio Pinto da Silva<\/td>\n<td>Dia 27\/11, das 15:30 \u00e0s 17:30<\/td>\n<\/tr>\n<tr>\n<td>Oficina 14<\/td>\n<td>Testes in vitro com endoparasitos para valida\u00e7\u00e3o de microrganismos, fitoter\u00e1picos e mol\u00e9culas qu\u00edmicas com potencial a\u00e7\u00e3o anti-helm\u00edntica<\/td>\n<td>Nata\u0301lia Berne Pinto<\/td>\n<td>Dia 27\/11, das 15:30 \u00e0s 17:30<\/td>\n<\/tr>\n<tr>\n<td>Oficina 15<\/td>\n<td>Oficina de Design Instrucional para o Ambiente Virtual de Aprendizagem (AVA) Moodle<\/td>\n<td>Patricia Mussi Escobar Iriondo Otero<\/td>\n<td>Dia 27\/11, das 15:30 \u00e0s 17:30<\/td>\n<\/tr>\n<\/tbody>\n<\/table>\n<p><\/p>\n","protected":false},"excerpt":{"rendered":"<p>As oficinas acontecer\u00e3o em ambiente virtual, de 23 a 27 de novembro, no hor\u00e1rio das 15:30 \u00e0s 17:30h. As inscri\u00e7\u00f5es podem ser feitas no formul\u00e1rio em: https:\/\/forms.gle\/Bdaad3rEGzF63mHq5 Informa\u00e7\u00f5es pelo email siiepe.oficinas@gmail.com Lista das oficinas ofertadas: OFICINA T\u00cdTULO MINISTRANTE DIA\/HORA Oficina 1 Como a Neuroci\u00eancia explica os processos de Aprendizado e Mem\u00f3ria Adriana Louren\u00e7o da Silva &hellip; <a href=\"https:\/\/wp.ufpel.edu.br\/siiepe\/siiepe-2020\/oficinas\/\" class=\"more-link\">Continue lendo <span class=\"screen-reader-text\">Oficinas<\/span> <span class=\"meta-nav\">&rarr;<\/span><\/a><\/p>\n","protected":false},"author":20,"featured_media":0,"parent":481,"menu_order":0,"comment_status":"closed","ping_status":"closed","template":"template-fullwidth.php","meta":{"jetpack_post_was_ever_published":false,"footnotes":"","_links_to":"","_links_to_target":""},"class_list":["post-183","page","type-page","status-publish","hentry"],"jetpack_sharing_enabled":true,"_links":{"self":[{"href":"https:\/\/wp.ufpel.edu.br\/siiepe\/wp-json\/wp\/v2\/pages\/183","targetHints":{"allow":["GET"]}}],"collection":[{"href":"https:\/\/wp.ufpel.edu.br\/siiepe\/wp-json\/wp\/v2\/pages"}],"about":[{"href":"https:\/\/wp.ufpel.edu.br\/siiepe\/wp-json\/wp\/v2\/types\/page"}],"author":[{"embeddable":true,"href":"https:\/\/wp.ufpel.edu.br\/siiepe\/wp-json\/wp\/v2\/users\/20"}],"replies":[{"embeddable":true,"href":"https:\/\/wp.ufpel.edu.br\/siiepe\/wp-json\/wp\/v2\/comments?post=183"}],"version-history":[{"count":12,"href":"https:\/\/wp.ufpel.edu.br\/siiepe\/wp-json\/wp\/v2\/pages\/183\/revisions"}],"predecessor-version":[{"id":650,"href":"https:\/\/wp.ufpel.edu.br\/siiepe\/wp-json\/wp\/v2\/pages\/183\/revisions\/650"}],"up":[{"embeddable":true,"href":"https:\/\/wp.ufpel.edu.br\/siiepe\/wp-json\/wp\/v2\/pages\/481"}],"wp:attachment":[{"href":"https:\/\/wp.ufpel.edu.br\/siiepe\/wp-json\/wp\/v2\/media?parent=183"}],"curies":[{"name":"wp","href":"https:\/\/api.w.org\/{rel}","templated":true}]}}