{"id":1752,"date":"2025-04-01T10:17:45","date_gmt":"2025-04-01T13:17:45","guid":{"rendered":"https:\/\/wp.ufpel.edu.br\/siiepe\/?page_id=1752"},"modified":"2025-10-17T11:06:07","modified_gmt":"2025-10-17T14:06:07","slug":"mostra-cultural","status":"publish","type":"page","link":"https:\/\/wp.ufpel.edu.br\/siiepe\/siiepe-2025\/mostra-cultural\/","title":{"rendered":"Mostra Cultural"},"content":{"rendered":"\n<h2 class=\"wp-block-heading\"><strong>Apresenta\u00e7\u00f5es:<\/strong><\/h2>\n\n\n\n<h3 class=\"wp-block-heading\"><strong>Seg. 20\/10<\/strong><\/h3>\n\n\n\n<p><strong>ABERTURA DA EXPOSI\u00c7\u00c3O DE FOTOGRAFIAS, CONCURSO \u201cUFPEL, SUA LINDA!\u201d<\/strong><br><strong>G\u00eanero: <\/strong>EXPOSI\u00c7\u00c3O<br><strong>Organizador:<\/strong> FUNDA\u00c7\u00c3O DELFIM MENDES SILVEIRA<br><strong>Hor\u00e1rio:<\/strong> 17h<br><strong>Local:<\/strong> Galeria Anglo \u2013 PREC\/UFPel (T\u00e9rreo, Campus Anglo)<\/p>\n\n\n\n<h3 class=\"wp-block-heading\"><strong>Ter. 21\/10<\/strong><\/h3>\n\n\n\n<p><strong>INSERV\u00cdVEIS<\/strong><br><strong>G\u00eanero: <\/strong>DRAMATURGIA<br><strong>Autoria:<\/strong> TAT\u00c1 \u2013 N\u00daCLEO DE DAN\u00c7A E TEATRO<br><strong>Hor\u00e1rio:<\/strong> 12h<br><strong>Local:<\/strong> Palco, \u00e1rea externa, Campus Anglo<\/p>\n\n\n\n<h3 class=\"wp-block-heading\"><strong>Qua. 22\/10<\/strong><\/h3>\n\n\n\n<p><strong>CORPO VIOLINO<\/strong><br><strong>G\u00eanero: <\/strong>PERFORMANCE<br><strong>Autoria:<\/strong> N\u00daCLEO DE TEATRO UFPEL<br><strong>Hor\u00e1rio:<\/strong> 12h<br><strong>Local:<\/strong> Palco, \u00e1rea externa, Campus Anglo<\/p>\n\n\n\n<p><strong>TEMPO E CANSA\u00c7O<\/strong><br><strong>G\u00eanero: <\/strong>DAN\u00c7A<br><strong>Autoria:<\/strong> LABORAT\u00d3RIO UBUNTU \u2013 AFETO, ARTE, AFRODIASP\u00d3RICAS, AM\u00c9RICAS UFPEL<br><strong>Hor\u00e1rio:<\/strong> 12:30h<br><strong>Local:<\/strong> Palco, \u00e1rea externa, Campus Anglo<\/p>\n\n\n\n<h3 class=\"wp-block-heading\"><strong>Qui. 23\/10<\/strong><\/h3>\n\n\n\n<p><strong>DUO SINISTRO<\/strong><br><strong>G\u00eanero: <\/strong>M\u00daSICA\/VIOL\u00c3O<br><strong>Autoria:<\/strong> LUCAS TAVARES e VIN\u00cdCIUS SANTOS<br><strong>Hor\u00e1rio:<\/strong> 12h<br><strong>Local:<\/strong> Palco, \u00e1rea externa, Campus Anglo<\/p>\n\n\n\n<h3 class=\"wp-block-heading\"><strong>Sex. 24\/10<\/strong><\/h3>\n\n\n\n<p><strong>ENCORDOADAMENTE \u2013 TEMAS AUTORAIS PARA VIOLA<\/strong><br><strong>G\u00eanero:<\/strong> M\u00daSICA\/VIOLA<br><strong>Autoria:<\/strong> GERSON LEME<br><strong>Hor\u00e1rio:<\/strong> 15:30h<br><strong>Local:<\/strong> Pelos corredores do\u00a0campus\u00a0Anglo<\/p>\n\n\n\n<hr class=\"wp-block-separator has-alpha-channel-opacity is-style-wide\"\/>\n\n\n\n<h2 class=\"wp-block-heading\"><strong>Exposi\u00e7\u00f5es:<\/strong><\/h2>\n\n\n\n<p><strong>EXPOSI\u00c7\u00c3O DE FOTOGRAFIAS<\/strong><br><strong>CONCURSO \u201cUFPEL, SUA LINDA!\u201d<\/strong><br><strong>Organizador:<\/strong> FUNDA\u00c7\u00c3O DELFIM MENDES SILVEIRA<br><strong>Per\u00edodo:<\/strong> de 20 a 24 de outubro de 2025<br><strong>Local:<\/strong> Galeria Anglo \u2013 PREC\/UFPel (T\u00e9rreo, Campus Anglo)<\/p>\n\n\n\n<p><strong>II ILUSTRE PAMPA<\/strong><br><strong>Organizador: <\/strong>N\u00daCLEO DE ILUSTRA\u00c7\u00c3O CIENT\u00cdFICA PAMPA SINGULAR<br><strong>Per\u00edodo:<\/strong> de 20 a 24 de outubro de 2025<br><strong>Local:<\/strong> \u00c1rea externa, Campus Anglo<\/p>\n\n\n\n<p><strong>CIRCENSES<\/strong><br><strong>Organizadores: <\/strong>N\u00e1dia da Cruz Senna e Lucas Espoladore<br><strong>Per\u00edodo:<\/strong> de 10 a 24 de outubro de 2025<br><strong>Local:<\/strong> Espa\u00e7o LEME, IFISP\/CCHS, Rua Alberto Rosa, 154.<\/p>\n\n\n\n<p><\/p>\n\n\n\n<p><\/p>\n\n\n\n<p><\/p>\n\n\n\n<p><\/p>\n\n\n\n<p><\/p>\n\n\n\n<p><\/p>\n","protected":false},"excerpt":{"rendered":"<p>Apresenta\u00e7\u00f5es: Seg. 20\/10 ABERTURA DA EXPOSI\u00c7\u00c3O DE FOTOGRAFIAS, CONCURSO \u201cUFPEL, SUA LINDA!\u201dG\u00eanero: EXPOSI\u00c7\u00c3OOrganizador: FUNDA\u00c7\u00c3O DELFIM MENDES SILVEIRAHor\u00e1rio: 17hLocal: Galeria Anglo \u2013 PREC\/UFPel (T\u00e9rreo, Campus Anglo) Ter. 21\/10 INSERV\u00cdVEISG\u00eanero: DRAMATURGIAAutoria: TAT\u00c1 \u2013 N\u00daCLEO DE DAN\u00c7A E TEATROHor\u00e1rio: 12hLocal: Palco, \u00e1rea externa, Campus Anglo Qua. 22\/10 CORPO VIOLINOG\u00eanero: PERFORMANCEAutoria: N\u00daCLEO DE TEATRO UFPELHor\u00e1rio: 12hLocal: Palco, \u00e1rea externa, &hellip; <a href=\"https:\/\/wp.ufpel.edu.br\/siiepe\/siiepe-2025\/mostra-cultural\/\" class=\"more-link\">Continue lendo <span class=\"screen-reader-text\">Mostra Cultural<\/span> <span class=\"meta-nav\">&rarr;<\/span><\/a><\/p>\n","protected":false},"author":20,"featured_media":0,"parent":1732,"menu_order":0,"comment_status":"closed","ping_status":"closed","template":"","meta":{"jetpack_post_was_ever_published":false,"footnotes":"","_links_to":"","_links_to_target":""},"class_list":["post-1752","page","type-page","status-publish","hentry"],"jetpack_sharing_enabled":true,"_links":{"self":[{"href":"https:\/\/wp.ufpel.edu.br\/siiepe\/wp-json\/wp\/v2\/pages\/1752","targetHints":{"allow":["GET"]}}],"collection":[{"href":"https:\/\/wp.ufpel.edu.br\/siiepe\/wp-json\/wp\/v2\/pages"}],"about":[{"href":"https:\/\/wp.ufpel.edu.br\/siiepe\/wp-json\/wp\/v2\/types\/page"}],"author":[{"embeddable":true,"href":"https:\/\/wp.ufpel.edu.br\/siiepe\/wp-json\/wp\/v2\/users\/20"}],"replies":[{"embeddable":true,"href":"https:\/\/wp.ufpel.edu.br\/siiepe\/wp-json\/wp\/v2\/comments?post=1752"}],"version-history":[{"count":3,"href":"https:\/\/wp.ufpel.edu.br\/siiepe\/wp-json\/wp\/v2\/pages\/1752\/revisions"}],"predecessor-version":[{"id":1929,"href":"https:\/\/wp.ufpel.edu.br\/siiepe\/wp-json\/wp\/v2\/pages\/1752\/revisions\/1929"}],"up":[{"embeddable":true,"href":"https:\/\/wp.ufpel.edu.br\/siiepe\/wp-json\/wp\/v2\/pages\/1732"}],"wp:attachment":[{"href":"https:\/\/wp.ufpel.edu.br\/siiepe\/wp-json\/wp\/v2\/media?parent=1752"}],"curies":[{"name":"wp","href":"https:\/\/api.w.org\/{rel}","templated":true}]}}