{"id":1749,"date":"2025-04-01T10:17:11","date_gmt":"2025-04-01T13:17:11","guid":{"rendered":"https:\/\/wp.ufpel.edu.br\/siiepe\/?page_id=1749"},"modified":"2025-10-02T10:32:54","modified_gmt":"2025-10-02T13:32:54","slug":"palestras","status":"publish","type":"page","link":"https:\/\/wp.ufpel.edu.br\/siiepe\/siiepe-2025\/palestras\/","title":{"rendered":"Palestras"},"content":{"rendered":"\n<h2 class=\"wp-block-heading\">PALESTRA 1<\/h2>\n\n\n\n<p>Palestrante: Katiuscia Ribeiro<br>Media\u00e7\u00e3o:<br>T\u00edtulo da palestra: Conhecimento \u00e9 vida: porque o epistemic\u00eddio mata primeiro<br>Data: 21\/10<br>Hor\u00e1rio: 19h<br>Local: Pelotas Parque Cient\u00edfico e Tecnol\u00f3gico &#8211; Av. Domingos de Almeida, 1785 &#8211; Areal<\/p>\n\n\n\n<h2 class=\"wp-block-heading\">PALESTRA 2<\/h2>\n\n\n\n<p>Palestrante: C\u00e1ssia Maciel (Pr\u00f3-Reitora de A\u00e7\u00f5es Afirmativas e Assuntos Estudantis\/UFBA)<br>Media\u00e7\u00e3o:<br>T\u00edtulo da palestra: Mulheres Negras na Gest\u00e3o Universit\u00e1ria: Lideran\u00e7a e Governan\u00e7a<br>Data: 22\/10<br>Hor\u00e1rio: 19h<br>Local: Pelotas Parque Cient\u00edfico e Tecnol\u00f3gico &#8211; Av. Domingos de Almeida, 1785 &#8211; Areal<\/p>\n\n\n\n<h2 class=\"wp-block-heading\">3MT &#8211; SUA TESE EM 3 MIN<\/h2>\n\n\n\n<p>Data: 23\/10<br>Hor\u00e1rio: 19h<br>Local: Pelotas Parque Cient\u00edfico e Tecnol\u00f3gico &#8211; Av. Domingos de Almeida, 1785 &#8211; Areal<\/p>\n\n\n\n<p><\/p>\n\n\n\n<p><\/p>\n","protected":false},"excerpt":{"rendered":"<p>PALESTRA 1 Palestrante: Katiuscia RibeiroMedia\u00e7\u00e3o:T\u00edtulo da palestra: Conhecimento \u00e9 vida: porque o epistemic\u00eddio mata primeiroData: 21\/10Hor\u00e1rio: 19hLocal: Pelotas Parque Cient\u00edfico e Tecnol\u00f3gico &#8211; Av. Domingos de Almeida, 1785 &#8211; Areal PALESTRA 2 Palestrante: C\u00e1ssia Maciel (Pr\u00f3-Reitora de A\u00e7\u00f5es Afirmativas e Assuntos Estudantis\/UFBA)Media\u00e7\u00e3o:T\u00edtulo da palestra: Mulheres Negras na Gest\u00e3o Universit\u00e1ria: Lideran\u00e7a e Governan\u00e7aData: 22\/10Hor\u00e1rio: 19hLocal: Pelotas &hellip; <a href=\"https:\/\/wp.ufpel.edu.br\/siiepe\/siiepe-2025\/palestras\/\" class=\"more-link\">Continue lendo <span class=\"screen-reader-text\">Palestras<\/span> <span class=\"meta-nav\">&rarr;<\/span><\/a><\/p>\n","protected":false},"author":20,"featured_media":0,"parent":1732,"menu_order":0,"comment_status":"closed","ping_status":"closed","template":"","meta":{"jetpack_post_was_ever_published":false,"footnotes":"","_links_to":"","_links_to_target":""},"class_list":["post-1749","page","type-page","status-publish","hentry"],"jetpack_sharing_enabled":true,"_links":{"self":[{"href":"https:\/\/wp.ufpel.edu.br\/siiepe\/wp-json\/wp\/v2\/pages\/1749","targetHints":{"allow":["GET"]}}],"collection":[{"href":"https:\/\/wp.ufpel.edu.br\/siiepe\/wp-json\/wp\/v2\/pages"}],"about":[{"href":"https:\/\/wp.ufpel.edu.br\/siiepe\/wp-json\/wp\/v2\/types\/page"}],"author":[{"embeddable":true,"href":"https:\/\/wp.ufpel.edu.br\/siiepe\/wp-json\/wp\/v2\/users\/20"}],"replies":[{"embeddable":true,"href":"https:\/\/wp.ufpel.edu.br\/siiepe\/wp-json\/wp\/v2\/comments?post=1749"}],"version-history":[{"count":3,"href":"https:\/\/wp.ufpel.edu.br\/siiepe\/wp-json\/wp\/v2\/pages\/1749\/revisions"}],"predecessor-version":[{"id":1864,"href":"https:\/\/wp.ufpel.edu.br\/siiepe\/wp-json\/wp\/v2\/pages\/1749\/revisions\/1864"}],"up":[{"embeddable":true,"href":"https:\/\/wp.ufpel.edu.br\/siiepe\/wp-json\/wp\/v2\/pages\/1732"}],"wp:attachment":[{"href":"https:\/\/wp.ufpel.edu.br\/siiepe\/wp-json\/wp\/v2\/media?parent=1749"}],"curies":[{"name":"wp","href":"https:\/\/api.w.org\/{rel}","templated":true}]}}