{"id":1732,"date":"2025-03-31T10:10:44","date_gmt":"2025-03-31T13:10:44","guid":{"rendered":"https:\/\/wp.ufpel.edu.br\/siiepe\/?page_id=1732"},"modified":"2025-11-05T10:02:21","modified_gmt":"2025-11-05T13:02:21","slug":"siiepe-2025","status":"publish","type":"page","link":"https:\/\/wp.ufpel.edu.br\/siiepe\/siiepe-2025\/","title":{"rendered":"11\u00aa SIIEPE"},"content":{"rendered":"<h2>\u201cUFPel Afirmativa: Ci\u00eancia, Direitos Sociais e Justi\u00e7a Ambiental\u201d<\/h2>\n<p><strong>DE 20 A 24 DE OUTUBRO DE 2025 \u2013 CAMPUS ANGLO<\/strong><\/p>\n<p>Regulamento 11\u00aa SIIEPE &#8211; 2025<\/p>\n<ul>\n<li><a href=\"https:\/\/wp.ufpel.edu.br\/siiepe\/siiepe-2025\/apresentacao\/\">Apresenta\u00e7\u00e3o do tema da 11\u00aa SIIEPE<\/a><\/li>\n<li><a href=\"https:\/\/wp.ufpel.edu.br\/siiepe\/siiepe-2025\/programacao\/\">Programa\u00e7\u00e3o<\/a><\/li>\n<li><a href=\"https:\/\/wp.ufpel.edu.br\/siiepe\/siiepe-2025\/apresentacoes-performativas-11a-siiepe\/\">Apresenta\u00e7\u00f5es performativas<\/a><\/li>\n<li><a href=\"https:\/\/wp.ufpel.edu.br\/siiepe\/siiepe-2025\/mostra-cultural\/\">Mostra cultural<\/a><\/li>\n<li><a href=\"https:\/\/wp.ufpel.edu.br\/siiepe\/siiepe-2025\/paineis-tematicos\/\">Pain\u00e9is tem\u00e1ticos<\/a><\/li>\n<li><a href=\"https:\/\/wp.ufpel.edu.br\/siiepe\/siiepe-2025\/palestras\/\">Palestras<\/a><\/li>\n<\/ul>\n<p>&nbsp;<\/p>\n<p><strong>EVENTOS:<\/strong><\/p>\n<ul>\n<li><a href=\"https:\/\/wp.ufpel.edu.br\/siiepejovem\/\">I SIIEPE Jovem<\/a><\/li>\n<li><a href=\"https:\/\/wp.ufpel.edu.br\/congressoinovacao\">IX CIT<\/a><\/li>\n<li><a href=\"https:\/\/wp.ufpel.edu.br\/ceg\">XI CEG<\/a><\/li>\n<li><a href=\"https:\/\/wp.ufpel.edu.br\/congressoextensao\">XII CEC<\/a><\/li>\n<li><a href=\"https:\/\/wp.ufpel.edu.br\/enpos\">XXVII ENPOS<\/a><\/li>\n<li><a href=\"https:\/\/wp.ufpel.edu.br\/cic\">XXXIV CIC<\/a><\/li>\n<\/ul>\n<p>&nbsp;<\/p>\n","protected":false},"excerpt":{"rendered":"<p>\u201cUFPel Afirmativa: Ci\u00eancia, Direitos Sociais e Justi\u00e7a Ambiental\u201d DE 20 A 24 DE OUTUBRO DE 2025 \u2013 CAMPUS ANGLO Regulamento 11\u00aa SIIEPE &#8211; 2025 Apresenta\u00e7\u00e3o do tema da 11\u00aa SIIEPE Programa\u00e7\u00e3o Apresenta\u00e7\u00f5es performativas Mostra cultural Pain\u00e9is tem\u00e1ticos Palestras &nbsp; EVENTOS: I SIIEPE Jovem IX CIT XI CEG XII CEC XXVII ENPOS XXXIV CIC &nbsp;<\/p>\n","protected":false},"author":20,"featured_media":0,"parent":0,"menu_order":0,"comment_status":"closed","ping_status":"closed","template":"","meta":{"jetpack_post_was_ever_published":false,"footnotes":"","_links_to":"","_links_to_target":""},"class_list":["post-1732","page","type-page","status-publish","hentry"],"jetpack_sharing_enabled":true,"_links":{"self":[{"href":"https:\/\/wp.ufpel.edu.br\/siiepe\/wp-json\/wp\/v2\/pages\/1732","targetHints":{"allow":["GET"]}}],"collection":[{"href":"https:\/\/wp.ufpel.edu.br\/siiepe\/wp-json\/wp\/v2\/pages"}],"about":[{"href":"https:\/\/wp.ufpel.edu.br\/siiepe\/wp-json\/wp\/v2\/types\/page"}],"author":[{"embeddable":true,"href":"https:\/\/wp.ufpel.edu.br\/siiepe\/wp-json\/wp\/v2\/users\/20"}],"replies":[{"embeddable":true,"href":"https:\/\/wp.ufpel.edu.br\/siiepe\/wp-json\/wp\/v2\/comments?post=1732"}],"version-history":[{"count":3,"href":"https:\/\/wp.ufpel.edu.br\/siiepe\/wp-json\/wp\/v2\/pages\/1732\/revisions"}],"predecessor-version":[{"id":1939,"href":"https:\/\/wp.ufpel.edu.br\/siiepe\/wp-json\/wp\/v2\/pages\/1732\/revisions\/1939"}],"wp:attachment":[{"href":"https:\/\/wp.ufpel.edu.br\/siiepe\/wp-json\/wp\/v2\/media?parent=1732"}],"curies":[{"name":"wp","href":"https:\/\/api.w.org\/{rel}","templated":true}]}}