{"id":172,"date":"2018-06-11T08:54:49","date_gmt":"2018-06-11T11:54:49","guid":{"rendered":"https:\/\/wp.ufpel.edu.br\/siiepe\/?page_id=172"},"modified":"2020-03-12T12:21:17","modified_gmt":"2020-03-12T15:21:17","slug":"siiepe-2018","status":"publish","type":"page","link":"https:\/\/wp.ufpel.edu.br\/siiepe\/siiepe-2018\/","title":{"rendered":"4\u00aa SIIEPE"},"content":{"rendered":"<h2>\u201cA centen\u00e1ria promessa do conhecimento democr\u00e1tico:<br \/>\npor uma universidade do encontro e da inclus\u00e3o!\u201d<\/h2>\n<p><strong>DE 22 A 26 DE OUTUBRO DE 2018, NO CAMPUS ANGLO E CAMPUS II<\/strong><\/p>\n<p><a href=\"https:\/\/wp.ufpel.edu.br\/siiepe\/files\/2020\/03\/Regulamento-IV-SIIEPE.pdf\">Regulamento IV SIIEPE<\/a><\/p>\n<ul>\n<li><a href=\"https:\/\/wp.ufpel.edu.br\/siiepe\/siiepe-2018\/tema-da-4a-siiepe\/\">Apresenta\u00e7\u00e3o do Tema da 4\u00aa SIIEPE<\/a><\/li>\n<li><a href=\"https:\/\/wp.ufpel.edu.br\/siiepe\/siiepe-2018\/conferencia-de-abertura-2018\/\">Confer\u00eancia de Abertura<\/a><\/li>\n<li><a href=\"https:\/\/wp.ufpel.edu.br\/siiepe\/siiepe-2018\/programacao-2018\/\">Programa\u00e7\u00e3o<\/a><\/li>\n<li><a href=\"https:\/\/wp.ufpel.edu.br\/siiepe\/siiepe-2018\/mesas-redondas-2018\/\">Mesas Redondas<\/a><\/li>\n<\/ul>\n<p><strong>EVENTOS:<\/strong><\/p>\n<ul>\n<li><a href=\"https:\/\/wp.ufpel.edu.br\/congressoinovacao\/edicoes-anteriores\/ii-cit-2018\/\">II CIT<\/a><\/li>\n<li><a href=\"https:\/\/wp.ufpel.edu.br\/ceg\/edicoes-anteriores\/iv-ceg-2018\/\">IV CEG<\/a><\/li>\n<li><a href=\"https:\/\/wp.ufpel.edu.br\/congressoextensao\/edicoes-anteriores\/v-cec-2018\/\">V CEC<\/a><\/li>\n<li><a href=\"https:\/\/wp.ufpel.edu.br\/enpos\/edicoes-anteriores\/xx-enpos-2018\/\">XX ENPOS<\/a><\/li>\n<li><a href=\"https:\/\/wp.ufpel.edu.br\/cic\/edicoes-anteriores\/xxvii-cic-2018\/\">XXVII CIC<\/a><\/li>\n<\/ul>\n<p>&nbsp;<\/p>\n","protected":false},"excerpt":{"rendered":"<p>\u201cA centen\u00e1ria promessa do conhecimento democr\u00e1tico: por uma universidade do encontro e da inclus\u00e3o!\u201d DE 22 A 26 DE OUTUBRO DE 2018, NO CAMPUS ANGLO E CAMPUS II Regulamento IV SIIEPE Apresenta\u00e7\u00e3o do Tema da 4\u00aa SIIEPE Confer\u00eancia de Abertura Programa\u00e7\u00e3o Mesas Redondas EVENTOS: II CIT IV CEG V CEC XX ENPOS XXVII CIC &nbsp;<\/p>\n","protected":false},"author":20,"featured_media":0,"parent":0,"menu_order":0,"comment_status":"closed","ping_status":"closed","template":"template-fullwidth.php","meta":{"jetpack_post_was_ever_published":false,"footnotes":"","_links_to":"","_links_to_target":""},"class_list":["post-172","page","type-page","status-publish","hentry"],"jetpack_sharing_enabled":true,"_links":{"self":[{"href":"https:\/\/wp.ufpel.edu.br\/siiepe\/wp-json\/wp\/v2\/pages\/172","targetHints":{"allow":["GET"]}}],"collection":[{"href":"https:\/\/wp.ufpel.edu.br\/siiepe\/wp-json\/wp\/v2\/pages"}],"about":[{"href":"https:\/\/wp.ufpel.edu.br\/siiepe\/wp-json\/wp\/v2\/types\/page"}],"author":[{"embeddable":true,"href":"https:\/\/wp.ufpel.edu.br\/siiepe\/wp-json\/wp\/v2\/users\/20"}],"replies":[{"embeddable":true,"href":"https:\/\/wp.ufpel.edu.br\/siiepe\/wp-json\/wp\/v2\/comments?post=172"}],"version-history":[{"count":14,"href":"https:\/\/wp.ufpel.edu.br\/siiepe\/wp-json\/wp\/v2\/pages\/172\/revisions"}],"predecessor-version":[{"id":466,"href":"https:\/\/wp.ufpel.edu.br\/siiepe\/wp-json\/wp\/v2\/pages\/172\/revisions\/466"}],"wp:attachment":[{"href":"https:\/\/wp.ufpel.edu.br\/siiepe\/wp-json\/wp\/v2\/media?parent=172"}],"curies":[{"name":"wp","href":"https:\/\/api.w.org\/{rel}","templated":true}]}}