{"id":1529,"date":"2024-05-03T10:13:18","date_gmt":"2024-05-03T13:13:18","guid":{"rendered":"https:\/\/wp.ufpel.edu.br\/siiepe\/?page_id=1529"},"modified":"2024-11-22T09:51:46","modified_gmt":"2024-11-22T12:51:46","slug":"programacao","status":"publish","type":"page","link":"https:\/\/wp.ufpel.edu.br\/siiepe\/siiepe-2024\/programacao\/","title":{"rendered":"Programa\u00e7\u00e3o"},"content":{"rendered":"<table style=\"table-layout: fixed;\" border=\"1\">\n<tbody>\n<tr>\n<td style=\"background-color: #f0f0f0; text-align: center; width: 101px;\"><strong>MANH\u00c3<\/strong><\/td>\n<td style=\"background-color: #f0f0f0; text-align: center; width: 101px;\"><strong>SEGUNDA (25\/11)<\/strong><\/td>\n<td style=\"background-color: #f0f0f0; text-align: center; width: 101px;\"><strong>TER\u00c7A (26\/11)<\/strong><\/td>\n<td style=\"background-color: #f0f0f0; text-align: center; width: 101px;\"><strong>QUARTA (27\/11)<\/strong><\/td>\n<td style=\"background-color: #f0f0f0; text-align: center; width: 101px;\"><strong>QUINTA (28\/11)<\/strong><\/td>\n<td style=\"background-color: #f0f0f0; text-align: center; width: 101px;\"><strong>SEXTA (29\/11)<\/strong><\/td>\n<\/tr>\n<tr>\n<td style=\"text-align: center; width: 101px;\"><strong>08:30 &#8211; 10:00<\/strong><\/td>\n<td style=\"width: 101px; text-align: center;\"><strong>Abertura do evento<\/strong><\/td>\n<td style=\"width: 101px; text-align: center;\">Apresenta\u00e7\u00f5es Orais<br \/>\nCEC\/CIC\/ENPOS\/CIT<\/td>\n<td style=\"width: 101px; text-align: center;\">Apresenta\u00e7\u00f5es Orais<br \/>\nCEC\/CIC\/ENPOS\/CIT<\/td>\n<td style=\"width: 101px; text-align: center;\">Apresenta\u00e7\u00f5es Orais<br \/>\nCEC\/CIC\/ENPOS\/CIT<\/td>\n<td style=\"width: 101px; text-align: center;\">Apresenta\u00e7\u00f5es Orais<br \/>\nCEC\/CIC\/ENPOS\/CIT<\/p>\n<p><a href=\"https:\/\/wp.ufpel.edu.br\/siiepe\/siiepe-2024\/apresentacoes-performativas-10a-siiepe\/\">Apresenta\u00e7\u00f5es Performativas<\/a><\/td>\n<\/tr>\n<tr>\n<td style=\"text-align: center; width: 101px; background-color: #f5f5f5;\"><strong>10:00 &#8211; 10:30<\/strong><\/td>\n<td style=\"width: 101px; text-align: center; background-color: #f5f5f5;\">INTERVALO<\/td>\n<td style=\"width: 101px; text-align: center; background-color: #f5f5f5;\">INTERVALO<\/td>\n<td style=\"width: 101px; text-align: center; background-color: #f5f5f5;\">INTERVALO<\/td>\n<td style=\"width: 101px; text-align: center; background-color: #f5f5f5;\">INTERVALO<\/td>\n<td style=\"width: 101px; text-align: center; background-color: #f5f5f5;\">INTERVALO<\/td>\n<\/tr>\n<tr>\n<td style=\"text-align: center; width: 101px;\"><strong>10:30 &#8211; 12:00<\/strong><\/td>\n<td style=\"width: 101px; text-align: center;\">Apresenta\u00e7\u00f5es Orais<br \/>\nCEC\/CIC\/ENPOS\/CIT<\/td>\n<td style=\"width: 101px; text-align: center;\">Apresenta\u00e7\u00f5es Orais<br \/>\nCEC\/CIC\/ENPOS\/CIT<\/td>\n<td style=\"width: 101px; text-align: center;\">Apresenta\u00e7\u00f5es Orais<br \/>\nCEC\/CIC\/ENPOS\/CIT<\/td>\n<td style=\"width: 101px; text-align: center;\">Apresenta\u00e7\u00f5es Orais<br \/>\nCEC\/CIC\/ENPOS\/CIT<\/td>\n<td style=\"width: 101px; text-align: center;\">Apresenta\u00e7\u00f5es Orais<br \/>\n<span style=\"font-weight: 400;\">CEG\/CIC\/ENPOS\/CIT<\/span><\/td>\n<\/tr>\n<tr>\n<td style=\"text-align: center; width: 101px; background-color: #f5f5f5;\"><strong>TARDE<\/strong><\/td>\n<td style=\"text-align: center; width: 101px; background-color: #f5f5f5;\"><\/td>\n<td style=\"text-align: center; width: 101px; background-color: #f5f5f5;\"><\/td>\n<td style=\"text-align: center; width: 101px; background-color: #f5f5f5;\"><\/td>\n<td style=\"text-align: center; width: 101px; background-color: #f5f5f5;\"><\/td>\n<td style=\"text-align: center; width: 101px; background-color: #f5f5f5;\"><\/td>\n<\/tr>\n<tr>\n<td style=\"text-align: center; width: 101px;\"><strong>14:00 &#8211; 15:30<\/strong><\/td>\n<td style=\"text-align: center; width: 101px;\">Apresenta\u00e7\u00f5es Orais<br \/>\nCEG\/CIC\/ENPOS\/CIT<\/td>\n<td style=\"width: 101px; text-align: center;\">Apresenta\u00e7\u00f5es Orais<br \/>\nCEG\/CIC\/ENPOS\/CIT<\/td>\n<td style=\"text-align: center; width: 101px;\">Apresenta\u00e7\u00f5es Orais<br \/>\nCEG\/CIC\/ENPOS\/CIT<\/td>\n<td style=\"text-align: center; width: 101px;\"><a href=\"https:\/\/wp.ufpel.edu.br\/siiepe\/siiepe-2024\/paineis-tematicos\/\">Pain\u00e9is Tem\u00e1ticos<\/a><\/td>\n<td style=\"width: 101px; text-align: center;\">Apresenta\u00e7\u00f5es Orais<br \/>\nCEG\/CIC\/ENPOS\/CIT<\/td>\n<\/tr>\n<tr>\n<td style=\"text-align: center; width: 101px; background-color: #f5f5f5;\"><strong>15:30 &#8211; 16:00<\/strong><\/td>\n<td style=\"text-align: center; width: 101px; background-color: #f5f5f5;\">INTERVALO<\/td>\n<td style=\"width: 101px; text-align: center; background-color: #f5f5f5;\">INTERVALO<\/td>\n<td style=\"width: 101px; background-color: #f5f5f5; text-align: center; vertical-align: middle;\">INTERVALO<\/td>\n<td style=\"text-align: center; width: 101px; background-color: #f5f5f5;\">INTERVALO<\/td>\n<td style=\"width: 101px; text-align: center; background-color: #f5f5f5;\">INTERVALO<\/td>\n<\/tr>\n<tr>\n<td style=\"text-align: center; width: 101px;\"><strong>16:00 &#8211; 17:30<\/strong><\/td>\n<td style=\"text-align: center; width: 101px;\">Apresenta\u00e7\u00f5es Orais<br \/>\nCEG\/CIC\/ENPOS\/CIT<\/td>\n<td style=\"width: 101px; text-align: center;\">Apresenta\u00e7\u00f5es Orais<br \/>\nCEG\/CIC\/ENPOS\/CIT<\/td>\n<td style=\"text-align: center; vertical-align: middle; width: 101px;\">Apresenta\u00e7\u00f5es Orais<br \/>\nCEG\/CIC\/ENPOS\/CIT<\/td>\n<td style=\"text-align: center; width: 101px;\">\n<p><b>Palestra 2<\/b><\/p>\n<p><b><i>Da F\u00edsica de Part\u00edculas a divulga\u00e7\u00e3o cient\u00edfica\u00a0<\/i><\/b><\/p>\n<p><span style=\"font-weight: 400;\">Local: Audit\u00f3rio Dom Ant\u00f4nio Zattera (R. Gon\u00e7alves Chaves, 373)<\/span><\/p>\n<p><span style=\"font-weight: 400;\">Palestrante: Gabriela Bailas<\/span><\/td>\n<td style=\"width: 101px; text-align: center;\">\n<p>Apresenta\u00e7\u00f5es Orais CEG\/CIC\/ENPOS\/CIT<\/p>\n<p><strong>Ap\u00f3s 17:30<br \/>\nEncerramento<\/strong><\/td>\n<\/tr>\n<tr>\n<td style=\"text-align: center; width: 101px; background-color: #f5f5f5;\"><strong>NOITE<\/strong><\/td>\n<td style=\"width: 101px; text-align: center; vertical-align: top; background-color: #f5f5f5;\"><\/td>\n<td style=\"width: 101px; vertical-align: top; background-color: #f5f5f5;\"><\/td>\n<td style=\"width: 101px; text-align: center; vertical-align: top; background-color: #f5f5f5;\"><\/td>\n<td style=\"text-align: center; width: 101px; vertical-align: top; background-color: #f5f5f5;\"><\/td>\n<td style=\"width: 101px; text-align: center; vertical-align: top; background-color: #f5f5f5;\"><\/td>\n<\/tr>\n<tr>\n<td style=\"width: 101px; text-align: center; vertical-align: top;\"><strong>19:00 &#8211; 20:30<\/strong><\/td>\n<td style=\"width: 101px; text-align: center; vertical-align: top;\">\n<p><b>Palestra (abertura)\u00a0<\/b><\/p>\n<p><b><i>Outorga de t\u00edtulo Doutor Honoris Causa ao professor pesquisador Cesar Gomes VIctora<\/i><\/b><\/p>\n<p><span style=\"font-weight: 400;\">Local: Audit\u00f3rio Dom Ant\u00f4nio Zattera (R. Gon\u00e7alves Chaves, 373)<\/span><\/td>\n<td style=\"width: 101px; vertical-align: top; text-align: center;\">\n<p><b>Mostra Cultural<\/b><\/p>\n<p><span style=\"font-weight: 400;\">Local: Audit\u00f3rio Dom Ant\u00f4nio Zattera (R. Gon\u00e7alves Chaves, 373)<\/span><\/td>\n<td style=\"width: 101px; text-align: center; vertical-align: top;\">\n<p><b>Sua Tese em 3 Minutos (3MT)\u00a0<\/b><\/p>\n<p><span style=\"font-weight: 400;\">Local: Audit\u00f3rio Dom Ant\u00f4nio Zattera (R. Gon\u00e7alves Chaves, 373)<\/span><\/td>\n<td style=\"text-align: center; width: 101px; vertical-align: top;\">\n<p><b>Palestra 3<\/b><\/p>\n<p><b><i>Desaf\u00edos de la extensi\u00f3n y la integralidad en la regi\u00f3n sur de Am\u00e9rica<\/i><\/b><\/p>\n<p><span style=\"font-weight: 400;\">Local: Audit\u00f3rio Dom Ant\u00f4nio Zattera (R. Gon\u00e7alves Chaves, 373)<\/span><\/p>\n<p><span style=\"font-weight: 400;\">Palestrante: Humberto Tommasino Ferraro<\/span><\/td>\n<td style=\"width: 101px; text-align: center; vertical-align: top;\"><\/td>\n<\/tr>\n<\/tbody>\n<\/table>\n<p><\/p>\n","protected":false},"excerpt":{"rendered":"<p>MANH\u00c3 SEGUNDA (25\/11) TER\u00c7A (26\/11) QUARTA (27\/11) QUINTA (28\/11) SEXTA (29\/11) 08:30 &#8211; 10:00 Abertura do evento Apresenta\u00e7\u00f5es Orais CEC\/CIC\/ENPOS\/CIT Apresenta\u00e7\u00f5es Orais CEC\/CIC\/ENPOS\/CIT Apresenta\u00e7\u00f5es Orais CEC\/CIC\/ENPOS\/CIT Apresenta\u00e7\u00f5es Orais CEC\/CIC\/ENPOS\/CIT Apresenta\u00e7\u00f5es Performativas 10:00 &#8211; 10:30 INTERVALO INTERVALO INTERVALO INTERVALO INTERVALO 10:30 &#8211; 12:00 Apresenta\u00e7\u00f5es Orais CEC\/CIC\/ENPOS\/CIT Apresenta\u00e7\u00f5es Orais CEC\/CIC\/ENPOS\/CIT Apresenta\u00e7\u00f5es Orais CEC\/CIC\/ENPOS\/CIT Apresenta\u00e7\u00f5es Orais CEC\/CIC\/ENPOS\/CIT Apresenta\u00e7\u00f5es &hellip; <a href=\"https:\/\/wp.ufpel.edu.br\/siiepe\/siiepe-2024\/programacao\/\" class=\"more-link\">Continue lendo <span class=\"screen-reader-text\">Programa\u00e7\u00e3o<\/span> <span class=\"meta-nav\">&rarr;<\/span><\/a><\/p>\n","protected":false},"author":20,"featured_media":0,"parent":1518,"menu_order":0,"comment_status":"closed","ping_status":"closed","template":"template-fullwidth.php","meta":{"jetpack_post_was_ever_published":false,"footnotes":"","_links_to":"","_links_to_target":""},"class_list":["post-1529","page","type-page","status-publish","hentry"],"jetpack_sharing_enabled":true,"_links":{"self":[{"href":"https:\/\/wp.ufpel.edu.br\/siiepe\/wp-json\/wp\/v2\/pages\/1529","targetHints":{"allow":["GET"]}}],"collection":[{"href":"https:\/\/wp.ufpel.edu.br\/siiepe\/wp-json\/wp\/v2\/pages"}],"about":[{"href":"https:\/\/wp.ufpel.edu.br\/siiepe\/wp-json\/wp\/v2\/types\/page"}],"author":[{"embeddable":true,"href":"https:\/\/wp.ufpel.edu.br\/siiepe\/wp-json\/wp\/v2\/users\/20"}],"replies":[{"embeddable":true,"href":"https:\/\/wp.ufpel.edu.br\/siiepe\/wp-json\/wp\/v2\/comments?post=1529"}],"version-history":[{"count":7,"href":"https:\/\/wp.ufpel.edu.br\/siiepe\/wp-json\/wp\/v2\/pages\/1529\/revisions"}],"predecessor-version":[{"id":1706,"href":"https:\/\/wp.ufpel.edu.br\/siiepe\/wp-json\/wp\/v2\/pages\/1529\/revisions\/1706"}],"up":[{"embeddable":true,"href":"https:\/\/wp.ufpel.edu.br\/siiepe\/wp-json\/wp\/v2\/pages\/1518"}],"wp:attachment":[{"href":"https:\/\/wp.ufpel.edu.br\/siiepe\/wp-json\/wp\/v2\/media?parent=1529"}],"curies":[{"name":"wp","href":"https:\/\/api.w.org\/{rel}","templated":true}]}}