{"id":1525,"date":"2024-05-02T11:45:10","date_gmt":"2024-05-02T14:45:10","guid":{"rendered":"https:\/\/wp.ufpel.edu.br\/siiepe\/?page_id=1525"},"modified":"2024-11-07T10:10:20","modified_gmt":"2024-11-07T13:10:20","slug":"paineis-tematicos","status":"publish","type":"page","link":"https:\/\/wp.ufpel.edu.br\/siiepe\/siiepe-2024\/paineis-tematicos\/","title":{"rendered":"Pain\u00e9is Tem\u00e1ticos"},"content":{"rendered":"\n<p><strong>Quinta 28\/11 \u2013 tarde<\/strong><\/p>\n\n\n\n<p><strong>PAINEL 1<\/strong><\/p>\n\n\n\n<p>Hor\u00e1rio: 14h \u00e0s 15:30<br>Tema: Apresenta\u00e7\u00f5es acad\u00eamicas em l\u00edngua inglesa<br>Mediadoras: Helena Selbach e M\u00e1rcia Klee<br>Local: Anglo &#8211; audit\u00f3rio acad\u00eamico<\/p>\n\n\n\n<p><strong>PAINEL 2<\/strong><\/p>\n\n\n\n<p>Hor\u00e1rio: 14h \u00e0s 15:30<br>Tema: &#8220;Gira UFPEL! EscutaA\u00c7\u00c3O das nossas dores cotidianas&#8221;<br>Mediadora: Tha\u00edse Mendes Farias<br>Local: Anglo &#8211; audit\u00f3rio reitoria<\/p>\n\n\n\n<p><\/p>\n","protected":false},"excerpt":{"rendered":"<p>Quinta 28\/11 \u2013 tarde PAINEL 1 Hor\u00e1rio: 14h \u00e0s 15:30Tema: Apresenta\u00e7\u00f5es acad\u00eamicas em l\u00edngua inglesaMediadoras: Helena Selbach e M\u00e1rcia KleeLocal: Anglo &#8211; audit\u00f3rio acad\u00eamico PAINEL 2 Hor\u00e1rio: 14h \u00e0s 15:30Tema: &#8220;Gira UFPEL! EscutaA\u00c7\u00c3O das nossas dores cotidianas&#8221;Mediadora: Tha\u00edse Mendes FariasLocal: Anglo &#8211; audit\u00f3rio reitoria<\/p>\n","protected":false},"author":20,"featured_media":0,"parent":1518,"menu_order":0,"comment_status":"closed","ping_status":"closed","template":"template-fullwidth.php","meta":{"jetpack_post_was_ever_published":false,"footnotes":"","_links_to":"","_links_to_target":""},"class_list":["post-1525","page","type-page","status-publish","hentry"],"jetpack_sharing_enabled":true,"_links":{"self":[{"href":"https:\/\/wp.ufpel.edu.br\/siiepe\/wp-json\/wp\/v2\/pages\/1525","targetHints":{"allow":["GET"]}}],"collection":[{"href":"https:\/\/wp.ufpel.edu.br\/siiepe\/wp-json\/wp\/v2\/pages"}],"about":[{"href":"https:\/\/wp.ufpel.edu.br\/siiepe\/wp-json\/wp\/v2\/types\/page"}],"author":[{"embeddable":true,"href":"https:\/\/wp.ufpel.edu.br\/siiepe\/wp-json\/wp\/v2\/users\/20"}],"replies":[{"embeddable":true,"href":"https:\/\/wp.ufpel.edu.br\/siiepe\/wp-json\/wp\/v2\/comments?post=1525"}],"version-history":[{"count":4,"href":"https:\/\/wp.ufpel.edu.br\/siiepe\/wp-json\/wp\/v2\/pages\/1525\/revisions"}],"predecessor-version":[{"id":1659,"href":"https:\/\/wp.ufpel.edu.br\/siiepe\/wp-json\/wp\/v2\/pages\/1525\/revisions\/1659"}],"up":[{"embeddable":true,"href":"https:\/\/wp.ufpel.edu.br\/siiepe\/wp-json\/wp\/v2\/pages\/1518"}],"wp:attachment":[{"href":"https:\/\/wp.ufpel.edu.br\/siiepe\/wp-json\/wp\/v2\/media?parent=1525"}],"curies":[{"name":"wp","href":"https:\/\/api.w.org\/{rel}","templated":true}]}}