{"id":1521,"date":"2024-05-02T11:44:02","date_gmt":"2024-05-02T14:44:02","guid":{"rendered":"https:\/\/wp.ufpel.edu.br\/siiepe\/?page_id=1521"},"modified":"2024-07-04T10:36:07","modified_gmt":"2024-07-04T13:36:07","slug":"apresentacao","status":"publish","type":"page","link":"https:\/\/wp.ufpel.edu.br\/siiepe\/siiepe-2024\/apresentacao\/","title":{"rendered":"Apresenta\u00e7\u00e3o"},"content":{"rendered":"\n<h2 class=\"wp-block-heading\">Universidade e Sociedade em Transforma\u00e7\u00e3o<\/h2>\n\n\n\n<p>A universidade contempor\u00e2nea n\u00e3o \u00e9 apenas um espa\u00e7o de ensino e pesquisa, mas um agente ativo na transforma\u00e7\u00e3o da sociedade. Integrada ao tecido social das cidades, territ\u00f3rios e comunidades, a universidade \u00e9 chamada a retribuir o investimento da sociedade, garantindo excel\u00eancia acad\u00eamica e inclus\u00e3o para todas as camadas sociais. Esse compromisso implica abra\u00e7ar a diversidade social, cultural e \u00e9tnica, promovendo uma educa\u00e7\u00e3o que reflete a complexidade e a riqueza da sociedade.<\/p>\n\n\n\n<p>Ampliar o impacto social da universidade significa mais do que promover avan\u00e7os cient\u00edficos \u2013 significa transformar vidas. Modernizar processos e rever m\u00e9todos s\u00e3o passos fundamentais, mas \u00e9 essencial que essas mudan\u00e7as valorizem a comunidade acad\u00eamica e atendam \u00e0s necessidades da sociedade. A universidade contempor\u00e2nea deve ser um farol de inova\u00e7\u00e3o e conhecimento, mantendo-se atualizada com as r\u00e1pidas transforma\u00e7\u00f5es tecnol\u00f3gicas e sociais, e, ao mesmo tempo em que preserva sua autonomia, permitindo-se transformar pelas demandas da sociedade de hoje e daquela que queremos no futuro.<\/p>\n\n\n\n<p>A responsabilidade da universidade vai al\u00e9m de suas fronteiras acad\u00eamicas. Contribuir para o desenvolvimento pol\u00edtico, intelectual, cient\u00edfico, cultural e social do Brasil implica uma atua\u00e7\u00e3o estrat\u00e9gica e transparente, alinhada com as demandas da sociedade. Quando a universidade transforma vidas, ela n\u00e3o apenas responde \u00e0s mudan\u00e7as sociais, mas tamb\u00e9m inspira e impulsiona essas mudan\u00e7as, refletindo uma rela\u00e7\u00e3o din\u00e2mica e bidirecional com a sociedade. Assim, a verdadeira miss\u00e3o da universidade \u00e9 ampliar seu impacto social, tornando-se um agente vital de mudan\u00e7a e conhecimento.<\/p>\n\n\n\n<p>Integrada e dilu\u00edda no seu territ\u00f3rio, a universidade est\u00e1 presente em todos os aspectos da vida comunit\u00e1ria. Essa inser\u00e7\u00e3o permite que ela sinta e responda diretamente \u00e0s necessidades e anseios da sociedade, promovendo uma educa\u00e7\u00e3o transformadora que impacta a vida das pessoas de maneira profunda e significativa.<\/p>\n\n\n\n<p><\/p>\n\n\n\n<p><\/p>\n\n\n\n<p><\/p>\n","protected":false},"excerpt":{"rendered":"<p>Universidade e Sociedade em Transforma\u00e7\u00e3o A universidade contempor\u00e2nea n\u00e3o \u00e9 apenas um espa\u00e7o de ensino e pesquisa, mas um agente ativo na transforma\u00e7\u00e3o da sociedade. Integrada ao tecido social das cidades, territ\u00f3rios e comunidades, a universidade \u00e9 chamada a retribuir o investimento da sociedade, garantindo excel\u00eancia acad\u00eamica e inclus\u00e3o para todas as camadas sociais. Esse &hellip; <a href=\"https:\/\/wp.ufpel.edu.br\/siiepe\/siiepe-2024\/apresentacao\/\" class=\"more-link\">Continue lendo <span class=\"screen-reader-text\">Apresenta\u00e7\u00e3o<\/span> <span class=\"meta-nav\">&rarr;<\/span><\/a><\/p>\n","protected":false},"author":20,"featured_media":0,"parent":1518,"menu_order":0,"comment_status":"closed","ping_status":"closed","template":"","meta":{"jetpack_post_was_ever_published":false,"footnotes":"","_links_to":"","_links_to_target":""},"class_list":["post-1521","page","type-page","status-publish","hentry"],"jetpack_sharing_enabled":true,"_links":{"self":[{"href":"https:\/\/wp.ufpel.edu.br\/siiepe\/wp-json\/wp\/v2\/pages\/1521","targetHints":{"allow":["GET"]}}],"collection":[{"href":"https:\/\/wp.ufpel.edu.br\/siiepe\/wp-json\/wp\/v2\/pages"}],"about":[{"href":"https:\/\/wp.ufpel.edu.br\/siiepe\/wp-json\/wp\/v2\/types\/page"}],"author":[{"embeddable":true,"href":"https:\/\/wp.ufpel.edu.br\/siiepe\/wp-json\/wp\/v2\/users\/20"}],"replies":[{"embeddable":true,"href":"https:\/\/wp.ufpel.edu.br\/siiepe\/wp-json\/wp\/v2\/comments?post=1521"}],"version-history":[{"count":4,"href":"https:\/\/wp.ufpel.edu.br\/siiepe\/wp-json\/wp\/v2\/pages\/1521\/revisions"}],"predecessor-version":[{"id":1620,"href":"https:\/\/wp.ufpel.edu.br\/siiepe\/wp-json\/wp\/v2\/pages\/1521\/revisions\/1620"}],"up":[{"embeddable":true,"href":"https:\/\/wp.ufpel.edu.br\/siiepe\/wp-json\/wp\/v2\/pages\/1518"}],"wp:attachment":[{"href":"https:\/\/wp.ufpel.edu.br\/siiepe\/wp-json\/wp\/v2\/media?parent=1521"}],"curies":[{"name":"wp","href":"https:\/\/api.w.org\/{rel}","templated":true}]}}