{"id":1518,"date":"2024-05-02T11:39:44","date_gmt":"2024-05-02T14:39:44","guid":{"rendered":"https:\/\/wp.ufpel.edu.br\/siiepe\/?page_id=1518"},"modified":"2025-03-31T10:07:41","modified_gmt":"2025-03-31T13:07:41","slug":"siiepe-2024","status":"publish","type":"page","link":"https:\/\/wp.ufpel.edu.br\/siiepe\/siiepe-2024\/","title":{"rendered":"10\u00aa SIIEPE"},"content":{"rendered":"<h2>\u201cUniversidade e Sociedade em Transforma\u00e7\u00e3o\u201d<\/h2>\n<p><strong>DE 25 A 29 DE NOVEMBRO DE 2024<\/strong><\/p>\n<p><a href=\"https:\/\/wp.ufpel.edu.br\/siiepe\/files\/2024\/07\/REGULAMENTO-GERAL-10a-SIIEPE.pdf\">Regulamento 10\u00aa SIIEPE &#8211; 2024<\/a><\/p>\n<ul>\n<li><a href=\"https:\/\/wp.ufpel.edu.br\/siiepe\/siiepe-2024\/apresentacao\/\">Apresenta\u00e7\u00e3o do tema da 10\u00aa SIIEPE<\/a><\/li>\n<li><a href=\"https:\/\/wp.ufpel.edu.br\/siiepe\/siiepe-2024\/programacao\/\">Programa\u00e7\u00e3o<\/a><\/li>\n<li><a href=\"https:\/\/wp.ufpel.edu.br\/siiepe\/category\/noticias\/2024\/\">Not\u00edcias<\/a><\/li>\n<\/ul>\n<p><strong>EVENTOS:<\/strong><\/p>\n<ul>\n<li><a href=\"https:\/\/wp.ufpel.edu.br\/congressoinovacao\">VIII CIT<\/a><\/li>\n<li><a href=\"https:\/\/wp.ufpel.edu.br\/ceg\">X CEG<\/a><\/li>\n<li><a href=\"https:\/\/wp.ufpel.edu.br\/congressoextensao\">XI CEC<\/a><\/li>\n<li><a href=\"https:\/\/wp.ufpel.edu.br\/enpos\">XXVI ENPOS<\/a><\/li>\n<li><a href=\"https:\/\/wp.ufpel.edu.br\/cic\">XXXIII CIC<\/a><\/li>\n<\/ul>\n","protected":false},"excerpt":{"rendered":"<p>\u201cUniversidade e Sociedade em Transforma\u00e7\u00e3o\u201d DE 25 A 29 DE NOVEMBRO DE 2024 Regulamento 10\u00aa SIIEPE &#8211; 2024 Apresenta\u00e7\u00e3o do tema da 10\u00aa SIIEPE Programa\u00e7\u00e3o Not\u00edcias EVENTOS: VIII CIT X CEG XI CEC XXVI ENPOS XXXIII CIC<\/p>\n","protected":false},"author":20,"featured_media":0,"parent":0,"menu_order":0,"comment_status":"closed","ping_status":"closed","template":"","meta":{"jetpack_post_was_ever_published":false,"footnotes":"","_links_to":"","_links_to_target":""},"class_list":["post-1518","page","type-page","status-publish","hentry"],"jetpack_sharing_enabled":true,"_links":{"self":[{"href":"https:\/\/wp.ufpel.edu.br\/siiepe\/wp-json\/wp\/v2\/pages\/1518","targetHints":{"allow":["GET"]}}],"collection":[{"href":"https:\/\/wp.ufpel.edu.br\/siiepe\/wp-json\/wp\/v2\/pages"}],"about":[{"href":"https:\/\/wp.ufpel.edu.br\/siiepe\/wp-json\/wp\/v2\/types\/page"}],"author":[{"embeddable":true,"href":"https:\/\/wp.ufpel.edu.br\/siiepe\/wp-json\/wp\/v2\/users\/20"}],"replies":[{"embeddable":true,"href":"https:\/\/wp.ufpel.edu.br\/siiepe\/wp-json\/wp\/v2\/comments?post=1518"}],"version-history":[{"count":3,"href":"https:\/\/wp.ufpel.edu.br\/siiepe\/wp-json\/wp\/v2\/pages\/1518\/revisions"}],"predecessor-version":[{"id":1731,"href":"https:\/\/wp.ufpel.edu.br\/siiepe\/wp-json\/wp\/v2\/pages\/1518\/revisions\/1731"}],"wp:attachment":[{"href":"https:\/\/wp.ufpel.edu.br\/siiepe\/wp-json\/wp\/v2\/media?parent=1518"}],"curies":[{"name":"wp","href":"https:\/\/api.w.org\/{rel}","templated":true}]}}