{"id":1389,"date":"2023-10-30T08:42:54","date_gmt":"2023-10-30T11:42:54","guid":{"rendered":"https:\/\/wp.ufpel.edu.br\/siiepe\/?page_id=1389"},"modified":"2023-11-20T15:18:14","modified_gmt":"2023-11-20T18:18:14","slug":"paineis-tematicos","status":"publish","type":"page","link":"https:\/\/wp.ufpel.edu.br\/siiepe\/siiepe-2023\/paineis-tematicos\/","title":{"rendered":"Pain\u00e9is Tem\u00e1ticos"},"content":{"rendered":"<h3>Quarta 22\/11\/2023 \u2013 tarde<\/h3>\n<h2>PAINEL 1<\/h2>\n<p>Hor\u00e1rio: 14h \u00e0s 15:30<br \/>\nTema: Mobilidade acad\u00eamica outgoing: oportunidades e viv\u00eancias<br \/>\nMediadores: Renata Bielemann, Anelise Silveira Alves<br \/>\nLocal: <a href=\"https:\/\/wp.ufpel.edu.br\/siiepe\/como-chegar\/#ca\">Audit\u00f3rio 1 do Centro de Artes<\/a><\/p>\n<h2>PAINEL 2<\/h2>\n<p>Hor\u00e1rio: 14h \u00e0s 15:30<br \/>\nTema: Internationalization at home: academic presentations by UFPel students<br \/>\nMediadores: Helena Selbach, M\u00e1rcia Klee<br \/>\nLocal: <a href=\"https:\/\/wp.ufpel.edu.br\/siiepe\/como-chegar\/#cchs\">Sala 254 do ICH<\/a><\/p>\n<h2>PAINEL 3<\/h2>\n<p>Hor\u00e1rio: 16h \u00e0s 17:30<br \/>\nTema: Projeto Amigo Universit\u00e1rio como estrat\u00e9gia de internacionaliza\u00e7\u00e3o em casa e acolhimento de estudantes internacionais<br \/>\nMediadores: Amanda Bleggi<br \/>\nLocal: <a href=\"https:\/\/wp.ufpel.edu.br\/siiepe\/como-chegar\/#ca\">Audit\u00f3rio 1 do Centro de Artes<\/a><\/p>\n<h2>PAINEL 4<\/h2>\n<p>Hor\u00e1rio: 16h \u00e0s 17:30<br \/>\nTema: Pr\u00e1ticas de internacionaliza\u00e7\u00e3o em casa e no exterior: contribui\u00e7\u00f5es e possibilidades por meio das l\u00ednguas<br \/>\nMediadores: Helena Vitalina Selbach e Lucas L\u00f6ff Machado<br \/>\nLocal: <a href=\"https:\/\/wp.ufpel.edu.br\/siiepe\/como-chegar\/#ca\">Audit\u00f3rio da FAURB<\/a><br \/>\n<!--\n\n\n<h2>PAINEL 5<\/h2>\n\n\nHor\u00e1rio: 16h \u00e0s 17:30\nTema: Programa Institucional de Dupla Diploma\u00e7\u00e3o em Cursos de Gradua\u00e7\u00e3o na UFPel\nMediadoras: Emileni Tessmer e Renata Bielemann\nLocal: <a href=\"https:\/\/wp.ufpel.edu.br\/siiepe\/como-chegar\/#cchs\">Sala 254 do ICH<\/a>\n--><\/p>\n<h2>PAINEL 6<\/h2>\n<p>Hor\u00e1rio: 14:00 \u00e0s 17:30<br \/>\nTema: Debatendo Avalia\u00e7\u00e3o do Processo de Ensino-aprendizagem no Ensino Superior<br \/>\nMediadores: Flavia Nascimento e Grupo de Interlocu\u00e7\u00e3o Pedag\u00f3gica<br \/>\nLocal: <a href=\"https:\/\/wp.ufpel.edu.br\/siiepe\/como-chegar\/#cehus\">Audit\u00f3rio do CEHUS<\/a><br \/>\nP\u00fablico-alvo: docentes da UFPel (50 vagas)<br \/>\n<strong>Inscri\u00e7\u00f5es:<\/strong> <a href=\"https:\/\/forms.gle\/GmZHPMrkv7CMWLpq6\" target=\"_blank\" rel=\"noopener\">https:\/\/forms.gle\/GmZHPMrkv7CMWLpq6<\/a><br \/>\n<span style=\"background-color: #ffff00;\">Obrigat\u00f3ria a submiss\u00e3o de um plano de ensino no momento da inscri\u00e7\u00e3o.<\/span><\/p>\n<h2>PAINEL 7<\/h2>\n<p>Hor\u00e1rio: 14h \u00e0s 15:30<br \/>\nTema: III Semin\u00e1rio Ruas de Lazer Pelotas: Descri\u00e7\u00e3o do projeto, atividades desenvolvidas e seus parceiros na cidade de Pelotas\/RS.<br \/>\nMediadores: In\u00e1cio Crochemore<br \/>\nLocal: <a href=\"https:\/\/wp.ufpel.edu.br\/siiepe\/como-chegar\/#cehus\">Mini-audit\u00f3rio 1 do CEHUS<\/a><br \/>\nP\u00fablico-alvo: Alunos e professores da UFPel que tenham interesse em conhecer e se integrar ao projeto para o ano de 2024.<\/p>\n","protected":false},"excerpt":{"rendered":"<p>Quarta 22\/11\/2023 \u2013 tarde PAINEL 1 Hor\u00e1rio: 14h \u00e0s 15:30 Tema: Mobilidade acad\u00eamica outgoing: oportunidades e viv\u00eancias Mediadores: Renata Bielemann, Anelise Silveira Alves Local: Audit\u00f3rio 1 do Centro de Artes PAINEL 2 Hor\u00e1rio: 14h \u00e0s 15:30 Tema: Internationalization at home: academic presentations by UFPel students Mediadores: Helena Selbach, M\u00e1rcia Klee Local: Sala 254 do ICH &hellip; <a href=\"https:\/\/wp.ufpel.edu.br\/siiepe\/siiepe-2023\/paineis-tematicos\/\" class=\"more-link\">Continue lendo <span class=\"screen-reader-text\">Pain\u00e9is Tem\u00e1ticos<\/span> <span class=\"meta-nav\">&rarr;<\/span><\/a><\/p>\n","protected":false},"author":20,"featured_media":0,"parent":1266,"menu_order":0,"comment_status":"closed","ping_status":"closed","template":"template-fullwidth.php","meta":{"jetpack_post_was_ever_published":false,"footnotes":"","_links_to":"","_links_to_target":""},"class_list":["post-1389","page","type-page","status-publish","hentry"],"jetpack_sharing_enabled":true,"_links":{"self":[{"href":"https:\/\/wp.ufpel.edu.br\/siiepe\/wp-json\/wp\/v2\/pages\/1389","targetHints":{"allow":["GET"]}}],"collection":[{"href":"https:\/\/wp.ufpel.edu.br\/siiepe\/wp-json\/wp\/v2\/pages"}],"about":[{"href":"https:\/\/wp.ufpel.edu.br\/siiepe\/wp-json\/wp\/v2\/types\/page"}],"author":[{"embeddable":true,"href":"https:\/\/wp.ufpel.edu.br\/siiepe\/wp-json\/wp\/v2\/users\/20"}],"replies":[{"embeddable":true,"href":"https:\/\/wp.ufpel.edu.br\/siiepe\/wp-json\/wp\/v2\/comments?post=1389"}],"version-history":[{"count":8,"href":"https:\/\/wp.ufpel.edu.br\/siiepe\/wp-json\/wp\/v2\/pages\/1389\/revisions"}],"predecessor-version":[{"id":1501,"href":"https:\/\/wp.ufpel.edu.br\/siiepe\/wp-json\/wp\/v2\/pages\/1389\/revisions\/1501"}],"up":[{"embeddable":true,"href":"https:\/\/wp.ufpel.edu.br\/siiepe\/wp-json\/wp\/v2\/pages\/1266"}],"wp:attachment":[{"href":"https:\/\/wp.ufpel.edu.br\/siiepe\/wp-json\/wp\/v2\/media?parent=1389"}],"curies":[{"name":"wp","href":"https:\/\/api.w.org\/{rel}","templated":true}]}}