{"id":1280,"date":"2023-03-28T09:19:27","date_gmt":"2023-03-28T12:19:27","guid":{"rendered":"https:\/\/wp.ufpel.edu.br\/siiepe\/?page_id=1280"},"modified":"2023-11-17T08:38:24","modified_gmt":"2023-11-17T11:38:24","slug":"palestras","status":"publish","type":"page","link":"https:\/\/wp.ufpel.edu.br\/siiepe\/siiepe-2023\/palestras\/","title":{"rendered":"Palestras"},"content":{"rendered":"<h2>Palestra 1 (abertura)<\/h2>\n<p>T\u00edtulo: A internacionaliza\u00e7\u00e3o impactando as atividades de ensino, pesquisa, extens\u00e3o e inova\u00e7\u00e3o<br \/>\nDia \/ Hor\u00e1rio: segunda 20\/11 \u2013 19h<br \/>\nLocal: <a href=\"https:\/\/wp.ufpel.edu.br\/siiepe\/como-chegar\/#auditorio-sicredi\">Audit\u00f3rio Sicredi<\/a><br \/>\nPalestrantes: Gonzalo Vicci Gianotti (UDELAR), Ana Qiao Jianzhen (Hebei Normal University) e Renata Bielemann (Coordenadora de Rela\u00e7\u00f5es Internacionais &#8211; UFPel)<\/p>\n<h2>Palestra 2<\/h2>\n<p>T\u00edtulo: Por que fazer pesquisa no Brasil?<br \/>\nDia \/ Hor\u00e1rio: ter\u00e7a 21\/11 \u2013 19h<br \/>\nLocal: <a href=\"https:\/\/wp.ufpel.edu.br\/siiepe\/como-chegar\/#auditorio-sicredi\">Audit\u00f3rio Sicredi<\/a><br \/>\nPalestrante: Prof. Cesar Gomes Victora &#8211; Pr\u00eamio Almirante \u00c1lvaro Alberto 2023 para Ci\u00eancia e Tecnologia<\/p>\n<h2>Sua Tese em 3 Minutos (3MT)<\/h2>\n<p>Dia \/ Hor\u00e1rio: quarta 22\/11 \u2013 19h<br \/>\nLocal: <a href=\"https:\/\/wp.ufpel.edu.br\/siiepe\/como-chegar\/#ca\">Audit\u00f3rio 2 do Centro de Artes UFPel<\/a><\/p>\n<h2>Palestra 3<\/h2>\n<p>T\u00edtulo: Internacionaliza\u00e7\u00e3o e l\u00ednguas estrangeiras para todos: por que essa \u00e9 uma pauta urgente nas universidades?<br \/>\nDia \/ Hor\u00e1rio: quinta 23\/11 \u2013 19h<br \/>\nLocal: <a href=\"https:\/\/wp.ufpel.edu.br\/siiepe\/como-chegar\/#auditorio-sicredi\">Audit\u00f3rio Sicredi<\/a><br \/>\nPalestrantes: Denise de Abreu e Lima (Presidente do Programa Idiomas sem Fronteiras &#8211; IsF\/ANDIFES\/UFSCar)<\/p>\n<p>&nbsp;<\/p>\n","protected":false},"excerpt":{"rendered":"<p>Palestra 1 (abertura) T\u00edtulo: A internacionaliza\u00e7\u00e3o impactando as atividades de ensino, pesquisa, extens\u00e3o e inova\u00e7\u00e3o Dia \/ Hor\u00e1rio: segunda 20\/11 \u2013 19h Local: Audit\u00f3rio Sicredi Palestrantes: Gonzalo Vicci Gianotti (UDELAR), Ana Qiao Jianzhen (Hebei Normal University) e Renata Bielemann (Coordenadora de Rela\u00e7\u00f5es Internacionais &#8211; UFPel) Palestra 2 T\u00edtulo: Por que fazer pesquisa no Brasil? Dia &hellip; <a href=\"https:\/\/wp.ufpel.edu.br\/siiepe\/siiepe-2023\/palestras\/\" class=\"more-link\">Continue lendo <span class=\"screen-reader-text\">Palestras<\/span> <span class=\"meta-nav\">&rarr;<\/span><\/a><\/p>\n","protected":false},"author":20,"featured_media":0,"parent":1266,"menu_order":0,"comment_status":"closed","ping_status":"closed","template":"template-fullwidth.php","meta":{"jetpack_post_was_ever_published":false,"footnotes":"","_links_to":"","_links_to_target":""},"class_list":["post-1280","page","type-page","status-publish","hentry"],"jetpack_sharing_enabled":true,"_links":{"self":[{"href":"https:\/\/wp.ufpel.edu.br\/siiepe\/wp-json\/wp\/v2\/pages\/1280","targetHints":{"allow":["GET"]}}],"collection":[{"href":"https:\/\/wp.ufpel.edu.br\/siiepe\/wp-json\/wp\/v2\/pages"}],"about":[{"href":"https:\/\/wp.ufpel.edu.br\/siiepe\/wp-json\/wp\/v2\/types\/page"}],"author":[{"embeddable":true,"href":"https:\/\/wp.ufpel.edu.br\/siiepe\/wp-json\/wp\/v2\/users\/20"}],"replies":[{"embeddable":true,"href":"https:\/\/wp.ufpel.edu.br\/siiepe\/wp-json\/wp\/v2\/comments?post=1280"}],"version-history":[{"count":7,"href":"https:\/\/wp.ufpel.edu.br\/siiepe\/wp-json\/wp\/v2\/pages\/1280\/revisions"}],"predecessor-version":[{"id":1453,"href":"https:\/\/wp.ufpel.edu.br\/siiepe\/wp-json\/wp\/v2\/pages\/1280\/revisions\/1453"}],"up":[{"embeddable":true,"href":"https:\/\/wp.ufpel.edu.br\/siiepe\/wp-json\/wp\/v2\/pages\/1266"}],"wp:attachment":[{"href":"https:\/\/wp.ufpel.edu.br\/siiepe\/wp-json\/wp\/v2\/media?parent=1280"}],"curies":[{"name":"wp","href":"https:\/\/api.w.org\/{rel}","templated":true}]}}