{"id":1277,"date":"2023-03-28T09:18:52","date_gmt":"2023-03-28T12:18:52","guid":{"rendered":"https:\/\/wp.ufpel.edu.br\/siiepe\/?page_id=1277"},"modified":"2023-11-20T08:10:42","modified_gmt":"2023-11-20T11:10:42","slug":"mostra-artistica","status":"publish","type":"page","link":"https:\/\/wp.ufpel.edu.br\/siiepe\/siiepe-2023\/mostra-artistica\/","title":{"rendered":"Mostra Art\u00edstica"},"content":{"rendered":"<h2>EXPOSI\u00c7\u00d5ES<\/h2>\n<p><strong>de 20 a 24 de novembro<\/strong><\/p>\n<ol>\n<li>Aus\u00eancia onipresente: a mulher e o seu corpo em contradi\u00e7\u00e3o com o social<br \/>Galeria Sul Design \u2013 Centro de Artes (bloco 2, t\u00e9rreo)<\/li>\n<li>in-perfei\u00e7\u00f5es e compartilhamentos<br \/>Galeria A SALA \u2013 Centro de Artes (bloco 1, t\u00e9rreo)<\/li>\n<li>Avatar \u2013 Disciplina Desenho de figura humana<br \/>Centro de Artes (bloco 1, Hall do 2\u00ba andar)<\/li>\n<li>A paix\u00e3o de contar: As saias da Mestra Gri\u00f4 Sirley Amaro<br \/>Centro de Artes (bloco 1, Hall do 3\u00ba andar)<\/li>\n<li>Imagens Brincantes<br \/>Hall de entrada da Faculdade de educa\u00e7\u00e3o (CCHS, 2\u00ba andar)<\/li>\n<li>morra bem, viva r\u00e1pido &#8211; V\u00eddeo-arte<br \/>22\/11, 15:30 no Audit\u00f3rio 2 \u2013 Centro de Artes (bloco 2, t\u00e9rreo)<\/li>\n<li>Graffiti digital<br \/>22\/11, a partir das 18:30, Largo do Bola<\/li>\n<\/ol>\n<h2>MOSTRA ART\u00cdSTICA<\/h2>\n<p>AUDIT\u00d3RIO 2 (bloco 2) do CENTRO DE ARTES<br \/>Rua \u00c1lvaro Chaves, 65<\/p>\n<p><strong>Quarta-feira 22\/11\/2023<\/strong><\/p>\n<p>A partir das 15h30min<\/p>\n<ol>\n<li>Filho de chocadeira (Indica\u00e7\u00e3o et\u00e1ria: 16 anos)<\/li>\n<li>No antes, naquele dia e agora \u2013 Invis\u00edvel<\/li>\n<li>Florilegium<\/li>\n<li>Kara\u00edba Canta: As not\u00edcias do mundo<\/li>\n<li>T21 &#8220;da invisibilidade \u00e0 cena&#8221;<\/li>\n<li>Um Olhar Atrav\u00e9s de Mem\u00f3rias<\/li>\n<li>Dan\u00e7a Cigana Brasileira<\/li>\n<li>Ra\u00edzes<\/li>\n<li>Entre o dia e a noite<\/li>\n<li>Elza Soares: Minha pele, minha hist\u00f3ria!<\/li>\n<li>Mem\u00f3rias de um quilombola<\/li>\n<li>E agora?<\/li>\n<li>Odara: Corpos contadores de hist\u00f3rias<\/li>\n<\/ol>\n<p>\u00a0<\/p>\n\n\n<p><\/p>\n","protected":false},"excerpt":{"rendered":"<p>EXPOSI\u00c7\u00d5ES de 20 a 24 de novembro Aus\u00eancia onipresente: a mulher e o seu corpo em contradi\u00e7\u00e3o com o socialGaleria Sul Design \u2013 Centro de Artes (bloco 2, t\u00e9rreo) in-perfei\u00e7\u00f5es e compartilhamentosGaleria A SALA \u2013 Centro de Artes (bloco 1, t\u00e9rreo) Avatar \u2013 Disciplina Desenho de figura humanaCentro de Artes (bloco 1, Hall do 2\u00ba &hellip; <a href=\"https:\/\/wp.ufpel.edu.br\/siiepe\/siiepe-2023\/mostra-artistica\/\" class=\"more-link\">Continue lendo <span class=\"screen-reader-text\">Mostra Art\u00edstica<\/span> <span class=\"meta-nav\">&rarr;<\/span><\/a><\/p>\n","protected":false},"author":20,"featured_media":0,"parent":1266,"menu_order":0,"comment_status":"closed","ping_status":"closed","template":"","meta":{"jetpack_post_was_ever_published":false,"footnotes":"","_links_to":"","_links_to_target":""},"class_list":["post-1277","page","type-page","status-publish","hentry"],"jetpack_sharing_enabled":true,"_links":{"self":[{"href":"https:\/\/wp.ufpel.edu.br\/siiepe\/wp-json\/wp\/v2\/pages\/1277","targetHints":{"allow":["GET"]}}],"collection":[{"href":"https:\/\/wp.ufpel.edu.br\/siiepe\/wp-json\/wp\/v2\/pages"}],"about":[{"href":"https:\/\/wp.ufpel.edu.br\/siiepe\/wp-json\/wp\/v2\/types\/page"}],"author":[{"embeddable":true,"href":"https:\/\/wp.ufpel.edu.br\/siiepe\/wp-json\/wp\/v2\/users\/20"}],"replies":[{"embeddable":true,"href":"https:\/\/wp.ufpel.edu.br\/siiepe\/wp-json\/wp\/v2\/comments?post=1277"}],"version-history":[{"count":8,"href":"https:\/\/wp.ufpel.edu.br\/siiepe\/wp-json\/wp\/v2\/pages\/1277\/revisions"}],"predecessor-version":[{"id":1499,"href":"https:\/\/wp.ufpel.edu.br\/siiepe\/wp-json\/wp\/v2\/pages\/1277\/revisions\/1499"}],"up":[{"embeddable":true,"href":"https:\/\/wp.ufpel.edu.br\/siiepe\/wp-json\/wp\/v2\/pages\/1266"}],"wp:attachment":[{"href":"https:\/\/wp.ufpel.edu.br\/siiepe\/wp-json\/wp\/v2\/media?parent=1277"}],"curies":[{"name":"wp","href":"https:\/\/api.w.org\/{rel}","templated":true}]}}