{"id":1274,"date":"2023-03-28T09:18:20","date_gmt":"2023-03-28T12:18:20","guid":{"rendered":"https:\/\/wp.ufpel.edu.br\/siiepe\/?page_id=1274"},"modified":"2023-03-30T10:14:00","modified_gmt":"2023-03-30T13:14:00","slug":"apresentacao","status":"publish","type":"page","link":"https:\/\/wp.ufpel.edu.br\/siiepe\/siiepe-2023\/apresentacao\/","title":{"rendered":"Apresenta\u00e7\u00e3o"},"content":{"rendered":"<p>A IX Semana Integrada de Inova\u00e7\u00e3o, Ensino, Pesquisa e Extens\u00e3o (SIIEPE) da UFPel no ano de 2023 traz a tem\u00e1tica: \u201cInternacionaliza\u00e7\u00e3o Universit\u00e1ria: avalia\u00e7\u00e3o, impactos e interfaces entre ensino, pesquisa, extens\u00e3o e inova\u00e7\u00e3o\u201d, e busca ampliar a reflex\u00e3o a respeito da internacionaliza\u00e7\u00e3o no ensino superior, bem como apresentar, fortalecer e expandir as a\u00e7\u00f5es de coopera\u00e7\u00e3o da UFPel com parceiros internacionais.<\/p>\n<p>A SIIEPE pretende dar \u00eanfase \u00e0 promo\u00e7\u00e3o da internacionaliza\u00e7\u00e3o em casa, com o fortalecimento de uma pol\u00edtica lingu\u00edstica (voltada ao multilinguismo) e de curr\u00edculos internacionalizados, que valorizem a diversidade cultural no ambiente universit\u00e1rio e o est\u00edmulo \u00e0 forma\u00e7\u00e3o de cidad\u00e3os globais.<\/p>\n<p>Nesse cen\u00e1rio, s\u00e3o postos alguns desafios como a educa\u00e7\u00e3o e qualifica\u00e7\u00e3o em tempos de globaliza\u00e7\u00e3o e p\u00f3s-pandemia, transnacionaliza\u00e7\u00e3o, internationalization at home, pol\u00edticas lingu\u00edsticas inclusivas, coopera\u00e7\u00e3o interinstitucional, aprendizagem internacional virtual colaborativa, uso de l\u00ednguas estrangeiras como meio de instru\u00e7\u00e3o, pol\u00edticas para internacionaliza\u00e7\u00e3o e recursos para as atividades de internacionaliza\u00e7\u00e3o, dentre outros.<\/p>\n<p>A UFPel coloca-se no centro do debate avaliando as suas pr\u00e1ticas e buscando inova\u00e7\u00f5es e metodologias para ampliar as suas atividades-fim de inova\u00e7\u00e3o, ensino, pesquisa e extens\u00e3o, em um ambiente multicultural e internacionalizado.<\/p>\n<p>&nbsp;<\/p>\n","protected":false},"excerpt":{"rendered":"<p>A IX Semana Integrada de Inova\u00e7\u00e3o, Ensino, Pesquisa e Extens\u00e3o (SIIEPE) da UFPel no ano de 2023 traz a tem\u00e1tica: \u201cInternacionaliza\u00e7\u00e3o Universit\u00e1ria: avalia\u00e7\u00e3o, impactos e interfaces entre ensino, pesquisa, extens\u00e3o e inova\u00e7\u00e3o\u201d, e busca ampliar a reflex\u00e3o a respeito da internacionaliza\u00e7\u00e3o no ensino superior, bem como apresentar, fortalecer e expandir as a\u00e7\u00f5es de coopera\u00e7\u00e3o da &hellip; <a href=\"https:\/\/wp.ufpel.edu.br\/siiepe\/siiepe-2023\/apresentacao\/\" class=\"more-link\">Continue lendo <span class=\"screen-reader-text\">Apresenta\u00e7\u00e3o<\/span> <span class=\"meta-nav\">&rarr;<\/span><\/a><\/p>\n","protected":false},"author":20,"featured_media":0,"parent":1266,"menu_order":0,"comment_status":"closed","ping_status":"closed","template":"","meta":{"jetpack_post_was_ever_published":false,"footnotes":"","_links_to":"","_links_to_target":""},"class_list":["post-1274","page","type-page","status-publish","hentry"],"jetpack_sharing_enabled":true,"_links":{"self":[{"href":"https:\/\/wp.ufpel.edu.br\/siiepe\/wp-json\/wp\/v2\/pages\/1274","targetHints":{"allow":["GET"]}}],"collection":[{"href":"https:\/\/wp.ufpel.edu.br\/siiepe\/wp-json\/wp\/v2\/pages"}],"about":[{"href":"https:\/\/wp.ufpel.edu.br\/siiepe\/wp-json\/wp\/v2\/types\/page"}],"author":[{"embeddable":true,"href":"https:\/\/wp.ufpel.edu.br\/siiepe\/wp-json\/wp\/v2\/users\/20"}],"replies":[{"embeddable":true,"href":"https:\/\/wp.ufpel.edu.br\/siiepe\/wp-json\/wp\/v2\/comments?post=1274"}],"version-history":[{"count":2,"href":"https:\/\/wp.ufpel.edu.br\/siiepe\/wp-json\/wp\/v2\/pages\/1274\/revisions"}],"predecessor-version":[{"id":1321,"href":"https:\/\/wp.ufpel.edu.br\/siiepe\/wp-json\/wp\/v2\/pages\/1274\/revisions\/1321"}],"up":[{"embeddable":true,"href":"https:\/\/wp.ufpel.edu.br\/siiepe\/wp-json\/wp\/v2\/pages\/1266"}],"wp:attachment":[{"href":"https:\/\/wp.ufpel.edu.br\/siiepe\/wp-json\/wp\/v2\/media?parent=1274"}],"curies":[{"name":"wp","href":"https:\/\/api.w.org\/{rel}","templated":true}]}}