{"id":1270,"date":"2023-03-28T09:21:44","date_gmt":"2023-03-28T12:21:44","guid":{"rendered":"https:\/\/wp.ufpel.edu.br\/siiepe\/?page_id=1270"},"modified":"2023-11-17T08:38:54","modified_gmt":"2023-11-17T11:38:54","slug":"programacao","status":"publish","type":"page","link":"https:\/\/wp.ufpel.edu.br\/siiepe\/siiepe-2023\/programacao\/","title":{"rendered":"Programa\u00e7\u00e3o 9\u00aa SIIEPE"},"content":{"rendered":"<table style=\"table-layout: fixed;\" border=\"1\">\n<tbody>\n<tr>\n<td style=\"background-color: #f0f0f0; text-align: center; width: 101px;\"><strong>MANH\u00c3<\/strong><\/td>\n<td style=\"background-color: #f0f0f0; text-align: center; width: 101px;\"><strong>SEGUNDA (20\/11)<\/strong><\/td>\n<td style=\"background-color: #f0f0f0; text-align: center; width: 101px;\"><strong>TER\u00c7A (21\/11)<\/strong><\/td>\n<td style=\"background-color: #f0f0f0; text-align: center; width: 101px;\"><strong>QUARTA (22\/11)<\/strong><\/td>\n<td style=\"background-color: #f0f0f0; text-align: center; width: 101px;\"><strong>QUINTA (23\/11)<\/strong><\/td>\n<td style=\"background-color: #f0f0f0; text-align: center; width: 101px;\"><strong>SEXTA (24\/11)<\/strong><\/td>\n<\/tr>\n<tr>\n<td style=\"text-align: center; width: 101px;\"><strong>08:30 &#8211; 10:00<\/strong><\/td>\n<td style=\"width: 101px; text-align: center;\"><strong>Abertura do evento<\/strong><br \/>\n9h \u00e0s 10h<br \/>\nLocal: LARGO DO BOLA<br \/>\n&#8211; Recep\u00e7\u00e3o aos participantes<br \/>\n&#8211; Apresenta\u00e7\u00e3o do N\u00facleo de Choro da UFPel<\/td>\n<td style=\"width: 101px; text-align: center;\">Apresenta\u00e7\u00f5es Orais<br \/>\nCEC\/CIC\/ENPOS\/CIT<\/td>\n<td style=\"width: 101px; text-align: center;\">Apresenta\u00e7\u00f5es Orais<br \/>\nCEC\/CIC\/ENPOS\/CIT<\/td>\n<td style=\"width: 101px; text-align: center;\">Apresenta\u00e7\u00f5es Orais<br \/>\nCEC\/CIC\/ENPOS\/CIT<\/td>\n<td style=\"width: 101px; text-align: center;\">Apresenta\u00e7\u00f5es Orais<br \/>\nCEC\/CIC\/ENPOS\/CIT<\/td>\n<\/tr>\n<tr>\n<td style=\"text-align: center; width: 101px; background-color: #f5f5f5;\"><strong>10:00 &#8211; 10:30<\/strong><\/td>\n<td style=\"width: 101px; text-align: center; background-color: #f5f5f5;\">INTERVALO<\/td>\n<td style=\"width: 101px; text-align: center; background-color: #f5f5f5;\">INTERVALO<\/td>\n<td style=\"width: 101px; text-align: center; background-color: #f5f5f5;\">INTERVALO<\/td>\n<td style=\"width: 101px; text-align: center; background-color: #f5f5f5;\">INTERVALO<\/td>\n<td style=\"width: 101px; text-align: center; background-color: #f5f5f5;\">INTERVALO<\/td>\n<\/tr>\n<tr>\n<td style=\"text-align: center; width: 101px;\"><strong>10:30 &#8211; 12:00<\/strong><\/td>\n<td style=\"width: 101px; text-align: center;\">Apresenta\u00e7\u00f5es Orais<br \/>\nCEC\/CIC\/ENPOS\/CIT<\/td>\n<td style=\"width: 101px; text-align: center;\">Apresenta\u00e7\u00f5es Orais<br \/>\nCEC\/CIC\/ENPOS\/CIT<\/td>\n<td style=\"width: 101px; text-align: center;\">Apresenta\u00e7\u00f5es Orais<br \/>\nCEC\/CIC\/ENPOS\/CIT<\/td>\n<td style=\"width: 101px; text-align: center;\">Apresenta\u00e7\u00f5es Orais<br \/>\nCEC\/CIC\/ENPOS\/CIT<\/td>\n<td style=\"width: 101px; text-align: center;\">Apresenta\u00e7\u00f5es Orais<br \/>\nCEC\/CIC\/ENPOS\/CIT<\/td>\n<\/tr>\n<tr>\n<td style=\"text-align: center; width: 101px; background-color: #f5f5f5;\"><strong>TARDE<\/strong><\/td>\n<td style=\"text-align: center; width: 101px; background-color: #f5f5f5;\"><\/td>\n<td style=\"text-align: center; width: 101px; background-color: #f5f5f5;\"><\/td>\n<td style=\"text-align: center; width: 101px; background-color: #f5f5f5;\"><\/td>\n<td style=\"text-align: center; width: 101px; background-color: #f5f5f5;\"><\/td>\n<td style=\"text-align: center; width: 101px; background-color: #f5f5f5;\"><\/td>\n<\/tr>\n<tr>\n<td style=\"text-align: center; width: 101px;\"><strong>14:00 &#8211; 15:30<\/strong><\/td>\n<td style=\"text-align: center; width: 101px;\">Apresenta\u00e7\u00f5es Orais<br \/>\nCEG\/CIC\/ENPOS\/CIT<\/td>\n<td style=\"width: 101px; text-align: center;\">Apresenta\u00e7\u00f5es Orais<br \/>\nCEG\/CIC\/ENPOS\/CIT<\/td>\n<td style=\"text-align: center; vertical-align: middle; width: 101px;\">\n<p><a href=\"https:\/\/wp.ufpel.edu.br\/siiepe\/siiepe-2023\/paineis-tematicos\/\">Pain\u00e9is Tem\u00e1ticos<\/a><\/p>\n<p><a href=\"https:\/\/docs.google.com\/spreadsheets\/u\/3\/d\/e\/2PACX-1vSESD_mkJ91U9FrolL550bRzltbU9bstilhmSQ4_9main4U-8Ai-SdZv9GG_3jvaHZyhsIH8tVzbtPc\/pubhtml?gid=0&amp;single=true\" target=\"_blank\" rel=\"noopener\">Apresenta\u00e7\u00f5es<br \/>\nPerformativas<\/a><br \/>\n(Local: Audit\u00f3rio 2 do Centro de Artes UFPel)<\/td>\n<td style=\"text-align: center; width: 101px;\">Apresenta\u00e7\u00f5es Orais<br \/>\nCEG\/CIC\/ENPOS\/CIT<\/td>\n<td style=\"width: 101px; text-align: center;\">Apresenta\u00e7\u00f5es Orais<br \/>\nCEG\/CIC\/ENPOS\/CIT<\/td>\n<\/tr>\n<tr>\n<td style=\"text-align: center; width: 101px; background-color: #f5f5f5;\"><strong>15:30 &#8211; 16:00<\/strong><\/td>\n<td style=\"text-align: center; width: 101px; background-color: #f5f5f5;\">INTERVALO<\/td>\n<td style=\"width: 101px; text-align: center; background-color: #f5f5f5;\">INTERVALO<\/td>\n<td style=\"width: 101px; background-color: #f5f5f5; text-align: center; vertical-align: middle;\">INTERVALO<\/td>\n<td style=\"text-align: center; width: 101px; background-color: #f5f5f5;\">INTERVALO<\/td>\n<td style=\"width: 101px; text-align: center; background-color: #f5f5f5;\">INTERVALO<\/td>\n<\/tr>\n<tr>\n<td style=\"text-align: center; width: 101px;\"><strong>16:00 &#8211; 17:30<\/strong><\/td>\n<td style=\"text-align: center; width: 101px;\">Apresenta\u00e7\u00f5es Orais<br \/>\nCEG\/CIC\/ENPOS\/CIT<\/td>\n<td style=\"width: 101px; text-align: center;\">Apresenta\u00e7\u00f5es Orais<br \/>\nCEG\/CIC\/ENPOS\/CIT<\/td>\n<td style=\"text-align: center; vertical-align: middle; width: 101px;\">\n<p><a href=\"https:\/\/wp.ufpel.edu.br\/siiepe\/siiepe-2023\/paineis-tematicos\/\">Pain\u00e9is Tem\u00e1ticos<\/a><\/p>\n<p><a href=\"https:\/\/wp.ufpel.edu.br\/siiepe\/siiepe-2023\/mostra-artistica\/\">Mostra Art\u00edstica<\/a><br \/>\n(Local: Audit\u00f3rio 2 do Centro de Artes UFPel)<\/td>\n<td style=\"text-align: center; width: 101px;\">Apresenta\u00e7\u00f5es Orais<br \/>\nCEG\/CIC\/ENPOS\/CIT<\/td>\n<td style=\"width: 101px; text-align: center;\">\n<p>Apresenta\u00e7\u00f5es Orais CEG\/CIC\/ENPOS\/CIT<\/p>\n<p><strong>Encerramento<\/strong><br \/>\nA partir das 17h<br \/>\nLocal: LARGO DO BOLA<br \/>\n&#8211; DJ Vagner + DJ convidado<br \/>\n&#8211; Grupo Dmix<br \/>\n&#8211; Grupo Show da Academia do Samba<\/td>\n<\/tr>\n<tr>\n<td style=\"text-align: center; width: 101px; background-color: #f5f5f5;\"><strong>NOITE<\/strong><\/td>\n<td style=\"width: 101px; text-align: center; vertical-align: top; background-color: #f5f5f5;\"><\/td>\n<td style=\"width: 101px; vertical-align: top; background-color: #f5f5f5;\"><\/td>\n<td style=\"width: 101px; text-align: center; vertical-align: top; background-color: #f5f5f5;\"><\/td>\n<td style=\"text-align: center; width: 101px; vertical-align: top; background-color: #f5f5f5;\"><\/td>\n<td style=\"width: 101px; text-align: center; vertical-align: top; background-color: #f5f5f5;\"><\/td>\n<\/tr>\n<tr>\n<td style=\"width: 101px; text-align: center; vertical-align: top;\"><strong>19:00 &#8211; 20:30<\/strong><\/td>\n<td style=\"width: 101px; text-align: center; vertical-align: top;\">\n<p style=\"text-align: left;\">Apresenta\u00e7\u00e3o Coral da UFPel<\/p>\n<p style=\"text-align: left;\"><strong>Palestra (abertura) <\/strong><\/p>\n<p style=\"text-align: left;\"><em><strong>A internacionaliza\u00e7\u00e3o impactando as atividades de ensino, pesquisa, extens\u00e3o e inova\u00e7\u00e3o<\/strong><\/em><\/p>\n<p style=\"text-align: left;\">Local: Audit\u00f3rio Sicredi<\/p>\n<p style=\"text-align: left;\">Transmiss\u00e3o pelo canal UFPel no YouTube<\/p>\n<p style=\"text-align: left;\">Palestrantes: Gonzalo Vicci Gianotti, Ana Qiao Jianzhen e Renata Bielemann<\/p>\n<\/td>\n<td style=\"width: 101px; vertical-align: top; text-align: center;\">\n<p style=\"text-align: left;\">Apresenta\u00e7\u00e3o Nufolk UFPel<\/p>\n<p style=\"text-align: left;\"><strong>Palestra<\/strong><\/p>\n<p style=\"text-align: left;\"><strong><em>Por que fazer pesquisa no Brasil?<\/em><\/strong><\/p>\n<p style=\"text-align: left;\">Local: Audit\u00f3rio Sicredi<\/p>\n<p style=\"text-align: left;\">Transmiss\u00e3o pelo canal UFPel no YouTube<\/p>\n<p style=\"text-align: left;\">Palestrante: Prof. Cesar Gomes Victora<\/p>\n<\/td>\n<td style=\"width: 101px; text-align: center; vertical-align: top;\">\n<p><strong>Sua Tese em 3 Minutos (3MT)<\/strong><\/p>\n<p>Local: Audit\u00f3rio 2 do Centro de Artes UFPel<\/td>\n<td style=\"text-align: center; width: 101px; vertical-align: top;\">\n<p style=\"text-align: left;\">Apresenta\u00e7\u00e3o Camerata Cordata UFPel<\/p>\n<p style=\"text-align: left;\"><strong>Palestra<\/strong><\/p>\n<p style=\"text-align: left;\"><em><strong>Internacionaliza\u00e7\u00e3o e l\u00ednguas estrangeiras para todos: por que essa \u00e9 uma pauta urgente nas universidades?<\/strong><\/em><\/p>\n<p style=\"text-align: left;\">Local: Audit\u00f3rio Sicredi<\/p>\n<p style=\"text-align: left;\">Transmiss\u00e3o pelo canal UFPel no YouTube<\/p>\n<p style=\"text-align: left;\">Palestrante: Palestrante: Denise de Abreu e Lima<\/p>\n<\/td>\n<td style=\"width: 101px; text-align: center; vertical-align: top;\"><\/td>\n<\/tr>\n<\/tbody>\n<\/table>\n<p>&nbsp;<\/p>\n","protected":false},"excerpt":{"rendered":"<p>MANH\u00c3 SEGUNDA (20\/11) TER\u00c7A (21\/11) QUARTA (22\/11) QUINTA (23\/11) SEXTA (24\/11) 08:30 &#8211; 10:00 Abertura do evento 9h \u00e0s 10h Local: LARGO DO BOLA &#8211; Recep\u00e7\u00e3o aos participantes &#8211; Apresenta\u00e7\u00e3o do N\u00facleo de Choro da UFPel Apresenta\u00e7\u00f5es Orais CEC\/CIC\/ENPOS\/CIT Apresenta\u00e7\u00f5es Orais CEC\/CIC\/ENPOS\/CIT Apresenta\u00e7\u00f5es Orais CEC\/CIC\/ENPOS\/CIT Apresenta\u00e7\u00f5es Orais CEC\/CIC\/ENPOS\/CIT 10:00 &#8211; 10:30 INTERVALO INTERVALO INTERVALO INTERVALO &hellip; <a href=\"https:\/\/wp.ufpel.edu.br\/siiepe\/siiepe-2023\/programacao\/\" class=\"more-link\">Continue lendo <span class=\"screen-reader-text\">Programa\u00e7\u00e3o 9\u00aa SIIEPE<\/span> <span class=\"meta-nav\">&rarr;<\/span><\/a><\/p>\n","protected":false},"author":20,"featured_media":0,"parent":1266,"menu_order":0,"comment_status":"closed","ping_status":"closed","template":"template-fullwidth.php","meta":{"jetpack_post_was_ever_published":false,"footnotes":"","_links_to":"","_links_to_target":""},"class_list":["post-1270","page","type-page","status-publish","hentry"],"jetpack_sharing_enabled":true,"_links":{"self":[{"href":"https:\/\/wp.ufpel.edu.br\/siiepe\/wp-json\/wp\/v2\/pages\/1270","targetHints":{"allow":["GET"]}}],"collection":[{"href":"https:\/\/wp.ufpel.edu.br\/siiepe\/wp-json\/wp\/v2\/pages"}],"about":[{"href":"https:\/\/wp.ufpel.edu.br\/siiepe\/wp-json\/wp\/v2\/types\/page"}],"author":[{"embeddable":true,"href":"https:\/\/wp.ufpel.edu.br\/siiepe\/wp-json\/wp\/v2\/users\/20"}],"replies":[{"embeddable":true,"href":"https:\/\/wp.ufpel.edu.br\/siiepe\/wp-json\/wp\/v2\/comments?post=1270"}],"version-history":[{"count":17,"href":"https:\/\/wp.ufpel.edu.br\/siiepe\/wp-json\/wp\/v2\/pages\/1270\/revisions"}],"predecessor-version":[{"id":1454,"href":"https:\/\/wp.ufpel.edu.br\/siiepe\/wp-json\/wp\/v2\/pages\/1270\/revisions\/1454"}],"up":[{"embeddable":true,"href":"https:\/\/wp.ufpel.edu.br\/siiepe\/wp-json\/wp\/v2\/pages\/1266"}],"wp:attachment":[{"href":"https:\/\/wp.ufpel.edu.br\/siiepe\/wp-json\/wp\/v2\/media?parent=1270"}],"curies":[{"name":"wp","href":"https:\/\/api.w.org\/{rel}","templated":true}]}}