{"id":1200,"date":"2022-10-17T15:24:28","date_gmt":"2022-10-17T18:24:28","guid":{"rendered":"https:\/\/wp.ufpel.edu.br\/siiepe\/?page_id=1200"},"modified":"2022-10-18T08:17:57","modified_gmt":"2022-10-18T11:17:57","slug":"mostra-artistica","status":"publish","type":"page","link":"https:\/\/wp.ufpel.edu.br\/siiepe\/siiepe-2022\/mostra-artistica\/","title":{"rendered":"Mostra Art\u00edstica"},"content":{"rendered":"<div data-carousel-extra='{&quot;blog_id&quot;:804,&quot;permalink&quot;:&quot;https:\/\/wp.ufpel.edu.br\/siiepe\/siiepe-2022\/mostra-artistica\/&quot;}' id='gallery-1' class='gallery galleryid-1200 gallery-columns-1 gallery-size-large'><figure class='gallery-item'>\n\t\t\t<div class='gallery-icon landscape'>\n\t\t\t\t<a href='https:\/\/wp.ufpel.edu.br\/siiepe\/siiepe-2022\/mostra-artistica\/00-mostra-artistica-programacao\/'><img loading=\"lazy\" decoding=\"async\" width=\"604\" height=\"604\" src=\"https:\/\/wp.ufpel.edu.br\/siiepe\/files\/2022\/10\/00-Mostra-artistica-programacao-1024x1024.jpeg\" class=\"attachment-large size-large\" alt=\"\" srcset=\"https:\/\/wp.ufpel.edu.br\/siiepe\/files\/2022\/10\/00-Mostra-artistica-programacao-1024x1024.jpeg 1024w, https:\/\/wp.ufpel.edu.br\/siiepe\/files\/2022\/10\/00-Mostra-artistica-programacao-400x400.jpeg 400w, https:\/\/wp.ufpel.edu.br\/siiepe\/files\/2022\/10\/00-Mostra-artistica-programacao-200x200.jpeg 200w, https:\/\/wp.ufpel.edu.br\/siiepe\/files\/2022\/10\/00-Mostra-artistica-programacao-768x768.jpeg 768w, https:\/\/wp.ufpel.edu.br\/siiepe\/files\/2022\/10\/00-Mostra-artistica-programacao-1536x1536.jpeg 1536w, https:\/\/wp.ufpel.edu.br\/siiepe\/files\/2022\/10\/00-Mostra-artistica-programacao.jpeg 1600w\" sizes=\"auto, (max-width: 604px) 100vw, 604px\" data-attachment-id=\"1216\" data-permalink=\"https:\/\/wp.ufpel.edu.br\/siiepe\/siiepe-2022\/mostra-artistica\/00-mostra-artistica-programacao\/\" data-orig-file=\"https:\/\/wp.ufpel.edu.br\/siiepe\/files\/2022\/10\/00-Mostra-artistica-programacao.jpeg\" data-orig-size=\"1600,1600\" data-comments-opened=\"0\" data-image-meta=\"{&quot;aperture&quot;:&quot;0&quot;,&quot;credit&quot;:&quot;&quot;,&quot;camera&quot;:&quot;&quot;,&quot;caption&quot;:&quot;&quot;,&quot;created_timestamp&quot;:&quot;0&quot;,&quot;copyright&quot;:&quot;&quot;,&quot;focal_length&quot;:&quot;0&quot;,&quot;iso&quot;:&quot;0&quot;,&quot;shutter_speed&quot;:&quot;0&quot;,&quot;title&quot;:&quot;&quot;,&quot;orientation&quot;:&quot;0&quot;}\" data-image-title=\"00 Mostra art\u00edstica &amp;#8211; programa\u00e7\u00e3o\" data-image-description=\"\" data-image-caption=\"\" data-medium-file=\"https:\/\/wp.ufpel.edu.br\/siiepe\/files\/2022\/10\/00-Mostra-artistica-programacao-400x400.jpeg\" data-large-file=\"https:\/\/wp.ufpel.edu.br\/siiepe\/files\/2022\/10\/00-Mostra-artistica-programacao-1024x1024.jpeg\" \/><\/a>\n\t\t\t<\/div><\/figure><figure class='gallery-item'>\n\t\t\t<div class='gallery-icon landscape'>\n\t\t\t\t<a href='https:\/\/wp.ufpel.edu.br\/siiepe\/siiepe-2022\/mostra-artistica\/01-turno-2-2\/'><img loading=\"lazy\" decoding=\"async\" width=\"604\" height=\"604\" src=\"https:\/\/wp.ufpel.edu.br\/siiepe\/files\/2022\/10\/01-Turno-2-1-1024x1024.jpeg\" class=\"attachment-large size-large\" alt=\"\" srcset=\"https:\/\/wp.ufpel.edu.br\/siiepe\/files\/2022\/10\/01-Turno-2-1-1024x1024.jpeg 1024w, https:\/\/wp.ufpel.edu.br\/siiepe\/files\/2022\/10\/01-Turno-2-1-400x400.jpeg 400w, https:\/\/wp.ufpel.edu.br\/siiepe\/files\/2022\/10\/01-Turno-2-1-200x200.jpeg 200w, https:\/\/wp.ufpel.edu.br\/siiepe\/files\/2022\/10\/01-Turno-2-1-768x768.jpeg 768w, https:\/\/wp.ufpel.edu.br\/siiepe\/files\/2022\/10\/01-Turno-2-1.jpeg 1080w\" sizes=\"auto, (max-width: 604px) 100vw, 604px\" data-attachment-id=\"1217\" data-permalink=\"https:\/\/wp.ufpel.edu.br\/siiepe\/siiepe-2022\/mostra-artistica\/01-turno-2-2\/\" data-orig-file=\"https:\/\/wp.ufpel.edu.br\/siiepe\/files\/2022\/10\/01-Turno-2-1.jpeg\" data-orig-size=\"1080,1080\" data-comments-opened=\"0\" data-image-meta=\"{&quot;aperture&quot;:&quot;0&quot;,&quot;credit&quot;:&quot;&quot;,&quot;camera&quot;:&quot;&quot;,&quot;caption&quot;:&quot;&quot;,&quot;created_timestamp&quot;:&quot;0&quot;,&quot;copyright&quot;:&quot;&quot;,&quot;focal_length&quot;:&quot;0&quot;,&quot;iso&quot;:&quot;0&quot;,&quot;shutter_speed&quot;:&quot;0&quot;,&quot;title&quot;:&quot;&quot;,&quot;orientation&quot;:&quot;0&quot;}\" data-image-title=\"01 Turno 2\" data-image-description=\"\" data-image-caption=\"\" data-medium-file=\"https:\/\/wp.ufpel.edu.br\/siiepe\/files\/2022\/10\/01-Turno-2-1-400x400.jpeg\" data-large-file=\"https:\/\/wp.ufpel.edu.br\/siiepe\/files\/2022\/10\/01-Turno-2-1-1024x1024.jpeg\" \/><\/a>\n\t\t\t<\/div><\/figure><figure class='gallery-item'>\n\t\t\t<div class='gallery-icon landscape'>\n\t\t\t\t<a href='https:\/\/wp.ufpel.edu.br\/siiepe\/siiepe-2022\/mostra-artistica\/02-jane\/'><img loading=\"lazy\" decoding=\"async\" width=\"604\" height=\"604\" src=\"https:\/\/wp.ufpel.edu.br\/siiepe\/files\/2022\/10\/02-Jane-1024x1024.jpeg\" class=\"attachment-large size-large\" alt=\"\" srcset=\"https:\/\/wp.ufpel.edu.br\/siiepe\/files\/2022\/10\/02-Jane-1024x1024.jpeg 1024w, https:\/\/wp.ufpel.edu.br\/siiepe\/files\/2022\/10\/02-Jane-400x400.jpeg 400w, https:\/\/wp.ufpel.edu.br\/siiepe\/files\/2022\/10\/02-Jane-200x200.jpeg 200w, https:\/\/wp.ufpel.edu.br\/siiepe\/files\/2022\/10\/02-Jane-768x768.jpeg 768w, https:\/\/wp.ufpel.edu.br\/siiepe\/files\/2022\/10\/02-Jane-1536x1536.jpeg 1536w, https:\/\/wp.ufpel.edu.br\/siiepe\/files\/2022\/10\/02-Jane.jpeg 1599w\" sizes=\"auto, (max-width: 604px) 100vw, 604px\" data-attachment-id=\"1218\" data-permalink=\"https:\/\/wp.ufpel.edu.br\/siiepe\/siiepe-2022\/mostra-artistica\/02-jane\/\" data-orig-file=\"https:\/\/wp.ufpel.edu.br\/siiepe\/files\/2022\/10\/02-Jane.jpeg\" data-orig-size=\"1599,1599\" data-comments-opened=\"0\" data-image-meta=\"{&quot;aperture&quot;:&quot;0&quot;,&quot;credit&quot;:&quot;&quot;,&quot;camera&quot;:&quot;&quot;,&quot;caption&quot;:&quot;&quot;,&quot;created_timestamp&quot;:&quot;0&quot;,&quot;copyright&quot;:&quot;&quot;,&quot;focal_length&quot;:&quot;0&quot;,&quot;iso&quot;:&quot;0&quot;,&quot;shutter_speed&quot;:&quot;0&quot;,&quot;title&quot;:&quot;&quot;,&quot;orientation&quot;:&quot;0&quot;}\" data-image-title=\"02 Jane\" data-image-description=\"\" data-image-caption=\"\" data-medium-file=\"https:\/\/wp.ufpel.edu.br\/siiepe\/files\/2022\/10\/02-Jane-400x400.jpeg\" data-large-file=\"https:\/\/wp.ufpel.edu.br\/siiepe\/files\/2022\/10\/02-Jane-1024x1024.jpeg\" \/><\/a>\n\t\t\t<\/div><\/figure><figure class='gallery-item'>\n\t\t\t<div class='gallery-icon landscape'>\n\t\t\t\t<a href='https:\/\/wp.ufpel.edu.br\/siiepe\/siiepe-2022\/mostra-artistica\/03-corpo-violentado\/'><img loading=\"lazy\" decoding=\"async\" width=\"604\" height=\"604\" src=\"https:\/\/wp.ufpel.edu.br\/siiepe\/files\/2022\/10\/03-corpo-violentado-1024x1024.jpeg\" class=\"attachment-large size-large\" alt=\"\" srcset=\"https:\/\/wp.ufpel.edu.br\/siiepe\/files\/2022\/10\/03-corpo-violentado-1024x1024.jpeg 1024w, https:\/\/wp.ufpel.edu.br\/siiepe\/files\/2022\/10\/03-corpo-violentado-400x400.jpeg 400w, https:\/\/wp.ufpel.edu.br\/siiepe\/files\/2022\/10\/03-corpo-violentado-200x200.jpeg 200w, https:\/\/wp.ufpel.edu.br\/siiepe\/files\/2022\/10\/03-corpo-violentado-768x768.jpeg 768w, https:\/\/wp.ufpel.edu.br\/siiepe\/files\/2022\/10\/03-corpo-violentado-1536x1536.jpeg 1536w, https:\/\/wp.ufpel.edu.br\/siiepe\/files\/2022\/10\/03-corpo-violentado.jpeg 1600w\" sizes=\"auto, (max-width: 604px) 100vw, 604px\" data-attachment-id=\"1219\" data-permalink=\"https:\/\/wp.ufpel.edu.br\/siiepe\/siiepe-2022\/mostra-artistica\/03-corpo-violentado\/\" data-orig-file=\"https:\/\/wp.ufpel.edu.br\/siiepe\/files\/2022\/10\/03-corpo-violentado.jpeg\" data-orig-size=\"1600,1600\" data-comments-opened=\"0\" data-image-meta=\"{&quot;aperture&quot;:&quot;0&quot;,&quot;credit&quot;:&quot;&quot;,&quot;camera&quot;:&quot;&quot;,&quot;caption&quot;:&quot;&quot;,&quot;created_timestamp&quot;:&quot;0&quot;,&quot;copyright&quot;:&quot;&quot;,&quot;focal_length&quot;:&quot;0&quot;,&quot;iso&quot;:&quot;0&quot;,&quot;shutter_speed&quot;:&quot;0&quot;,&quot;title&quot;:&quot;&quot;,&quot;orientation&quot;:&quot;0&quot;}\" data-image-title=\"03 corpo violentado\" data-image-description=\"\" data-image-caption=\"\" data-medium-file=\"https:\/\/wp.ufpel.edu.br\/siiepe\/files\/2022\/10\/03-corpo-violentado-400x400.jpeg\" data-large-file=\"https:\/\/wp.ufpel.edu.br\/siiepe\/files\/2022\/10\/03-corpo-violentado-1024x1024.jpeg\" \/><\/a>\n\t\t\t<\/div><\/figure><figure class='gallery-item'>\n\t\t\t<div class='gallery-icon landscape'>\n\t\t\t\t<a href='https:\/\/wp.ufpel.edu.br\/siiepe\/siiepe-2022\/mostra-artistica\/04-tropa-da-danca-2\/'><img loading=\"lazy\" decoding=\"async\" width=\"604\" height=\"604\" src=\"https:\/\/wp.ufpel.edu.br\/siiepe\/files\/2022\/10\/04-Tropa-da-Danca-1-1024x1024.jpeg\" class=\"attachment-large size-large\" alt=\"\" srcset=\"https:\/\/wp.ufpel.edu.br\/siiepe\/files\/2022\/10\/04-Tropa-da-Danca-1-1024x1024.jpeg 1024w, https:\/\/wp.ufpel.edu.br\/siiepe\/files\/2022\/10\/04-Tropa-da-Danca-1-400x400.jpeg 400w, https:\/\/wp.ufpel.edu.br\/siiepe\/files\/2022\/10\/04-Tropa-da-Danca-1-200x200.jpeg 200w, https:\/\/wp.ufpel.edu.br\/siiepe\/files\/2022\/10\/04-Tropa-da-Danca-1-768x768.jpeg 768w, https:\/\/wp.ufpel.edu.br\/siiepe\/files\/2022\/10\/04-Tropa-da-Danca-1.jpeg 1080w\" sizes=\"auto, (max-width: 604px) 100vw, 604px\" data-attachment-id=\"1220\" data-permalink=\"https:\/\/wp.ufpel.edu.br\/siiepe\/siiepe-2022\/mostra-artistica\/04-tropa-da-danca-2\/\" data-orig-file=\"https:\/\/wp.ufpel.edu.br\/siiepe\/files\/2022\/10\/04-Tropa-da-Danca-1.jpeg\" data-orig-size=\"1080,1080\" data-comments-opened=\"0\" data-image-meta=\"{&quot;aperture&quot;:&quot;0&quot;,&quot;credit&quot;:&quot;&quot;,&quot;camera&quot;:&quot;&quot;,&quot;caption&quot;:&quot;&quot;,&quot;created_timestamp&quot;:&quot;0&quot;,&quot;copyright&quot;:&quot;&quot;,&quot;focal_length&quot;:&quot;0&quot;,&quot;iso&quot;:&quot;0&quot;,&quot;shutter_speed&quot;:&quot;0&quot;,&quot;title&quot;:&quot;&quot;,&quot;orientation&quot;:&quot;0&quot;}\" data-image-title=\"04 Tropa da Dan\u00e7a\" data-image-description=\"\" data-image-caption=\"\" data-medium-file=\"https:\/\/wp.ufpel.edu.br\/siiepe\/files\/2022\/10\/04-Tropa-da-Danca-1-400x400.jpeg\" data-large-file=\"https:\/\/wp.ufpel.edu.br\/siiepe\/files\/2022\/10\/04-Tropa-da-Danca-1-1024x1024.jpeg\" \/><\/a>\n\t\t\t<\/div><\/figure><figure class='gallery-item'>\n\t\t\t<div class='gallery-icon landscape'>\n\t\t\t\t<a href='https:\/\/wp.ufpel.edu.br\/siiepe\/siiepe-2022\/mostra-artistica\/05-heitor-2\/'><img loading=\"lazy\" decoding=\"async\" width=\"604\" height=\"604\" src=\"https:\/\/wp.ufpel.edu.br\/siiepe\/files\/2022\/10\/05-Heitor-1-1024x1024.jpeg\" class=\"attachment-large size-large\" alt=\"\" srcset=\"https:\/\/wp.ufpel.edu.br\/siiepe\/files\/2022\/10\/05-Heitor-1-1024x1024.jpeg 1024w, https:\/\/wp.ufpel.edu.br\/siiepe\/files\/2022\/10\/05-Heitor-1-400x400.jpeg 400w, https:\/\/wp.ufpel.edu.br\/siiepe\/files\/2022\/10\/05-Heitor-1-200x200.jpeg 200w, https:\/\/wp.ufpel.edu.br\/siiepe\/files\/2022\/10\/05-Heitor-1-768x768.jpeg 768w, https:\/\/wp.ufpel.edu.br\/siiepe\/files\/2022\/10\/05-Heitor-1.jpeg 1080w\" sizes=\"auto, (max-width: 604px) 100vw, 604px\" data-attachment-id=\"1221\" data-permalink=\"https:\/\/wp.ufpel.edu.br\/siiepe\/siiepe-2022\/mostra-artistica\/05-heitor-2\/\" data-orig-file=\"https:\/\/wp.ufpel.edu.br\/siiepe\/files\/2022\/10\/05-Heitor-1.jpeg\" data-orig-size=\"1080,1080\" data-comments-opened=\"0\" data-image-meta=\"{&quot;aperture&quot;:&quot;0&quot;,&quot;credit&quot;:&quot;&quot;,&quot;camera&quot;:&quot;&quot;,&quot;caption&quot;:&quot;&quot;,&quot;created_timestamp&quot;:&quot;0&quot;,&quot;copyright&quot;:&quot;&quot;,&quot;focal_length&quot;:&quot;0&quot;,&quot;iso&quot;:&quot;0&quot;,&quot;shutter_speed&quot;:&quot;0&quot;,&quot;title&quot;:&quot;&quot;,&quot;orientation&quot;:&quot;0&quot;}\" data-image-title=\"05 Heitor\" data-image-description=\"\" data-image-caption=\"\" data-medium-file=\"https:\/\/wp.ufpel.edu.br\/siiepe\/files\/2022\/10\/05-Heitor-1-400x400.jpeg\" data-large-file=\"https:\/\/wp.ufpel.edu.br\/siiepe\/files\/2022\/10\/05-Heitor-1-1024x1024.jpeg\" \/><\/a>\n\t\t\t<\/div><\/figure><figure class='gallery-item'>\n\t\t\t<div class='gallery-icon landscape'>\n\t\t\t\t<a href='https:\/\/wp.ufpel.edu.br\/siiepe\/siiepe-2022\/mostra-artistica\/06-eduardo-2\/'><img loading=\"lazy\" decoding=\"async\" width=\"604\" height=\"604\" src=\"https:\/\/wp.ufpel.edu.br\/siiepe\/files\/2022\/10\/06-Eduardo-1-1024x1024.jpeg\" class=\"attachment-large size-large\" alt=\"\" srcset=\"https:\/\/wp.ufpel.edu.br\/siiepe\/files\/2022\/10\/06-Eduardo-1-1024x1024.jpeg 1024w, https:\/\/wp.ufpel.edu.br\/siiepe\/files\/2022\/10\/06-Eduardo-1-400x400.jpeg 400w, https:\/\/wp.ufpel.edu.br\/siiepe\/files\/2022\/10\/06-Eduardo-1-200x200.jpeg 200w, https:\/\/wp.ufpel.edu.br\/siiepe\/files\/2022\/10\/06-Eduardo-1-768x768.jpeg 768w, https:\/\/wp.ufpel.edu.br\/siiepe\/files\/2022\/10\/06-Eduardo-1.jpeg 1080w\" sizes=\"auto, (max-width: 604px) 100vw, 604px\" data-attachment-id=\"1222\" data-permalink=\"https:\/\/wp.ufpel.edu.br\/siiepe\/siiepe-2022\/mostra-artistica\/06-eduardo-2\/\" data-orig-file=\"https:\/\/wp.ufpel.edu.br\/siiepe\/files\/2022\/10\/06-Eduardo-1.jpeg\" data-orig-size=\"1080,1080\" data-comments-opened=\"0\" data-image-meta=\"{&quot;aperture&quot;:&quot;0&quot;,&quot;credit&quot;:&quot;&quot;,&quot;camera&quot;:&quot;&quot;,&quot;caption&quot;:&quot;&quot;,&quot;created_timestamp&quot;:&quot;0&quot;,&quot;copyright&quot;:&quot;&quot;,&quot;focal_length&quot;:&quot;0&quot;,&quot;iso&quot;:&quot;0&quot;,&quot;shutter_speed&quot;:&quot;0&quot;,&quot;title&quot;:&quot;&quot;,&quot;orientation&quot;:&quot;0&quot;}\" data-image-title=\"06 Eduardo\" data-image-description=\"\" data-image-caption=\"\" data-medium-file=\"https:\/\/wp.ufpel.edu.br\/siiepe\/files\/2022\/10\/06-Eduardo-1-400x400.jpeg\" data-large-file=\"https:\/\/wp.ufpel.edu.br\/siiepe\/files\/2022\/10\/06-Eduardo-1-1024x1024.jpeg\" \/><\/a>\n\t\t\t<\/div><\/figure><figure class='gallery-item'>\n\t\t\t<div class='gallery-icon landscape'>\n\t\t\t\t<a href='https:\/\/wp.ufpel.edu.br\/siiepe\/siiepe-2022\/mostra-artistica\/07-pet-artes-visuais\/'><img loading=\"lazy\" decoding=\"async\" width=\"604\" height=\"604\" src=\"https:\/\/wp.ufpel.edu.br\/siiepe\/files\/2022\/10\/07-Pet-Artes-Visuais-1024x1024.jpeg\" class=\"attachment-large size-large\" alt=\"\" srcset=\"https:\/\/wp.ufpel.edu.br\/siiepe\/files\/2022\/10\/07-Pet-Artes-Visuais-1024x1024.jpeg 1024w, https:\/\/wp.ufpel.edu.br\/siiepe\/files\/2022\/10\/07-Pet-Artes-Visuais-400x400.jpeg 400w, https:\/\/wp.ufpel.edu.br\/siiepe\/files\/2022\/10\/07-Pet-Artes-Visuais-200x200.jpeg 200w, https:\/\/wp.ufpel.edu.br\/siiepe\/files\/2022\/10\/07-Pet-Artes-Visuais-768x768.jpeg 768w, https:\/\/wp.ufpel.edu.br\/siiepe\/files\/2022\/10\/07-Pet-Artes-Visuais-1536x1536.jpeg 1536w, https:\/\/wp.ufpel.edu.br\/siiepe\/files\/2022\/10\/07-Pet-Artes-Visuais.jpeg 1599w\" sizes=\"auto, (max-width: 604px) 100vw, 604px\" data-attachment-id=\"1223\" data-permalink=\"https:\/\/wp.ufpel.edu.br\/siiepe\/siiepe-2022\/mostra-artistica\/07-pet-artes-visuais\/\" data-orig-file=\"https:\/\/wp.ufpel.edu.br\/siiepe\/files\/2022\/10\/07-Pet-Artes-Visuais.jpeg\" data-orig-size=\"1599,1599\" data-comments-opened=\"0\" data-image-meta=\"{&quot;aperture&quot;:&quot;0&quot;,&quot;credit&quot;:&quot;&quot;,&quot;camera&quot;:&quot;&quot;,&quot;caption&quot;:&quot;&quot;,&quot;created_timestamp&quot;:&quot;0&quot;,&quot;copyright&quot;:&quot;&quot;,&quot;focal_length&quot;:&quot;0&quot;,&quot;iso&quot;:&quot;0&quot;,&quot;shutter_speed&quot;:&quot;0&quot;,&quot;title&quot;:&quot;&quot;,&quot;orientation&quot;:&quot;0&quot;}\" data-image-title=\"07 Pet Artes Visuais\" data-image-description=\"\" data-image-caption=\"\" data-medium-file=\"https:\/\/wp.ufpel.edu.br\/siiepe\/files\/2022\/10\/07-Pet-Artes-Visuais-400x400.jpeg\" data-large-file=\"https:\/\/wp.ufpel.edu.br\/siiepe\/files\/2022\/10\/07-Pet-Artes-Visuais-1024x1024.jpeg\" \/><\/a>\n\t\t\t<\/div><\/figure><figure class='gallery-item'>\n\t\t\t<div class='gallery-icon landscape'>\n\t\t\t\t<a href='https:\/\/wp.ufpel.edu.br\/siiepe\/siiepe-2022\/mostra-artistica\/08-pelotas-fantastica\/'><img loading=\"lazy\" decoding=\"async\" width=\"604\" height=\"604\" src=\"https:\/\/wp.ufpel.edu.br\/siiepe\/files\/2022\/10\/08-Pelotas-Fantastica-1024x1024.jpeg\" class=\"attachment-large size-large\" alt=\"\" srcset=\"https:\/\/wp.ufpel.edu.br\/siiepe\/files\/2022\/10\/08-Pelotas-Fantastica-1024x1024.jpeg 1024w, https:\/\/wp.ufpel.edu.br\/siiepe\/files\/2022\/10\/08-Pelotas-Fantastica-400x400.jpeg 400w, https:\/\/wp.ufpel.edu.br\/siiepe\/files\/2022\/10\/08-Pelotas-Fantastica-200x200.jpeg 200w, https:\/\/wp.ufpel.edu.br\/siiepe\/files\/2022\/10\/08-Pelotas-Fantastica-768x768.jpeg 768w, https:\/\/wp.ufpel.edu.br\/siiepe\/files\/2022\/10\/08-Pelotas-Fantastica-1536x1536.jpeg 1536w, https:\/\/wp.ufpel.edu.br\/siiepe\/files\/2022\/10\/08-Pelotas-Fantastica.jpeg 1600w\" sizes=\"auto, (max-width: 604px) 100vw, 604px\" data-attachment-id=\"1224\" data-permalink=\"https:\/\/wp.ufpel.edu.br\/siiepe\/siiepe-2022\/mostra-artistica\/08-pelotas-fantastica\/\" data-orig-file=\"https:\/\/wp.ufpel.edu.br\/siiepe\/files\/2022\/10\/08-Pelotas-Fantastica.jpeg\" data-orig-size=\"1600,1600\" data-comments-opened=\"0\" data-image-meta=\"{&quot;aperture&quot;:&quot;0&quot;,&quot;credit&quot;:&quot;&quot;,&quot;camera&quot;:&quot;&quot;,&quot;caption&quot;:&quot;&quot;,&quot;created_timestamp&quot;:&quot;0&quot;,&quot;copyright&quot;:&quot;&quot;,&quot;focal_length&quot;:&quot;0&quot;,&quot;iso&quot;:&quot;0&quot;,&quot;shutter_speed&quot;:&quot;0&quot;,&quot;title&quot;:&quot;&quot;,&quot;orientation&quot;:&quot;0&quot;}\" data-image-title=\"08 Pelotas Fant\u00e1stica\" data-image-description=\"\" data-image-caption=\"\" data-medium-file=\"https:\/\/wp.ufpel.edu.br\/siiepe\/files\/2022\/10\/08-Pelotas-Fantastica-400x400.jpeg\" data-large-file=\"https:\/\/wp.ufpel.edu.br\/siiepe\/files\/2022\/10\/08-Pelotas-Fantastica-1024x1024.jpeg\" \/><\/a>\n\t\t\t<\/div><\/figure><figure class='gallery-item'>\n\t\t\t<div class='gallery-icon landscape'>\n\t\t\t\t<a href='https:\/\/wp.ufpel.edu.br\/siiepe\/siiepe-2022\/mostra-artistica\/09-ladra-2\/'><img loading=\"lazy\" decoding=\"async\" width=\"604\" height=\"604\" src=\"https:\/\/wp.ufpel.edu.br\/siiepe\/files\/2022\/10\/09-Ladra-1-1024x1024.jpeg\" class=\"attachment-large size-large\" alt=\"\" srcset=\"https:\/\/wp.ufpel.edu.br\/siiepe\/files\/2022\/10\/09-Ladra-1-1024x1024.jpeg 1024w, https:\/\/wp.ufpel.edu.br\/siiepe\/files\/2022\/10\/09-Ladra-1-400x400.jpeg 400w, https:\/\/wp.ufpel.edu.br\/siiepe\/files\/2022\/10\/09-Ladra-1-200x200.jpeg 200w, https:\/\/wp.ufpel.edu.br\/siiepe\/files\/2022\/10\/09-Ladra-1-768x768.jpeg 768w, https:\/\/wp.ufpel.edu.br\/siiepe\/files\/2022\/10\/09-Ladra-1.jpeg 1080w\" sizes=\"auto, (max-width: 604px) 100vw, 604px\" data-attachment-id=\"1225\" data-permalink=\"https:\/\/wp.ufpel.edu.br\/siiepe\/siiepe-2022\/mostra-artistica\/09-ladra-2\/\" data-orig-file=\"https:\/\/wp.ufpel.edu.br\/siiepe\/files\/2022\/10\/09-Ladra-1.jpeg\" data-orig-size=\"1080,1080\" data-comments-opened=\"0\" data-image-meta=\"{&quot;aperture&quot;:&quot;0&quot;,&quot;credit&quot;:&quot;&quot;,&quot;camera&quot;:&quot;&quot;,&quot;caption&quot;:&quot;&quot;,&quot;created_timestamp&quot;:&quot;0&quot;,&quot;copyright&quot;:&quot;&quot;,&quot;focal_length&quot;:&quot;0&quot;,&quot;iso&quot;:&quot;0&quot;,&quot;shutter_speed&quot;:&quot;0&quot;,&quot;title&quot;:&quot;&quot;,&quot;orientation&quot;:&quot;0&quot;}\" data-image-title=\"09 Ladra\" data-image-description=\"\" data-image-caption=\"\" data-medium-file=\"https:\/\/wp.ufpel.edu.br\/siiepe\/files\/2022\/10\/09-Ladra-1-400x400.jpeg\" data-large-file=\"https:\/\/wp.ufpel.edu.br\/siiepe\/files\/2022\/10\/09-Ladra-1-1024x1024.jpeg\" \/><\/a>\n\t\t\t<\/div><\/figure><figure class='gallery-item'>\n\t\t\t<div class='gallery-icon landscape'>\n\t\t\t\t<a href='https:\/\/wp.ufpel.edu.br\/siiepe\/siiepe-2022\/mostra-artistica\/10-mostra-de-videodanca\/'><img loading=\"lazy\" decoding=\"async\" width=\"604\" height=\"604\" src=\"https:\/\/wp.ufpel.edu.br\/siiepe\/files\/2022\/10\/10-Mostra-de-Videodanca-1024x1024.jpeg\" class=\"attachment-large size-large\" alt=\"\" srcset=\"https:\/\/wp.ufpel.edu.br\/siiepe\/files\/2022\/10\/10-Mostra-de-Videodanca-1024x1024.jpeg 1024w, https:\/\/wp.ufpel.edu.br\/siiepe\/files\/2022\/10\/10-Mostra-de-Videodanca-400x400.jpeg 400w, https:\/\/wp.ufpel.edu.br\/siiepe\/files\/2022\/10\/10-Mostra-de-Videodanca-200x200.jpeg 200w, https:\/\/wp.ufpel.edu.br\/siiepe\/files\/2022\/10\/10-Mostra-de-Videodanca-768x768.jpeg 768w, https:\/\/wp.ufpel.edu.br\/siiepe\/files\/2022\/10\/10-Mostra-de-Videodanca-1536x1536.jpeg 1536w, https:\/\/wp.ufpel.edu.br\/siiepe\/files\/2022\/10\/10-Mostra-de-Videodanca.jpeg 1600w\" sizes=\"auto, (max-width: 604px) 100vw, 604px\" data-attachment-id=\"1226\" data-permalink=\"https:\/\/wp.ufpel.edu.br\/siiepe\/siiepe-2022\/mostra-artistica\/10-mostra-de-videodanca\/\" data-orig-file=\"https:\/\/wp.ufpel.edu.br\/siiepe\/files\/2022\/10\/10-Mostra-de-Videodanca.jpeg\" data-orig-size=\"1600,1600\" data-comments-opened=\"0\" data-image-meta=\"{&quot;aperture&quot;:&quot;0&quot;,&quot;credit&quot;:&quot;&quot;,&quot;camera&quot;:&quot;&quot;,&quot;caption&quot;:&quot;&quot;,&quot;created_timestamp&quot;:&quot;0&quot;,&quot;copyright&quot;:&quot;&quot;,&quot;focal_length&quot;:&quot;0&quot;,&quot;iso&quot;:&quot;0&quot;,&quot;shutter_speed&quot;:&quot;0&quot;,&quot;title&quot;:&quot;&quot;,&quot;orientation&quot;:&quot;0&quot;}\" data-image-title=\"10 Mostra de Videodan\u00e7a\" data-image-description=\"\" data-image-caption=\"\" data-medium-file=\"https:\/\/wp.ufpel.edu.br\/siiepe\/files\/2022\/10\/10-Mostra-de-Videodanca-400x400.jpeg\" data-large-file=\"https:\/\/wp.ufpel.edu.br\/siiepe\/files\/2022\/10\/10-Mostra-de-Videodanca-1024x1024.jpeg\" \/><\/a>\n\t\t\t<\/div><\/figure>\n\t\t<\/div>\n\n","protected":false},"excerpt":{"rendered":"","protected":false},"author":20,"featured_media":0,"parent":1042,"menu_order":0,"comment_status":"closed","ping_status":"closed","template":"","meta":{"jetpack_post_was_ever_published":false,"footnotes":"","_links_to":"","_links_to_target":""},"class_list":["post-1200","page","type-page","status-publish","hentry"],"jetpack_sharing_enabled":true,"_links":{"self":[{"href":"https:\/\/wp.ufpel.edu.br\/siiepe\/wp-json\/wp\/v2\/pages\/1200","targetHints":{"allow":["GET"]}}],"collection":[{"href":"https:\/\/wp.ufpel.edu.br\/siiepe\/wp-json\/wp\/v2\/pages"}],"about":[{"href":"https:\/\/wp.ufpel.edu.br\/siiepe\/wp-json\/wp\/v2\/types\/page"}],"author":[{"embeddable":true,"href":"https:\/\/wp.ufpel.edu.br\/siiepe\/wp-json\/wp\/v2\/users\/20"}],"replies":[{"embeddable":true,"href":"https:\/\/wp.ufpel.edu.br\/siiepe\/wp-json\/wp\/v2\/comments?post=1200"}],"version-history":[{"count":4,"href":"https:\/\/wp.ufpel.edu.br\/siiepe\/wp-json\/wp\/v2\/pages\/1200\/revisions"}],"predecessor-version":[{"id":1228,"href":"https:\/\/wp.ufpel.edu.br\/siiepe\/wp-json\/wp\/v2\/pages\/1200\/revisions\/1228"}],"up":[{"embeddable":true,"href":"https:\/\/wp.ufpel.edu.br\/siiepe\/wp-json\/wp\/v2\/pages\/1042"}],"wp:attachment":[{"href":"https:\/\/wp.ufpel.edu.br\/siiepe\/wp-json\/wp\/v2\/media?parent=1200"}],"curies":[{"name":"wp","href":"https:\/\/api.w.org\/{rel}","templated":true}]}}