{"id":1053,"date":"2022-05-10T08:35:41","date_gmt":"2022-05-10T11:35:41","guid":{"rendered":"https:\/\/wp.ufpel.edu.br\/siiepe\/?page_id=1053"},"modified":"2023-03-28T09:22:07","modified_gmt":"2023-03-28T12:22:07","slug":"programacao","status":"publish","type":"page","link":"https:\/\/wp.ufpel.edu.br\/siiepe\/siiepe-2022\/programacao\/","title":{"rendered":"Programa\u00e7\u00e3o 8\u00aa SIIEPE (2022)"},"content":{"rendered":"<table style=\"table-layout: fixed;\" border=\"1\">\n<tbody>\n<tr>\n<td style=\"background-color: #f0f0f0; text-align: center; width: 101px;\"><\/td>\n<td style=\"background-color: #f0f0f0; text-align: center; width: 101px;\"><strong>SEGUNDA (17\/10)<\/strong><\/td>\n<td style=\"background-color: #f0f0f0; text-align: center; width: 101px;\"><strong>TER\u00c7A (18\/10)<\/strong><\/td>\n<td style=\"background-color: #f0f0f0; text-align: center; width: 101px;\"><strong>QUARTA (19\/10)<\/strong><\/td>\n<td style=\"background-color: #f0f0f0; text-align: center; width: 101px;\"><strong>QUINTA (20\/10)<\/strong><\/td>\n<td style=\"background-color: #f0f0f0; text-align: center; width: 101px;\"><strong>SEXTA (21\/10)<\/strong><\/td>\n<\/tr>\n<tr>\n<td style=\"text-align: center; width: 101px;\"><strong>09:00 &#8211; 10:30<\/strong><\/td>\n<td style=\"width: 101px; text-align: center;\">Abertura &#8211; Coral da UFPel e N\u00facleo de Teatro da UFPel<\/td>\n<td style=\"width: 101px; text-align: center;\"><a href=\"#legenda\">Apresenta\u00e7\u00f5es Orais<\/a><br \/>\nCEC\/CIC\/ENPOS\/CIT<\/td>\n<td style=\"width: 101px; text-align: center;\"><a href=\"#legenda\">Apresenta\u00e7\u00f5es Orais<\/a> CEC\/CIC\/ENPOS\/CIT<\/td>\n<td style=\"width: 101px; text-align: center;\"><a href=\"#legenda\">Apresenta\u00e7\u00f5es Orais<\/a><br \/>\nCEC\/CIC\/ENPOS\/CIT<\/td>\n<td style=\"width: 101px; text-align: center;\"><a href=\"#legenda\">Apresenta\u00e7\u00f5es Orais<\/a><br \/>\nCIC\/ENPOS<\/td>\n<\/tr>\n<tr>\n<td style=\"text-align: center; width: 101px; background-color: #f5f5f5;\"><strong>10:30 &#8211; 11:00<\/strong><\/td>\n<td style=\"width: 101px; text-align: center; background-color: #f5f5f5;\">INTERVALO<\/td>\n<td style=\"width: 101px; text-align: center; background-color: #f5f5f5;\">INTERVALO<\/td>\n<td style=\"width: 101px; text-align: center; background-color: #f5f5f5;\">INTERVALO<\/td>\n<td style=\"width: 101px; text-align: center; background-color: #f5f5f5;\">INTERVALO<\/td>\n<td style=\"width: 101px; text-align: center; background-color: #f5f5f5;\">INTERVALO<\/td>\n<\/tr>\n<tr>\n<td style=\"text-align: center; width: 101px;\"><strong>11:00 &#8211; 12:30<\/strong><\/td>\n<td style=\"width: 101px; text-align: center;\"><a href=\"#legenda\">Apresenta\u00e7\u00f5es Orais<\/a><br \/>\nCEC\/CIC\/ENPOS<\/td>\n<td style=\"width: 101px; text-align: center;\"><a href=\"#legenda\">Apresenta\u00e7\u00f5es Orais<\/a><br \/>\nCEC\/CIC\/ENPOS\/CIT<\/td>\n<td style=\"width: 101px; text-align: center;\"><a href=\"#legenda\">Apresenta\u00e7\u00f5es Orais<\/a><br \/>\nCEC\/CIC\/ENPOS\/CIT<\/td>\n<td style=\"width: 101px; text-align: center;\"><a href=\"#legenda\">Apresenta\u00e7\u00f5es Orais<\/a><br \/>\nCEC\/CIC\/ENPOS\/CIT<\/td>\n<td style=\"width: 101px; text-align: center;\"><a href=\"#legenda\">Apresenta\u00e7\u00f5es Orais<\/a><br \/>\nCIC\/ENPOS<\/td>\n<\/tr>\n<tr>\n<td style=\"text-align: center; width: 101px; background-color: #f5f5f5;\"><strong>12:30 &#8211; 13:30<\/strong><\/td>\n<td style=\"text-align: center; width: 101px; background-color: #f5f5f5;\"><\/td>\n<td style=\"text-align: center; width: 101px; background-color: #f5f5f5;\"><a href=\"https:\/\/wp.ufpel.edu.br\/siiepe\/siiepe-2022\/mostra-artistica\/\">MOSTRA ART\u00cdSTICA &#8211; REVISTA CULTURAL<\/a> (em frente ao RU)<\/td>\n<td style=\"text-align: center; width: 101px; background-color: #f5f5f5;\"><\/td>\n<td style=\"text-align: center; width: 101px; background-color: #f5f5f5;\"><\/td>\n<td style=\"text-align: center; width: 101px; background-color: #f5f5f5;\"><\/td>\n<\/tr>\n<tr>\n<td style=\"text-align: center; width: 101px;\"><strong>13:30 &#8211; 14:00<\/strong><\/td>\n<td style=\"text-align: center; width: 101px;\"><\/td>\n<td style=\"width: 101px;\"><\/td>\n<td style=\"width: 101px; text-align: center; vertical-align: top;\" rowspan=\"2\">\n<p>Orquestra da UFPel<\/p>\n<p>Palestra CIC<br \/>\n(Presencial)<\/p>\n<p>T\u00edtulo: Ci\u00eancia como ela \u00e9<\/p>\n<p style=\"text-align: center;\">Palestrantes encenada: Marcia Barbosa e Carolina Brito \/UFRGS<\/p>\n<p>Media\u00e7\u00e3o: Rafael Vetromille de Castro<br \/>\nCoordenador de P\u00f3s-Gradua\u00e7\u00e3o da UFPel<\/td>\n<td style=\"text-align: center; width: 101px;\" rowspan=\"2\">\n<p>Pepeu &#8211; Programa de Percuss\u00e3o da UFPel<\/p>\n<p>Palestra CEC (Presencial)<\/p>\n<p>T\u00edtulo: A caminhada dos povos tradicionais de matriz africana e os povos origin\u00e1rios na pauta de sa\u00fade e seguran\u00e7a alimentar<\/p>\n<p>Palestrante: Prof\u00aa Dr\u00aa Regina Barros Goulart Nogueira\/UCPel<\/p>\n<p>Media\u00e7\u00e3o: Eraldo Pinheiro<br \/>\nPr\u00f3-Reitor de Extens\u00e3o UFPel<\/td>\n<td style=\"width: 101px;\"><\/td>\n<\/tr>\n<tr>\n<td style=\"text-align: center; width: 101px;\"><strong>14:00 &#8211; 15:30<\/strong><\/td>\n<td style=\"text-align: center; width: 101px;\"><a href=\"#legenda\">Apresenta\u00e7\u00f5es Orais<\/a><br \/>\nCEG\/CIC\/ENPOS<\/td>\n<td style=\"width: 101px; text-align: center;\"><a href=\"#legenda\">Apresenta\u00e7\u00f5es Orais<\/a><br \/>\nCEG\/CIC\/ENPOS\/CIT<\/td>\n<td style=\"width: 101px; text-align: center;\"><a href=\"#legenda\">Apresenta\u00e7\u00f5es Orais<\/a><br \/>\nCEG<\/td>\n<\/tr>\n<tr>\n<td style=\"text-align: center; width: 101px; background-color: #f5f5f5;\"><strong>15:30 &#8211; 16:00<\/strong><\/td>\n<td style=\"text-align: center; width: 101px; background-color: #f5f5f5;\">INTERVALO<\/td>\n<td style=\"width: 101px; text-align: center; background-color: #f5f5f5;\">INTERVALO<\/td>\n<td style=\"width: 101px; text-align: center; background-color: #f5f5f5;\">INTERVALO<\/td>\n<td style=\"text-align: center; width: 101px; background-color: #f5f5f5;\">INTERVALO<\/td>\n<td style=\"width: 101px; text-align: center; background-color: #f5f5f5;\">INTERVALO<\/td>\n<\/tr>\n<tr>\n<td style=\"text-align: center; width: 101px;\"><strong>16:00 &#8211; 17:30<\/strong><\/td>\n<td style=\"text-align: center; width: 101px;\"><a href=\"#legenda\">Apresenta\u00e7\u00f5es Orais<\/a><br \/>\nCEG\/CIC\/ENPOS<\/td>\n<td style=\"width: 101px; text-align: center;\"><a href=\"#legenda\">Apresenta\u00e7\u00f5es Orais<\/a><br \/>\nCEG\/CIC\/ENPOS\/CIT<\/td>\n<td style=\"width: 101px; text-align: center;\">Sua Tese em 3 minutos<\/td>\n<td style=\"text-align: center; width: 101px;\"><a href=\"#legenda\">Apresenta\u00e7\u00f5es Orais<\/a><br \/>\nCIC\/ENPOS\/CIT<\/td>\n<td style=\"width: 101px; text-align: center;\"><a href=\"#legenda\">Apresenta\u00e7\u00f5es Orais<\/a><br \/>\nCEG<\/td>\n<\/tr>\n<tr>\n<td style=\"text-align: center; width: 101px;\"><strong>19:00 &#8211; 20:30<\/strong><\/td>\n<td style=\"width: 101px; text-align: center; vertical-align: top;\">\n<p>Palestra de Abertura <span style=\"color: #ff0000;\"><strong>(CANCELADA)<\/strong><\/span><\/p>\n<p><del>T\u00edtulo:<\/del><br \/>\n<del>Diversidade de saberes e l\u00f3gicas amer\u00edndias para uma universidade intercultural e interepist\u00eamica<\/del><\/p>\n<p><del>Palestrante: Prof. Dr. Gersem Baniwa (UNB)<\/del><br \/>\n<del>Media\u00e7\u00e3o: Ursula Silva<\/del><br \/>\n<del>Vice-Reitora UFPel<\/del><\/p>\n<p><strong><a href=\"https:\/\/www.youtube.com\/watch?v=-1C2KT5r4YQ\"><img loading=\"lazy\" decoding=\"async\" data-attachment-id=\"733\" data-permalink=\"https:\/\/wp.ufpel.edu.br\/siiepe\/siiepe-2020\/programacao-2020\/yt_icon_rgb\/\" data-orig-file=\"https:\/\/wp.ufpel.edu.br\/siiepe\/files\/2020\/11\/yt_icon_rgb.png\" data-orig-size=\"734,518\" data-comments-opened=\"0\" data-image-meta=\"{&quot;aperture&quot;:&quot;0&quot;,&quot;credit&quot;:&quot;&quot;,&quot;camera&quot;:&quot;&quot;,&quot;caption&quot;:&quot;&quot;,&quot;created_timestamp&quot;:&quot;0&quot;,&quot;copyright&quot;:&quot;&quot;,&quot;focal_length&quot;:&quot;0&quot;,&quot;iso&quot;:&quot;0&quot;,&quot;shutter_speed&quot;:&quot;0&quot;,&quot;title&quot;:&quot;&quot;,&quot;orientation&quot;:&quot;0&quot;}\" data-image-title=\"yt_icon_rgb\" data-image-description=\"\" data-image-caption=\"\" data-medium-file=\"https:\/\/wp.ufpel.edu.br\/siiepe\/files\/2020\/11\/yt_icon_rgb-400x282.png\" data-large-file=\"https:\/\/wp.ufpel.edu.br\/siiepe\/files\/2020\/11\/yt_icon_rgb.png\" class=\"alignnone wp-image-733\" src=\"https:\/\/wp.ufpel.edu.br\/siiepe\/files\/2020\/11\/yt_icon_rgb-400x282.png\" alt=\"\" width=\"40\" height=\"28\" srcset=\"https:\/\/wp.ufpel.edu.br\/siiepe\/files\/2020\/11\/yt_icon_rgb-400x282.png 400w, https:\/\/wp.ufpel.edu.br\/siiepe\/files\/2020\/11\/yt_icon_rgb.png 734w\" sizes=\"auto, (max-width: 40px) 100vw, 40px\" \/><\/a><\/strong><\/td>\n<td style=\"width: 101px; vertical-align: top;\">\n<p style=\"text-align: center;\">Palestra CEG<br \/>\n(Remoto)<\/p>\n<p style=\"text-align: center;\">T\u00edtulo: Interculturalidade e internacionaliza\u00e7\u00e3o: saberes de uma educa\u00e7\u00e3o planet\u00e1ria<\/p>\n<p style=\"text-align: center;\">Palestrante: Prof\u00aa Dr\u00aa Mar\u00edlia Costa Morosini (PUC\/RS)<\/p>\n<p style=\"text-align: center;\">Media\u00e7\u00e3o: Ana Klein (CPU\/UFPel)<\/p>\n<p style=\"text-align: center;\"><strong><a href=\"https:\/\/www.youtube.com\/watch?v=kErRBX1DGHM\"><img loading=\"lazy\" decoding=\"async\" data-attachment-id=\"733\" data-permalink=\"https:\/\/wp.ufpel.edu.br\/siiepe\/siiepe-2020\/programacao-2020\/yt_icon_rgb\/\" data-orig-file=\"https:\/\/wp.ufpel.edu.br\/siiepe\/files\/2020\/11\/yt_icon_rgb.png\" data-orig-size=\"734,518\" data-comments-opened=\"0\" data-image-meta=\"{&quot;aperture&quot;:&quot;0&quot;,&quot;credit&quot;:&quot;&quot;,&quot;camera&quot;:&quot;&quot;,&quot;caption&quot;:&quot;&quot;,&quot;created_timestamp&quot;:&quot;0&quot;,&quot;copyright&quot;:&quot;&quot;,&quot;focal_length&quot;:&quot;0&quot;,&quot;iso&quot;:&quot;0&quot;,&quot;shutter_speed&quot;:&quot;0&quot;,&quot;title&quot;:&quot;&quot;,&quot;orientation&quot;:&quot;0&quot;}\" data-image-title=\"yt_icon_rgb\" data-image-description=\"\" data-image-caption=\"\" data-medium-file=\"https:\/\/wp.ufpel.edu.br\/siiepe\/files\/2020\/11\/yt_icon_rgb-400x282.png\" data-large-file=\"https:\/\/wp.ufpel.edu.br\/siiepe\/files\/2020\/11\/yt_icon_rgb.png\" class=\"alignnone wp-image-733\" src=\"https:\/\/wp.ufpel.edu.br\/siiepe\/files\/2020\/11\/yt_icon_rgb-400x282.png\" alt=\"\" width=\"40\" height=\"28\" srcset=\"https:\/\/wp.ufpel.edu.br\/siiepe\/files\/2020\/11\/yt_icon_rgb-400x282.png 400w, https:\/\/wp.ufpel.edu.br\/siiepe\/files\/2020\/11\/yt_icon_rgb.png 734w\" sizes=\"auto, (max-width: 40px) 100vw, 40px\" \/><\/a><\/strong><\/p>\n<\/td>\n<td style=\"width: 101px; text-align: center; vertical-align: top;\"><a href=\"#legenda\">Apresenta\u00e7\u00f5es Orais<\/a><br \/>\nENPOS\/CIC\/CEG<br \/>\n(Remoto)<\/p>\n<p>Trabalhos de alunos de Cursos EAD<\/p>\n<p><strong><a href=\"https:\/\/www.youtube.com\/watch?v=orwe3jeYBYI\"><img loading=\"lazy\" decoding=\"async\" data-attachment-id=\"733\" data-permalink=\"https:\/\/wp.ufpel.edu.br\/siiepe\/siiepe-2020\/programacao-2020\/yt_icon_rgb\/\" data-orig-file=\"https:\/\/wp.ufpel.edu.br\/siiepe\/files\/2020\/11\/yt_icon_rgb.png\" data-orig-size=\"734,518\" data-comments-opened=\"0\" data-image-meta=\"{&quot;aperture&quot;:&quot;0&quot;,&quot;credit&quot;:&quot;&quot;,&quot;camera&quot;:&quot;&quot;,&quot;caption&quot;:&quot;&quot;,&quot;created_timestamp&quot;:&quot;0&quot;,&quot;copyright&quot;:&quot;&quot;,&quot;focal_length&quot;:&quot;0&quot;,&quot;iso&quot;:&quot;0&quot;,&quot;shutter_speed&quot;:&quot;0&quot;,&quot;title&quot;:&quot;&quot;,&quot;orientation&quot;:&quot;0&quot;}\" data-image-title=\"yt_icon_rgb\" data-image-description=\"\" data-image-caption=\"\" data-medium-file=\"https:\/\/wp.ufpel.edu.br\/siiepe\/files\/2020\/11\/yt_icon_rgb-400x282.png\" data-large-file=\"https:\/\/wp.ufpel.edu.br\/siiepe\/files\/2020\/11\/yt_icon_rgb.png\" class=\"alignnone wp-image-733\" src=\"https:\/\/wp.ufpel.edu.br\/siiepe\/files\/2020\/11\/yt_icon_rgb-400x282.png\" alt=\"\" width=\"40\" height=\"28\" srcset=\"https:\/\/wp.ufpel.edu.br\/siiepe\/files\/2020\/11\/yt_icon_rgb-400x282.png 400w, https:\/\/wp.ufpel.edu.br\/siiepe\/files\/2020\/11\/yt_icon_rgb.png 734w\" sizes=\"auto, (max-width: 40px) 100vw, 40px\" \/><\/a><\/strong><\/td>\n<td style=\"text-align: center; width: 101px; vertical-align: top;\">Mesa Redonda<br \/>\n(Remoto)<\/p>\n<p>T\u00edtulo: Apresenta\u00e7\u00e3o dos Grupos PET da UFPel<\/p>\n<p>Media\u00e7\u00e3o: Carine Dahl Corcini<\/p>\n<p><strong><a href=\"https:\/\/www.youtube.com\/watch?v=tD05_0nMjeE\"><img loading=\"lazy\" decoding=\"async\" data-attachment-id=\"733\" data-permalink=\"https:\/\/wp.ufpel.edu.br\/siiepe\/siiepe-2020\/programacao-2020\/yt_icon_rgb\/\" data-orig-file=\"https:\/\/wp.ufpel.edu.br\/siiepe\/files\/2020\/11\/yt_icon_rgb.png\" data-orig-size=\"734,518\" data-comments-opened=\"0\" data-image-meta=\"{&quot;aperture&quot;:&quot;0&quot;,&quot;credit&quot;:&quot;&quot;,&quot;camera&quot;:&quot;&quot;,&quot;caption&quot;:&quot;&quot;,&quot;created_timestamp&quot;:&quot;0&quot;,&quot;copyright&quot;:&quot;&quot;,&quot;focal_length&quot;:&quot;0&quot;,&quot;iso&quot;:&quot;0&quot;,&quot;shutter_speed&quot;:&quot;0&quot;,&quot;title&quot;:&quot;&quot;,&quot;orientation&quot;:&quot;0&quot;}\" data-image-title=\"yt_icon_rgb\" data-image-description=\"\" data-image-caption=\"\" data-medium-file=\"https:\/\/wp.ufpel.edu.br\/siiepe\/files\/2020\/11\/yt_icon_rgb-400x282.png\" data-large-file=\"https:\/\/wp.ufpel.edu.br\/siiepe\/files\/2020\/11\/yt_icon_rgb.png\" class=\"alignnone wp-image-733\" src=\"https:\/\/wp.ufpel.edu.br\/siiepe\/files\/2020\/11\/yt_icon_rgb-400x282.png\" alt=\"\" width=\"40\" height=\"28\" srcset=\"https:\/\/wp.ufpel.edu.br\/siiepe\/files\/2020\/11\/yt_icon_rgb-400x282.png 400w, https:\/\/wp.ufpel.edu.br\/siiepe\/files\/2020\/11\/yt_icon_rgb.png 734w\" sizes=\"auto, (max-width: 40px) 100vw, 40px\" \/><\/a><\/strong><\/p>\n<hr \/>\n<p>20h &#8211; Show &#8220;Novembro o ano inteiro&#8221;, de Kako Xavier (entrada franca)<br \/>\nAudit\u00f3rio 2 do Centro de Artes &#8211; Rua \u00c1lvaro Chaves, 65.<br \/>\n<a href=\"https:\/\/forms.gle\/ULhpcwrsRtkXWeqo8\">Reserve aqui seu lugar<\/a><\/td>\n<td style=\"width: 101px; text-align: center; vertical-align: top;\">Mesa Redonda<br \/>\n(Remoto)<\/p>\n<p>T\u00edtulo: &#8220;Ensino, Extens\u00e3o, Pesquisa e Inova\u00e7\u00e3o: um encontro de saberes na UFPel&#8221;<\/p>\n<p>Participantes: Vice-Reitora Ursula da Silva (Mediadora), Pr\u00f3-Reitores Eraldo Pinheiro (Extens\u00e3o e Cultura), Fl\u00e1vio Demarco (Pesquisa e P\u00f3s-Gradua\u00e7\u00e3o), Pr\u00f3-Reitora Maria de F\u00e1tima C\u00f3ssio (Ensino) e Superintendente Vin\u00edcius Farias (Inova\u00e7\u00e3o).<\/p>\n<p><strong><a href=\"https:\/\/www.youtube.com\/watch?v=ryYrpK4Hrrk\"><img loading=\"lazy\" decoding=\"async\" data-attachment-id=\"733\" data-permalink=\"https:\/\/wp.ufpel.edu.br\/siiepe\/siiepe-2020\/programacao-2020\/yt_icon_rgb\/\" data-orig-file=\"https:\/\/wp.ufpel.edu.br\/siiepe\/files\/2020\/11\/yt_icon_rgb.png\" data-orig-size=\"734,518\" data-comments-opened=\"0\" data-image-meta=\"{&quot;aperture&quot;:&quot;0&quot;,&quot;credit&quot;:&quot;&quot;,&quot;camera&quot;:&quot;&quot;,&quot;caption&quot;:&quot;&quot;,&quot;created_timestamp&quot;:&quot;0&quot;,&quot;copyright&quot;:&quot;&quot;,&quot;focal_length&quot;:&quot;0&quot;,&quot;iso&quot;:&quot;0&quot;,&quot;shutter_speed&quot;:&quot;0&quot;,&quot;title&quot;:&quot;&quot;,&quot;orientation&quot;:&quot;0&quot;}\" data-image-title=\"yt_icon_rgb\" data-image-description=\"\" data-image-caption=\"\" data-medium-file=\"https:\/\/wp.ufpel.edu.br\/siiepe\/files\/2020\/11\/yt_icon_rgb-400x282.png\" data-large-file=\"https:\/\/wp.ufpel.edu.br\/siiepe\/files\/2020\/11\/yt_icon_rgb.png\" class=\"alignnone wp-image-733\" src=\"https:\/\/wp.ufpel.edu.br\/siiepe\/files\/2020\/11\/yt_icon_rgb-400x282.png\" alt=\"\" width=\"40\" height=\"28\" srcset=\"https:\/\/wp.ufpel.edu.br\/siiepe\/files\/2020\/11\/yt_icon_rgb-400x282.png 400w, https:\/\/wp.ufpel.edu.br\/siiepe\/files\/2020\/11\/yt_icon_rgb.png 734w\" sizes=\"auto, (max-width: 40px) 100vw, 40px\" \/><\/a><\/strong><\/p>\n<hr \/>\n<p>19h &#8211; Sess\u00e3o especial no Cine UFPel<br \/>\n&#8220;ALMANYA &#8211; Willkommen in Deutschland&#8221;<br \/>\nRua \u00c1lvaro Chaves esquina Lobo da Costa<br \/>\n(entrada franca)<\/td>\n<\/tr>\n<\/tbody>\n<\/table>\n<p id=\"legenda\"><strong>Consulte os cronogramas de Apresenta\u00e7\u00f5es Orais nos sites dos congressos:<\/strong><\/p>\n<ul>\n<li><a href=\"https:\/\/wp.ufpel.edu.br\/congressoextensao\">CEC<\/a><\/li>\n<li><a href=\"https:\/\/wp.ufpel.edu.br\/ceg\">CEG<\/a><\/li>\n<li><a href=\"https:\/\/wp.ufpel.edu.br\/cic\">CIC<\/a><\/li>\n<li><a href=\"https:\/\/wp.ufpel.edu.br\/congressoinovacao\">CIT<\/a><\/li>\n<li><a href=\"https:\/\/wp.ufpel.edu.br\/enpos\">ENPOS<\/a><\/li>\n<\/ul>\n<p>&nbsp;<\/p>\n<p>&nbsp;<\/p>\n","protected":false},"excerpt":{"rendered":"<p>SEGUNDA (17\/10) TER\u00c7A (18\/10) QUARTA (19\/10) QUINTA (20\/10) SEXTA (21\/10) 09:00 &#8211; 10:30 Abertura &#8211; Coral da UFPel e N\u00facleo de Teatro da UFPel Apresenta\u00e7\u00f5es Orais CEC\/CIC\/ENPOS\/CIT Apresenta\u00e7\u00f5es Orais CEC\/CIC\/ENPOS\/CIT Apresenta\u00e7\u00f5es Orais CEC\/CIC\/ENPOS\/CIT Apresenta\u00e7\u00f5es Orais CIC\/ENPOS 10:30 &#8211; 11:00 INTERVALO INTERVALO INTERVALO INTERVALO INTERVALO 11:00 &#8211; 12:30 Apresenta\u00e7\u00f5es Orais CEC\/CIC\/ENPOS Apresenta\u00e7\u00f5es Orais CEC\/CIC\/ENPOS\/CIT Apresenta\u00e7\u00f5es Orais &hellip; <a href=\"https:\/\/wp.ufpel.edu.br\/siiepe\/siiepe-2022\/programacao\/\" class=\"more-link\">Continue lendo <span class=\"screen-reader-text\">Programa\u00e7\u00e3o 8\u00aa SIIEPE (2022)<\/span> <span class=\"meta-nav\">&rarr;<\/span><\/a><\/p>\n","protected":false},"author":20,"featured_media":0,"parent":1042,"menu_order":0,"comment_status":"closed","ping_status":"closed","template":"template-fullwidth.php","meta":{"jetpack_post_was_ever_published":false,"footnotes":"","_links_to":"","_links_to_target":""},"class_list":["post-1053","page","type-page","status-publish","hentry"],"jetpack_sharing_enabled":true,"_links":{"self":[{"href":"https:\/\/wp.ufpel.edu.br\/siiepe\/wp-json\/wp\/v2\/pages\/1053","targetHints":{"allow":["GET"]}}],"collection":[{"href":"https:\/\/wp.ufpel.edu.br\/siiepe\/wp-json\/wp\/v2\/pages"}],"about":[{"href":"https:\/\/wp.ufpel.edu.br\/siiepe\/wp-json\/wp\/v2\/types\/page"}],"author":[{"embeddable":true,"href":"https:\/\/wp.ufpel.edu.br\/siiepe\/wp-json\/wp\/v2\/users\/20"}],"replies":[{"embeddable":true,"href":"https:\/\/wp.ufpel.edu.br\/siiepe\/wp-json\/wp\/v2\/comments?post=1053"}],"version-history":[{"count":30,"href":"https:\/\/wp.ufpel.edu.br\/siiepe\/wp-json\/wp\/v2\/pages\/1053\/revisions"}],"predecessor-version":[{"id":1284,"href":"https:\/\/wp.ufpel.edu.br\/siiepe\/wp-json\/wp\/v2\/pages\/1053\/revisions\/1284"}],"up":[{"embeddable":true,"href":"https:\/\/wp.ufpel.edu.br\/siiepe\/wp-json\/wp\/v2\/pages\/1042"}],"wp:attachment":[{"href":"https:\/\/wp.ufpel.edu.br\/siiepe\/wp-json\/wp\/v2\/media?parent=1053"}],"curies":[{"name":"wp","href":"https:\/\/api.w.org\/{rel}","templated":true}]}}