{"id":1042,"date":"2022-05-10T08:32:56","date_gmt":"2022-05-10T11:32:56","guid":{"rendered":"https:\/\/wp.ufpel.edu.br\/siiepe\/?page_id=1042"},"modified":"2023-03-29T09:18:47","modified_gmt":"2023-03-29T12:18:47","slug":"siiepe-2022","status":"publish","type":"page","link":"https:\/\/wp.ufpel.edu.br\/siiepe\/siiepe-2022\/","title":{"rendered":"8\u00aa SIIEPE"},"content":{"rendered":"<h2>\u201cEncontro de Saberes: Pluriversidade e Meio Ambiente\u201d<\/h2>\n<p><strong>DE 17 A 21 DE OUTUBRO DE 2022<\/strong><\/p>\n<p><a href=\"https:\/\/wp.ufpel.edu.br\/siiepe\/files\/2022\/05\/REGULAMENTO-GERAL-SIIEPE-2022.pdf\">Regulamento 8\u00aa SIIEPE &#8211; 2022<\/a><\/p>\n<ul>\n<li><a href=\"https:\/\/wp.ufpel.edu.br\/siiepe\/siiepe-2022\/apresentacao\/\">Apresenta\u00e7\u00e3o do tema da 8\u00aa SIIEPE<\/a><\/li>\n<li><a href=\"https:\/\/wp.ufpel.edu.br\/siiepe\/siiepe-2022\/programacao\/\">Programa\u00e7\u00e3o<\/a><\/li>\n<li><a href=\"https:\/\/wp.ufpel.edu.br\/siiepe\/category\/noticias\/2022\/\">Not\u00edcias<\/a><\/li>\n<\/ul>\n<p><strong>EVENTOS:<\/strong><\/p>\n<ul>\n<li><a href=\"https:\/\/wp.ufpel.edu.br\/congressoinovacao\">VI CIT<\/a><\/li>\n<li><a href=\"https:\/\/wp.ufpel.edu.br\/ceg\">VIII CEG<\/a><\/li>\n<li><a href=\"https:\/\/wp.ufpel.edu.br\/congressoextensao\">IX CEC<\/a><\/li>\n<li><a href=\"https:\/\/wp.ufpel.edu.br\/enpos\">XXIV ENPOS<\/a><\/li>\n<li><a href=\"https:\/\/wp.ufpel.edu.br\/cic\">XXXI CIC<\/a><\/li>\n<\/ul>\n<table style=\"border-collapse: collapse; width: 100%;\" border=\"1\">\n<tbody>\n<tr>\n<td style=\"width: 50%;\">\n<p class=\"jetpack-slideshow-noscript robots-nocontent\">Este slideshow necessita de JavaScript.<\/p><div id=\"gallery-1042-1-slideshow\" class=\"jetpack-slideshow-window jetpack-slideshow jetpack-slideshow-black\" data-trans=\"fade\" data-autostart=\"1\" data-gallery=\"[{&quot;src&quot;:&quot;https:\\\/\\\/wp.ufpel.edu.br\\\/siiepe\\\/files\\\/2022\\\/10\\\/card_siiepe_outubro-01.png&quot;,&quot;id&quot;:&quot;1162&quot;,&quot;title&quot;:&quot;card_siiepe_outubro-01&quot;,&quot;alt&quot;:&quot;&quot;,&quot;caption&quot;:&quot;&quot;,&quot;itemprop&quot;:&quot;image&quot;},{&quot;src&quot;:&quot;https:\\\/\\\/wp.ufpel.edu.br\\\/siiepe\\\/files\\\/2022\\\/10\\\/card_siiepe_outubro-02.png&quot;,&quot;id&quot;:&quot;1163&quot;,&quot;title&quot;:&quot;card_siiepe_outubro-02&quot;,&quot;alt&quot;:&quot;&quot;,&quot;caption&quot;:&quot;&quot;,&quot;itemprop&quot;:&quot;image&quot;},{&quot;src&quot;:&quot;https:\\\/\\\/wp.ufpel.edu.br\\\/siiepe\\\/files\\\/2022\\\/10\\\/card_siiepe_outubro_03-cancelada.jpeg&quot;,&quot;id&quot;:&quot;1235&quot;,&quot;title&quot;:&quot;card_siiepe_outubro_03-cancelada&quot;,&quot;alt&quot;:&quot;&quot;,&quot;caption&quot;:&quot;&quot;,&quot;itemprop&quot;:&quot;image&quot;},{&quot;src&quot;:&quot;https:\\\/\\\/wp.ufpel.edu.br\\\/siiepe\\\/files\\\/2022\\\/10\\\/card_siiepe_outubro-04.png&quot;,&quot;id&quot;:&quot;1165&quot;,&quot;title&quot;:&quot;card_siiepe_outubro-04&quot;,&quot;alt&quot;:&quot;&quot;,&quot;caption&quot;:&quot;&quot;,&quot;itemprop&quot;:&quot;image&quot;},{&quot;src&quot;:&quot;https:\\\/\\\/wp.ufpel.edu.br\\\/siiepe\\\/files\\\/2022\\\/10\\\/card_siiepe_outubro-05.png&quot;,&quot;id&quot;:&quot;1160&quot;,&quot;title&quot;:&quot;card_siiepe_outubro-05&quot;,&quot;alt&quot;:&quot;&quot;,&quot;caption&quot;:&quot;&quot;,&quot;itemprop&quot;:&quot;image&quot;},{&quot;src&quot;:&quot;https:\\\/\\\/wp.ufpel.edu.br\\\/siiepe\\\/files\\\/2022\\\/10\\\/CARD_tese_3min.png&quot;,&quot;id&quot;:&quot;1182&quot;,&quot;title&quot;:&quot;CARD_tese_3min&quot;,&quot;alt&quot;:&quot;&quot;,&quot;caption&quot;:&quot;&quot;,&quot;itemprop&quot;:&quot;image&quot;},{&quot;src&quot;:&quot;https:\\\/\\\/wp.ufpel.edu.br\\\/siiepe\\\/files\\\/2022\\\/10\\\/Regina_palestra_quinta-06.png&quot;,&quot;id&quot;:&quot;1238&quot;,&quot;title&quot;:&quot;Regina_palestra_quinta-06&quot;,&quot;alt&quot;:&quot;&quot;,&quot;caption&quot;:&quot;&quot;,&quot;itemprop&quot;:&quot;image&quot;}]\" itemscope itemtype=\"https:\/\/schema.org\/ImageGallery\"><\/div>\n<p><a href=\"https:\/\/wp.ufpel.edu.br\/siiepe\/siiepe-2022\/palestras\/\">Palestras \u2192<\/a><\/td>\n<td style=\"width: 50%; vertical-align: top;\">\n<p><a href=\"https:\/\/wp.ufpel.edu.br\/siiepe\/siiepe-2022\/mostra-artistica\/\"><img loading=\"lazy\" decoding=\"async\" data-attachment-id=\"1216\" data-permalink=\"https:\/\/wp.ufpel.edu.br\/siiepe\/siiepe-2022\/mostra-artistica\/00-mostra-artistica-programacao\/\" data-orig-file=\"https:\/\/wp.ufpel.edu.br\/siiepe\/files\/2022\/10\/00-Mostra-artistica-programacao.jpeg\" data-orig-size=\"1600,1600\" data-comments-opened=\"0\" data-image-meta=\"{&quot;aperture&quot;:&quot;0&quot;,&quot;credit&quot;:&quot;&quot;,&quot;camera&quot;:&quot;&quot;,&quot;caption&quot;:&quot;&quot;,&quot;created_timestamp&quot;:&quot;0&quot;,&quot;copyright&quot;:&quot;&quot;,&quot;focal_length&quot;:&quot;0&quot;,&quot;iso&quot;:&quot;0&quot;,&quot;shutter_speed&quot;:&quot;0&quot;,&quot;title&quot;:&quot;&quot;,&quot;orientation&quot;:&quot;0&quot;}\" data-image-title=\"00 Mostra art\u00edstica &amp;#8211; programa\u00e7\u00e3o\" data-image-description=\"\" data-image-caption=\"\" data-medium-file=\"https:\/\/wp.ufpel.edu.br\/siiepe\/files\/2022\/10\/00-Mostra-artistica-programacao-400x400.jpeg\" data-large-file=\"https:\/\/wp.ufpel.edu.br\/siiepe\/files\/2022\/10\/00-Mostra-artistica-programacao-1024x1024.jpeg\" class=\"alignnone wp-image-1216 size-medium\" src=\"https:\/\/wp.ufpel.edu.br\/siiepe\/files\/2022\/10\/00-Mostra-artistica-programacao-400x400.jpeg\" alt=\"\" width=\"400\" height=\"400\" srcset=\"https:\/\/wp.ufpel.edu.br\/siiepe\/files\/2022\/10\/00-Mostra-artistica-programacao-400x400.jpeg 400w, https:\/\/wp.ufpel.edu.br\/siiepe\/files\/2022\/10\/00-Mostra-artistica-programacao-1024x1024.jpeg 1024w, https:\/\/wp.ufpel.edu.br\/siiepe\/files\/2022\/10\/00-Mostra-artistica-programacao-200x200.jpeg 200w, https:\/\/wp.ufpel.edu.br\/siiepe\/files\/2022\/10\/00-Mostra-artistica-programacao-768x768.jpeg 768w, https:\/\/wp.ufpel.edu.br\/siiepe\/files\/2022\/10\/00-Mostra-artistica-programacao-1536x1536.jpeg 1536w, https:\/\/wp.ufpel.edu.br\/siiepe\/files\/2022\/10\/00-Mostra-artistica-programacao.jpeg 1600w\" sizes=\"auto, (max-width: 400px) 100vw, 400px\" \/><\/a><\/p>\n<p><a href=\"https:\/\/wp.ufpel.edu.br\/siiepe\/siiepe-2022\/mostra-artistica\/\">Mostra Art\u00edstica \u2192<\/a><\/td>\n<\/tr>\n<tr>\n<td style=\"width: 50%;\"><img loading=\"lazy\" decoding=\"async\" data-attachment-id=\"1183\" data-permalink=\"https:\/\/wp.ufpel.edu.br\/siiepe\/home\/show-kako-xavier_20-10_20h_ca\/\" data-orig-file=\"https:\/\/wp.ufpel.edu.br\/siiepe\/files\/2022\/10\/Show-Kako-Xavier_20-10_20h_CA.jpg\" data-orig-size=\"943,1092\" data-comments-opened=\"0\" data-image-meta=\"{&quot;aperture&quot;:&quot;0&quot;,&quot;credit&quot;:&quot;&quot;,&quot;camera&quot;:&quot;&quot;,&quot;caption&quot;:&quot;&quot;,&quot;created_timestamp&quot;:&quot;0&quot;,&quot;copyright&quot;:&quot;&quot;,&quot;focal_length&quot;:&quot;0&quot;,&quot;iso&quot;:&quot;0&quot;,&quot;shutter_speed&quot;:&quot;0&quot;,&quot;title&quot;:&quot;&quot;,&quot;orientation&quot;:&quot;0&quot;}\" data-image-title=\"Show Kako Xavier_20 10_20h_CA\" data-image-description=\"\" data-image-caption=\"\" data-medium-file=\"https:\/\/wp.ufpel.edu.br\/siiepe\/files\/2022\/10\/Show-Kako-Xavier_20-10_20h_CA-345x400.jpg\" data-large-file=\"https:\/\/wp.ufpel.edu.br\/siiepe\/files\/2022\/10\/Show-Kako-Xavier_20-10_20h_CA-884x1024.jpg\" class=\"size-medium wp-image-1183 aligncenter\" src=\"https:\/\/wp.ufpel.edu.br\/siiepe\/files\/2022\/10\/Show-Kako-Xavier_20-10_20h_CA-345x400.jpg\" alt=\"\" width=\"345\" height=\"400\" srcset=\"https:\/\/wp.ufpel.edu.br\/siiepe\/files\/2022\/10\/Show-Kako-Xavier_20-10_20h_CA-345x400.jpg 345w, https:\/\/wp.ufpel.edu.br\/siiepe\/files\/2022\/10\/Show-Kako-Xavier_20-10_20h_CA-884x1024.jpg 884w, https:\/\/wp.ufpel.edu.br\/siiepe\/files\/2022\/10\/Show-Kako-Xavier_20-10_20h_CA-768x889.jpg 768w, https:\/\/wp.ufpel.edu.br\/siiepe\/files\/2022\/10\/Show-Kako-Xavier_20-10_20h_CA.jpg 943w\" sizes=\"auto, (max-width: 345px) 100vw, 345px\" \/>Show &#8220;Novembro o ano inteiro&#8221;, de Kako Xavier, (entrada franca). Dia 20\/10, \u00e0s 20h, no audit\u00f3rio 2 do Centro de Artes da UFPel (Rua \u00c1lvaro Chaves, 65, Pelotas).<br \/>\nReserve seu lugar pelo formul\u00e1rio: <a href=\"https:\/\/forms.gle\/ULhpcwrsRtkXWeqo8\" target=\"_blank\" rel=\"noopener\" data-saferedirecturl=\"https:\/\/www.google.com\/url?q=https:\/\/forms.gle\/ULhpcwrsRtkXWeqo8&amp;source=gmail&amp;ust=1665835261983000&amp;usg=AOvVaw1kB2vmP2lHSnDHfr_nCNXB\">https:\/\/forms.gle\/<wbr \/>ULhpcwrsRtkXWeqo8<\/a>.<\/td>\n<td style=\"width: 50%; vertical-align: top;\"><a href=\"https:\/\/wp.ufpel.edu.br\/siiepe\/home\/15-sessao-cine-ufpel\/\"><img loading=\"lazy\" decoding=\"async\" data-attachment-id=\"1229\" data-permalink=\"https:\/\/wp.ufpel.edu.br\/siiepe\/home\/15-sessao-cine-ufpel\/\" data-orig-file=\"https:\/\/wp.ufpel.edu.br\/siiepe\/files\/2022\/10\/15-Sessao-Cine-UFPel.jpeg\" data-orig-size=\"1024,1280\" data-comments-opened=\"0\" data-image-meta=\"{&quot;aperture&quot;:&quot;0&quot;,&quot;credit&quot;:&quot;&quot;,&quot;camera&quot;:&quot;&quot;,&quot;caption&quot;:&quot;&quot;,&quot;created_timestamp&quot;:&quot;0&quot;,&quot;copyright&quot;:&quot;&quot;,&quot;focal_length&quot;:&quot;0&quot;,&quot;iso&quot;:&quot;0&quot;,&quot;shutter_speed&quot;:&quot;0&quot;,&quot;title&quot;:&quot;&quot;,&quot;orientation&quot;:&quot;0&quot;}\" data-image-title=\"15 Sess\u00e3o Cine UFPel\" data-image-description=\"\" data-image-caption=\"\" data-medium-file=\"https:\/\/wp.ufpel.edu.br\/siiepe\/files\/2022\/10\/15-Sessao-Cine-UFPel-320x400.jpeg\" data-large-file=\"https:\/\/wp.ufpel.edu.br\/siiepe\/files\/2022\/10\/15-Sessao-Cine-UFPel-819x1024.jpeg\" class=\"alignnone wp-image-1229 size-medium\" src=\"https:\/\/wp.ufpel.edu.br\/siiepe\/files\/2022\/10\/15-Sessao-Cine-UFPel-320x400.jpeg\" alt=\"\" width=\"320\" height=\"400\" srcset=\"https:\/\/wp.ufpel.edu.br\/siiepe\/files\/2022\/10\/15-Sessao-Cine-UFPel-320x400.jpeg 320w, https:\/\/wp.ufpel.edu.br\/siiepe\/files\/2022\/10\/15-Sessao-Cine-UFPel-819x1024.jpeg 819w, https:\/\/wp.ufpel.edu.br\/siiepe\/files\/2022\/10\/15-Sessao-Cine-UFPel-768x960.jpeg 768w, https:\/\/wp.ufpel.edu.br\/siiepe\/files\/2022\/10\/15-Sessao-Cine-UFPel.jpeg 1024w\" sizes=\"auto, (max-width: 320px) 100vw, 320px\" \/><\/a><\/td>\n<\/tr>\n<\/tbody>\n<\/table>\n<p>&nbsp;<\/p>\n<p>&nbsp;<\/p>\n","protected":false},"excerpt":{"rendered":"<p>\u201cEncontro de Saberes: Pluriversidade e Meio Ambiente\u201d DE 17 A 21 DE OUTUBRO DE 2022 Regulamento 8\u00aa SIIEPE &#8211; 2022 Apresenta\u00e7\u00e3o do tema da 8\u00aa SIIEPE Programa\u00e7\u00e3o Not\u00edcias EVENTOS: VI CIT VIII CEG IX CEC XXIV ENPOS XXXI CIC Palestras \u2192 Mostra Art\u00edstica \u2192 Show &#8220;Novembro o ano inteiro&#8221;, de Kako Xavier, (entrada franca). Dia &hellip; <a href=\"https:\/\/wp.ufpel.edu.br\/siiepe\/siiepe-2022\/\" class=\"more-link\">Continue lendo <span class=\"screen-reader-text\">8\u00aa SIIEPE<\/span> <span class=\"meta-nav\">&rarr;<\/span><\/a><\/p>\n","protected":false},"author":20,"featured_media":0,"parent":0,"menu_order":0,"comment_status":"closed","ping_status":"closed","template":"template-fullwidth.php","meta":{"jetpack_post_was_ever_published":false,"footnotes":"","_links_to":"","_links_to_target":""},"class_list":["post-1042","page","type-page","status-publish","hentry"],"jetpack_sharing_enabled":true,"_links":{"self":[{"href":"https:\/\/wp.ufpel.edu.br\/siiepe\/wp-json\/wp\/v2\/pages\/1042","targetHints":{"allow":["GET"]}}],"collection":[{"href":"https:\/\/wp.ufpel.edu.br\/siiepe\/wp-json\/wp\/v2\/pages"}],"about":[{"href":"https:\/\/wp.ufpel.edu.br\/siiepe\/wp-json\/wp\/v2\/types\/page"}],"author":[{"embeddable":true,"href":"https:\/\/wp.ufpel.edu.br\/siiepe\/wp-json\/wp\/v2\/users\/20"}],"replies":[{"embeddable":true,"href":"https:\/\/wp.ufpel.edu.br\/siiepe\/wp-json\/wp\/v2\/comments?post=1042"}],"version-history":[{"count":9,"href":"https:\/\/wp.ufpel.edu.br\/siiepe\/wp-json\/wp\/v2\/pages\/1042\/revisions"}],"predecessor-version":[{"id":1314,"href":"https:\/\/wp.ufpel.edu.br\/siiepe\/wp-json\/wp\/v2\/pages\/1042\/revisions\/1314"}],"wp:attachment":[{"href":"https:\/\/wp.ufpel.edu.br\/siiepe\/wp-json\/wp\/v2\/media?parent=1042"}],"curies":[{"name":"wp","href":"https:\/\/api.w.org\/{rel}","templated":true}]}}