{"id":93,"date":"2014-09-12T10:57:26","date_gmt":"2014-09-12T13:57:26","guid":{"rendered":"https:\/\/wp.ufpel.edu.br\/sigwebjaguarao\/?page_id=93"},"modified":"2018-01-29T09:49:39","modified_gmt":"2018-01-29T11:49:39","slug":"uso-e-ocupacao-do-solo","status":"publish","type":"page","link":"https:\/\/wp.ufpel.edu.br\/sigwebjaguarao\/uso-e-ocupacao-do-solo\/","title":{"rendered":"Uso e ocupa\u00e7\u00e3o do solo"},"content":{"rendered":"<p style=\"text-align: justify;\">O item apresenta informa\u00e7\u00f5es sobre o uso e ocupa\u00e7\u00e3o do solo, obtidos a partir dados indiretos da Prefeitura Municipal e de levantamentos de campo diretos. \u00c9 subdividido nos seguintes itens:<\/p>\n<p style=\"text-align: justify;\"><a href=\"https:\/\/wp.ufpel.edu.br\/sigwebjaguarao\/uso-e-ocupacao-do-solo\/custo-do-solo\/\">Custo do Solo<\/a><\/p>\n<p style=\"text-align: justify;\"><a href=\"https:\/\/wp.ufpel.edu.br\/sigwebjaguarao\/uso-e-ocupacao-do-solo\/equipamentos-urbanos\/\">Equipamentos Urbanos<\/a><\/p>\n<p style=\"text-align: justify;\"><a href=\"https:\/\/wp.ufpel.edu.br\/sigwebjaguarao\/uso-e-ocupacao-do-solo\/uso-do-solo-lotes\/\">Uso do Solo &#8211; Lotes<\/a><\/p>\n<p>Tais informa\u00e7\u00f5es podem ser obtidas individualmente nos mapas dos itens acima ou em conjunto atrav\u00e9s do mapa abaixo.<\/p>\n\n<!-- iframe plugin v.6.0 wordpress.org\/plugins\/iframe\/ -->\n<iframe loading=\"lazy\" src=\"https:\/\/sigwebjaguarao.ufpel.edu.br\/Uso_e_ocupacao_do_solo\/\" width=\"100%\" height=\"1000\" scrolling=\"auto\" class=\"iframe-class\" frameborder=\"0\"><\/iframe>\n\n<p style=\"text-align: left;\">Clique em\u00a0cada entidade no mapa para obter informa\u00e7\u00f5es sobre elas.<\/p>\n<p style=\"text-align: justify;\">\n","protected":false},"excerpt":{"rendered":"<p>O item apresenta informa\u00e7\u00f5es sobre o uso e ocupa\u00e7\u00e3o do solo, obtidos a partir dados indiretos da Prefeitura Municipal e de levantamentos de campo diretos. \u00c9 subdividido nos seguintes itens: Custo do Solo Equipamentos Urbanos Uso do Solo &#8211; Lotes Tais informa\u00e7\u00f5es podem ser obtidas individualmente nos mapas dos itens acima ou em conjunto atrav\u00e9s &hellip; <a href=\"https:\/\/wp.ufpel.edu.br\/sigwebjaguarao\/uso-e-ocupacao-do-solo\/\" class=\"more-link\">Continue lendo <span class=\"screen-reader-text\">Uso e ocupa\u00e7\u00e3o do solo<\/span> <span class=\"meta-nav\">&rarr;<\/span><\/a><\/p>\n","protected":false},"author":420,"featured_media":0,"parent":0,"menu_order":5,"comment_status":"closed","ping_status":"closed","template":"page-templates\/full-width.php","meta":{"footnotes":""},"class_list":["post-93","page","type-page","status-publish","hentry"],"jetpack_sharing_enabled":true,"_links":{"self":[{"href":"https:\/\/wp.ufpel.edu.br\/sigwebjaguarao\/wp-json\/wp\/v2\/pages\/93","targetHints":{"allow":["GET"]}}],"collection":[{"href":"https:\/\/wp.ufpel.edu.br\/sigwebjaguarao\/wp-json\/wp\/v2\/pages"}],"about":[{"href":"https:\/\/wp.ufpel.edu.br\/sigwebjaguarao\/wp-json\/wp\/v2\/types\/page"}],"author":[{"embeddable":true,"href":"https:\/\/wp.ufpel.edu.br\/sigwebjaguarao\/wp-json\/wp\/v2\/users\/420"}],"replies":[{"embeddable":true,"href":"https:\/\/wp.ufpel.edu.br\/sigwebjaguarao\/wp-json\/wp\/v2\/comments?post=93"}],"version-history":[{"count":8,"href":"https:\/\/wp.ufpel.edu.br\/sigwebjaguarao\/wp-json\/wp\/v2\/pages\/93\/revisions"}],"predecessor-version":[{"id":588,"href":"https:\/\/wp.ufpel.edu.br\/sigwebjaguarao\/wp-json\/wp\/v2\/pages\/93\/revisions\/588"}],"wp:attachment":[{"href":"https:\/\/wp.ufpel.edu.br\/sigwebjaguarao\/wp-json\/wp\/v2\/media?parent=93"}],"curies":[{"name":"wp","href":"https:\/\/api.w.org\/{rel}","templated":true}]}}