{"id":83,"date":"2014-09-12T10:55:23","date_gmt":"2014-09-12T13:55:23","guid":{"rendered":"https:\/\/wp.ufpel.edu.br\/sigwebjaguarao\/?page_id=83"},"modified":"2018-01-29T09:50:24","modified_gmt":"2018-01-29T11:50:24","slug":"levantamentos","status":"publish","type":"page","link":"https:\/\/wp.ufpel.edu.br\/sigwebjaguarao\/levantamentos\/","title":{"rendered":"Outros Dados"},"content":{"rendered":"<p style=\"text-align: justify;\">O item apresenta informa\u00e7\u00f5es produzidas atrav\u00e9s de oficinas, de opera\u00e7\u00f5es em SIG com dados do IBGE e de atividades gerais de levantamento.\u00a0\u00c9 subdivido nos itens a seguir:<\/p>\n<p style=\"text-align: justify;\"><a href=\"https:\/\/wp.ufpel.edu.br\/sigwebjaguarao\/levantamentos\/drup-2013-1\/\">DRUP 2013-1<\/a><\/p>\n<p style=\"text-align: justify;\"><a href=\"https:\/\/wp.ufpel.edu.br\/sigwebjaguarao\/levantamentos\/drup-2013-2\/\">DRUP 2013-2<\/a><\/p>\n<p style=\"text-align: justify;\"><a href=\"https:\/\/wp.ufpel.edu.br\/sigwebjaguarao\/levantamentos\/ibge-censo-2010-densidade\/\">IBGE Censo 2010 &#8211; Densidade<br \/>\n<\/a><\/p>\n<p>Tais informa\u00e7\u00f5es podem ser obtidas individualmente nos mapas dos itens acima ou em conjunto atrav\u00e9s do mapa abaixo.<\/p>\n\n<!-- iframe plugin v.6.0 wordpress.org\/plugins\/iframe\/ -->\n<iframe loading=\"lazy\" src=\"https:\/\/sigwebjaguarao.ufpel.edu.br\/Outros_dados\/\" width=\"100%\" height=\"1000\" scrolling=\"auto\" class=\"iframe-class\" frameborder=\"0\"><\/iframe>\n\n<p style=\"text-align: left;\">Clique em\u00a0cada entidade no mapa para obter informa\u00e7\u00f5es sobre elas.<\/p>\n<p style=\"text-align: justify;\">\n","protected":false},"excerpt":{"rendered":"<p>O item apresenta informa\u00e7\u00f5es produzidas atrav\u00e9s de oficinas, de opera\u00e7\u00f5es em SIG com dados do IBGE e de atividades gerais de levantamento.\u00a0\u00c9 subdivido nos itens a seguir: DRUP 2013-1 DRUP 2013-2 IBGE Censo 2010 &#8211; Densidade Tais informa\u00e7\u00f5es podem ser obtidas individualmente nos mapas dos itens acima ou em conjunto atrav\u00e9s do mapa abaixo. Clique &hellip; <a href=\"https:\/\/wp.ufpel.edu.br\/sigwebjaguarao\/levantamentos\/\" class=\"more-link\">Continue lendo <span class=\"screen-reader-text\">Outros Dados<\/span> <span class=\"meta-nav\">&rarr;<\/span><\/a><\/p>\n","protected":false},"author":420,"featured_media":0,"parent":0,"menu_order":6,"comment_status":"closed","ping_status":"closed","template":"page-templates\/full-width.php","meta":{"footnotes":""},"class_list":["post-83","page","type-page","status-publish","hentry"],"jetpack_sharing_enabled":true,"_links":{"self":[{"href":"https:\/\/wp.ufpel.edu.br\/sigwebjaguarao\/wp-json\/wp\/v2\/pages\/83","targetHints":{"allow":["GET"]}}],"collection":[{"href":"https:\/\/wp.ufpel.edu.br\/sigwebjaguarao\/wp-json\/wp\/v2\/pages"}],"about":[{"href":"https:\/\/wp.ufpel.edu.br\/sigwebjaguarao\/wp-json\/wp\/v2\/types\/page"}],"author":[{"embeddable":true,"href":"https:\/\/wp.ufpel.edu.br\/sigwebjaguarao\/wp-json\/wp\/v2\/users\/420"}],"replies":[{"embeddable":true,"href":"https:\/\/wp.ufpel.edu.br\/sigwebjaguarao\/wp-json\/wp\/v2\/comments?post=83"}],"version-history":[{"count":8,"href":"https:\/\/wp.ufpel.edu.br\/sigwebjaguarao\/wp-json\/wp\/v2\/pages\/83\/revisions"}],"predecessor-version":[{"id":592,"href":"https:\/\/wp.ufpel.edu.br\/sigwebjaguarao\/wp-json\/wp\/v2\/pages\/83\/revisions\/592"}],"wp:attachment":[{"href":"https:\/\/wp.ufpel.edu.br\/sigwebjaguarao\/wp-json\/wp\/v2\/media?parent=83"}],"curies":[{"name":"wp","href":"https:\/\/api.w.org\/{rel}","templated":true}]}}