{"id":75,"date":"2014-09-12T10:53:48","date_gmt":"2014-09-12T13:53:48","guid":{"rendered":"https:\/\/wp.ufpel.edu.br\/sigwebjaguarao\/?page_id=75"},"modified":"2018-01-29T09:51:06","modified_gmt":"2018-01-29T11:51:06","slug":"tombamento","status":"publish","type":"page","link":"https:\/\/wp.ufpel.edu.br\/sigwebjaguarao\/legislacoes\/tombamento\/","title":{"rendered":"Tombamento"},"content":{"rendered":"\n<!-- iframe plugin v.6.0 wordpress.org\/plugins\/iframe\/ -->\n<iframe loading=\"lazy\" src=\"https:\/\/sigwebjaguarao.ufpel.edu.br\/Tombamento\/\" width=\"100%\" height=\"500\" scrolling=\"auto\" class=\"iframe-class\" frameborder=\"0\"><\/iframe>\n\n<p>Fonte:\u00a0informa\u00e7\u00f5es da Prefeitura Municipal, mapeadas pela Equipe da FAUrb em 2012.<\/p>\n<p>Clique em\u00a0cada entidade no mapa para obter informa\u00e7\u00f5es sobre elas.<\/p>\n<p><a href=\"https:\/\/wp.ufpel.edu.br\/sigwebjaguarao\/files\/2014\/09\/Dossi\u00ea-Tombamento-Jaguar\u00e3o.pdf\" target=\"_blank\" rel=\"noopener\">Dossi\u00ea Tombamento Jaguar\u00e3o<\/a><\/p>\n","protected":false},"excerpt":{"rendered":"<p>Fonte:\u00a0informa\u00e7\u00f5es da Prefeitura Municipal, mapeadas pela Equipe da FAUrb em 2012. Clique em\u00a0cada entidade no mapa para obter informa\u00e7\u00f5es sobre elas. Dossi\u00ea Tombamento Jaguar\u00e3o<\/p>\n","protected":false},"author":420,"featured_media":0,"parent":71,"menu_order":2,"comment_status":"closed","ping_status":"closed","template":"page-templates\/full-width.php","meta":{"footnotes":""},"class_list":["post-75","page","type-page","status-publish","hentry"],"jetpack_sharing_enabled":true,"_links":{"self":[{"href":"https:\/\/wp.ufpel.edu.br\/sigwebjaguarao\/wp-json\/wp\/v2\/pages\/75","targetHints":{"allow":["GET"]}}],"collection":[{"href":"https:\/\/wp.ufpel.edu.br\/sigwebjaguarao\/wp-json\/wp\/v2\/pages"}],"about":[{"href":"https:\/\/wp.ufpel.edu.br\/sigwebjaguarao\/wp-json\/wp\/v2\/types\/page"}],"author":[{"embeddable":true,"href":"https:\/\/wp.ufpel.edu.br\/sigwebjaguarao\/wp-json\/wp\/v2\/users\/420"}],"replies":[{"embeddable":true,"href":"https:\/\/wp.ufpel.edu.br\/sigwebjaguarao\/wp-json\/wp\/v2\/comments?post=75"}],"version-history":[{"count":14,"href":"https:\/\/wp.ufpel.edu.br\/sigwebjaguarao\/wp-json\/wp\/v2\/pages\/75\/revisions"}],"predecessor-version":[{"id":598,"href":"https:\/\/wp.ufpel.edu.br\/sigwebjaguarao\/wp-json\/wp\/v2\/pages\/75\/revisions\/598"}],"up":[{"embeddable":true,"href":"https:\/\/wp.ufpel.edu.br\/sigwebjaguarao\/wp-json\/wp\/v2\/pages\/71"}],"wp:attachment":[{"href":"https:\/\/wp.ufpel.edu.br\/sigwebjaguarao\/wp-json\/wp\/v2\/media?parent=75"}],"curies":[{"name":"wp","href":"https:\/\/api.w.org\/{rel}","templated":true}]}}