{"id":71,"date":"2014-09-12T10:53:09","date_gmt":"2014-09-12T13:53:09","guid":{"rendered":"https:\/\/wp.ufpel.edu.br\/sigwebjaguarao\/?page_id=71"},"modified":"2018-01-29T09:50:58","modified_gmt":"2018-01-29T11:50:58","slug":"legislacoes","status":"publish","type":"page","link":"https:\/\/wp.ufpel.edu.br\/sigwebjaguarao\/legislacoes\/","title":{"rendered":"Legisla\u00e7\u00f5es"},"content":{"rendered":"<p style=\"text-align: justify;\">O item apresenta as principais leis urbanas, representadas pelo Plano Diretor e pela legisla\u00e7\u00e3o de tombamento. \u00c9 subdividido nos itens a seguir:<\/p>\n<p style=\"text-align: justify;\"><a href=\"https:\/\/wp.ufpel.edu.br\/sigwebjaguarao\/legislacoes\/plano-diretor\/\">Plano Diretor<\/a><\/p>\n<p style=\"text-align: justify;\"><a href=\"https:\/\/wp.ufpel.edu.br\/sigwebjaguarao\/legislacoes\/tombamento\/\">Tombamento<\/a><\/p>\n<p>Tais informa\u00e7\u00f5es podem ser obtidas individualmente nos mapas dos itens acima ou em conjunto atrav\u00e9s do mapa abaixo.<\/p>\n\n<!-- iframe plugin v.6.0 wordpress.org\/plugins\/iframe\/ -->\n<iframe loading=\"lazy\" src=\"https:\/\/sigwebjaguarao.ufpel.edu.br\/Legislacoes\/\" width=\"100%\" height=\"1000\" scrolling=\"auto\" class=\"iframe-class\" frameborder=\"0\"><\/iframe>\n\n<p style=\"text-align: left;\">Clique em\u00a0cada entidade no mapa para obter informa\u00e7\u00f5es sobre elas.<\/p>\n<p style=\"text-align: justify;\">\n","protected":false},"excerpt":{"rendered":"<p>O item apresenta as principais leis urbanas, representadas pelo Plano Diretor e pela legisla\u00e7\u00e3o de tombamento. \u00c9 subdividido nos itens a seguir: Plano Diretor Tombamento Tais informa\u00e7\u00f5es podem ser obtidas individualmente nos mapas dos itens acima ou em conjunto atrav\u00e9s do mapa abaixo. Clique em\u00a0cada entidade no mapa para obter informa\u00e7\u00f5es sobre elas.<\/p>\n","protected":false},"author":420,"featured_media":0,"parent":0,"menu_order":7,"comment_status":"closed","ping_status":"closed","template":"page-templates\/full-width.php","meta":{"footnotes":""},"class_list":["post-71","page","type-page","status-publish","hentry"],"jetpack_sharing_enabled":true,"_links":{"self":[{"href":"https:\/\/wp.ufpel.edu.br\/sigwebjaguarao\/wp-json\/wp\/v2\/pages\/71","targetHints":{"allow":["GET"]}}],"collection":[{"href":"https:\/\/wp.ufpel.edu.br\/sigwebjaguarao\/wp-json\/wp\/v2\/pages"}],"about":[{"href":"https:\/\/wp.ufpel.edu.br\/sigwebjaguarao\/wp-json\/wp\/v2\/types\/page"}],"author":[{"embeddable":true,"href":"https:\/\/wp.ufpel.edu.br\/sigwebjaguarao\/wp-json\/wp\/v2\/users\/420"}],"replies":[{"embeddable":true,"href":"https:\/\/wp.ufpel.edu.br\/sigwebjaguarao\/wp-json\/wp\/v2\/comments?post=71"}],"version-history":[{"count":6,"href":"https:\/\/wp.ufpel.edu.br\/sigwebjaguarao\/wp-json\/wp\/v2\/pages\/71\/revisions"}],"predecessor-version":[{"id":596,"href":"https:\/\/wp.ufpel.edu.br\/sigwebjaguarao\/wp-json\/wp\/v2\/pages\/71\/revisions\/596"}],"wp:attachment":[{"href":"https:\/\/wp.ufpel.edu.br\/sigwebjaguarao\/wp-json\/wp\/v2\/media?parent=71"}],"curies":[{"name":"wp","href":"https:\/\/api.w.org\/{rel}","templated":true}]}}