{"id":55,"date":"2014-09-12T10:49:51","date_gmt":"2014-09-12T13:49:51","guid":{"rendered":"https:\/\/wp.ufpel.edu.br\/sigwebjaguarao\/?page_id=55"},"modified":"2018-01-29T09:46:38","modified_gmt":"2018-01-29T11:46:38","slug":"organizacao-urbana","status":"publish","type":"page","link":"https:\/\/wp.ufpel.edu.br\/sigwebjaguarao\/organizacao-urbana\/","title":{"rendered":"Estrutura urbana"},"content":{"rendered":"<p style=\"text-align: justify;\">O item apresenta informa\u00e7\u00f5es sobre a \u00e1rea urbanizada e organiza\u00e7\u00e3o de bairros, parcelamento, per\u00edmetro urbano e zoneamento. \u00c9 subdividido nos itens a seguir:<\/p>\n<p style=\"text-align: justify;\"><a href=\"https:\/\/wp.ufpel.edu.br\/sigwebjaguarao\/organizacao-urbana\/evolucao-urbana\/\">Evolu\u00e7\u00e3o Urbana<\/a><\/p>\n<p style=\"text-align: justify;\"><a href=\"https:\/\/wp.ufpel.edu.br\/sigwebjaguarao\/organizacao-urbana\/perimetro-urbano\/\">\u00c1rea Urbana<\/a><\/p>\n<p style=\"text-align: justify;\"><a href=\"https:\/\/wp.ufpel.edu.br\/sigwebjaguarao\/organizacao-urbana\/bairros\/\">Bairros<\/a><\/p>\n<p style=\"text-align: justify;\"><a href=\"https:\/\/wp.ufpel.edu.br\/sigwebjaguarao\/organizacao-urbana\/base-das-quadras\/\">Base das Quadras<\/a><\/p>\n<p style=\"text-align: justify;\"><a href=\"https:\/\/wp.ufpel.edu.br\/sigwebjaguarao\/organizacao-urbana\/parcelamento-do-solo\/\">Parcelamento do Solo<\/a><\/p>\n<p>Tais informa\u00e7\u00f5es podem ser obtidas individualmente nos mapas dos itens acima ou em conjunto atrav\u00e9s do mapa abaixo.<\/p>\n\n<!-- iframe plugin v.6.0 wordpress.org\/plugins\/iframe\/ -->\n<iframe loading=\"lazy\" src=\"https:\/\/sigwebjaguarao.ufpel.edu.br\/Estrutura_Urbana\/\" width=\"100%\" height=\"1000\" scrolling=\"auto\" class=\"iframe-class\" frameborder=\"0\"><\/iframe>\n\n<p style=\"text-align: left;\">Clique em\u00a0cada entidade no mapa para obter informa\u00e7\u00f5es sobre elas.<\/p>\n","protected":false},"excerpt":{"rendered":"<p>O item apresenta informa\u00e7\u00f5es sobre a \u00e1rea urbanizada e organiza\u00e7\u00e3o de bairros, parcelamento, per\u00edmetro urbano e zoneamento. \u00c9 subdividido nos itens a seguir: Evolu\u00e7\u00e3o Urbana \u00c1rea Urbana Bairros Base das Quadras Parcelamento do Solo Tais informa\u00e7\u00f5es podem ser obtidas individualmente nos mapas dos itens acima ou em conjunto atrav\u00e9s do mapa abaixo. Clique em\u00a0cada entidade &hellip; <a href=\"https:\/\/wp.ufpel.edu.br\/sigwebjaguarao\/organizacao-urbana\/\" class=\"more-link\">Continue lendo <span class=\"screen-reader-text\">Estrutura urbana<\/span> <span class=\"meta-nav\">&rarr;<\/span><\/a><\/p>\n","protected":false},"author":420,"featured_media":0,"parent":0,"menu_order":2,"comment_status":"closed","ping_status":"closed","template":"page-templates\/full-width.php","meta":{"footnotes":""},"class_list":["post-55","page","type-page","status-publish","hentry"],"jetpack_sharing_enabled":true,"_links":{"self":[{"href":"https:\/\/wp.ufpel.edu.br\/sigwebjaguarao\/wp-json\/wp\/v2\/pages\/55","targetHints":{"allow":["GET"]}}],"collection":[{"href":"https:\/\/wp.ufpel.edu.br\/sigwebjaguarao\/wp-json\/wp\/v2\/pages"}],"about":[{"href":"https:\/\/wp.ufpel.edu.br\/sigwebjaguarao\/wp-json\/wp\/v2\/types\/page"}],"author":[{"embeddable":true,"href":"https:\/\/wp.ufpel.edu.br\/sigwebjaguarao\/wp-json\/wp\/v2\/users\/420"}],"replies":[{"embeddable":true,"href":"https:\/\/wp.ufpel.edu.br\/sigwebjaguarao\/wp-json\/wp\/v2\/comments?post=55"}],"version-history":[{"count":11,"href":"https:\/\/wp.ufpel.edu.br\/sigwebjaguarao\/wp-json\/wp\/v2\/pages\/55\/revisions"}],"predecessor-version":[{"id":571,"href":"https:\/\/wp.ufpel.edu.br\/sigwebjaguarao\/wp-json\/wp\/v2\/pages\/55\/revisions\/571"}],"wp:attachment":[{"href":"https:\/\/wp.ufpel.edu.br\/sigwebjaguarao\/wp-json\/wp\/v2\/media?parent=55"}],"curies":[{"name":"wp","href":"https:\/\/api.w.org\/{rel}","templated":true}]}}