{"id":31,"date":"2014-09-12T10:41:34","date_gmt":"2014-09-12T13:41:34","guid":{"rendered":"https:\/\/wp.ufpel.edu.br\/sigwebjaguarao\/?page_id=31"},"modified":"2018-01-29T09:42:07","modified_gmt":"2018-01-29T11:42:07","slug":"meio-ambiente","status":"publish","type":"page","link":"https:\/\/wp.ufpel.edu.br\/sigwebjaguarao\/meio-ambiente\/","title":{"rendered":"Ambiente Natural"},"content":{"rendered":"<p style=\"text-align: justify;\">O item apresenta informa\u00e7\u00f5es sobre uso e cobertura do solo (organizadas como um mosaico, mediante interpreta\u00e7\u00e3o de imagem de sat\u00e9lite), bacias hidrogr\u00e1ficas,\u00a0 linhas de drenagem e curvas de n\u00edvel (obtidas a partir de imagem de radar), \u00e1reas alag\u00e1veis (obtidas por informa\u00e7\u00e3o indireta) e dados para o zoneamento ambiental-urbano (desenhado mediante a espacializa\u00e7\u00e3o da legisla\u00e7\u00e3o ambiental vigente). \u00c9 subdividido nos itens a seguir:<\/p>\n<p style=\"text-align: justify;\"><a href=\"https:\/\/wp.ufpel.edu.br\/sigwebjaguarao\/meio-ambiente\/mosaico-ambiental\/\">Mosaico Ambiental<\/a><\/p>\n<p style=\"text-align: justify;\"><a href=\"https:\/\/wp.ufpel.edu.br\/sigwebjaguarao\/meio-ambiente\/bacias-hidrograficas\/\">Bacias Hidrogr\u00e1ficas<\/a><\/p>\n<p style=\"text-align: justify;\"><a href=\"https:\/\/wp.ufpel.edu.br\/sigwebjaguarao\/meio-ambiente\/curvas-de-nivel\/\">Curvas de N\u00edvel<\/a><\/p>\n<p style=\"text-align: justify;\"><a href=\"https:\/\/wp.ufpel.edu.br\/sigwebjaguarao\/meio-ambiente\/areas-alagaveis\/\">\u00c1reas Alag\u00e1veis<\/a><\/p>\n<p style=\"text-align: justify;\"><a href=\"https:\/\/wp.ufpel.edu.br\/sigwebjaguarao\/meio-ambiente\/zoneamento-ambiental\/\">Dados para o Zoneamento Ambiental<\/a><\/p>\n<div>\n<p>Tais informa\u00e7\u00f5es podem ser obtidas individualmente nos mapas dos itens acima ou em conjunto atrav\u00e9s do mapa abaixo.<\/p>\n\n<!-- iframe plugin v.6.0 wordpress.org\/plugins\/iframe\/ -->\n<iframe loading=\"lazy\" src=\"https:\/\/sigwebjaguarao.ufpel.edu.br\/Ambiente_Natural\/\" width=\"100%\" height=\"1000\" scrolling=\"auto\" class=\"iframe-class\" frameborder=\"0\"><\/iframe>\n\n<p style=\"text-align: left;\">Clique em\u00a0cada entidade no mapa para obter informa\u00e7\u00f5es sobre elas.<\/p>\n<\/div>\n<p style=\"text-align: justify;\">\n","protected":false},"excerpt":{"rendered":"<p>O item apresenta informa\u00e7\u00f5es sobre uso e cobertura do solo (organizadas como um mosaico, mediante interpreta\u00e7\u00e3o de imagem de sat\u00e9lite), bacias hidrogr\u00e1ficas,\u00a0 linhas de drenagem e curvas de n\u00edvel (obtidas a partir de imagem de radar), \u00e1reas alag\u00e1veis (obtidas por informa\u00e7\u00e3o indireta) e dados para o zoneamento ambiental-urbano (desenhado mediante a espacializa\u00e7\u00e3o da legisla\u00e7\u00e3o ambiental &hellip; <a href=\"https:\/\/wp.ufpel.edu.br\/sigwebjaguarao\/meio-ambiente\/\" class=\"more-link\">Continue lendo <span class=\"screen-reader-text\">Ambiente Natural<\/span> <span class=\"meta-nav\">&rarr;<\/span><\/a><\/p>\n","protected":false},"author":420,"featured_media":0,"parent":0,"menu_order":1,"comment_status":"closed","ping_status":"closed","template":"page-templates\/full-width.php","meta":{"footnotes":""},"class_list":["post-31","page","type-page","status-publish","hentry"],"jetpack_sharing_enabled":true,"_links":{"self":[{"href":"https:\/\/wp.ufpel.edu.br\/sigwebjaguarao\/wp-json\/wp\/v2\/pages\/31","targetHints":{"allow":["GET"]}}],"collection":[{"href":"https:\/\/wp.ufpel.edu.br\/sigwebjaguarao\/wp-json\/wp\/v2\/pages"}],"about":[{"href":"https:\/\/wp.ufpel.edu.br\/sigwebjaguarao\/wp-json\/wp\/v2\/types\/page"}],"author":[{"embeddable":true,"href":"https:\/\/wp.ufpel.edu.br\/sigwebjaguarao\/wp-json\/wp\/v2\/users\/420"}],"replies":[{"embeddable":true,"href":"https:\/\/wp.ufpel.edu.br\/sigwebjaguarao\/wp-json\/wp\/v2\/comments?post=31"}],"version-history":[{"count":12,"href":"https:\/\/wp.ufpel.edu.br\/sigwebjaguarao\/wp-json\/wp\/v2\/pages\/31\/revisions"}],"predecessor-version":[{"id":565,"href":"https:\/\/wp.ufpel.edu.br\/sigwebjaguarao\/wp-json\/wp\/v2\/pages\/31\/revisions\/565"}],"wp:attachment":[{"href":"https:\/\/wp.ufpel.edu.br\/sigwebjaguarao\/wp-json\/wp\/v2\/media?parent=31"}],"curies":[{"name":"wp","href":"https:\/\/api.w.org\/{rel}","templated":true}]}}