{"id":17,"date":"2014-09-05T10:43:53","date_gmt":"2014-09-05T13:43:53","guid":{"rendered":"https:\/\/wp.ufpel.edu.br\/sigwebjaguarao\/?page_id=17"},"modified":"2018-01-29T09:48:14","modified_gmt":"2018-01-29T11:48:14","slug":"sistemaviario","status":"publish","type":"page","link":"https:\/\/wp.ufpel.edu.br\/sigwebjaguarao\/sistemaviario\/","title":{"rendered":"Sistema Vi\u00e1rio"},"content":{"rendered":"<p style=\"text-align: justify;\">O item apresenta informa\u00e7\u00f5es sobre o sistema vi\u00e1rio (representado por eixos simplificados), com dados gerais e contagem de tr\u00e1fego expedita. \u00c9 subdividido nos itens a seguir:<\/p>\n<p style=\"text-align: justify;\"><a href=\"https:\/\/wp.ufpel.edu.br\/sigwebjaguarao\/sistemaviario\/eixos-viarios\/\">Eixos Vi\u00e1rios<\/a><\/p>\n<p style=\"text-align: justify;\"><a href=\"https:\/\/wp.ufpel.edu.br\/sigwebjaguarao\/sistemaviario\/gabarito-viario\/\">Gabarito Vi\u00e1rio<\/a><\/p>\n<p style=\"text-align: justify;\"><a href=\"https:\/\/wp.ufpel.edu.br\/sigwebjaguarao\/sistemaviario\/hierarquia-viaria\/\">Hierarquia Vi\u00e1ria<\/a><\/p>\n<p style=\"text-align: justify;\"><a href=\"https:\/\/wp.ufpel.edu.br\/sigwebjaguarao\/sistemaviario\/area-arruada\/\">\u00c1rea Arruada<\/a><\/p>\n<p style=\"text-align: justify;\"><a href=\"https:\/\/wp.ufpel.edu.br\/sigwebjaguarao\/sistemaviario\/mobilidade-urbana\/\">Mobilidade Urbana<br \/>\n<\/a><\/p>\n<p style=\"text-align: justify;\"><a href=\"https:\/\/wp.ufpel.edu.br\/sigwebjaguarao\/sistemaviario\/presenca-social\/\">Presen\u00e7a Social<\/a><\/p>\n<p style=\"text-align: justify;\"><a href=\"https:\/\/wp.ufpel.edu.br\/sigwebjaguarao\/sistemaviario\/trafego\/\">Tr\u00e1fego<\/a><\/p>\n<p>Tais informa\u00e7\u00f5es podem ser obtidas individualmente nos mapas dos itens acima ou em conjunto atrav\u00e9s do mapa abaixo.<\/p>\n\n<!-- iframe plugin v.6.0 wordpress.org\/plugins\/iframe\/ -->\n<iframe loading=\"lazy\" src=\"https:\/\/sigwebjaguarao.ufpel.edu.br\/Sistema_viario\/\" width=\"100%\" height=\"1000\" scrolling=\"auto\" class=\"iframe-class\" frameborder=\"0\"><\/iframe>\n\n<p style=\"text-align: left;\">Clique em\u00a0cada entidade no mapa para obter informa\u00e7\u00f5es sobre elas.<\/p>\n<p style=\"text-align: justify;\">\n","protected":false},"excerpt":{"rendered":"<p>O item apresenta informa\u00e7\u00f5es sobre o sistema vi\u00e1rio (representado por eixos simplificados), com dados gerais e contagem de tr\u00e1fego expedita. \u00c9 subdividido nos itens a seguir: Eixos Vi\u00e1rios Gabarito Vi\u00e1rio Hierarquia Vi\u00e1ria \u00c1rea Arruada Mobilidade Urbana Presen\u00e7a Social Tr\u00e1fego Tais informa\u00e7\u00f5es podem ser obtidas individualmente nos mapas dos itens acima ou em conjunto atrav\u00e9s do &hellip; <a href=\"https:\/\/wp.ufpel.edu.br\/sigwebjaguarao\/sistemaviario\/\" class=\"more-link\">Continue lendo <span class=\"screen-reader-text\">Sistema Vi\u00e1rio<\/span> <span class=\"meta-nav\">&rarr;<\/span><\/a><\/p>\n","protected":false},"author":420,"featured_media":0,"parent":0,"menu_order":4,"comment_status":"closed","ping_status":"closed","template":"page-templates\/full-width.php","meta":{"footnotes":""},"class_list":["post-17","page","type-page","status-publish","hentry"],"jetpack_sharing_enabled":true,"_links":{"self":[{"href":"https:\/\/wp.ufpel.edu.br\/sigwebjaguarao\/wp-json\/wp\/v2\/pages\/17","targetHints":{"allow":["GET"]}}],"collection":[{"href":"https:\/\/wp.ufpel.edu.br\/sigwebjaguarao\/wp-json\/wp\/v2\/pages"}],"about":[{"href":"https:\/\/wp.ufpel.edu.br\/sigwebjaguarao\/wp-json\/wp\/v2\/types\/page"}],"author":[{"embeddable":true,"href":"https:\/\/wp.ufpel.edu.br\/sigwebjaguarao\/wp-json\/wp\/v2\/users\/420"}],"replies":[{"embeddable":true,"href":"https:\/\/wp.ufpel.edu.br\/sigwebjaguarao\/wp-json\/wp\/v2\/comments?post=17"}],"version-history":[{"count":9,"href":"https:\/\/wp.ufpel.edu.br\/sigwebjaguarao\/wp-json\/wp\/v2\/pages\/17\/revisions"}],"predecessor-version":[{"id":580,"href":"https:\/\/wp.ufpel.edu.br\/sigwebjaguarao\/wp-json\/wp\/v2\/pages\/17\/revisions\/580"}],"wp:attachment":[{"href":"https:\/\/wp.ufpel.edu.br\/sigwebjaguarao\/wp-json\/wp\/v2\/media?parent=17"}],"curies":[{"name":"wp","href":"https:\/\/api.w.org\/{rel}","templated":true}]}}