{"id":15,"date":"2014-09-04T22:21:20","date_gmt":"2014-09-05T01:21:20","guid":{"rendered":"https:\/\/wp.ufpel.edu.br\/sigwebjaguarao\/?page_id=15"},"modified":"2014-11-20T09:22:03","modified_gmt":"2014-11-20T11:22:03","slug":"pagina-inicial-estatica","status":"publish","type":"page","link":"https:\/\/wp.ufpel.edu.br\/sigwebjaguarao\/","title":{"rendered":"In\u00edcio"},"content":{"rendered":"<p style=\"text-align: justify\">O SIG-WEB Jaguar\u00e3o (Sistema de informa\u00e7\u00f5es Geogr\u00e1ficas para Internet da cidade de Jaguar\u00e3o, RS, Brasil) \u00e9 produto do Programa de Extens\u00e3o &#8220;Cidade para todos, cultura digital e ambiente: compartilhando o espa\u00e7o de Jaguar\u00e3o, RS&#8221;, aprovado no Edital Nacional de Extens\u00e3o PROEXT 2014 e realizado em parceria da Universidade Federal de Pelotas &#8211; Faculdade de Arquitetura e Urbanismo &#8211; Laborat\u00f3rio de Urbanismo com a Prefeitura Municipal de Jaguar\u00e3o &#8211; Secretaria Municipal de Planejamento e Or\u00e7amento. A ideia \u00e9 compartilhar as informa\u00e7\u00f5es produzidas em SIG tradicional mediante plataforma na internet, aumentando suas possibilidades de utiliza\u00e7\u00e3o e colaborando com forma\u00e7\u00e3o de uma cultura espacial urbana.<\/p>\n<p style=\"text-align: justify\">As informa\u00e7\u00f5es foram produzidas em 2013 e 2014, a partir de tr\u00eas fontes principais: dados indiretos fornecidos pela Prefeitura Municipal; levantamentos de campo realizados pela equipe da FAUrb (projeto de extens\u00e3o Planejamento Urbano em Jaguar\u00e3o); interpreta\u00e7\u00f5es de imagens e an\u00e1lises espaciais utilizando geotecnologias.<\/p>\n","protected":false},"excerpt":{"rendered":"<p>O SIG-WEB Jaguar\u00e3o (Sistema de informa\u00e7\u00f5es Geogr\u00e1ficas para Internet da cidade de Jaguar\u00e3o, RS, Brasil) \u00e9 produto do Programa de Extens\u00e3o &#8220;Cidade para todos, cultura digital e ambiente: compartilhando o espa\u00e7o de Jaguar\u00e3o, RS&#8221;, aprovado no Edital Nacional de Extens\u00e3o PROEXT 2014 e realizado em parceria da Universidade Federal de Pelotas &#8211; Faculdade de Arquitetura &hellip; <a href=\"https:\/\/wp.ufpel.edu.br\/sigwebjaguarao\/\" class=\"more-link\">Continue lendo <span class=\"screen-reader-text\">In\u00edcio<\/span> <span class=\"meta-nav\">&rarr;<\/span><\/a><\/p>\n","protected":false},"author":420,"featured_media":424,"parent":0,"menu_order":0,"comment_status":"closed","ping_status":"closed","template":"page-templates\/full-width.php","meta":{"footnotes":""},"class_list":["post-15","page","type-page","status-publish","has-post-thumbnail","hentry"],"jetpack_sharing_enabled":true,"_links":{"self":[{"href":"https:\/\/wp.ufpel.edu.br\/sigwebjaguarao\/wp-json\/wp\/v2\/pages\/15","targetHints":{"allow":["GET"]}}],"collection":[{"href":"https:\/\/wp.ufpel.edu.br\/sigwebjaguarao\/wp-json\/wp\/v2\/pages"}],"about":[{"href":"https:\/\/wp.ufpel.edu.br\/sigwebjaguarao\/wp-json\/wp\/v2\/types\/page"}],"author":[{"embeddable":true,"href":"https:\/\/wp.ufpel.edu.br\/sigwebjaguarao\/wp-json\/wp\/v2\/users\/420"}],"replies":[{"embeddable":true,"href":"https:\/\/wp.ufpel.edu.br\/sigwebjaguarao\/wp-json\/wp\/v2\/comments?post=15"}],"version-history":[{"count":15,"href":"https:\/\/wp.ufpel.edu.br\/sigwebjaguarao\/wp-json\/wp\/v2\/pages\/15\/revisions"}],"predecessor-version":[{"id":426,"href":"https:\/\/wp.ufpel.edu.br\/sigwebjaguarao\/wp-json\/wp\/v2\/pages\/15\/revisions\/426"}],"wp:featuredmedia":[{"embeddable":true,"href":"https:\/\/wp.ufpel.edu.br\/sigwebjaguarao\/wp-json\/wp\/v2\/media\/424"}],"wp:attachment":[{"href":"https:\/\/wp.ufpel.edu.br\/sigwebjaguarao\/wp-json\/wp\/v2\/media?parent=15"}],"curies":[{"name":"wp","href":"https:\/\/api.w.org\/{rel}","templated":true}]}}